{"id":279,"date":"2024-06-26T08:08:27","date_gmt":"2024-06-26T08:08:27","guid":{"rendered":"https:\/\/rfid-laundry-tag.com\/?post_type=product&#038;p=279"},"modified":"2024-06-26T09:06:58","modified_gmt":"2024-06-26T09:06:58","slug":"uhf-rfid-flexible-anti-metal-tag","status":"publish","type":"product","link":"https:\/\/rfid-laundry-tag.com\/pt\/uhf-rfid-flexible-anti-metal-tag\/","title":{"rendered":"Etiqueta anti-metal flex\u00edvel UHF RFID"},"content":{"rendered":"<table style=\"border-collapse: collapse; width: 370.82pt;\" border=\"0\" width=\"618\" cellspacing=\"0\" cellpadding=\"0\">\n<tbody>\n<tr style=\"height: 17.40pt;\">\n<td class=\"et2\" style=\"height: 17.40pt; width: 127.80pt;\" width=\"213\" height=\"29\">Nome do item<\/td>\n<td class=\"et3\" style=\"width: 243.00pt;\" width=\"405\">Etiqueta anti-metal flex\u00edvel UHF RFID<\/td>\n<\/tr>\n<tr style=\"height: 41.00pt;\">\n<td class=\"et4\" style=\"height: 41.00pt; width: 127.80pt;\" width=\"213\" height=\"68\">Material<\/td>\n<td class=\"et5\" style=\"width: 243.00pt;\" width=\"405\">Papel revestido + espuma EFVA<\/td>\n<\/tr>\n<tr style=\"height: 25.00pt;\">\n<td class=\"et4\" style=\"height: 25.00pt; width: 127.80pt;\" width=\"213\" height=\"41\">Tamanho<\/td>\n<td class=\"et5\" style=\"width: 243.00pt;\" width=\"405\">90*25*1,2 mm,60*25*1,2 mm,70*30 etc.<\/td>\n<\/tr>\n<tr style=\"height: 17.40pt;\">\n<td class=\"et4\" style=\"height: 17.40pt; width: 127.80pt;\" width=\"213\" height=\"29\">Lasca<\/td>\n<td class=\"et5\" style=\"width: 243.00pt;\" width=\"405\">Monza R6,U9 etc<\/td>\n<\/tr>\n<tr style=\"height: 40.00pt;\">\n<td class=\"et4\" style=\"height: 40.00pt; width: 127.80pt;\" width=\"213\" height=\"66\">Protocolo<\/td>\n<td class=\"et5\" style=\"width: 243.00pt;\" width=\"405\">Norma ISO\/IEC 18000-6C<\/td>\n<\/tr>\n<tr style=\"height: 17.40pt;\">\n<td class=\"et4\" style=\"height: 17.40pt; width: 127.80pt;\" width=\"213\" height=\"29\">Frequ\u00eancia<\/td>\n<td class=\"et5\" style=\"width: 243.00pt;\" width=\"405\">902-928MHz<\/td>\n<\/tr>\n<tr style=\"height: 63.00pt;\">\n<td class=\"et4\" style=\"height: 63.00pt; width: 127.80pt;\" width=\"213\" height=\"105\">Personaliza\u00e7\u00e3o<\/td>\n<td class=\"et5\" style=\"width: 243.00pt;\" width=\"405\">Impress\u00e3o de logotipo, codifica\u00e7\u00e3o<\/td>\n<\/tr>\n<tr style=\"height: 60.00pt;\">\n<td class=\"et6\" style=\"height: 60.00pt; width: 127.80pt;\" width=\"213\" height=\"100\">Aplicativo<\/td>\n<td class=\"et7\" style=\"width: 243.00pt;\" width=\"405\">prateleira de armaz\u00e9m, ativo de TI\/cont\u00eainer met\u00e1lico\/rastreamento de equipamentos e dispositivos<\/td>\n<\/tr>\n<\/tbody>\n<\/table>\n<div><\/div>\n<div class=\"auto-hide-last-sibling-br paragraph_9dc5f paragraph-element\">\n<div class=\"auto-hide-last-sibling-br paragraph_9dc5f paragraph-element\">A etiqueta RFID imprim\u00edvel em metal oferece v\u00e1rios recursos not\u00e1veis que a tornam a escolha ideal para diversas aplica\u00e7\u00f5es:<\/div>\n<p><br class=\"container_21264 wrapper_661ac undefined\" \/><\/p>\n<ol class=\"auto-hide-last-sibling-br\">\n<li>\n<div class=\"auto-hide-last-sibling-br paragraph_9dc5f paragraph-element\">Desempenho RFID perfeito em superf\u00edcies met\u00e1licas: a etiqueta foi projetada especificamente para fornecer desempenho ideal quando fixada em entidades met\u00e1licas.<\/div>\n<\/li>\n<li>\n<div class=\"auto-hide-last-sibling-br paragraph_9dc5f paragraph-element\">Ultrapequena e ultrafina: com uma espessura de apenas 1 mm, a etiqueta RFID \u00e9 incrivelmente compacta, tornando-a ideal para impress\u00e3o por transfer\u00eancia t\u00e9rmica.<\/div>\n<\/li>\n<li>\n<div class=\"auto-hide-last-sibling-br paragraph_9dc5f paragraph-element\">Flexibilidade: A etiqueta foi projetada para ser flex\u00edvel, o que significa que ela pode se adaptar a superf\u00edcies curvas sem problemas.<\/div>\n<\/li>\n<li>\n<div class=\"auto-hide-last-sibling-br paragraph_9dc5f paragraph-element\">Longo alcance de leitura: uma vez fixada em uma superf\u00edcie met\u00e1lica, a etiqueta possui um alcance de leitura impressionante de at\u00e9 8 metros, oferecendo excelente rastreabilidade.<\/div>\n<\/li>\n<li>\n<div class=\"auto-hide-last-sibling-br paragraph_9dc5f paragraph-element\">Suporte de frequ\u00eancia: a etiqueta suporta frequ\u00eancias da FCC (Federal Communications Commission) e do ETSI (European Telecommunications Standards Institute), o que a torna adapt\u00e1vel para uso em diversas regi\u00f5es.<\/div>\n<\/li>\n<li>\n<div class=\"auto-hide-last-sibling-br paragraph_9dc5f paragraph-element\">Prote\u00e7\u00e3o superior: com classifica\u00e7\u00e3o IP68, a etiqueta RFID \u00e9 \u00e0 prova de poeira e pode suportar imers\u00e3o em \u00e1gua, o que a torna uma excelente escolha para ambientes dif\u00edceis ou aplica\u00e7\u00f5es onde a resist\u00eancia a condi\u00e7\u00f5es adversas \u00e9 necess\u00e1ria.<\/div>\n<\/li>\n<\/ol>\n<div class=\"auto-hide-last-sibling-br paragraph_9dc5f paragraph-element\">Esses recursos se combinam para fazer da etiqueta RFID imprim\u00edvel em metal uma ferramenta poderosa e vers\u00e1til para rastrear e gerenciar ativos em superf\u00edcies met\u00e1licas.<\/div>\n<\/div>","protected":false},"excerpt":{"rendered":"<p>As etiquetas anti-metal flex\u00edveis RFID UHF s\u00e3o especialmente criadas para funcionar efetivamente em ambientes desafiadores e em superf\u00edcies met\u00e1licas. As etiquetas s\u00e3o projetadas para operar em frequ\u00eancias UHF de 865 MHz a 867 MHz e s\u00e3o resistentes \u00e0 \u00e1gua, poeira e temperaturas extremas.<\/p>","protected":false},"featured_media":280,"template":"","meta":{"_kad_post_transparent":"default","_kad_post_title":"","_kad_post_layout":"default","_kad_post_sidebar_id":"","_kad_post_content_style":"default","_kad_post_vertical_padding":"default","_kad_post_feature":"","_kad_post_feature_position":"","_kad_post_header":false,"_kad_post_footer":false,"_kad_post_classname":""},"product_brand":[],"product_cat":[54],"product_tag":[106],"class_list":{"0":"post-279","1":"product","2":"type-product","3":"status-publish","4":"has-post-thumbnail","6":"product_cat-hot-selling-rfid-tags","7":"product_tag-uhf-rfid-flexible-anti-metal-tag","9":"first","10":"instock","11":"shipping-taxable","12":"product-type-simple","13":"entry","14":"content-bg","15":"loop-entry"},"_links":{"self":[{"href":"https:\/\/rfid-laundry-tag.com\/pt\/wp-json\/wp\/v2\/product\/279","targetHints":{"allow":["GET"]}}],"collection":[{"href":"https:\/\/rfid-laundry-tag.com\/pt\/wp-json\/wp\/v2\/product"}],"about":[{"href":"https:\/\/rfid-laundry-tag.com\/pt\/wp-json\/wp\/v2\/types\/product"}],"version-history":[{"count":0,"href":"https:\/\/rfid-laundry-tag.com\/pt\/wp-json\/wp\/v2\/product\/279\/revisions"}],"wp:featuredmedia":[{"embeddable":true,"href":"https:\/\/rfid-laundry-tag.com\/pt\/wp-json\/wp\/v2\/media\/280"}],"wp:attachment":[{"href":"https:\/\/rfid-laundry-tag.com\/pt\/wp-json\/wp\/v2\/media?parent=279"}],"wp:term":[{"taxonomy":"product_brand","embeddable":true,"href":"https:\/\/rfid-laundry-tag.com\/pt\/wp-json\/wp\/v2\/product_brand?post=279"},{"taxonomy":"product_cat","embeddable":true,"href":"https:\/\/rfid-laundry-tag.com\/pt\/wp-json\/wp\/v2\/product_cat?post=279"},{"taxonomy":"product_tag","embeddable":true,"href":"https:\/\/rfid-laundry-tag.com\/pt\/wp-json\/wp\/v2\/product_tag?post=279"}],"curies":[{"name":"wp","href":"https:\/\/api.w.org\/{rel}","templated":true}]}}