{"id":2775,"date":"2024-10-24T16:17:52","date_gmt":"2024-10-24T16:17:52","guid":{"rendered":"https:\/\/rfid-laundry-tag.com\/?post_type=product&#038;p=2775"},"modified":"2024-10-29T09:32:48","modified_gmt":"2024-10-29T09:32:48","slug":"waterproof-washable-uhf-textile-rfid-laundry-tag-with-hole","status":"publish","type":"product","link":"https:\/\/rfid-laundry-tag.com\/pt\/waterproof-washable-uhf-textile-rfid-laundry-tag-with-hole\/","title":{"rendered":"Etiqueta de lavanderia RFID UHF t\u00eaxtil lav\u00e1vel \u00e0 prova d&#039;\u00e1gua com furo"},"content":{"rendered":"<h1><strong>Etiqueta de lavanderia RFID UHF t\u00eaxtil lav\u00e1vel \u00e0 prova d&#039;\u00e1gua com furo<\/strong><\/h1>\n<p><strong>Etiqueta de lavanderia RFID UHF t\u00eaxtil lav\u00e1vel \u00e0 prova d&#039;\u00e1gua com furo,<\/strong>um produto revolucion\u00e1rio feito sob medida para melhorar o rastreamento e o gerenciamento de itens de lavanderia. Projetada para durabilidade e facilidade de uso, esta etiqueta RFID \u00e9 crucial para manter a efici\u00eancia operacional em v\u00e1rios ambientes, de lavanderias industriais a hospitais e hot\u00e9is. Continue lendo para descobrir os in\u00fameros benef\u00edcios de incorporar essas etiquetas em suas opera\u00e7\u00f5es de lavanderia.<\/p>\n<table class=\"all magic-7\">\n<tbody>\n<tr>\n<td colspan=\"1\" rowspan=\"1\">\n<div class=\"magic-8\" data-spm-anchor-id=\"a2700.details.0.i41.3a7a13dayRHcNe\">Padr\u00e3o RFID:<\/div>\n<\/td>\n<td colspan=\"1\" rowspan=\"1\">\n<div class=\"magic-9\">ISO\/IEC 18000-6 Tipo C (EPC Gen2)<\/div>\n<\/td>\n<\/tr>\n<tr>\n<td colspan=\"1\" rowspan=\"1\">\n<div class=\"magic-8\">Tamanho e peso:<\/div>\n<\/td>\n<td colspan=\"1\" rowspan=\"1\">\n<div class=\"magic-9\">70\u00d715 mm, 0,7 g<\/div>\n<\/td>\n<\/tr>\n<tr>\n<td colspan=\"1\" rowspan=\"1\">\n<div class=\"magic-8\">Tipo de chip:<\/div>\n<\/td>\n<td colspan=\"1\" rowspan=\"1\">\n<div class=\"magic-9\">C\u00f3digo U NXP 9<\/div>\n<\/td>\n<\/tr>\n<tr>\n<td colspan=\"1\" rowspan=\"1\">\n<div class=\"magic-8\">Mem\u00f3ria EPC:<\/div>\n<\/td>\n<td colspan=\"1\" rowspan=\"1\">\n<div class=\"magic-9\">128 bits<\/div>\n<\/td>\n<\/tr>\n<tr>\n<td colspan=\"1\" rowspan=\"1\">\n<div class=\"magic-8\">Mem\u00f3ria do usu\u00e1rio:<\/div>\n<\/td>\n<td colspan=\"1\" rowspan=\"1\">\n<div class=\"magic-9\">96 bits<\/div>\n<\/td>\n<\/tr>\n<tr>\n<td colspan=\"1\" rowspan=\"1\">\n<div class=\"magic-8\">Alcance de leitura (leitor fixo):<\/div>\n<\/td>\n<td colspan=\"1\" rowspan=\"1\">\n<div class=\"magic-9\">10m<\/div>\n<\/td>\n<\/tr>\n<tr>\n<td colspan=\"1\" rowspan=\"1\">\n<div class=\"magic-8\">Alcance de leitura (leitor port\u00e1til):<\/div>\n<\/td>\n<td colspan=\"1\" rowspan=\"1\">\n<div class=\"magic-9\">8m<\/div>\n<\/td>\n<\/tr>\n<tr>\n<td colspan=\"1\" rowspan=\"1\">\n<div class=\"magic-8\">Marca\u00e7\u00e3o:<\/div>\n<\/td>\n<td colspan=\"1\" rowspan=\"1\">\n<div class=\"magic-9\">Costura, Selagem a quente<\/div>\n<\/td>\n<\/tr>\n<tr>\n<td colspan=\"1\" rowspan=\"1\">\n<div class=\"magic-8\">Vida \u00fatil estimada:<\/div>\n<\/td>\n<td colspan=\"1\" rowspan=\"1\">\n<div class=\"magic-9\">200 ciclos de lavagem ou 3 anos, o que ocorrer primeiro<\/div>\n<\/td>\n<\/tr>\n<tr>\n<td colspan=\"1\" rowspan=\"1\">\n<div class=\"magic-8\">M\u00e9todo de lavagem:<\/div>\n<\/td>\n<td colspan=\"1\" rowspan=\"1\">\n<div class=\"magic-9\">Lavanderia, Limpeza a seco<\/div>\n<\/td>\n<\/tr>\n<tr>\n<td colspan=\"1\" rowspan=\"1\">\n<div class=\"magic-8\">Press\u00e3o de extra\u00e7\u00e3o de \u00e1gua:<\/div>\n<\/td>\n<td colspan=\"1\" rowspan=\"1\">\n<div class=\"magic-9\">60 barras<\/div>\n<\/td>\n<\/tr>\n<tr>\n<td colspan=\"1\" rowspan=\"1\">\n<div class=\"magic-8\">Resist\u00eancia \u00e0 \u00e1gua:<\/div>\n<\/td>\n<td colspan=\"1\" rowspan=\"1\">\n<div class=\"magic-9\">Resistente \u00e0 \u00e1gua<\/div>\n<\/td>\n<\/tr>\n<tr>\n<td colspan=\"1\" rowspan=\"1\">\n<div class=\"magic-8\">Resist\u00eancia qu\u00edmica:<\/div>\n<\/td>\n<td colspan=\"1\" rowspan=\"1\">\n<div class=\"magic-9\">Detergente, Amaciante, Alvejante (Oxig\u00eanio\/ Cloro), \u00c1lcali<\/div>\n<\/td>\n<\/tr>\n<tr>\n<td colspan=\"1\" rowspan=\"1\">\n<div class=\"magic-8\">Pr\u00e9-secagem em tambor:<\/div>\n<\/td>\n<td colspan=\"1\" rowspan=\"1\">\n<div class=\"magic-9\">125 \u00baC por 15-20 minutos<\/div>\n<\/td>\n<\/tr>\n<tr>\n<td colspan=\"1\" rowspan=\"1\">\n<div class=\"magic-8\" data-spm-anchor-id=\"a2700.details.0.i43.3a7a13dayRHcNe\">Temperatura de esteriliza\u00e7\u00e3o:<\/div>\n<\/td>\n<td colspan=\"1\" rowspan=\"1\">\n<div class=\"magic-9\">135\u00b0C por 15-20 minutos<\/div>\n<\/td>\n<\/tr>\n<tr>\n<td colspan=\"1\" rowspan=\"1\">\n<div class=\"magic-8\">Temperatura de lavagem:<\/div>\n<\/td>\n<td colspan=\"1\" rowspan=\"1\">\n<div class=\"magic-9\">90\u00b0C, at\u00e9 15min.<\/div>\n<\/td>\n<\/tr>\n<tr>\n<td colspan=\"1\" rowspan=\"1\">\n<div class=\"magic-8\">Umidade\/Temperatura-Opera\u00e7\u00e3o:<\/div>\n<\/td>\n<td colspan=\"1\" rowspan=\"1\">\n<div class=\"magic-9\" data-spm-anchor-id=\"a2700.details.0.i42.3a7a13dayRHcNe\">-20 a 110\u00b0C, 8 a 95%RH<\/div>\n<\/td>\n<\/tr>\n<tr>\n<td colspan=\"1\" rowspan=\"1\">\n<div class=\"magic-8\">Umidade\/Temperatura-Armazenamento:<\/div>\n<\/td>\n<td colspan=\"1\" rowspan=\"1\">\n<div class=\"magic-9\">-40 a 110\u00b0C, 8 a 95%RH<\/div>\n<\/td>\n<\/tr>\n<\/tbody>\n<\/table>\n<h3>Por que escolher etiquetas de lavanderia RFID UHF t\u00eaxteis \u00e0 prova d&#039;\u00e1gua e lav\u00e1veis?<\/h3>\n<p>Investir em etiquetas RFID para lavanderia oferece uma infinidade de vantagens, permitindo que as empresas otimizem seus processos. Aqui est\u00e3o algumas raz\u00f5es convincentes para considerar o\u00a0<strong>Etiqueta de lavanderia RFID<\/strong>\u00a0para suas opera\u00e7\u00f5es de lavanderia:<\/p>\n<ul>\n<li><strong>Rastreamento e gerenciamento aprimorados:<\/strong>\u00a0Diga adeus a itens perdidos ou extraviados. A tecnologia UHF garante que cada pe\u00e7a de roupa ou linho possa ser rastreada com precis\u00e3o, reduzindo erros manuais e melhorando o gerenciamento de invent\u00e1rio.<\/li>\n<li><strong>Durabilidade e confiabilidade:<\/strong>\u00a0Feitas para suportar condi\u00e7\u00f5es rigorosas de lavanderia, essas etiquetas RFID podem suportar altas temperaturas e v\u00e1rios ciclos de lavagem (at\u00e9 200), o que as torna uma solu\u00e7\u00e3o ideal para aplica\u00e7\u00f5es de lavanderia comercial e industrial.<\/li>\n<li><strong>Versatilidade no uso:<\/strong>\u00a0Com a capacidade de serem costurados ou selados a quente em v\u00e1rios tecidos, estes\u00a0<strong>etiquetas RFID lav\u00e1veis<\/strong>\u00a0s\u00e3o perfeitos para hot\u00e9is, hospitais e qualquer instala\u00e7\u00e3o que exija um gerenciamento rigoroso de roupas de cama.<\/li>\n<\/ul>\n<h3>Principais caracter\u00edsticas da etiqueta de lavanderia RFID UHF t\u00eaxtil lav\u00e1vel \u00e0 prova d&#039;\u00e1gua<\/h3>\n<h4>1. Tecnologia RFID avan\u00e7ada<\/h4>\n<p>Nosso\u00a0<strong>Etiquetas de lavanderia RFID<\/strong>\u00a0est\u00e3o em conformidade com a norma ISO\/IEC 18000-6 Tipo C (EPC Gen2), garantindo que atendem aos padr\u00f5es da ind\u00fastria para desempenho e confiabilidade. A integra\u00e7\u00e3o da tecnologia UHF de ponta permite uma r\u00e1pida transmiss\u00e3o de dados e processos de rastreamento eficientes.<\/p>\n<h4>2. Tamanho e peso<\/h4>\n<p>Com dimens\u00f5es de\u00a0<strong>70\u00d715 mm<\/strong>\u00a0e um design leve de apenas\u00a0<strong>0,7g<\/strong>, essas etiquetas s\u00e3o f\u00e1ceis de incorporar em qualquer pe\u00e7a de roupa sem adicionar volume ou desconforto. O tamanho compacto permite uma integra\u00e7\u00e3o perfeita em v\u00e1rios tecidos, seja para\u00a0<strong>uniformes, roupas de cama ou outros itens de lavanderia<\/strong>.<\/p>\n<h4>3. Alto alcance de leitura<\/h4>\n<p>O\u00a0<strong>alcance de leitura<\/strong>\u00a0\u00e9 um fator cr\u00edtico para sistemas RFID eficazes. Nossas etiquetas podem atingir um\u00a0<strong>dist\u00e2ncia de leitura de at\u00e9 10 metros com leitores fixos<\/strong>\u00a0e\u00a0<strong>8 metros com leitores port\u00e1teis<\/strong>. Este alcance estendido otimiza o processo de rastreamento, permitindo verifica\u00e7\u00f5es de invent\u00e1rio eficientes e gerenciamento de fluxo de trabalho em ambientes de lavanderia movimentados.<\/p>\n<h4>4. Dur\u00e1vel em condi\u00e7\u00f5es adversas<\/h4>\n<p>Projetados para durabilidade, estes\u00a0<strong>etiquetas RFID \u00e0 prova d&#039;\u00e1gua<\/strong>\u00a0pode suportar processos de limpeza rigorosos, incluindo:<\/p>\n<ul>\n<li><strong>Temperatura de lavagem:<\/strong>\u00a0At\u00e9\u00a0<strong>90\u00b0C<\/strong>\u00a0por 15 minutos, garantindo uma limpeza completa.<\/li>\n<li><strong>Temperatura de esteriliza\u00e7\u00e3o:<\/strong>\u00a0Capaz de suportar processos de esteriliza\u00e7\u00e3o em\u00a0<strong>135\u00b0C<\/strong>\u00a0por 15 a 20 minutos, tornando-os adequados para ambientes m\u00e9dicos.<\/li>\n<li><strong>Resist\u00eancia qu\u00edmica:<\/strong>\u00a0Resistente a produtos qu\u00edmicos comuns em lavanderias, como detergentes, amaciantes e alvejantes, garantindo longevidade e desempenho consistente.<\/li>\n<\/ul>\n<h4>5. Considera\u00e7\u00f5es ambientais<\/h4>\n<p>Essas etiquetas s\u00e3o projetadas para suportar\u00a0<strong>altas press\u00f5es de extra\u00e7\u00e3o de \u00e1gua<\/strong>\u00a0de at\u00e9\u00a0<strong>60 barras<\/strong>, garantindo que permane\u00e7am funcionais mesmo nas condi\u00e7\u00f5es de lavagem mais exigentes. Os materiais usados s\u00e3o ecologicamente corretos, aumentando ainda mais seu valor.<\/p>\n<h4>6. Vida \u00fatil e instru\u00e7\u00f5es de uso<\/h4>\n<p>Com uma vida \u00fatil estimada de\u00a0<strong>200 ciclos de lavagem ou 3 anos<\/strong>\u00a0(o que ocorrer primeiro), nossas etiquetas RFID para lavanderia s\u00e3o feitas para durar. Elas podem transitar perfeitamente de ambientes de lavanderia para lavagem a seco, tornando-as vers\u00e1teis para v\u00e1rias necessidades operacionais.<\/p>\n<h3>Produtos relacionados<\/h3>\n<p>Para complementar nosso\u00a0<strong>etiquetas de lavanderia RFID t\u00eaxteis UHF lav\u00e1veis \u00e0 prova d&#039;\u00e1gua<\/strong>, considere explorar estes produtos relacionados:<\/p>\n<ul>\n<li><strong>Leitores RFID:<\/strong>\u00a0Ferramentas essenciais para ler e rastrear com efici\u00eancia etiquetas RFID em sua opera\u00e7\u00e3o.<\/li>\n<li><strong>Materiais de marca\u00e7\u00e3o:<\/strong>\u00a0Op\u00e7\u00f5es para costura, selagem a quente ou fixa\u00e7\u00e3o de etiquetas RFID em diferentes tecidos.<\/li>\n<li><strong>Solu\u00e7\u00f5es de software:<\/strong>\u00a0Software de gerenciamento RFID para rastrear estoque e aprimorar seu sistema de gerenciamento de lavanderia.<\/li>\n<\/ul>\n<h3>Impacto ambiental e benef\u00edcios para a ind\u00fastria<\/h3>\n<ol>\n<li><strong>Redu\u00e7\u00e3o de res\u00edduos:<\/strong>\u00a0Ao rastrear efetivamente roupas de cama e vestu\u00e1rio, essas etiquetas ajudam a reduzir o desperd\u00edcio de itens perdidos ou extraviados, contribuindo para pr\u00e1ticas mais sustent\u00e1veis no setor de lavanderia.<\/li>\n<li><strong>Gerenciamento otimizado de recursos:<\/strong>\u00a0O rastreamento eficiente leva \u00e0 otimiza\u00e7\u00e3o das opera\u00e7\u00f5es de lavanderia, garantindo que todos os len\u00e7\u00f3is e roupas sejam mantidos com a m\u00e1xima qualidade, prolongando sua vida \u00fatil e reduzindo os custos de reposi\u00e7\u00e3o.<\/li>\n<li><strong>Melhoria na satisfa\u00e7\u00e3o do cliente:<\/strong>\u00a0Uma gest\u00e3o de estoque eficaz significa que os clientes recebem suas roupas de cama em tempo h\u00e1bil e de maneira organizada, resultando em melhores experi\u00eancias para os clientes em setores como hospitalidade e assist\u00eancia m\u00e9dica.<\/li>\n<\/ol>\n<h3>Avalia\u00e7\u00f5es e experi\u00eancias de clientes<\/h3>\n<p>Nossos clientes relataram melhorias significativas em suas opera\u00e7\u00f5es de lavanderia ap\u00f3s implementar nossas etiquetas de lavanderia RFID t\u00eaxteis UHF lav\u00e1veis e \u00e0 prova d&#039;\u00e1gua. Aqui est\u00e3o alguns depoimentos:<\/p>\n<ul>\n<li><strong>\u201cDesde que come\u00e7amos a usar essas etiquetas RFID para lavanderia, reduzimos drasticamente o tempo gasto procurando itens perdidos. Nossa efici\u00eancia melhorou, e nossa equipe pode se concentrar em fornecer um servi\u00e7o de qualidade,\u201d<\/strong>\u00a0diz Linda, gerente de um hotel local.<\/li>\n<li><strong>\u201cA durabilidade dessas etiquetas tem sido impressionante. Elas resistem aos nossos rigorosos ciclos de lavagem e ainda funcionam perfeitamente. Eu as recomendo fortemente para qualquer servi\u00e7o de lavanderia comercial,\u201d<\/strong>\u00a0afirma Mark, gerente de opera\u00e7\u00f5es em uma lavanderia industrial.<\/li>\n<\/ul>\n<h3>Perguntas Frequentes (FAQs)<\/h3>\n<h4>1. Qual \u00e9 a faixa de temperatura operacional dessas etiquetas RFID?<\/h4>\n<p>As etiquetas RFID podem operar dentro de uma faixa de temperatura de\u00a0<strong>-20 a 110\u00b0C<\/strong>\u00a0e tolerar\u00a0<strong>8 a 95% umidade relativa<\/strong>, garantindo que possam funcionar em v\u00e1rios ambientes.<\/p>\n<h4>2. Como devo fixar as etiquetas RFID nas roupas?<\/h4>\n<p>As etiquetas podem ser anexadas por\u00a0<strong>costura ou selagem a quente<\/strong>, proporcionando flexibilidade com base em suas necessidades operacionais e tipos de vestu\u00e1rio.<\/p>\n<h4>3. Essas etiquetas podem ser usadas para lavagem a seco?<\/h4>\n<p>Sim, essas etiquetas RFID s\u00e3o vers\u00e1teis o suficiente para uso em ambos\u00a0<strong>configura\u00e7\u00f5es de lavanderia e lavagem a seco<\/strong>.<\/p>\n<h4>4. Como posso maximizar a vida \u00fatil das minhas etiquetas RFID para lavanderia?<\/h4>\n<p>Para garantir a longevidade, siga as instru\u00e7\u00f5es de lavagem e secagem fornecidas e evite a exposi\u00e7\u00e3o a produtos qu\u00edmicos extremos, al\u00e9m dos detergentes e amaciantes padr\u00e3o.<\/p>\n<h3>Conclus\u00e3o: Transforme a gest\u00e3o da sua lavanderia com a tecnologia RFID<\/h3>\n<p>O\u00a0<strong>Etiqueta de lavanderia RFID UHF t\u00eaxtil lav\u00e1vel \u00e0 prova d&#039;\u00e1gua com furo<\/strong>\u00a0\u00e9 mais do que apenas um acess\u00f3rio de lavanderia; \u00e9 uma ferramenta essencial para a vida moderna\u00a0<strong>gest\u00e3o de lavanderia<\/strong>. Ao investir em etiquetas dur\u00e1veis, confi\u00e1veis e f\u00e1ceis de usar, voc\u00ea pode agilizar as opera\u00e7\u00f5es, reduzir perdas e aumentar a efici\u00eancia geral dos seus servi\u00e7os de lavanderia.<\/p>","protected":false},"excerpt":{"rendered":"<p>Etiqueta de lavanderia RFID UHF t\u00eaxtil, lav\u00e1vel e \u00e0 prova d&#039;\u00e1gua com furo, projetada para durabilidade e rastreamento eficiente em aplica\u00e7\u00f5es de lavanderia industrial.<\/p>","protected":false},"featured_media":2776,"template":"","meta":{"_kad_post_transparent":"default","_kad_post_title":"","_kad_post_layout":"default","_kad_post_sidebar_id":"","_kad_post_content_style":"default","_kad_post_vertical_padding":"default","_kad_post_feature":"","_kad_post_feature_position":"","_kad_post_header":false,"_kad_post_footer":false,"_kad_post_classname":""},"product_brand":[],"product_cat":[19],"product_tag":[324,65,30,325],"class_list":{"0":"post-2775","1":"product","2":"type-product","3":"status-publish","4":"has-post-thumbnail","6":"product_cat-textile-rfid-laundry-tag","7":"product_tag-rfid-laundry-tag","8":"product_tag-textile-rfid-laundry-tags","9":"product_tag-uhf-rfid-laundry-tag","10":"product_tag-washable-rfid-laundry-tag","12":"first","13":"instock","14":"featured","15":"shipping-taxable","16":"product-type-simple","17":"entry","18":"content-bg","19":"loop-entry"},"_links":{"self":[{"href":"https:\/\/rfid-laundry-tag.com\/pt\/wp-json\/wp\/v2\/product\/2775","targetHints":{"allow":["GET"]}}],"collection":[{"href":"https:\/\/rfid-laundry-tag.com\/pt\/wp-json\/wp\/v2\/product"}],"about":[{"href":"https:\/\/rfid-laundry-tag.com\/pt\/wp-json\/wp\/v2\/types\/product"}],"version-history":[{"count":3,"href":"https:\/\/rfid-laundry-tag.com\/pt\/wp-json\/wp\/v2\/product\/2775\/revisions"}],"predecessor-version":[{"id":2782,"href":"https:\/\/rfid-laundry-tag.com\/pt\/wp-json\/wp\/v2\/product\/2775\/revisions\/2782"}],"wp:featuredmedia":[{"embeddable":true,"href":"https:\/\/rfid-laundry-tag.com\/pt\/wp-json\/wp\/v2\/media\/2776"}],"wp:attachment":[{"href":"https:\/\/rfid-laundry-tag.com\/pt\/wp-json\/wp\/v2\/media?parent=2775"}],"wp:term":[{"taxonomy":"product_brand","embeddable":true,"href":"https:\/\/rfid-laundry-tag.com\/pt\/wp-json\/wp\/v2\/product_brand?post=2775"},{"taxonomy":"product_cat","embeddable":true,"href":"https:\/\/rfid-laundry-tag.com\/pt\/wp-json\/wp\/v2\/product_cat?post=2775"},{"taxonomy":"product_tag","embeddable":true,"href":"https:\/\/rfid-laundry-tag.com\/pt\/wp-json\/wp\/v2\/product_tag?post=2775"}],"curies":[{"name":"wp","href":"https:\/\/api.w.org\/{rel}","templated":true}]}}