{"id":2766,"date":"2024-10-24T15:10:58","date_gmt":"2024-10-24T15:10:58","guid":{"rendered":"https:\/\/rfid-laundry-tag.com\/?post_type=product&#038;p=2766"},"modified":"2024-10-24T15:25:26","modified_gmt":"2024-10-24T15:25:26","slug":"nfc-inlay-for-mlfare-ultralight-ev1-chip","status":"publish","type":"product","link":"https:\/\/rfid-laundry-tag.com\/pt\/nfc-inlay-for-mlfare-ultralight-ev1-chip\/","title":{"rendered":"NFC Inlay para chip MlFARE Ultralight EV1"},"content":{"rendered":"<div><\/div>\n<div>\n<div class=\"text-content\">\n<h2>NFC Inlay para chip MlFARE Ultralight EV1<\/h2>\n<div><\/div>\n<div data-spm-anchor-id=\"a2700.details.0.i48.6f4d7d7dnursE7\">\n<table class=\"hight-light-first-column all magic-14\">\n<tbody>\n<tr>\n<td colspan=\"1\" rowspan=\"1\">\n<div class=\"magic-15\"><b>Material<\/b><\/div>\n<\/td>\n<td colspan=\"1\" rowspan=\"1\">\n<div class=\"magic-16\" data-spm-anchor-id=\"a2700.details.0.i34.21f6414cWQ4Zrf\">Papel\/Papel t\u00e9rmico\/Tecido\/PVC\/PET<\/div>\n<\/td>\n<\/tr>\n<tr>\n<td colspan=\"1\" rowspan=\"1\">\n<div class=\"magic-15\"><b>Tamanho<\/b><\/div>\n<\/td>\n<td colspan=\"1\" rowspan=\"1\">\n<div class=\"magic-16\">18*56mm,25*25mm, 30*30mm, 40*40mm, Dia18mm, Dia20mm, Dia22mm, Dia25mm ou tamanho personalizado.<\/div>\n<\/td>\n<\/tr>\n<tr>\n<td colspan=\"1\" rowspan=\"1\">\n<div class=\"magic-15\"><b>Impress\u00e3o<\/b><\/div>\n<\/td>\n<td colspan=\"1\" rowspan=\"1\">\n<div class=\"magic-16\">N\u00e3o h\u00e1 necessidade de impress\u00e3o<\/div>\n<\/td>\n<\/tr>\n<tr>\n<td colspan=\"1\" rowspan=\"1\">\n<div class=\"magic-15\"><b>Chip dispon\u00edvel<\/b><\/div>\n<\/td>\n<td colspan=\"1\" rowspan=\"1\">\n<div class=\"magic-16\">\n<p><strong>NXP Mifare Ultralight ev1 <\/strong><\/p>\n<\/div>\n<\/td>\n<\/tr>\n<tr>\n<td colspan=\"1\" rowspan=\"1\">\n<div class=\"magic-21\"><b>Protocolo:<\/b><\/div>\n<\/td>\n<td colspan=\"4\" rowspan=\"1\">\n<div class=\"magic-22\">ISO\/IEC 14443 Tipo A<\/div>\n<\/td>\n<\/tr>\n<tr>\n<td colspan=\"1\" rowspan=\"1\">\n<div class=\"magic-26\"><b>Artesanato:<\/b><\/div>\n<\/td>\n<td colspan=\"4\" rowspan=\"1\">\n<div class=\"magic-22\" data-spm-anchor-id=\"a2700.details.0.i33.21f6414cWQ4Zrf\">Impress\u00e3o, c\u00f3digo de barras, c\u00f3digo QR, etc.<\/div>\n<\/td>\n<\/tr>\n<\/tbody>\n<\/table>\n<\/div>\n<\/div>\n<p>&nbsp;<\/p>\n<p>O MIFARE Ultralight EV1 est\u00e1 sucedendo o IC de emiss\u00e3o de bilhetes MIFARE Ultralight e \u00e9 totalmente funcional e compat\u00edvel com vers\u00f5es anteriores. Seu conjunto de recursos e comandos aprimorados permite implementa\u00e7\u00f5es mais eficientes e oferece mais flexibilidade em designs de sistema.<\/p>\n<p>As especifica\u00e7\u00f5es mec\u00e2nicas e el\u00e9tricas do MIFARE Ultralight EV1 s\u00e3o adaptadas para atender aos requisitos dos fabricantes de bilhetes de papel e de incrusta\u00e7\u00e3o.<\/p>\n<h3>Transfer\u00eancia de energia e dados sem contato<\/h3>\n<p>Em um MIFARE<sup>\u00ae<\/sup>\u00a0sistema, o MF0ULx1 \u00e9 conectado a uma bobina com algumas voltas. O MF0ULx1 se encaixa nos formatos de bilhete TFC.0 (Edmondson) e TFC.1 (ISO).<\/p>\n<p>O chip MF0ULx1, que possui um capacitor de resson\u00e2ncia de 17 pF no chip, suporta os formatos de t\u00edquete TFC.1 e TFC.0.<\/p>\n<h3>Anticolis\u00e3o<\/h3>\n<p>Uma fun\u00e7\u00e3o anticolis\u00e3o inteligente permite que mais de um cart\u00e3o opere no campo simultaneamente. O algoritmo anticolis\u00e3o seleciona cada cart\u00e3o individualmente. Ele garante que a execu\u00e7\u00e3o de uma transa\u00e7\u00e3o com um cart\u00e3o selecionado seja realizada corretamente sem interfer\u00eancia de outro cart\u00e3o no campo.<\/p>\n<h3>Integra\u00e7\u00e3o simples e conveni\u00eancia do usu\u00e1rio<\/h3>\n<p>O MF0ULx1 foi projetado para integra\u00e7\u00e3o simples e conveni\u00eancia do usu\u00e1rio, o que permite que transa\u00e7\u00f5es completas de emiss\u00e3o de bilhetes sejam processadas em menos de 35 ms.<\/p>\n<h3>Seguran\u00e7a do NFC Inlay para chip MlFARE Ultralight EV1<\/h3>\n<ul>\n<li>UID de 7 bytes programado pelo fabricante para cada dispositivo<\/li>\n<li>\u00c1rea de 32 bits program\u00e1vel uma \u00fanica vez (OTP) defin\u00edvel pelo usu\u00e1rio<\/li>\n<li>3 contadores unidirecionais independentes de 24 bits<\/li>\n<li>Fun\u00e7\u00e3o de bloqueio somente leitura program\u00e1vel em campo por p\u00e1gina (por 2 p\u00e1ginas para a se\u00e7\u00e3o de mem\u00f3ria estendida)<\/li>\n<li>Assinatura de originalidade baseada em ECC<\/li>\n<li>Prote\u00e7\u00e3o por senha de 32 bits para evitar opera\u00e7\u00f5es de mem\u00f3ria n\u00e3o intencionais<\/li>\n<\/ul>\n<div class=\"text-content\">\n<h2 class=\"AnswerParser_AnswerParserH2__SIHnF\">Compreendendo os inlays NFC: o b\u00e1sico<\/h2>\n<p><span class=\"AnswerParser_TextContainer__z_Iiv\" data-testid=\"youchat-text\">Os embutidos NFC s\u00e3o\u00a0<strong>etiquetas finas de alta frequ\u00eancia<\/strong>\u00a0que utilizam\u00a0<strong>Tecnologia RFID<\/strong>\u00a0para habilitar\u00a0<strong>comunica\u00e7\u00e3o sem contato<\/strong>\u00a0entre dispositivos. Essas incrusta\u00e7\u00f5es s\u00e3o tipicamente incorporadas em v\u00e1rios materiais, incluindo papel, pl\u00e1stico ou outros substratos, permitindo que sejam incorporadas em etiquetas, cart\u00f5es ou at\u00e9 mesmo materiais promocionais. A tecnologia opera no princ\u00edpio da indu\u00e7\u00e3o eletromagn\u00e9tica, permitindo que dispositivos como smartphones se comuniquem com etiquetas habilitadas para NFC simplesmente por estarem pr\u00f3ximos.<\/span><span class=\"AnswerParser_TextContainer__z_Iiv\" data-testid=\"youchat-text\">Os principais componentes de um inlay NFC incluem um\u00a0<strong>lasca<\/strong>\u00a0(como o\u00a0<strong>MIFARE Ultraleve EV1<\/strong>\u00a0ou\u00a0<strong>NXP NTAG213<\/strong>) e um\u00a0<strong>antena<\/strong>. Juntos, eles facilitam a troca de dados e a transfer\u00eancia de energia, tornando os inlays NFC uma solu\u00e7\u00e3o vers\u00e1til para uma infinidade de aplica\u00e7\u00f5es.<\/span><\/p>\n<h2 class=\"AnswerParser_AnswerParserH2__SIHnF\">Principais recursos do NFC Inlay para chip MlFARE Ultralight EV1<\/h2>\n<p><span class=\"AnswerParser_TextContainer__z_Iiv\" data-testid=\"youchat-text\">Uma das caracter\u00edsticas de destaque dos inlays NFC \u00e9 sua\u00a0<strong>compatibilidade<\/strong>\u00a0com v\u00e1rios padr\u00f5es NFC, incluindo\u00a0<strong>Norma ISO 14443<\/strong>\u00a0e\u00a0<strong>Norma ISO 15693<\/strong>. Isso garante que eles possam ser usados em uma ampla gama de dispositivos e aplicativos. O\u00a0<strong>MIFARE Ultraleve EV1<\/strong>\u00a0\u00e9 particularmente not\u00e1vel por sua compatibilidade com vers\u00f5es anteriores, o que o torna uma escolha flex\u00edvel para empresas que buscam atualizar seus sistemas sem uma revis\u00e3o completa.<\/span><span class=\"AnswerParser_TextContainer__z_Iiv\" data-testid=\"youchat-text\">Al\u00e9m disso, os inlays NFC geralmente v\u00eam com funcionalidades avan\u00e7adas, como:<\/span><\/p>\n<ul class=\"AnswerParser_AnswerParserUnorderedList__P_1FW\">\n<li class=\"AnswerParser_ListItem__XqLOV\" translate=\"yes\"><strong>Tecnologia anticolis\u00e3o<\/strong>: Isso permite que v\u00e1rias etiquetas NFC operem simultaneamente sem interfer\u00eancia, garantindo transa\u00e7\u00f5es tranquilas.<\/li>\n<li class=\"AnswerParser_ListItem__XqLOV\" translate=\"yes\"><strong>Recursos de seguran\u00e7a<\/strong>: Muitos inlays NFC, como os de\u00a0<strong>Avery Dennison<\/strong>, incluem criptografia e prote\u00e7\u00e3o por senha, fornecendo uma camada adicional de seguran\u00e7a contra acesso n\u00e3o autorizado.<\/li>\n<li class=\"AnswerParser_ListItem__XqLOV\" translate=\"yes\"><strong>Integra\u00e7\u00e3o amig\u00e1vel ao usu\u00e1rio<\/strong>: Projetados para implementa\u00e7\u00e3o r\u00e1pida, os inlays NFC podem ser integrados a sistemas existentes com o m\u00ednimo de esfor\u00e7o, permitindo que as empresas otimizem suas opera\u00e7\u00f5es de forma eficaz.<\/li>\n<\/ul>\n<h2 class=\"AnswerParser_AnswerParserH2__SIHnF\">Benef\u00edcios do uso de NFC Inlay para chip MLFARE Ultralight EV1<\/h2>\n<p><span class=\"AnswerParser_TextContainer__z_Iiv\" data-testid=\"youchat-text\">Investir em inlays NFC oferece in\u00fameros benef\u00edcios para as empresas:<\/span><\/p>\n<ul class=\"AnswerParser_AnswerParserUnorderedList__P_1FW\">\n<li class=\"AnswerParser_ListItem__XqLOV\" translate=\"yes\"><strong>Experi\u00eancia aprimorada do cliente<\/strong>: A tecnologia NFC simplifica a intera\u00e7\u00e3o entre clientes e produtos, permitindo acesso r\u00e1pido a informa\u00e7\u00f5es ou transa\u00e7\u00f5es com apenas um toque no smartphone.<\/li>\n<li class=\"AnswerParser_ListItem__XqLOV\" translate=\"yes\"><strong>Solu\u00e7\u00f5es econ\u00f4micas<\/strong>: Os inlays NFC s\u00e3o geralmente mais acess\u00edveis do que os sistemas RFID tradicionais, o que os torna uma op\u00e7\u00e3o atraente para empresas de todos os tamanhos.<\/li>\n<li class=\"AnswerParser_ListItem__XqLOV\" translate=\"yes\"><strong>Maior engajamento<\/strong>: Com recursos para armazenar URLs, informa\u00e7\u00f5es sobre produtos ou conte\u00fado promocional, os inlays NFC incentivam os clientes a se envolverem mais profundamente com marcas e produtos.<\/li>\n<\/ul>\n<h2 class=\"AnswerParser_AnswerParserH2__SIHnF\">Aplica\u00e7\u00f5es da Tecnologia NFC<\/h2>\n<p><span class=\"AnswerParser_TextContainer__z_Iiv\" data-testid=\"youchat-text\">Os inlays NFC est\u00e3o se tornando onipresentes em v\u00e1rios setores, incluindo:<\/span><\/p>\n<ul class=\"AnswerParser_AnswerParserUnorderedList__P_1FW\">\n<li class=\"AnswerParser_ListItem__XqLOV\" translate=\"yes\"><strong>Varejo<\/strong>: De etiquetas inteligentes que fornecem informa\u00e7\u00f5es sobre produtos a programas de fidelidade que recompensam clientes com apenas um toque, os inlays NFC est\u00e3o revolucionando as experi\u00eancias de varejo.<\/li>\n<li class=\"AnswerParser_ListItem__XqLOV\" translate=\"yes\"><strong>Gest\u00e3o de Eventos<\/strong>: Pulseiras ou crach\u00e1s NFC permitem entrada f\u00e1cil em eventos, permitindo f\u00e1cil rastreamento e gerenciamento dos participantes.<\/li>\n<li class=\"AnswerParser_ListItem__XqLOV\" translate=\"yes\"><strong>Embalagem Inteligente<\/strong>: As marcas est\u00e3o utilizando incrusta\u00e7\u00f5es NFC nas embalagens para fornecer aos consumidores conte\u00fado interativo, como receitas ou instru\u00e7\u00f5es de uso do produto.<\/li>\n<\/ul>\n<h2 class=\"AnswerParser_AnswerParserH2__SIHnF\">Comparando diferentes incrusta\u00e7\u00f5es NFC: NTAG213, NTAG215, NTAG216<\/h2>\n<p><span class=\"AnswerParser_TextContainer__z_Iiv\" data-testid=\"youchat-text\">Ao selecionar um inlay NFC, \u00e9 essencial entender as diferen\u00e7as entre op\u00e7\u00f5es populares como\u00a0<strong>NTAG213<\/strong>,\u00a0<strong>NTAG215<\/strong>, e\u00a0<strong>NTAG216<\/strong>.<\/span><\/p>\n<div class=\"AnswerParser_TableContainer__Erb6v\" data-testid=\"table-container\">\n<table>\n<thead>\n<tr>\n<th>Recurso<\/th>\n<th>NTAG213<\/th>\n<th>NTAG215<\/th>\n<th>NTAG216<\/th>\n<\/tr>\n<\/thead>\n<tbody>\n<tr>\n<td>Tamanho da mem\u00f3ria<\/td>\n<td>144 bytes<\/td>\n<td>504 bytes<\/td>\n<td>888 bytes<\/td>\n<\/tr>\n<tr>\n<td>ID do usu\u00e1rio<\/td>\n<td>7 bytes<\/td>\n<td>7 bytes<\/td>\n<td>7 bytes<\/td>\n<\/tr>\n<tr>\n<td>Faixa de leitura<\/td>\n<td>At\u00e9 10 cm<\/td>\n<td>At\u00e9 10 cm<\/td>\n<td>At\u00e9 10 cm<\/td>\n<\/tr>\n<tr>\n<td>Recursos de seguran\u00e7a<\/td>\n<td>B\u00e1sico<\/td>\n<td>Avan\u00e7ado<\/td>\n<td>Avan\u00e7ado<\/td>\n<\/tr>\n<\/tbody>\n<\/table>\n<\/div>\n<p><span class=\"AnswerParser_TextContainer__z_Iiv\" data-testid=\"youchat-text\">Cada um desses incrusta\u00e7\u00f5es tem caracter\u00edsticas \u00fanicas que atendem a diferentes necessidades de aplica\u00e7\u00e3o, permitindo que as empresas selecionem a op\u00e7\u00e3o mais adequada com base em suas necessidades.<\/span><\/p>\n<h2 class=\"AnswerParser_AnswerParserH2__SIHnF\">Integra\u00e7\u00e3o de NFC Inlays no Varejo<\/h2>\n<p><span class=\"AnswerParser_TextContainer__z_Iiv\" data-testid=\"youchat-text\">Os embutidos NFC s\u00e3o perfeitos para melhorar a\u00a0<strong>ambiente de varejo<\/strong>\u00a0fornecendo solu\u00e7\u00f5es inovadoras como:<\/span><\/p>\n<ul class=\"AnswerParser_AnswerParserUnorderedList__P_1FW\">\n<li class=\"AnswerParser_ListItem__XqLOV\" translate=\"yes\"><strong>Pagamento sem contato<\/strong>: Os clientes podem fazer compras de forma r\u00e1pida e segura usando seus smartphones.<\/li>\n<li class=\"AnswerParser_ListItem__XqLOV\" translate=\"yes\"><strong>Autentica\u00e7\u00e3o do produto<\/strong>: Os inlays NFC podem fornecer uma identifica\u00e7\u00e3o exclusiva para cada produto, ajudando a combater a falsifica\u00e7\u00e3o e garantir a autenticidade.<\/li>\n<li class=\"AnswerParser_ListItem__XqLOV\" translate=\"yes\"><strong>Marketing Interativo<\/strong>: Utilizar etiquetas NFC na publicidade pode levar ao aumento do envolvimento do cliente por meio de ofertas promocionais ou informa\u00e7\u00f5es detalhadas do produto.<\/li>\n<\/ul>\n<h2 class=\"AnswerParser_AnswerParserH2__SIHnF\">Recursos de seguran\u00e7a de incrusta\u00e7\u00f5es NFC<\/h2>\n<p><span class=\"AnswerParser_TextContainer__z_Iiv\" data-testid=\"youchat-text\">A seguran\u00e7a \u00e9 primordial no cen\u00e1rio digital de hoje. Os inlays NFC v\u00eam equipados com v\u00e1rios recursos de seguran\u00e7a, incluindo:<\/span><\/p>\n<ul class=\"AnswerParser_AnswerParserUnorderedList__P_1FW\">\n<li class=\"AnswerParser_ListItem__XqLOV\" translate=\"yes\"><strong>UID de 7 bytes programado pelo fabricante<\/strong>:Cada inlay NFC tem um identificador exclusivo, garantindo que as transa\u00e7\u00f5es sejam seguras e rastre\u00e1veis.<\/li>\n<li class=\"AnswerParser_ListItem__XqLOV\" translate=\"yes\"><strong>Prote\u00e7\u00e3o de senha de 32 bits<\/strong>: Isso evita acesso n\u00e3o autorizado e opera\u00e7\u00f5es de mem\u00f3ria n\u00e3o intencionais, dando tranquilidade \u00e0s empresas.<\/li>\n<li class=\"AnswerParser_ListItem__XqLOV\" translate=\"yes\"><strong>Assinatura de originalidade baseada em ECC<\/strong>: Isso garante que os produtos sejam genu\u00ednos e n\u00e3o adulterados.<\/li>\n<\/ul>\n<h2 class=\"AnswerParser_AnswerParserH2__SIHnF\">Impacto Ambiental e Sustentabilidade<\/h2>\n<p><span class=\"AnswerParser_TextContainer__z_Iiv\" data-testid=\"youchat-text\">\u00c0 medida que as empresas se concentram cada vez mais na sustentabilidade, os inlays NFC se destacam como solu\u00e7\u00f5es ecologicamente corretas. Muitos inlays NFC s\u00e3o feitos de materiais recicl\u00e1veis, reduzindo o desperd\u00edcio e o impacto ambiental. Al\u00e9m disso, sua integra\u00e7\u00e3o em sistemas existentes pode levar a uma efici\u00eancia melhorada, contribuindo ainda mais para uma abordagem mais sustent\u00e1vel \u00e0s opera\u00e7\u00f5es comerciais.<\/span><\/p>\n<h2 class=\"AnswerParser_AnswerParserH2__SIHnF\">Avalia\u00e7\u00f5es de clientes e estudos de caso<\/h2>\n<p><span class=\"AnswerParser_TextContainer__z_Iiv\" data-testid=\"youchat-text\">O feedback dos clientes que usam inlays NFC \u00e9 extremamente positivo. Muitos relatam maior satisfa\u00e7\u00e3o do cliente devido \u00e0 facilidade de uso e maior engajamento. Por exemplo, empresas do setor de varejo t\u00eam visto melhorias significativas na participa\u00e7\u00e3o em programas de fidelidade e m\u00e9tricas de intera\u00e7\u00e3o com o cliente ap\u00f3s implementar a tecnologia NFC.<\/span><\/p>\n<h3 class=\"AnswerParser_AnswerParserH3__Mpe4s\">Estudo de caso: incrusta\u00e7\u00f5es NFC da Avery Dennison<\/h3>\n<p><span class=\"AnswerParser_TextContainer__z_Iiv\" data-testid=\"youchat-text\">Os inlays NFC da Avery Dennison foram integrados com sucesso em v\u00e1rios ambientes de varejo, fornecendo solu\u00e7\u00f5es eficientes para acesso a informa\u00e7\u00f5es de produtos e intera\u00e7\u00e3o com o cliente. Varejistas que usam produtos Avery Dennison relataram um aumento de 30% no engajamento do cliente e um aumento de 20% nas vendas durante campanhas promocionais.<\/span><\/p>\n<h2 class=\"AnswerParser_AnswerParserH2__SIHnF\">Perguntas frequentes sobre NFC Inlays<\/h2>\n<p><span class=\"AnswerParser_TextContainer__z_Iiv\" data-testid=\"youchat-text\"><strong>1. O que \u00e9 um inlay NFC?<\/strong><br \/>\nUm inlay NFC \u00e9 uma etiqueta fina e sem contato que usa a tecnologia NFC para habilitar a comunica\u00e7\u00e3o entre dispositivos. Ele normalmente consiste em um chip e uma antena, facilitando a transfer\u00eancia de dados e a troca de energia.<\/span><\/p>\n<p><span class=\"AnswerParser_TextContainer__z_Iiv\" data-testid=\"youchat-text\"><strong>2. Como funcionam os inlays NFC?<\/strong><br \/>\nOs inlays NFC operam com base no princ\u00edpio da indu\u00e7\u00e3o eletromagn\u00e9tica, permitindo que dispositivos como smartphones se comuniquem com as etiquetas quando estiverem pr\u00f3ximos.<\/span><\/p>\n<p><span class=\"AnswerParser_TextContainer__z_Iiv\" data-testid=\"youchat-text\"><strong>3. Os revestimentos NFC s\u00e3o seguros?<\/strong><br \/>\nSim, muitos dispositivos NFC v\u00eam com recursos de seguran\u00e7a integrados, incluindo prote\u00e7\u00e3o por senha e criptografia, garantindo transa\u00e7\u00f5es e transfer\u00eancias de dados seguras.<\/span><\/p>\n<p><span class=\"AnswerParser_TextContainer__z_Iiv\" data-testid=\"youchat-text\"><strong>4. Os inlays NFC podem ser usados para pagamentos?<\/strong><br \/>\nAbsolutamente! Os inlays NFC s\u00e3o amplamente usados em sistemas de pagamento sem contato, tornando as transa\u00e7\u00f5es r\u00e1pidas e seguras para os clientes.<\/span><\/p>\n<p><span class=\"AnswerParser_TextContainer__z_Iiv\" data-testid=\"youchat-text\"><strong>5. Onde posso comprar inlays NFC?<\/strong><br \/>\nOs inlays NFC podem ser adquiridos de v\u00e1rios fornecedores, incluindo\u00a0<strong>Avery Dennison<\/strong>, e est\u00e3o dispon\u00edveis em diferentes tipos e especifica\u00e7\u00f5es para atender a diversas necessidades de aplica\u00e7\u00e3o.<\/span><\/p>\n<h3 class=\"AnswerParser_AnswerParserH3__Mpe4s\">Conclus\u00e3o<\/h3>\n<p><span class=\"AnswerParser_TextContainer__z_Iiv\" data-testid=\"youchat-text\">Concluindo, os inlays NFC s\u00e3o um produto confi\u00e1vel e de \u00faltima gera\u00e7\u00e3o que atende a uma variedade de necessidades de aplica\u00e7\u00e3o em v\u00e1rios setores. Com sua rela\u00e7\u00e3o custo-benef\u00edcio, recursos de seguran\u00e7a e facilidade de integra\u00e7\u00e3o, investir na tecnologia NFC \u00e9 uma escolha inteligente para empresas que buscam aprimorar as experi\u00eancias do cliente e otimizar as opera\u00e7\u00f5es. Para saber mais sobre os inlays NFC e explorar nossas recomenda\u00e7\u00f5es de produtos, preencha o formul\u00e1rio de consulta hoje mesmo!<\/span><\/p>\n<p>&nbsp;<\/p>\n<\/div>\n<\/div>","protected":false},"excerpt":{"rendered":"<p>Melhore sua experi\u00eancia de varejo com inlays NFC para pagamentos seguros, autentica\u00e7\u00e3o de produtos e solu\u00e7\u00f5es de marketing interativo.<\/p>","protected":false},"featured_media":2767,"template":"","meta":{"_kad_post_transparent":"default","_kad_post_title":"","_kad_post_layout":"default","_kad_post_sidebar_id":"","_kad_post_content_style":"default","_kad_post_vertical_padding":"default","_kad_post_feature":"","_kad_post_feature_position":"","_kad_post_header":false,"_kad_post_footer":false,"_kad_post_classname":""},"product_brand":[],"product_cat":[189],"product_tag":[322,114,323,108],"class_list":{"0":"post-2766","1":"product","2":"type-product","3":"status-publish","4":"has-post-thumbnail","6":"product_cat-rfid-inlay","7":"product_tag-nfc-inlay-mifare-ultralight-ev1","8":"product_tag-nfc-label","9":"product_tag-nfc-sticker","10":"product_tag-rfid-inlay","12":"first","13":"instock","14":"shipping-taxable","15":"product-type-simple","16":"entry","17":"content-bg","18":"loop-entry"},"_links":{"self":[{"href":"https:\/\/rfid-laundry-tag.com\/pt\/wp-json\/wp\/v2\/product\/2766","targetHints":{"allow":["GET"]}}],"collection":[{"href":"https:\/\/rfid-laundry-tag.com\/pt\/wp-json\/wp\/v2\/product"}],"about":[{"href":"https:\/\/rfid-laundry-tag.com\/pt\/wp-json\/wp\/v2\/types\/product"}],"version-history":[{"count":1,"href":"https:\/\/rfid-laundry-tag.com\/pt\/wp-json\/wp\/v2\/product\/2766\/revisions"}],"predecessor-version":[{"id":2770,"href":"https:\/\/rfid-laundry-tag.com\/pt\/wp-json\/wp\/v2\/product\/2766\/revisions\/2770"}],"wp:featuredmedia":[{"embeddable":true,"href":"https:\/\/rfid-laundry-tag.com\/pt\/wp-json\/wp\/v2\/media\/2767"}],"wp:attachment":[{"href":"https:\/\/rfid-laundry-tag.com\/pt\/wp-json\/wp\/v2\/media?parent=2766"}],"wp:term":[{"taxonomy":"product_brand","embeddable":true,"href":"https:\/\/rfid-laundry-tag.com\/pt\/wp-json\/wp\/v2\/product_brand?post=2766"},{"taxonomy":"product_cat","embeddable":true,"href":"https:\/\/rfid-laundry-tag.com\/pt\/wp-json\/wp\/v2\/product_cat?post=2766"},{"taxonomy":"product_tag","embeddable":true,"href":"https:\/\/rfid-laundry-tag.com\/pt\/wp-json\/wp\/v2\/product_tag?post=2766"}],"curies":[{"name":"wp","href":"https:\/\/api.w.org\/{rel}","templated":true}]}}