{"id":2761,"date":"2024-10-21T16:41:28","date_gmt":"2024-10-21T16:41:28","guid":{"rendered":"https:\/\/rfid-laundry-tag.com\/?post_type=product&#038;p=2761"},"modified":"2024-10-21T16:54:52","modified_gmt":"2024-10-21T16:54:52","slug":"iso15693-i-code-slix-patrol-nfc-tag","status":"publish","type":"product","link":"https:\/\/rfid-laundry-tag.com\/pt\/iso15693-i-code-slix-patrol-nfc-tag\/","title":{"rendered":"Etiqueta NFC de patrulha ISO15693 I CODE SLIX"},"content":{"rendered":"<h1>Etiqueta NFC de patrulha ISO15693 I CODE SLIX<\/h1>\n<p>O\u00a0<strong>Etiqueta NFC ICODE SLI X Patrol<\/strong>\u00a0\u00e9 projetado para aqueles que exigem confiabilidade e desempenho em ambientes desafiadores. Este avan\u00e7ado\u00a0<strong>Etiqueta NFC<\/strong>\u00a0\u00e9 perfeito para aplica\u00e7\u00f5es de patrulha, permitindo comunica\u00e7\u00e3o perfeita com dispositivos habilitados para NFC. Constru\u00eddo para resistir ao teste do tempo e \u00e0s condi\u00e7\u00f5es adversas, ele oferece uma incr\u00edvel\u00a0<strong>IP65<\/strong>\u00a0classifica\u00e7\u00e3o, garantindo que ele permane\u00e7a funcional mesmo quando exposto \u00e0 umidade e poeira. Com suas op\u00e7\u00f5es de personaliza\u00e7\u00e3o e alta durabilidade, o ICODE SLI X \u00e9 uma ferramenta essencial para pessoal de seguran\u00e7a, rastreamento de ativos e v\u00e1rias aplica\u00e7\u00f5es industriais.<\/p>\n<h2 class=\"AnswerParser_AnswerParserH2__SIHnF\">Caracter\u00edsticas e benef\u00edcios da etiqueta NFC ICODE SLI X<\/h2>\n<ul class=\"AnswerParser_AnswerParserUnorderedList__P_1FW\">\n<li class=\"AnswerParser_ListItem__XqLOV\" translate=\"yes\"><strong>Constru\u00e7\u00e3o dur\u00e1vel<\/strong>: Feito de\u00a0<strong>abd\u00f4men<\/strong>\u00a0material, o ICODE SLI X \u00e9 resistente a danos f\u00edsicos e fatores ambientais.<\/li>\n<li class=\"AnswerParser_ListItem__XqLOV\" translate=\"yes\"><strong>Tamanhos Vers\u00e1teis<\/strong>: Dispon\u00edvel em\u00a0<strong>25 mm, 30 mm e 52 mm<\/strong>\u00a0op\u00e7\u00f5es de di\u00e2metro, esta etiqueta pode ser adaptada para atender \u00e0s necessidades espec\u00edficas da aplica\u00e7\u00e3o.<\/li>\n<li class=\"AnswerParser_ListItem__XqLOV\" translate=\"yes\"><strong>Alto desempenho<\/strong>:Operando em\u00a0<strong>13,56 MHz<\/strong>, a tag oferece desempenho superior na transfer\u00eancia de dados, permitindo uma comunica\u00e7\u00e3o r\u00e1pida e confi\u00e1vel.<\/li>\n<\/ul>\n<table class=\"all magic-8\">\n<tbody>\n<tr>\n<td colspan=\"1\" rowspan=\"1\">\n<div class=\"magic-9\" data-spm-anchor-id=\"a2700.details.0.i71.50be21afmO5Aid\">Lasca<\/div>\n<\/td>\n<td colspan=\"1\" rowspan=\"1\">\n<div class=\"magic-10\">ICODE SLI X (Personalizado)<\/div>\n<\/td>\n<\/tr>\n<tr>\n<td colspan=\"1\" rowspan=\"1\">\n<div class=\"magic-9\">Dimens\u00f5es<\/div>\n<\/td>\n<td colspan=\"1\" rowspan=\"1\">\n<div class=\"magic-10\" data-spm-anchor-id=\"a2700.details.0.i73.50be21afmO5Aid\">25mm,30mm,52mm de di\u00e2metro (personalizado)<\/div>\n<\/td>\n<\/tr>\n<tr>\n<td colspan=\"1\" rowspan=\"1\">\n<div class=\"magic-9\">Grossura<\/div>\n<\/td>\n<td colspan=\"1\" rowspan=\"1\">\n<div class=\"magic-10\">3mm, Tamanho do furo: 5mm de di\u00e2metro<\/div>\n<\/td>\n<\/tr>\n<tr>\n<td colspan=\"1\" rowspan=\"1\">\n<div class=\"magic-9\">Material<\/div>\n<\/td>\n<td colspan=\"1\" rowspan=\"1\">\n<div class=\"magic-10\">abd\u00f4men<\/div>\n<\/td>\n<\/tr>\n<tr>\n<td colspan=\"1\" rowspan=\"1\">\n<div class=\"magic-9\">Classifica\u00e7\u00e3o IP<\/div>\n<\/td>\n<td colspan=\"1\" rowspan=\"1\">\n<div class=\"magic-10\">IP65<\/div>\n<\/td>\n<\/tr>\n<tr>\n<td colspan=\"1\" rowspan=\"1\">\n<div class=\"magic-9\">Aplica\u00e7\u00e3o Temp<\/div>\n<\/td>\n<td colspan=\"1\" rowspan=\"1\">\n<div class=\"magic-10\">-40~80\u00b0<\/div>\n<\/td>\n<\/tr>\n<tr>\n<td colspan=\"1\" rowspan=\"1\">\n<div class=\"magic-9\">Temperatura de opera\u00e7\u00e3o<\/div>\n<\/td>\n<td colspan=\"1\" rowspan=\"1\">\n<div class=\"magic-10\" data-spm-anchor-id=\"a2700.details.0.i72.50be21afmO5Aid\">-40~70\u00b0C<\/div>\n<\/td>\n<\/tr>\n<tr>\n<td colspan=\"1\" rowspan=\"1\">\n<div class=\"magic-9\">Mem\u00f3ria<\/div>\n<\/td>\n<td colspan=\"1\" rowspan=\"1\">\n<div class=\"magic-10\">1K bits (depende do chip)<\/div>\n<\/td>\n<\/tr>\n<tr>\n<td colspan=\"1\" rowspan=\"1\">\n<div class=\"magic-9\">Faixa de frequ\u00eancia com melhor desempenho<\/div>\n<\/td>\n<td colspan=\"1\" rowspan=\"1\">\n<div class=\"magic-10\">13,56 MHz<\/div>\n<\/td>\n<\/tr>\n<tr>\n<td colspan=\"1\" rowspan=\"1\">\n<div class=\"magic-9\">Vida IC<\/div>\n<\/td>\n<td colspan=\"1\" rowspan=\"1\">\n<div class=\"magic-10\">Escrever resist\u00eancia de 100.000 ciclosReten\u00e7\u00e3o de dados<\/div>\n<\/td>\n<\/tr>\n<\/tbody>\n<\/table>\n<p>&nbsp;<\/p>\n<h3 class=\"AnswerParser_AnswerParserH3__Mpe4s\">1. Compatibilidade e funcionalidade da etiqueta NFC<\/h3>\n<p><span class=\"AnswerParser_TextContainer__z_Iiv\" data-testid=\"youchat-text\">O\u00a0<strong>Etiqueta NFC ICODE SLI X<\/strong>\u00a0\u00e9 compat\u00edvel com uma ampla gama de\u00a0<strong>Dispositivos habilitados para NFC<\/strong>, incluindo smartphones e tablets. Essa compatibilidade permite que os usu\u00e1rios facilmente\u00a0<strong>leia NFC<\/strong>\u00a0tags usando seus dispositivos, estejam eles usando um\u00a0<strong>iPhone<\/strong>\u00a0ou um\u00a0<strong>Andr\u00f3ide<\/strong>\u00a0telefone. A integra\u00e7\u00e3o de\u00a0<strong>Tecnologia NFC<\/strong>\u00a0significa que os usu\u00e1rios podem tocar rapidamente seus dispositivos na etiqueta para acesso instant\u00e2neo aos dados, tornando-a ideal para cart\u00f5es de visita, sistemas de entrada seguros ou compartilhamento de informa\u00e7\u00f5es.<\/span><span class=\"AnswerParser_TextContainer__z_Iiv\" data-testid=\"youchat-text\">A tag foi projetada para ser usada em v\u00e1rias aplica\u00e7\u00f5es, permitindo que as empresas otimizem as opera\u00e7\u00f5es e melhorem a comunica\u00e7\u00e3o. Quer voc\u00ea esteja usando-a como parte de uma\u00a0<strong>sistema de patrulha<\/strong>\u00a0ou para rastreamento de ativos, o ICODE SLI X fornece uma solu\u00e7\u00e3o confi\u00e1vel que pode ser inestim\u00e1vel nas opera\u00e7\u00f5es do dia a dia.<\/span><\/p>\n<h3 class=\"AnswerParser_AnswerParserH3__Mpe4s\">2. Desempenho da etiqueta NFC em metal<\/h3>\n<p><span class=\"AnswerParser_TextContainer__z_Iiv\" data-testid=\"youchat-text\">Uma das caracter\u00edsticas de destaque do ICODE SLI X \u00e9 sua capacidade de funcionar efetivamente como um\u00a0<strong>etiqueta NFC em metal<\/strong>. As etiquetas NFC tradicionais muitas vezes t\u00eam dificuldades com superf\u00edcies met\u00e1licas devido \u00e0 interfer\u00eancia, mas esta etiqueta utiliza\u00a0<strong>tecnologia anti-metal<\/strong>\u00a0para garantir desempenho confi\u00e1vel. Isso significa que voc\u00ea pode fix\u00e1-lo com seguran\u00e7a em superf\u00edcies de metal sem perda de funcionalidade, tornando-o perfeito para ambientes industriais ou pontos de verifica\u00e7\u00e3o de seguran\u00e7a.<\/span><span class=\"AnswerParser_TextContainer__z_Iiv\" data-testid=\"youchat-text\">Quando conectado ao metal, o ICODE SLI X mant\u00e9m uma conex\u00e3o forte com dispositivos NFC, permitindo transfer\u00eancia de dados sem problemas sem a necessidade de equipamento adicional. Esse recurso \u00e9 particularmente ben\u00e9fico para empresas que buscam implementar\u00a0<strong>solu\u00e7\u00f5es sem contato<\/strong>\u00a0em ambientes hostis.<\/span><\/p>\n<h3 class=\"AnswerParser_AnswerParserH3__Mpe4s\">3. Op\u00e7\u00f5es de personaliza\u00e7\u00e3o para diversas aplica\u00e7\u00f5es<\/h3>\n<p><span class=\"AnswerParser_TextContainer__z_Iiv\" data-testid=\"youchat-text\">A personaliza\u00e7\u00e3o \u00e9 essencial quando se trata de implementar a tecnologia NFC em v\u00e1rios setores. O ICODE SLI X pode ser personalizado para atender a requisitos espec\u00edficos, incluindo tamanho e capacidade de mem\u00f3ria. Com op\u00e7\u00f5es para\u00a0<strong>25 mm, 30 mm e 52 mm<\/strong>\u00a0di\u00e2metros, as empresas podem escolher o tamanho perfeito para suas necessidades.<\/span><span class=\"AnswerParser_TextContainer__z_Iiv\" data-testid=\"youchat-text\">Al\u00e9m disso, a capacidade de mem\u00f3ria pode ser ajustada, permitindo diferentes necessidades de armazenamento de dados. Se voc\u00ea precisa de um simples\u00a0<strong>Adesivo NFC<\/strong>\u00a0para um cart\u00e3o de visita ou uma solu\u00e7\u00e3o mais complexa para rastreamento de ativos, o ICODE SLI X pode ser personalizado para fornecer a funcionalidade correta.<\/span><\/p>\n<h3 class=\"AnswerParser_AnswerParserH3__Mpe4s\">4. Design Ambientalmente Resiliente<\/h3>\n<p><span class=\"AnswerParser_TextContainer__z_Iiv\" data-testid=\"youchat-text\">Com um\u00a0<strong>IP65<\/strong>\u00a0classifica\u00e7\u00e3o, o ICODE SLI X \u00e9 projetado para suportar exposi\u00e7\u00e3o \u00e0 poeira e umidade, tornando-o adequado para uso externo e industrial. A etiqueta pode operar em temperaturas que variam de\u00a0<strong>-40\u00b0C a 80\u00b0C<\/strong>, garantindo desempenho consistente em condi\u00e7\u00f5es extremas.<\/span><span class=\"AnswerParser_TextContainer__z_Iiv\" data-testid=\"youchat-text\">Essa robustez significa que as empresas podem contar com o ICODE SLI X para\u00a0<strong>uso a longo prazo<\/strong>, reduzindo a necessidade de substitui\u00e7\u00f5es frequentes e, por fim, economizando custos. A durabilidade da etiqueta garante que ela possa sobreviver nos ambientes mais dif\u00edceis, tornando-a um investimento inteligente para qualquer opera\u00e7\u00e3o.<\/span><\/p>\n<h3 class=\"AnswerParser_AnswerParserH3__Mpe4s\">5. F\u00e1cil instala\u00e7\u00e3o e uso<\/h3>\n<p><span class=\"AnswerParser_TextContainer__z_Iiv\" data-testid=\"youchat-text\">A instala\u00e7\u00e3o do ICODE SLI X \u00e9 simples, gra\u00e7as ao seu design com\u00a0<strong>furo de parafuso<\/strong>\u00a0para fixa\u00e7\u00e3o segura. Se voc\u00ea optar por aderir com um\u00a0<strong>adesivo NFC<\/strong>\u00a0apoiando-o ou parafusando-o no lugar, o processo de instala\u00e7\u00e3o \u00e9 simples e eficiente.<\/span><span class=\"AnswerParser_TextContainer__z_Iiv\" data-testid=\"youchat-text\">Uma vez instalado, usar a tag \u00e9 igualmente f\u00e1cil. Os usu\u00e1rios podem simplesmente\u00a0<strong>toque na etiqueta<\/strong>\u00a0com seus\u00a0<strong>Telefone habilitado para NFC<\/strong>\u00a0para acessar informa\u00e7\u00f5es ou executar comandos. Essa facilidade de uso torna o ICODE SLI X uma escolha ideal para empresas que buscam implementar\u00a0<strong>comunica\u00e7\u00e3o sem fio<\/strong>\u00a0sem as complexidades dos sistemas tradicionais.<\/span><\/p>\n<h3 class=\"AnswerParser_AnswerParserH3__Mpe4s\">6. Perguntas frequentes sobre a etiqueta NFC ICODE SLI X<\/h3>\n<p><span class=\"AnswerParser_TextContainer__z_Iiv\" data-testid=\"youchat-text\"><strong>P: O ICODE SLI X pode ser usado para pagamentos sem contato?<\/strong><br \/>\nR: Embora o ICODE SLI X tenha sido projetado para transfer\u00eancia e comunica\u00e7\u00e3o de dados, ele pode ser integrado a sistemas que suportam pagamentos sem contato, mas n\u00e3o \u00e9 um dispositivo de processamento de pagamentos por si s\u00f3.<\/span><\/p>\n<p><span class=\"AnswerParser_TextContainer__z_Iiv\" data-testid=\"youchat-text\"><strong>P: O ICODE SLI X \u00e9 \u00e0 prova d&#039;\u00e1gua?<\/strong><br \/>\nR: O ICODE SLI X tem classifica\u00e7\u00e3o IP65, o que o torna resistente a poeira e respingos de \u00e1gua, mas n\u00e3o \u00e9 totalmente \u00e0 prova d&#039;\u00e1gua. \u00c9 adequado para uso externo em v\u00e1rias condi\u00e7\u00f5es clim\u00e1ticas.<\/span><\/p>\n<p><span class=\"AnswerParser_TextContainer__z_Iiv\" data-testid=\"youchat-text\"><strong>P: Quanto tempo dura a bateria?<\/strong><br \/>\nR: Etiquetas NFC como a ICODE SLI X n\u00e3o t\u00eam bateria; elas consomem energia do dispositivo habilitado para NFC quando tocadas, garantindo funcionalidade duradoura com manuten\u00e7\u00e3o m\u00ednima.<\/span><\/p>","protected":false},"excerpt":{"rendered":"<p>O <strong>Etiqueta NFC ICODE SLI X Patrol<\/strong> se destaca como uma solu\u00e7\u00e3o RFID confi\u00e1vel e vers\u00e1til para patrulha e servi\u00e7o, atendendo \u00e0s necessidades de comunica\u00e7\u00e3o em metal.<\/p>","protected":false},"featured_media":2763,"template":"","meta":{"_kad_post_transparent":"default","_kad_post_title":"","_kad_post_layout":"default","_kad_post_sidebar_id":"","_kad_post_content_style":"default","_kad_post_vertical_padding":"default","_kad_post_feature":"","_kad_post_feature_position":"","_kad_post_header":false,"_kad_post_footer":false,"_kad_post_classname":""},"product_brand":[],"product_cat":[54],"product_tag":[133,320,321],"class_list":{"0":"post-2761","1":"product","2":"type-product","3":"status-publish","4":"has-post-thumbnail","6":"product_cat-hot-selling-rfid-tags","7":"product_tag-i-code-slix-nfc-tag","8":"product_tag-iso15693-nfc-tag","9":"product_tag-patrol-nfc-tag","11":"first","12":"instock","13":"shipping-taxable","14":"product-type-simple","15":"entry","16":"content-bg","17":"loop-entry"},"_links":{"self":[{"href":"https:\/\/rfid-laundry-tag.com\/pt\/wp-json\/wp\/v2\/product\/2761","targetHints":{"allow":["GET"]}}],"collection":[{"href":"https:\/\/rfid-laundry-tag.com\/pt\/wp-json\/wp\/v2\/product"}],"about":[{"href":"https:\/\/rfid-laundry-tag.com\/pt\/wp-json\/wp\/v2\/types\/product"}],"version-history":[{"count":1,"href":"https:\/\/rfid-laundry-tag.com\/pt\/wp-json\/wp\/v2\/product\/2761\/revisions"}],"predecessor-version":[{"id":2765,"href":"https:\/\/rfid-laundry-tag.com\/pt\/wp-json\/wp\/v2\/product\/2761\/revisions\/2765"}],"wp:featuredmedia":[{"embeddable":true,"href":"https:\/\/rfid-laundry-tag.com\/pt\/wp-json\/wp\/v2\/media\/2763"}],"wp:attachment":[{"href":"https:\/\/rfid-laundry-tag.com\/pt\/wp-json\/wp\/v2\/media?parent=2761"}],"wp:term":[{"taxonomy":"product_brand","embeddable":true,"href":"https:\/\/rfid-laundry-tag.com\/pt\/wp-json\/wp\/v2\/product_brand?post=2761"},{"taxonomy":"product_cat","embeddable":true,"href":"https:\/\/rfid-laundry-tag.com\/pt\/wp-json\/wp\/v2\/product_cat?post=2761"},{"taxonomy":"product_tag","embeddable":true,"href":"https:\/\/rfid-laundry-tag.com\/pt\/wp-json\/wp\/v2\/product_tag?post=2761"}],"curies":[{"name":"wp","href":"https:\/\/api.w.org\/{rel}","templated":true}]}}