{"id":2742,"date":"2024-10-11T16:12:50","date_gmt":"2024-10-11T16:12:50","guid":{"rendered":"https:\/\/rfid-laundry-tag.com\/?post_type=product&#038;p=2742"},"modified":"2024-10-29T14:33:03","modified_gmt":"2024-10-29T14:33:03","slug":"epoxy-menu-nfc-tags","status":"publish","type":"product","link":"https:\/\/rfid-laundry-tag.com\/pt\/epoxy-menu-nfc-tags\/","title":{"rendered":"Etiquetas NFC de menu ep\u00f3xi"},"content":{"rendered":"<p><span class=\"AnswerParser_TextContainer__z_Iiv\" data-testid=\"youchat-text\"><strong>Etiquetas NFC de menu ep\u00f3xi<\/strong>\u00a0alavancam a tecnologia de ponta NFC e QR code para transformar a forma como os clientes interagem com os menus. Essas etiquetas inovadoras permitem que os clientes naveguem rapidamente e fa\u00e7am pedidos diretamente de seus smartphones, aprimorando sua experi\u00eancia gastron\u00f4mica e simplificando as opera\u00e7\u00f5es para restaurantes, caf\u00e9s e bares. Com designs personaliz\u00e1veis e recursos robustos, essas etiquetas s\u00e3o essenciais para qualquer estabelecimento moderno.<\/span><\/p>\n<h2 class=\"AnswerParser_AnswerParserH2__SIHnF\">Esbo\u00e7o do produto<\/h2>\n<h3 class=\"AnswerParser_AnswerParserH3__Mpe4s\">1. O que s\u00e3o etiquetas NFC de menu ep\u00f3xi?<\/h3>\n<p><span class=\"AnswerParser_TextContainer__z_Iiv\" data-testid=\"youchat-text\">As Etiquetas NFC de Menu Epoxy s\u00e3o ferramentas digitais avan\u00e7adas projetadas para facilitar o acesso e o pedido de menu sem interrup\u00e7\u00f5es. Feitas de materiais dur\u00e1veis como PVC e equipadas com chips NFC, essas etiquetas podem ser personalizadas com logotipos, n\u00fameros de s\u00e9rie e at\u00e9 mesmo c\u00f3digos QR din\u00e2micos. Sua superf\u00edcie adesiva ep\u00f3xi garante longevidade e resili\u00eancia, tornando-as adequadas para v\u00e1rios ambientes.<\/span><\/p>\n<h3 class=\"AnswerParser_AnswerParserH3__Mpe4s\">2. Principais caracter\u00edsticas das etiquetas NFC de menu ep\u00f3xi<\/h3>\n<ul class=\"AnswerParser_AnswerParserUnorderedList__P_1FW\">\n<li class=\"AnswerParser_ListItem__XqLOV\" translate=\"yes\"><strong>Durabilidade<\/strong>: A superf\u00edcie de resina ep\u00f3xi oferece prote\u00e7\u00e3o excepcional contra \u00f3leo, \u00e1gua, arranh\u00f5es e raios UV, garantindo que as etiquetas permane\u00e7am funcionais e visualmente atraentes ao longo do tempo.<\/li>\n<li class=\"AnswerParser_ListItem__XqLOV\" translate=\"yes\"><strong>Versatilidade<\/strong>: Com tamanhos dispon\u00edveis em redondo (\u042460mm, \u042475mm, \u0424100mm) e quadrado (80x80mm), essas etiquetas podem ser adaptadas para atender a qualquer est\u00e9tica de design ou requisito de marca.<\/li>\n<li class=\"AnswerParser_ListItem__XqLOV\" translate=\"yes\"><strong>Compatibilidade<\/strong>: A camada anti-metal permite que essas etiquetas funcionem efetivamente em superf\u00edcies met\u00e1licas e n\u00e3o met\u00e1licas, tornando-as ideais para diversas aplica\u00e7\u00f5es.<\/li>\n<\/ul>\n<h3 class=\"AnswerParser_AnswerParserH3__Mpe4s\">3. Especifica\u00e7\u00f5es t\u00e9cnicas<\/h3>\n<table class=\"has-title all magic-15\">\n<tbody>\n<tr>\n<td colspan=\"1\" rowspan=\"1\">\n<div class=\"magic-16\" data-spm-anchor-id=\"a2700.details.0.i39.7beebf0eKrXqHT\"><span class=\"magic-17\">Item<\/span><\/div>\n<\/td>\n<td colspan=\"1\" rowspan=\"1\">\n<div class=\"magic-18\"><span class=\"magic-17\">Etiquetas NFC de menu ep\u00f3xi <\/span><\/div>\n<\/td>\n<\/tr>\n<tr>\n<td colspan=\"1\" rowspan=\"1\">\n<div class=\"magic-16\"><span class=\"magic-17\">Caracter\u00edsticas especiais<\/span><\/div>\n<\/td>\n<td colspan=\"1\" rowspan=\"1\">\n<div class=\"magic-18\"><span class=\"magic-17\">\u00c0 prova d&#039;\u00e1gua \/ \u00e0 prova de intemp\u00e9ries<\/span><\/div>\n<\/td>\n<\/tr>\n<tr>\n<td colspan=\"1\" rowspan=\"1\">\n<div class=\"magic-16\"><span class=\"magic-17\">Interface de comunica\u00e7\u00e3o<\/span><\/div>\n<\/td>\n<td colspan=\"1\" rowspan=\"1\">\n<div class=\"magic-18\"><span class=\"magic-17\">NFC<\/span><\/div>\n<\/td>\n<\/tr>\n<tr>\n<td colspan=\"1\" rowspan=\"1\">\n<div class=\"magic-16\"><span class=\"magic-17\">Frequ\u00eancia<\/span><\/div>\n<\/td>\n<td colspan=\"1\" rowspan=\"1\">\n<div class=\"magic-18\"><span class=\"magic-17\">13,56 MHz<\/span><\/div>\n<\/td>\n<\/tr>\n<tr>\n<td colspan=\"1\" rowspan=\"1\">\n<div class=\"magic-16\"><span class=\"magic-17\">Material<\/span><\/div>\n<\/td>\n<td colspan=\"1\" rowspan=\"1\">\n<div class=\"magic-18\">Ep\u00f3xi + PET\/PVC + incrusta\u00e7\u00e3o NFC + camada anti-metal + adesivo 3M<\/div>\n<\/td>\n<\/tr>\n<tr>\n<td colspan=\"1\" rowspan=\"1\">\n<div class=\"magic-16\">Tamanho<\/div>\n<\/td>\n<td colspan=\"1\" rowspan=\"1\">\n<div class=\"magic-18\">Redondo: \u042460mm, \u042475mm, \u0424100mm; Quadrado: 80x80mm ou personalizado<\/div>\n<\/td>\n<\/tr>\n<tr>\n<td colspan=\"1\" rowspan=\"1\">\n<div class=\"magic-16\"><span class=\"magic-17\">Protocolo<\/span><\/div>\n<\/td>\n<td colspan=\"1\" rowspan=\"1\">\n<div class=\"magic-18\"><span class=\"magic-17\">Norma ISO 14443A<\/span><\/div>\n<\/td>\n<\/tr>\n<tr>\n<td colspan=\"1\" rowspan=\"1\">\n<div class=\"magic-16\"><span class=\"magic-17\">Lasca<\/span><\/div>\n<\/td>\n<td colspan=\"1\" rowspan=\"1\">\n<div class=\"magic-18\">NTAG213, NTAG215, NTAG216 (outros chips dispon\u00edveis)<\/div>\n<\/td>\n<\/tr>\n<tr>\n<td colspan=\"1\" rowspan=\"1\">\n<div class=\"magic-16\"><span class=\"magic-17\">Mem\u00f3ria<\/span><\/div>\n<\/td>\n<td colspan=\"1\" rowspan=\"1\">\n<div class=\"magic-18\"><span class=\"magic-17\">144 bytes, 504 bytes, 888 bytes etc.<\/span><\/div>\n<\/td>\n<\/tr>\n<tr>\n<td colspan=\"1\" rowspan=\"1\">\n<div class=\"magic-16\"><span class=\"magic-17\">Dist\u00e2ncia de leitura<\/span><\/div>\n<\/td>\n<td colspan=\"1\" rowspan=\"1\">\n<div class=\"magic-18\"><span class=\"magic-17\">3-15 cm dependendo do leitor e do tamanho da etiqueta<\/span><\/div>\n<\/td>\n<\/tr>\n<tr>\n<td colspan=\"1\" rowspan=\"1\">\n<div class=\"magic-16\"><span class=\"magic-17\">Impress\u00e3o<\/span><\/div>\n<\/td>\n<td colspan=\"1\" rowspan=\"1\">\n<div class=\"magic-18\"><span class=\"magic-17\">Impress\u00e3o CMYK 4C\/Offsetting\/Serigrafia<\/span><\/div>\n<\/td>\n<\/tr>\n<tr>\n<td colspan=\"1\" rowspan=\"1\">\n<div class=\"magic-16\"><span class=\"magic-17\">Arte<\/span><\/div>\n<\/td>\n<td colspan=\"1\" rowspan=\"1\">\n<div class=\"magic-18\"><span class=\"magic-17\">C\u00f3digo Laser\\Tinta UV\\N\u00famero de S\u00e9rie\\Relevo\\Impress\u00e3o T\u00e9rmica<\/span><\/div>\n<\/td>\n<\/tr>\n<tr>\n<td colspan=\"1\" rowspan=\"1\">\n<div class=\"magic-16\"><span class=\"magic-17\">Superf\u00edcie<\/span><\/div>\n<\/td>\n<td colspan=\"1\" rowspan=\"1\">\n<div class=\"magic-18\"><span class=\"magic-17\">Brilhante\/Fosco\/Fosco\/Transparente<\/span><\/div>\n<\/td>\n<\/tr>\n<tr>\n<td colspan=\"1\" rowspan=\"1\">\n<div class=\"magic-16\"><span class=\"magic-17\">Fun\u00e7\u00e3o<\/span><\/div>\n<\/td>\n<td colspan=\"1\" rowspan=\"1\">\n<div class=\"magic-18\"><span class=\"magic-17\" data-spm-anchor-id=\"a2700.details.0.i40.7beebf0eKrXqHT\">M\u00eddia social NFC, gerenciamento de log\u00edstica, gerenciamento de ativos, gerenciamento da cadeia de suprimentos, gerenciamento de ve\u00edculos, controle de produ\u00e7\u00e3o, gerenciamento de armaz\u00e9m, gerenciamento de produtos, verifica\u00e7\u00e3o de produtos, rastreamento de ativos, rastreamento de manuseio de bagagem, gerenciamento de estoque, pagamento, pulseira, etc. Lamina\u00e7\u00e3o, superf\u00edcie de impress\u00e3o confi\u00e1vel e lisa.<\/span><\/div>\n<\/td>\n<\/tr>\n<tr>\n<td colspan=\"1\" rowspan=\"1\">\n<div class=\"magic-16\"><span class=\"magic-17\">Peso do cart\u00e3o de tamanho padr\u00e3o<\/span><\/div>\n<\/td>\n<td colspan=\"1\" rowspan=\"1\">\n<div class=\"magic-18\"><span class=\"magic-17\">120*120*4mm 0,058 KG\/P\u00c7S\u00a0 \u00a0<\/span><\/p>\n<div data-spm-anchor-id=\"a2700.pc-decorate.0.i47.51c0333312LtHT\"><span class=\"magic-17\">Cada pacote de adesivos com saco transparente Opp,\u00a0\u00a0<\/span><\/div>\n<div data-spm-anchor-id=\"a2700.pc-decorate.0.i114.51c0333312LtHT\"><span class=\"magic-17\">320 pe\u00e7as\/Desenho animado<\/span><\/div>\n<\/div>\n<\/td>\n<\/tr>\n<\/tbody>\n<\/table>\n<h3 class=\"AnswerParser_AnswerParserH3__Mpe4s\">4. Op\u00e7\u00f5es de personaliza\u00e7\u00e3o<\/h3>\n<p><span class=\"AnswerParser_TextContainer__z_Iiv\" data-testid=\"youchat-text\">Um dos recursos de destaque das Epoxy Menu NFC Tags s\u00e3o suas capacidades de personaliza\u00e7\u00e3o. As empresas podem imprimir seus logotipos, identificadores exclusivos e at\u00e9 mesmo c\u00f3digos QR din\u00e2micos que vinculam a promo\u00e7\u00f5es ou menus espec\u00edficos. Esse n\u00edvel de personaliza\u00e7\u00e3o n\u00e3o apenas aumenta a visibilidade da marca, mas tamb\u00e9m envolve os clientes de uma forma \u00fanica.<\/span><\/p>\n<h3 class=\"AnswerParser_AnswerParserH3__Mpe4s\">5. Aplica\u00e7\u00f5es na Ind\u00fastria Hoteleira<\/h3>\n<p><span class=\"AnswerParser_TextContainer__z_Iiv\" data-testid=\"youchat-text\">As etiquetas NFC de menu ep\u00f3xi s\u00e3o perfeitas para diversas aplica\u00e7\u00f5es, incluindo:<\/span><\/p>\n<ul class=\"AnswerParser_AnswerParserUnorderedList__P_1FW\">\n<li class=\"AnswerParser_ListItem__XqLOV\" translate=\"yes\"><strong>Card\u00e1pios Digitais<\/strong>: Os clientes podem acessar o menu simplesmente encostando seus smartphones na etiqueta ou escaneando o c\u00f3digo QR, reduzindo a necessidade de menus f\u00edsicos.<\/li>\n<li class=\"AnswerParser_ListItem__XqLOV\" translate=\"yes\"><strong>Checkout r\u00e1pido<\/strong>: Simplifique o processo de pagamento integrando links de pagamento diretamente nas etiquetas NFC.<\/li>\n<li class=\"AnswerParser_ListItem__XqLOV\" translate=\"yes\"><strong>Links de m\u00eddia social<\/strong>: Incentive os clientes a compartilhar suas experi\u00eancias por meio de links para p\u00e1ginas de m\u00eddia social ou plataformas de avalia\u00e7\u00e3o.<\/li>\n<\/ul>\n<h3 class=\"AnswerParser_AnswerParserH3__Mpe4s\">6. Impacto Ambiental<\/h3>\n<p><span class=\"AnswerParser_TextContainer__z_Iiv\" data-testid=\"youchat-text\">Usar Epoxy Menu NFC Tags pode reduzir significativamente o desperd\u00edcio de papel associado aos menus tradicionais. Ao optar por solu\u00e7\u00f5es digitais, as empresas contribuem para a sustentabilidade ambiental e, ao mesmo tempo, aumentam a conveni\u00eancia do cliente.<\/span><\/p>\n<h3 class=\"AnswerParser_AnswerParserH3__Mpe4s\">7. Coment\u00e1rios e feedback do cliente<\/h3>\n<p><span class=\"AnswerParser_TextContainer__z_Iiv\" data-testid=\"youchat-text\">Os clientes elogiaram o\u00a0<strong>Etiquetas NFC de menu ep\u00f3xi<\/strong>\u00a0por sua durabilidade e facilidade de uso. Muitos notaram que as etiquetas melhoraram sua experi\u00eancia gastron\u00f4mica ao fornecer acesso r\u00e1pido aos menus e reduzir os tempos de espera. A capacidade de atualizar itens do menu em tempo real tamb\u00e9m foi destacada como uma vantagem significativa.<\/span><\/p>\n<h3 class=\"AnswerParser_AnswerParserH3__Mpe4s\">8. Perguntas frequentes<\/h3>\n<p><span class=\"AnswerParser_TextContainer__z_Iiv\" data-testid=\"youchat-text\"><strong>P: Como instalo as etiquetas NFC do menu Epoxy?<\/strong><br \/>\nR: Simplesmente retire a parte de tr\u00e1s do adesivo 3M e cole a etiqueta em uma superf\u00edcie limpa e seca. Certifique-se de que ela esteja colocada onde os clientes possam acess\u00e1-la facilmente.<\/span><span class=\"AnswerParser_TextContainer__z_Iiv\" data-testid=\"youchat-text\"><strong>P: Posso atualizar as informa\u00e7\u00f5es nas etiquetas NFC?<\/strong><br \/>\nR: Sim! As informa\u00e7\u00f5es podem ser atualizadas a qualquer momento, permitindo que voc\u00ea mantenha seu menu atualizado sem a necessidade de novas tags.<\/span><span class=\"AnswerParser_TextContainer__z_Iiv\" data-testid=\"youchat-text\"><strong>P: Qual \u00e9 a quantidade m\u00ednima do pedido?<\/strong><br \/>\nR: A quantidade m\u00ednima para pedido \u00e9 de 100 pe\u00e7as, com melhores pre\u00e7os dispon\u00edveis para pedidos de 500 pe\u00e7as ou mais.<\/span><\/p>\n<h3 class=\"AnswerParser_AnswerParserH3__Mpe4s\">9. Por que escolher etiquetas NFC de menu ep\u00f3xi?<\/h3>\n<p><span class=\"AnswerParser_TextContainer__z_Iiv\" data-testid=\"youchat-text\">Investindo em\u00a0<strong>Etiquetas NFC de menu ep\u00f3xi<\/strong>\u00a0significa investir em um futuro onde a experi\u00eancia do cliente \u00e9 priorizada. Essas tags n\u00e3o apenas aumentam a efici\u00eancia operacional, mas tamb\u00e9m fornecem um toque moderno \u00e0s experi\u00eancias gastron\u00f4micas tradicionais. Com seus recursos robustos e op\u00e7\u00f5es personaliz\u00e1veis, elas s\u00e3o uma ferramenta essencial para qualquer estabelecimento que queira se manter \u00e0 frente no competitivo mercado de hospitalidade.<\/span><\/p>\n<h3 class=\"AnswerParser_AnswerParserH3__Mpe4s\">10. Comece hoje mesmo!<\/h3>\n<p><span class=\"AnswerParser_TextContainer__z_Iiv\" data-testid=\"youchat-text\">Pronto para elevar sua experi\u00eancia gastron\u00f4mica?\u00a0<strong>Entre em contato conosco hoje<\/strong>\u00a0para solicitar uma amostra gr\u00e1tis de estoque de nossas Epoxy Menu NFC Tags e veja a diferen\u00e7a por si mesmo. Com nosso compromisso com a qualidade e satisfa\u00e7\u00e3o do cliente, estamos aqui para ajudar voc\u00ea em cada passo do caminho.<\/span><\/p>","protected":false},"excerpt":{"rendered":"<p>Renove o jantar com Epoxy Menu NFC Tags! Habilite acesso r\u00e1pido ao menu e pedidos via smartphones, melhorando a experi\u00eancia do cliente e otimizando as opera\u00e7\u00f5es do restaurante.<\/p>","protected":false},"featured_media":2800,"template":"","meta":{"_kad_post_transparent":"default","_kad_post_title":"","_kad_post_layout":"default","_kad_post_sidebar_id":"","_kad_post_content_style":"default","_kad_post_vertical_padding":"default","_kad_post_feature":"","_kad_post_feature_position":"","_kad_post_header":false,"_kad_post_footer":false,"_kad_post_classname":""},"product_brand":[],"product_cat":[54],"product_tag":[277,333,217,332,331],"class_list":{"0":"post-2742","1":"product","2":"type-product","3":"status-publish","4":"has-post-thumbnail","6":"product_cat-hot-selling-rfid-tags","7":"product_tag-menu-nfc-tags","8":"product_tag-nfc-epoxy-sticker","9":"product_tag-nfc-tags","10":"product_tag-restaurant-desk-nfc-menu-tag","11":"product_tag-table-nfc-tags","13":"first","14":"instock","15":"shipping-taxable","16":"product-type-simple","17":"entry","18":"content-bg","19":"loop-entry"},"_links":{"self":[{"href":"https:\/\/rfid-laundry-tag.com\/pt\/wp-json\/wp\/v2\/product\/2742","targetHints":{"allow":["GET"]}}],"collection":[{"href":"https:\/\/rfid-laundry-tag.com\/pt\/wp-json\/wp\/v2\/product"}],"about":[{"href":"https:\/\/rfid-laundry-tag.com\/pt\/wp-json\/wp\/v2\/types\/product"}],"version-history":[{"count":1,"href":"https:\/\/rfid-laundry-tag.com\/pt\/wp-json\/wp\/v2\/product\/2742\/revisions"}],"predecessor-version":[{"id":2801,"href":"https:\/\/rfid-laundry-tag.com\/pt\/wp-json\/wp\/v2\/product\/2742\/revisions\/2801"}],"wp:featuredmedia":[{"embeddable":true,"href":"https:\/\/rfid-laundry-tag.com\/pt\/wp-json\/wp\/v2\/media\/2800"}],"wp:attachment":[{"href":"https:\/\/rfid-laundry-tag.com\/pt\/wp-json\/wp\/v2\/media?parent=2742"}],"wp:term":[{"taxonomy":"product_brand","embeddable":true,"href":"https:\/\/rfid-laundry-tag.com\/pt\/wp-json\/wp\/v2\/product_brand?post=2742"},{"taxonomy":"product_cat","embeddable":true,"href":"https:\/\/rfid-laundry-tag.com\/pt\/wp-json\/wp\/v2\/product_cat?post=2742"},{"taxonomy":"product_tag","embeddable":true,"href":"https:\/\/rfid-laundry-tag.com\/pt\/wp-json\/wp\/v2\/product_tag?post=2742"}],"curies":[{"name":"wp","href":"https:\/\/api.w.org\/{rel}","templated":true}]}}