{"id":2714,"date":"2024-09-28T14:57:16","date_gmt":"2024-09-28T14:57:16","guid":{"rendered":"https:\/\/rfid-laundry-tag.com\/?post_type=product&#038;p=2714"},"modified":"2024-09-28T15:13:47","modified_gmt":"2024-09-28T15:13:47","slug":"custom-laundry-rfid-tag","status":"publish","type":"product","link":"https:\/\/rfid-laundry-tag.com\/pt\/custom-laundry-rfid-tag\/","title":{"rendered":"Etiqueta RFID de lavanderia personalizada"},"content":{"rendered":"<div>\n<div class=\"auto-hide-last-sibling-br paragraph_1252f paragraph-element\">\n<table width=\"637\">\n<tbody>\n<tr>\n<td width=\"328\">Nome do item:<\/td>\n<td width=\"309\"><strong>Etiqueta RFID de lavanderia personalizada<\/strong><\/td>\n<\/tr>\n<tr>\n<td width=\"328\">Padr\u00e3o RFID:<\/td>\n<td width=\"309\">ISO\/IEC 18000-6 Tipo C (EPC Gen2)<\/td>\n<\/tr>\n<tr>\n<td width=\"328\">Tamanho e peso:<\/td>\n<td width=\"309\">70\u00d715 mm, 0,6 g<\/td>\n<\/tr>\n<tr>\n<td width=\"328\">Tipo de chip:<\/td>\n<td width=\"309\">Impinj Monza 4QT, NXP U C\u00d3DIGO 8, NXP U C\u00d3DIGO 9<\/td>\n<\/tr>\n<tr>\n<td width=\"328\">Mem\u00f3ria EPC:<\/td>\n<td width=\"309\">128 bits<\/td>\n<\/tr>\n<tr>\n<td width=\"328\">Mem\u00f3ria do usu\u00e1rio:<\/td>\n<td width=\"309\">512 bits<\/td>\n<\/tr>\n<tr>\n<td width=\"328\">Alcance de leitura (2W ERP FCC):<\/td>\n<td width=\"309\">8m<\/td>\n<\/tr>\n<tr>\n<td width=\"328\">Alcance de leitura (2W ERP ETSI):<\/td>\n<td width=\"309\">8m<\/td>\n<\/tr>\n<tr>\n<td width=\"328\">Marca\u00e7\u00e3o:<\/td>\n<td width=\"309\">Costura, Adesivo para estampagem a quente<\/td>\n<\/tr>\n<tr>\n<td width=\"328\">Vida \u00fatil estimada:<\/td>\n<td width=\"309\">200 ciclos de lavagem ou 3 anos, o que ocorrer primeiro<\/td>\n<\/tr>\n<tr>\n<td width=\"328\">M\u00e9todo de lavagem:<\/td>\n<td width=\"309\">Lavanderia, Limpeza a seco<\/td>\n<\/tr>\n<tr>\n<td width=\"328\">Press\u00e3o de extra\u00e7\u00e3o de \u00e1gua:<\/td>\n<td width=\"309\">60 barras<\/td>\n<\/tr>\n<tr>\n<td width=\"328\">Resist\u00eancia \u00e0 \u00e1gua:<\/td>\n<td width=\"309\">Resistente \u00e0 \u00e1gua<\/td>\n<\/tr>\n<tr>\n<td width=\"328\">Resist\u00eancia qu\u00edmica:<\/td>\n<td width=\"309\">Detergente, Amaciante, Alvejante (Oxig\u00eanio\/ Cloro), \u00c1lcali<\/td>\n<\/tr>\n<tr>\n<td width=\"328\">Pr\u00e9-secagem em tambor:<\/td>\n<td width=\"309\">125 \u00baC por 15-20 minutos<\/td>\n<\/tr>\n<tr>\n<td width=\"328\">Temperatura de esteriliza\u00e7\u00e3o:<\/td>\n<td width=\"309\">135\u00b0C por 15-20 minutos<\/td>\n<\/tr>\n<tr>\n<td width=\"328\">Temperatura de lavagem:<\/td>\n<td width=\"309\">90\u00b0C, at\u00e9 15min.<\/td>\n<\/tr>\n<tr>\n<td width=\"328\">Umidade\/Temperatura-Opera\u00e7\u00e3o:<\/td>\n<td width=\"309\">-20 a 110\u00b0C, 8 a 95%RH<\/td>\n<\/tr>\n<tr>\n<td width=\"328\">Umidade\/Temperatura-Armazenamento:<\/td>\n<td width=\"309\">-40 a 110\u00b0C, 8 a 95%RH<\/td>\n<\/tr>\n<\/tbody>\n<\/table>\n<\/div>\n<\/div>\n<div class=\"auto-hide-last-sibling-br paragraph_1252f paragraph-element\">\n<h2 class=\"AnswerParser_AnswerParserH2__SIHnF\">Por que escolher uma etiqueta RFID personalizada para lavanderia?<\/h2>\n<p><span class=\"AnswerParser_TextContainer__z_Iiv\" data-testid=\"youchat-text\">Investir em um\u00a0<strong>etiqueta RFID de lavanderia personalizada<\/strong>\u00a0aumenta a efici\u00eancia operacional, reduz perdas e melhora o controle de estoque. Ao automatizar o processo de rastreamento, as empresas podem economizar tempo e recursos, ao mesmo tempo em que garantem registros precisos de itens t\u00eaxteis. A durabilidade e a resist\u00eancia qu\u00edmica dessas etiquetas as tornam ideais para v\u00e1rios ambientes de lavanderia, proporcionando tranquilidade aos usu\u00e1rios.<\/span><\/p>\n<h2 class=\"AnswerParser_AnswerParserH2__SIHnF\">Caracter\u00edsticas da etiqueta RFID de lavanderia personalizada<\/h2>\n<h3 class=\"AnswerParser_AnswerParserH3__Mpe4s\">1. Design dur\u00e1vel e lav\u00e1vel<\/h3>\n<p><span class=\"AnswerParser_TextContainer__z_Iiv\" data-testid=\"youchat-text\">O\u00a0<strong>etiqueta RFID de lavanderia personalizada<\/strong>\u00a0\u00e9 projetado especificamente para suportar os rigores da lavagem comercial. Com um tamanho de 70\u00d715 mm e pesando apenas 0,6 g, \u00e9 leve, mas robusto o suficiente para suportar at\u00e9 200 ciclos de lavagem ou tr\u00eas anos de uso. Feita de materiais \u00e0 prova d&#039;\u00e1gua e resistentes a produtos qu\u00edmicos, esta etiqueta pode sobreviver em ambientes agressivos, incluindo exposi\u00e7\u00e3o a detergentes, amaciantes e alvejantes.<\/span><\/p>\n<h3 class=\"AnswerParser_AnswerParserH3__Mpe4s\">2. Tecnologia RFID avan\u00e7ada<\/h3>\n<p><span class=\"AnswerParser_TextContainer__z_Iiv\" data-testid=\"youchat-text\">Operando no padr\u00e3o ISO\/IEC 18000-6 Tipo C (EPC Gen2), este\u00a0<strong>Etiqueta de lavanderia RFID<\/strong>\u00a0apresenta um alcance de leitura impressionante de 8 metros, facilitando o rastreamento de itens de lavanderia sem precisar de linha de vis\u00e3o direta. Os tipos de chip avan\u00e7ados, incluindo Impinj Monza 4QT e NXP U CODE 8\/9, permitem transmiss\u00e3o de dados eficiente e desempenho confi\u00e1vel, mesmo em condi\u00e7\u00f5es desafiadoras.<\/span><\/p>\n<h3 class=\"AnswerParser_AnswerParserH3__Mpe4s\">3. Op\u00e7\u00f5es de marca\u00e7\u00e3o vers\u00e1teis<\/h3>\n<p><span class=\"AnswerParser_TextContainer__z_Iiv\" data-testid=\"youchat-text\">O\u00a0<strong>etiqueta RFID de lavanderia personalizada<\/strong>\u00a0oferece solu\u00e7\u00f5es flex\u00edveis de etiquetagem, incluindo m\u00e9todos de costura e adesivos de hot stamping. Essa versatilidade permite f\u00e1cil integra\u00e7\u00e3o em v\u00e1rios itens t\u00eaxteis, garantindo que as etiquetas permane\u00e7am firmemente fixadas durante todo o seu ciclo de vida.<\/span><\/p>\n<h3 class=\"AnswerParser_AnswerParserH3__Mpe4s\">4. Resist\u00eancia qu\u00edmica e \u00e0 temperatura<\/h3>\n<p><span class=\"AnswerParser_TextContainer__z_Iiv\" data-testid=\"youchat-text\">Projetado para suportar altas temperaturas, o\u00a0<strong>Etiqueta RFID<\/strong>\u00a0podem suportar temperaturas de lavagem de at\u00e9 90\u00b0C por 15 minutos e esteriliza\u00e7\u00e3o a 135\u00b0C por 15-20 minutos. Com uma press\u00e3o de extra\u00e7\u00e3o de \u00e1gua de 60 bar, essas etiquetas s\u00e3o constru\u00eddas para lidar com ambientes de lavagem dif\u00edceis, tornando-as adequadas para aplica\u00e7\u00f5es de lavanderia industrial.<\/span><\/p>\n<h3 class=\"AnswerParser_AnswerParserH3__Mpe4s\">5. Gerenciamento de invent\u00e1rio aprimorado<\/h3>\n<p><span class=\"AnswerParser_TextContainer__z_Iiv\" data-testid=\"youchat-text\">Utilizando\u00a0<strong>Rastreamento de lavanderia RFID<\/strong>\u00a0a tecnologia permite que as empresas otimizem suas opera\u00e7\u00f5es de lavanderia. As etiquetas facilitam o gerenciamento eficiente de estoque, ajudando a prevenir perdas e garantindo que todos os itens sejam contabilizados. Esse n\u00edvel de rastreamento \u00e9 essencial para instala\u00e7\u00f5es de sa\u00fade, hot\u00e9is e outras organiza\u00e7\u00f5es com altos volumes de lavanderia.<\/span><\/p>\n<h3 class=\"AnswerParser_AnswerParserH3__Mpe4s\">6. Impacto Ambiental<\/h3>\n<p><span class=\"AnswerParser_TextContainer__z_Iiv\" data-testid=\"youchat-text\">O\u00a0<strong>etiqueta RFID de lavanderia personalizada<\/strong>\u00a0n\u00e3o \u00e9 apenas dur\u00e1vel, mas tamb\u00e9m ecologicamente correto. Ao reduzir a necessidade de rastreamento manual e minimizar perdas t\u00eaxteis, essas etiquetas contribuem para pr\u00e1ticas de lavanderia mais sustent\u00e1veis. A implementa\u00e7\u00e3o da tecnologia RFID pode levar \u00e0 redu\u00e7\u00e3o de res\u00edduos e melhores esfor\u00e7os de reciclagem.<\/span><\/div>\n<div><\/div>\n<div>\n<h2 class=\"AnswerParser_AnswerParserH2__SIHnF\">Instru\u00e7\u00f5es de uso<\/h2>\n<ol class=\"AnswerParser_AnswerParserOrderedList__kl_2Y\">\n<li class=\"AnswerParser_ListItem__XqLOV\" translate=\"yes\"><strong>Marca\u00e7\u00e3o<\/strong>: Escolha seu m\u00e9todo de marca\u00e7\u00e3o preferido (costura ou estampagem a quente) para fixar a etiqueta RFID com seguran\u00e7a em sua roupa ou linho.<\/li>\n<li class=\"AnswerParser_ListItem__XqLOV\" translate=\"yes\"><strong>Lavagem<\/strong>: Siga as instru\u00e7\u00f5es de lavagem, garantindo que a etiqueta seja exposta \u00e0s temperaturas e configura\u00e7\u00f5es qu\u00edmicas recomendadas.<\/li>\n<li class=\"AnswerParser_ListItem__XqLOV\" translate=\"yes\"><strong>Monitorando<\/strong>: Utilize um leitor RFID para rastrear e gerenciar seu invent\u00e1rio de lavanderia com efici\u00eancia, garantindo registros precisos e minimizando perdas.<\/li>\n<\/ol>\n<h2 class=\"AnswerParser_AnswerParserH2__SIHnF\">Avalia\u00e7\u00f5es de clientes<\/h2>\n<p><span class=\"AnswerParser_TextContainer__z_Iiv\" data-testid=\"youchat-text\">\u201cUsando o\u00a0<strong>etiqueta RFID de lavanderia personalizada<\/strong>\u00a0transformou nossas opera\u00e7\u00f5es de lavanderia. Conseguimos rastrear nossas roupas de cama perfeitamente e vimos uma redu\u00e7\u00e3o significativa nas perdas.\u201d \u2013 Sarah, gerente de hotel<\/span><span class=\"AnswerParser_TextContainer__z_Iiv\" data-testid=\"youchat-text\">\u201cEsta solu\u00e7\u00e3o RFID \u00e9 dur\u00e1vel e suporta nossos processos de lavanderia industrial sem problemas. Recomendo fortemente!\u201d \u2013 Mark, Diretor de Opera\u00e7\u00f5es<\/span><\/p>\n<h2 class=\"AnswerParser_AnswerParserH2__SIHnF\">Perguntas Frequentes (FAQs)<\/h2>\n<p><span class=\"AnswerParser_TextContainer__z_Iiv\" data-testid=\"youchat-text\"><strong>P: Quanto tempo dura a etiqueta RFID?<\/strong><br \/>\nA: O\u00a0<strong>etiqueta RFID de lavanderia personalizada<\/strong>\u00a0foi projetado para durar at\u00e9 200 ciclos de lavagem ou tr\u00eas anos, o que ocorrer primeiro.<\/span><\/div>\n<div><span class=\"AnswerParser_TextContainer__z_Iiv\" data-testid=\"youchat-text\"><strong>P: A etiqueta suporta altas temperaturas?<\/strong><br \/>\nR: Sim, a etiqueta foi projetada para suportar temperaturas de lavagem de at\u00e9 90\u00b0C e temperaturas de esteriliza\u00e7\u00e3o de 135\u00b0C.<\/span><\/div>\n<div><span class=\"AnswerParser_TextContainer__z_Iiv\" data-testid=\"youchat-text\"><strong>P: Como fa\u00e7o para fixar a etiqueta RFID nos meus tecidos?<\/strong><br \/>\nR: A etiqueta pode ser costurada no tecido ou fixada com adesivo de estampagem a quente, dependendo da sua prefer\u00eancia.<\/span><\/div>\n<div><span class=\"AnswerParser_TextContainer__z_Iiv\" data-testid=\"youchat-text\"><strong>P: A etiqueta RFID \u00e9 \u00e0 prova d&#039;\u00e1gua?<\/strong><br \/>\nR: Sim, a etiqueta \u00e9 \u00e0 prova d&#039;\u00e1gua e pode suportar exposi\u00e7\u00e3o a v\u00e1rios produtos qu\u00edmicos e condi\u00e7\u00f5es de lavagem.<\/span><\/p>\n<h3 class=\"AnswerParser_AnswerParserH3__Mpe4s\">Produtos relacionados<\/h3>\n<ul class=\"AnswerParser_AnswerParserUnorderedList__P_1FW\">\n<li class=\"AnswerParser_ListItem__XqLOV\" translate=\"yes\"><strong>Etiquetas de linho RFID<\/strong>: Ideal para rastrear roupas de cama em hot\u00e9is e instala\u00e7\u00f5es de sa\u00fade.<\/li>\n<li class=\"AnswerParser_ListItem__XqLOV\" translate=\"yes\"><strong>Etiquetas RFID lav\u00e1veis<\/strong>: Perfeito para roupas que exigem lavagem e rastreamento frequentes.<\/li>\n<li class=\"AnswerParser_ListItem__XqLOV\" translate=\"yes\"><strong>Solu\u00e7\u00f5es de Lavanderia Industrial<\/strong>: Solu\u00e7\u00f5es RFID personalizadas para opera\u00e7\u00f5es de lavanderia de alto volume.<\/li>\n<\/ul>\n<\/div>\n<div data-spm-anchor-id=\"a2700.details.0.i57.23b419c7xXORP0\">\n<div class=\"auto-hide-last-sibling-br paragraph_1252f paragraph-element\"><\/div>\n<\/div>\n<div class=\"auto-hide-last-sibling-br paragraph_1252f paragraph-element\"><\/div>","protected":false},"excerpt":{"rendered":"<p>Etiquete suas roupas com seguran\u00e7a com etiquetas dur\u00e1veis <strong>Etiquetas RFID para lavanderia<\/strong>, projetado para altas temperaturas, \u00e0 prova d&#039;\u00e1gua e ideal para rastreamento eficiente de lavanderia.<\/p>","protected":false},"featured_media":2715,"template":"","meta":{"_kad_post_transparent":"default","_kad_post_title":"","_kad_post_layout":"default","_kad_post_sidebar_id":"","_kad_post_content_style":"default","_kad_post_vertical_padding":"default","_kad_post_feature":"","_kad_post_feature_position":"","_kad_post_header":false,"_kad_post_footer":false,"_kad_post_classname":""},"product_brand":[],"product_cat":[19],"product_tag":[315,297,31,30],"class_list":{"0":"post-2714","1":"product","2":"type-product","3":"status-publish","4":"has-post-thumbnail","6":"product_cat-textile-rfid-laundry-tag","7":"product_tag-custom-laundry-rfid-tag","8":"product_tag-rfid-chips-for-uniform","9":"product_tag-rfid-tag-for-linen-laundry","10":"product_tag-uhf-rfid-laundry-tag","12":"first","13":"instock","14":"featured","15":"shipping-taxable","16":"product-type-simple","17":"entry","18":"content-bg","19":"loop-entry"},"_links":{"self":[{"href":"https:\/\/rfid-laundry-tag.com\/pt\/wp-json\/wp\/v2\/product\/2714","targetHints":{"allow":["GET"]}}],"collection":[{"href":"https:\/\/rfid-laundry-tag.com\/pt\/wp-json\/wp\/v2\/product"}],"about":[{"href":"https:\/\/rfid-laundry-tag.com\/pt\/wp-json\/wp\/v2\/types\/product"}],"version-history":[{"count":1,"href":"https:\/\/rfid-laundry-tag.com\/pt\/wp-json\/wp\/v2\/product\/2714\/revisions"}],"predecessor-version":[{"id":2716,"href":"https:\/\/rfid-laundry-tag.com\/pt\/wp-json\/wp\/v2\/product\/2714\/revisions\/2716"}],"wp:featuredmedia":[{"embeddable":true,"href":"https:\/\/rfid-laundry-tag.com\/pt\/wp-json\/wp\/v2\/media\/2715"}],"wp:attachment":[{"href":"https:\/\/rfid-laundry-tag.com\/pt\/wp-json\/wp\/v2\/media?parent=2714"}],"wp:term":[{"taxonomy":"product_brand","embeddable":true,"href":"https:\/\/rfid-laundry-tag.com\/pt\/wp-json\/wp\/v2\/product_brand?post=2714"},{"taxonomy":"product_cat","embeddable":true,"href":"https:\/\/rfid-laundry-tag.com\/pt\/wp-json\/wp\/v2\/product_cat?post=2714"},{"taxonomy":"product_tag","embeddable":true,"href":"https:\/\/rfid-laundry-tag.com\/pt\/wp-json\/wp\/v2\/product_tag?post=2714"}],"curies":[{"name":"wp","href":"https:\/\/api.w.org\/{rel}","templated":true}]}}