{"id":268,"date":"2024-06-21T15:32:44","date_gmt":"2024-06-21T15:32:44","guid":{"rendered":"https:\/\/rfid-laundry-tag.com\/?post_type=product&#038;p=268"},"modified":"2024-06-28T10:04:38","modified_gmt":"2024-06-28T10:04:38","slug":"uhf-rfid-label-alien-h9","status":"publish","type":"product","link":"https:\/\/rfid-laundry-tag.com\/pt\/uhf-rfid-label-alien-h9\/","title":{"rendered":"Etiqueta UHF RFID Alien H9"},"content":{"rendered":"<h2>Etiqueta UHF RFID Alien H9<\/h2>\n<p><span style=\"font-family: inherit; font-size: 24px; font-weight: bold;\">Etiqueta UHF RFID para rastreamento de estoque<\/span><\/p>\n<div class=\"J_module\">\n<div class=\"ife-detail-decorate-table\">\n<table class=\"all magic-10\">\n<tbody>\n<tr>\n<td colspan=\"1\" rowspan=\"1\">\n<div class=\"magic-11\">Lasca<\/div>\n<\/td>\n<td colspan=\"1\" rowspan=\"1\">\n<div class=\"magic-12\">Alien\u00edgena H9<\/div>\n<\/td>\n<\/tr>\n<tr>\n<td colspan=\"1\" rowspan=\"1\">\n<div class=\"magic-11\">Frequ\u00eancia<\/div>\n<\/td>\n<td colspan=\"1\" rowspan=\"1\">\n<div class=\"magic-12\">860 \uff5e 960 MHz<\/div>\n<\/td>\n<\/tr>\n<tr>\n<td colspan=\"1\" rowspan=\"1\">\n<div class=\"magic-11\">Material<\/div>\n<\/td>\n<td colspan=\"1\" rowspan=\"1\">\n<div class=\"magic-12\">Papel revestido\/PET\/Papel sint\u00e9tico\/Papel t\u00e9rmico\/personaliza\u00e7\u00e3o<\/div>\n<\/td>\n<\/tr>\n<tr>\n<td colspan=\"1\" rowspan=\"1\">\n<div class=\"magic-11\">Modo de trabalho<\/div>\n<\/td>\n<td colspan=\"1\" rowspan=\"1\">\n<div class=\"magic-12\">Passiva<\/div>\n<\/td>\n<\/tr>\n<tr>\n<td colspan=\"1\" rowspan=\"1\">\n<div class=\"magic-11\">Vida IC<\/div>\n<\/td>\n<td colspan=\"1\" rowspan=\"1\">\n<div class=\"magic-12\">100.000 ciclos de programa\u00e7\u00e3o, 10 anos de reten\u00e7\u00e3o de dados<\/div>\n<\/td>\n<\/tr>\n<tr>\n<td colspan=\"1\" rowspan=\"1\">\n<div class=\"magic-11\">Temperatura\/humidade de opera\u00e7\u00e3o<\/div>\n<\/td>\n<td colspan=\"1\" rowspan=\"1\">\n<div class=\"magic-12\">-25~50\u2103\/20%~80% UR<\/div>\n<\/td>\n<\/tr>\n<tr>\n<td colspan=\"1\" rowspan=\"1\">\n<div class=\"magic-11\">Temperatura\/humidade de armazenamento<\/div>\n<\/td>\n<td colspan=\"1\" rowspan=\"1\">\n<div class=\"magic-12\">+23\u00b0C\u00b15\u00b0C\/ 50%\u00b110% UR (sem condensa\u00e7\u00e3o).<\/div>\n<\/td>\n<\/tr>\n<tr>\n<td colspan=\"1\" rowspan=\"1\">\n<div class=\"magic-11\">Antena<\/div>\n<\/td>\n<td colspan=\"1\" rowspan=\"1\">\n<div class=\"magic-12\">Grava\u00e7\u00e3o de alum\u00ednio, 94,8*8,1 mm<\/div>\n<\/td>\n<\/tr>\n<tr>\n<td colspan=\"1\" rowspan=\"1\">\n<div class=\"magic-11\">Tamanho do r\u00f3tulo\/embutimento \u00famido<\/div>\n<\/td>\n<td colspan=\"1\" rowspan=\"1\">\n<div class=\"magic-12\">98*15mm ou personaliza\u00e7\u00e3o<\/div>\n<\/td>\n<\/tr>\n<tr>\n<td colspan=\"1\" rowspan=\"1\">\n<div class=\"magic-11\">Impress\u00e3o<\/div>\n<\/td>\n<td colspan=\"1\" rowspan=\"1\">\n<div class=\"magic-12\">Impress\u00e3o colorida, logotipo, c\u00f3digo de barras, c\u00f3digo QR, etc.<\/div>\n<\/td>\n<\/tr>\n<tr>\n<td colspan=\"1\" rowspan=\"1\">\n<div class=\"magic-11\">Amostra<\/div>\n<\/td>\n<td colspan=\"1\" rowspan=\"1\">\n<div class=\"magic-12\">A amostra \u00e9 gratuita para seu teste de qualidade<\/div>\n<\/td>\n<\/tr>\n<tr>\n<td colspan=\"1\" rowspan=\"1\">\n<div class=\"magic-11\">Protocolo<\/div>\n<\/td>\n<td colspan=\"1\" rowspan=\"1\">\n<div class=\"magic-12\">ISO\/IEC 18000-6C EPC Classe 1 Gen2<\/div>\n<\/td>\n<\/tr>\n<tr>\n<td colspan=\"1\" rowspan=\"1\">\n<div class=\"magic-11\">Embalagem<\/div>\n<\/td>\n<td colspan=\"1\" rowspan=\"1\">\n<div class=\"magic-12\">1000-5000 pe\u00e7as\/rolo, 4 rolos\/caixa<\/div>\n<\/td>\n<\/tr>\n<tr>\n<td colspan=\"1\" rowspan=\"1\">\n<div class=\"magic-11\">Lugar de origem<\/div>\n<\/td>\n<td colspan=\"1\" rowspan=\"1\">\n<div class=\"magic-12\">Chengdu, China<\/div>\n<\/td>\n<\/tr>\n<tr>\n<td colspan=\"1\" rowspan=\"4\">\n<div class=\"magic-11\">Aplica\u00e7\u00e3o\/Solu\u00e7\u00e3o<\/div>\n<\/td>\n<td colspan=\"1\" rowspan=\"1\">\n<div class=\"magic-12\">Controle de admiss\u00e3o seguro\/Pagamento sem dinheiro Programas de associa\u00e7\u00e3o e fidelidade<\/div>\n<\/td>\n<\/tr>\n<tr>\n<td colspan=\"1\" rowspan=\"1\">\n<div class=\"magic-12\" data-spm-anchor-id=\"a2700.details.0.i80.59c943e8HVzkHD\">Acesso a eventos e branding\/m\u00eddias sociais\/varejo<\/div>\n<\/td>\n<\/tr>\n<tr>\n<td colspan=\"1\" rowspan=\"1\">\n<div class=\"magic-12\">Ambiente\/Jogos e Brinquedos Localiza\u00e7\u00e3o\/Eletr\u00f4nicos\/Feiras de Neg\u00f3cios<\/div>\n<\/td>\n<\/tr>\n<tr>\n<td colspan=\"1\" rowspan=\"1\">\n<div class=\"magic-12\">Eventos\/Solicita\u00e7\u00e3o de chamada\/Cart\u00f5es de visita<\/div>\n<\/td>\n<\/tr>\n<\/tbody>\n<\/table>\n<p>&nbsp;<\/p>\n<\/div>\n<\/div>\n<div class=\"J_module\">\n<div><\/div>\n<div class=\"auto-hide-last-sibling-br paragraph_9dc5f paragraph-element\">As etiquetas UHF RFID (Etiquetas de Identifica\u00e7\u00e3o por Radiofrequ\u00eancia de Ultra Alta Frequ\u00eancia) s\u00e3o de fato ferramentas vers\u00e1teis com vastas aplica\u00e7\u00f5es em v\u00e1rios setores.<\/div>\n<div class=\"auto-hide-last-sibling-br paragraph_9dc5f paragraph-element\">Identifica\u00e7\u00e3o: Essas etiquetas podem armazenar facilmente dados pessoais, o que \u00e9 \u00fatil em cen\u00e1rios de verifica\u00e7\u00e3o de identidade, tornando-as uma escolha confi\u00e1vel para diversas institui\u00e7\u00f5es que exigem m\u00e9todos de identifica\u00e7\u00e3o seguros e eficientes.<\/div>\n<div><\/div>\n<div class=\"auto-hide-last-sibling-br paragraph_9dc5f paragraph-element\">Transporte p\u00fablico e emiss\u00e3o de ingressos para eventos: as etiquetas RFID UHF s\u00e3o comumente usadas em sistemas automatizados de emiss\u00e3o de ingressos, como fichas de metr\u00f4 ou \u00f4nibus, bem como na emiss\u00e3o de ingressos para eventos, onde permitem uma entrada r\u00e1pida e eficiente.<\/div>\n<div><\/div>\n<div class=\"auto-hide-last-sibling-br paragraph_9dc5f paragraph-element\">Cobran\u00e7a eletr\u00f4nica de ped\u00e1gio: o uso de etiquetas UHF RFID aqui permite pagamentos r\u00e1pidos de ped\u00e1gio sem a necessidade de parar os ve\u00edculos, reduzindo significativamente o tr\u00e1fego e aumentando a conveni\u00eancia do usu\u00e1rio.<\/div>\n<div><\/div>\n<div class=\"auto-hide-last-sibling-br paragraph_9dc5f paragraph-element\">Gerenciamento de ativos: as etiquetas podem ser anexadas aos ativos, permitindo rastreamento, localiza\u00e7\u00e3o e atualiza\u00e7\u00e3o de informa\u00e7\u00f5es em tempo real, melhorando o gerenciamento de estoque e reduzindo perdas ou roubos.<\/div>\n<div><\/div>\n<div class=\"auto-hide-last-sibling-br paragraph_9dc5f paragraph-element\">Bibliotecas e Alugu\u00e9is: Eles s\u00e3o usados para rastrear livros ou outros itens que entram e saem de uma biblioteca, tornando o processo de empr\u00e9stimo e devolu\u00e7\u00e3o mais eficiente. Eles tamb\u00e9m podem ser aplicados em servi\u00e7os de aluguel para melhor gerenciamento de itens alugados.<\/div>\n<div><\/div>\n<div class=\"auto-hide-last-sibling-br paragraph_9dc5f paragraph-element\">Sistema de fidelidade: as etiquetas RFID UHF podem ser usadas em cart\u00f5es de fidelidade ou recompensa para empresas, aumentando a reten\u00e7\u00e3o de clientes e proporcionando uma \u00f3tima experi\u00eancia ao usu\u00e1rio.<\/div>\n<div><\/div>\n<div class=\"auto-hide-last-sibling-br paragraph_9dc5f paragraph-element\">Gerenciamento de controle de acesso: em locais que exigem acesso seguro, como escrit\u00f3rios, \u00e1reas residenciais ou certas \u00e1reas p\u00fablicas, essas etiquetas podem ser usadas para controle de acesso eficiente, adicionando uma camada extra de seguran\u00e7a.<\/div>\n<div><\/div>\n<div class=\"auto-hide-last-sibling-br paragraph_9dc5f paragraph-element\">Al\u00e9m disso, nossos servi\u00e7os personalizados de programa\u00e7\u00e3o e codifica\u00e7\u00e3o podem atender \u00e0s necessidades espec\u00edficas do cliente, tornando as etiquetas RFID UHF uma solu\u00e7\u00e3o altamente econ\u00f4mica e conveniente para muitas empresas e servi\u00e7os.<\/div>\n<div><\/div>\n<\/div>\n<div><\/div>\n<div><strong>Por que nos escolher?<\/strong><\/div>\n<div><\/div>\n<div>Somos o principal fornecedor de tecnologia RFID com mais de 11 anos de experi\u00eancia, trazendo efici\u00eancia avan\u00e7ada, confiabilidade e precis\u00e3o para as cadeias de suprimentos globais dos clientes com produtos, solu\u00e7\u00f5es e tecnologias l\u00edderes do setor. Como um fabricante em n\u00edvel global, oferecemos aos clientes uma plataforma de tecnologias fundamentais, incluindo controle de acesso, marca\u00e7\u00e3o de animais, comunica\u00e7\u00e3o de campo pr\u00f3ximo (NFC), v\u00e1rios leitores e solu\u00e7\u00f5es RFID. Nossas solu\u00e7\u00f5es apresentam estruturas de aplicativos altamente configur\u00e1veis e interfaces de usu\u00e1rio elegantes com an\u00e1lises avan\u00e7adas, permitindo intelig\u00eancia de neg\u00f3cios de ponta a ponta e visibilidade de dados em v\u00e1rios setores.<\/div>","protected":false},"excerpt":{"rendered":"<p>A etiqueta UHF RFID pode ser amplamente aplicada em identifica\u00e7\u00e3o, transporte p\u00fablico, cobran\u00e7a eletr\u00f4nica de ped\u00e1gio para eventos, gerenciamento de ativos, bibliotecas e aluguel, sistema de fidelidade e gerenciamento de controle de acesso, etc. Oferecemos servi\u00e7os de programa\u00e7\u00e3o e codifica\u00e7\u00e3o que atendem exatamente aos requisitos de programa\u00e7\u00e3o ou codifica\u00e7\u00e3o do cliente.<\/p>","protected":false},"featured_media":270,"template":"","meta":{"_kad_post_transparent":"default","_kad_post_title":"","_kad_post_layout":"default","_kad_post_sidebar_id":"","_kad_post_content_style":"default","_kad_post_vertical_padding":"default","_kad_post_feature":"","_kad_post_feature_position":"","_kad_post_header":false,"_kad_post_footer":false,"_kad_post_classname":""},"product_brand":[],"product_cat":[54],"product_tag":[102,100,98],"class_list":{"0":"post-268","1":"product","2":"type-product","3":"status-publish","4":"has-post-thumbnail","6":"product_cat-hot-selling-rfid-tags","7":"product_tag-paper-uhf-rfid-sticker","8":"product_tag-rfid-label","9":"product_tag-uhf-rfid-label","11":"first","12":"instock","13":"shipping-taxable","14":"product-type-simple","15":"entry","16":"content-bg","17":"loop-entry"},"_links":{"self":[{"href":"https:\/\/rfid-laundry-tag.com\/pt\/wp-json\/wp\/v2\/product\/268","targetHints":{"allow":["GET"]}}],"collection":[{"href":"https:\/\/rfid-laundry-tag.com\/pt\/wp-json\/wp\/v2\/product"}],"about":[{"href":"https:\/\/rfid-laundry-tag.com\/pt\/wp-json\/wp\/v2\/types\/product"}],"version-history":[{"count":0,"href":"https:\/\/rfid-laundry-tag.com\/pt\/wp-json\/wp\/v2\/product\/268\/revisions"}],"wp:featuredmedia":[{"embeddable":true,"href":"https:\/\/rfid-laundry-tag.com\/pt\/wp-json\/wp\/v2\/media\/270"}],"wp:attachment":[{"href":"https:\/\/rfid-laundry-tag.com\/pt\/wp-json\/wp\/v2\/media?parent=268"}],"wp:term":[{"taxonomy":"product_brand","embeddable":true,"href":"https:\/\/rfid-laundry-tag.com\/pt\/wp-json\/wp\/v2\/product_brand?post=268"},{"taxonomy":"product_cat","embeddable":true,"href":"https:\/\/rfid-laundry-tag.com\/pt\/wp-json\/wp\/v2\/product_cat?post=268"},{"taxonomy":"product_tag","embeddable":true,"href":"https:\/\/rfid-laundry-tag.com\/pt\/wp-json\/wp\/v2\/product_tag?post=268"}],"curies":[{"name":"wp","href":"https:\/\/api.w.org\/{rel}","templated":true}]}}