{"id":2641,"date":"2024-09-22T15:06:11","date_gmt":"2024-09-22T15:06:11","guid":{"rendered":"https:\/\/rfid-laundry-tag.com\/?post_type=product&#038;p=2641"},"modified":"2024-09-22T15:36:05","modified_gmt":"2024-09-22T15:36:05","slug":"on-heavy-duty-nfc-tag-for-patrol","status":"publish","type":"product","link":"https:\/\/rfid-laundry-tag.com\/pt\/on-heavy-duty-nfc-tag-for-patrol\/","title":{"rendered":"Etiqueta NFC para servi\u00e7o pesado para patrulha"},"content":{"rendered":"<p>O gerenciamento eficiente de patrulhas \u00e9 crucial para a seguran\u00e7a e opera\u00e7\u00f5es eficazes em v\u00e1rios setores, como edif\u00edcios, f\u00e1bricas e armaz\u00e9ns.\u00a0<strong>Etiqueta NFC para servi\u00e7o pesado para patrulha<\/strong>\u00a0foi projetado para elevar os processos de monitoramento do pessoal de patrulha, garantindo registros abrangentes e responsabilidade inigual\u00e1vel. Esta tecnologia inovadora n\u00e3o apenas simplifica o rastreamento de patrulhas, mas tamb\u00e9m cria um ambiente prop\u00edcio \u00e0 seguran\u00e7a e \u00e0 efici\u00eancia operacional.<\/p>\n<h2>\u00a0Introdu\u00e7\u00e3o \u00e0s etiquetas NFC para servi\u00e7os pesados<\/h2>\n<p>Num ambiente que exige constantemente responsabiliza\u00e7\u00e3o e precis\u00e3o, a\u00a0<strong>Em etiquetas NFC para servi\u00e7os pesados<\/strong>\u00a0fornecem uma solu\u00e7\u00e3o confi\u00e1vel para gerenciamento de patrulha. Essas tags permitem que gerentes e l\u00edderes fiquem de olho nas atividades de patrulha, garantindo que cada etapa seja monitorada e registrada com precis\u00e3o. Ao utilizar\u00a0<strong>NFC met\u00e1lico<\/strong>\u00a0tecnologia, essas etiquetas s\u00e3o projetadas para aderir a superf\u00edcies nos ambientes mais exigentes.<\/p>\n<p>O\u00a0<strong>Etiqueta NFC<\/strong>\u00a0atende a v\u00e1rios setores, ajudando a preencher a lacuna entre sistemas de rastreamento manual e processos de monitoramento automatizados e eficientes. Ao integrar essa tecnologia avan\u00e7ada em suas opera\u00e7\u00f5es de seguran\u00e7a, voc\u00ea pode esperar um n\u00edvel incompar\u00e1vel de servi\u00e7o e efici\u00eancia.<\/p>\n<h2>Principais caracter\u00edsticas das etiquetas NFC<\/h2>\n<p><strong>Em etiquetas NFC para servi\u00e7os pesados<\/strong>\u00a0consistem em v\u00e1rias caracter\u00edsticas principais que os destacam no mercado:<\/p>\n<ul>\n<li><strong>Constru\u00e7\u00e3o dur\u00e1vel:<\/strong>\u00a0Projetadas para uso pesado, essas etiquetas podem suportar condi\u00e7\u00f5es severas e s\u00e3o projetadas para serem fixadas em qualquer superf\u00edcie de metal. Seu design robusto \u00e9 resistente ao desgaste, garantindo desempenho duradouro.<\/li>\n<li><strong>Tecnologia NTAG avan\u00e7ada:<\/strong>\u00a0A incorpora\u00e7\u00e3o do\u00a0<strong>ntag213<\/strong>\u00a0chip garante taxas de transfer\u00eancia de dados r\u00e1pidas e opera\u00e7\u00e3o eficiente. Com uma capacidade de mem\u00f3ria de 180 bytes, a tag \u00e9 capaz de armazenar dados necess\u00e1rios para rastreamento eficiente.<\/li>\n<li><strong>Compatibilidade com superf\u00edcies met\u00e1licas:<\/strong>\u00a0O\u00a0<strong>anti-metal<\/strong>\u00a0O recurso permite que essas etiquetas funcionem efetivamente quando colocadas em qualquer superf\u00edcie met\u00e1lica, garantindo confiabilidade em v\u00e1rios ambientes operacionais.<\/li>\n<\/ul>\n<h2>Vantagens do uso de etiquetas NFC em opera\u00e7\u00f5es de patrulha<\/h2>\n<p>Implementando\u00a0<strong>NFC<\/strong>\u00a0a tecnologia dentro das opera\u00e7\u00f5es de patrulha traz in\u00fameras vantagens:<\/p>\n<ul>\n<li><strong>Rastreamento em tempo real:<\/strong>\u00a0Os gerentes podem observar as rotas e os hor\u00e1rios das patrulhas em tempo real, o que ajuda significativamente a aprimorar os protocolos de seguran\u00e7a e garantir que cada patrulha seja conclu\u00edda conforme o planejado.<\/li>\n<li><strong>Manuten\u00e7\u00e3o de registros eficiente:<\/strong>\u00a0O\u00a0<strong>Etiqueta NFC<\/strong>\u00a0permite o registro f\u00e1cil das atividades de patrulha, ajudando a minimizar erros humanos e agilizar tarefas administrativas associadas a relat\u00f3rios.<\/li>\n<\/ul>\n<p>Investindo em\u00a0<strong>NFC em metal<\/strong>\u00a0tags se traduzem em melhor gerenciamento de recursos e medidas de resposta de seguran\u00e7a aprimoradas.<\/p>\n<h2>Como instalar etiquetas NFC<\/h2>\n<p>Instalando o\u00a0<strong>Em etiquetas NFC para servi\u00e7os pesados<\/strong>\u00a0\u00e9 simples. Veja como:<\/p>\n<ol>\n<li><strong>Prepara\u00e7\u00e3o da superf\u00edcie:<\/strong>\u00a0Certifique-se de que a superf\u00edcie met\u00e1lica escolhida esteja limpa e livre de poeira ou umidade para obter uma forte fixa\u00e7\u00e3o adesiva.<\/li>\n<li><strong>Posicionando a Tag:<\/strong>\u00a0Determine o local ideal para a tag. Use um\u00a0<strong>furo de parafuso<\/strong>\u00a0se necess\u00e1rio, para uma solu\u00e7\u00e3o mais permanente, ou utilize o suporte adesivo para facilitar a aplica\u00e7\u00e3o.<\/li>\n<li><strong>Testando a Tag:<\/strong>\u00a0Ap\u00f3s a aplica\u00e7\u00e3o, certifique-se de verificar o alcance de leitura e a funcionalidade para garantir a opera\u00e7\u00e3o correta.<\/li>\n<\/ol>\n<p>A instala\u00e7\u00e3o adequada garantir\u00e1 a longevidade e melhorar\u00e1 a efici\u00eancia do seu sistema de gerenciamento de patrulha.<\/p>\n<p><img fetchpriority=\"high\" decoding=\"async\" class=\"alignnone wp-image-2646\" src=\"https:\/\/rfid-laundry-tag.com\/wp-content\/uploads\/2024\/09\/7_H17fee47b9eae43d5a80c5a2bc6771f13t-300x300.jpg\" alt=\"NFC TAGS\" width=\"489\" height=\"489\" srcset=\"https:\/\/rfid-laundry-tag.com\/wp-content\/uploads\/2024\/09\/7_H17fee47b9eae43d5a80c5a2bc6771f13t-300x300.jpg 300w, https:\/\/rfid-laundry-tag.com\/wp-content\/uploads\/2024\/09\/7_H17fee47b9eae43d5a80c5a2bc6771f13t-150x150.jpg 150w, https:\/\/rfid-laundry-tag.com\/wp-content\/uploads\/2024\/09\/7_H17fee47b9eae43d5a80c5a2bc6771f13t-768x768.jpg 768w, https:\/\/rfid-laundry-tag.com\/wp-content\/uploads\/2024\/09\/7_H17fee47b9eae43d5a80c5a2bc6771f13t-12x12.jpg 12w, https:\/\/rfid-laundry-tag.com\/wp-content\/uploads\/2024\/09\/7_H17fee47b9eae43d5a80c5a2bc6771f13t-600x600.jpg 600w, https:\/\/rfid-laundry-tag.com\/wp-content\/uploads\/2024\/09\/7_H17fee47b9eae43d5a80c5a2bc6771f13t-100x100.jpg 100w, https:\/\/rfid-laundry-tag.com\/wp-content\/uploads\/2024\/09\/7_H17fee47b9eae43d5a80c5a2bc6771f13t.jpg 1000w\" sizes=\"(max-width: 489px) 100vw, 489px\" \/><\/p>\n<h2>Especifica\u00e7\u00f5es t\u00e9cnicas das etiquetas NFC para servi\u00e7os pesados<\/h2>\n<p>Abaixo est\u00e3o as especifica\u00e7\u00f5es t\u00e9cnicas importantes para o\u00a0<strong>Em etiquetas NFC para servi\u00e7os pesados<\/strong>:<\/p>\n<div>\n<div class=\"overflow-x-auto custom-scrollbar custom-scrollbar-wide mb-2\">\n<table class=\"w-fit !mb-2 !max-w-none\">\n<thead>\n<tr>\n<th style=\"text-align: left;\">Recurso<\/th>\n<th style=\"text-align: left;\">Especifica\u00e7\u00e3o<\/th>\n<\/tr>\n<\/thead>\n<tbody>\n<tr>\n<td>Tamanho<\/td>\n<td>25 mm, 30 mm<\/td>\n<\/tr>\n<tr>\n<td>Lasca<\/td>\n<td>NTAG213<\/td>\n<\/tr>\n<tr>\n<td>Frequ\u00eancia<\/td>\n<td>13,56 MHz<\/td>\n<\/tr>\n<tr>\n<td>Protocolo<\/td>\n<td>Norma ISO\/IEC 14443A<\/td>\n<\/tr>\n<tr>\n<td>Mem\u00f3ria<\/td>\n<td>180 bytes<\/td>\n<\/tr>\n<tr>\n<td>Temperatura de opera\u00e7\u00e3o<\/td>\n<td>-20 a 65 graus C<\/td>\n<\/tr>\n<tr>\n<td>Tempo de espera<\/td>\n<td>7 dias \u00fateis<\/td>\n<\/tr>\n<tr>\n<td>Reten\u00e7\u00e3o de dados<\/td>\n<td>\u226510 anos<\/td>\n<\/tr>\n<tr>\n<td>Faixa de leitura<\/td>\n<td>0-10 cm<\/td>\n<\/tr>\n<\/tbody>\n<\/table>\n<\/div>\n<\/div>\n<p>Entender essas especifica\u00e7\u00f5es ajuda os usu\u00e1rios a determinar a melhor etiqueta para suas necessidades espec\u00edficas.<\/p>\n<h2>Impacto ambiental das etiquetas NFC<\/h2>\n<p>O impacto ambiental da utiliza\u00e7\u00e3o\u00a0<strong>Tecnologia NFC<\/strong>\u00a0\u00e9 uma preocupa\u00e7\u00e3o crescente. Felizmente, essas tags s\u00e3o projetadas com pr\u00e1ticas sustent\u00e1veis em mente:<\/p>\n<ul>\n<li><strong>Materiais utilizados:<\/strong>\u00a0Os materiais utilizados na fabrica\u00e7\u00e3o\u00a0<strong>NFC met\u00e1lico<\/strong>\u00a0As etiquetas s\u00e3o escolhidas por sua longevidade e reciclabilidade.<\/li>\n<li><strong>Redu\u00e7\u00e3o de res\u00edduos:<\/strong>\u00a0Ao eliminar a necessidade de registros em papel e manuten\u00e7\u00e3o de registros manuais, as organiza\u00e7\u00f5es podem reduzir significativamente sua pegada de desperd\u00edcio de papel.<\/li>\n<\/ul>\n<p>Abra\u00e7ando\u00a0<strong>Etiquetas NFC<\/strong>\u00a0n\u00e3o apenas melhora a seguran\u00e7a, mas tamb\u00e9m se alinha com pr\u00e1ticas operacionais ecologicamente corretas.<\/p>\n<h3>Experi\u00eancias e avalia\u00e7\u00f5es de clientes<\/h3>\n<p>Aplica\u00e7\u00f5es do mundo real do\u00a0<strong>Etiqueta NFC<\/strong>\u00a0pode influenciar decis\u00f5es de compra. Aqui, nos aprofundamos em depoimentos e experi\u00eancias de clientes.<\/p>\n<h2>Perguntas frequentes sobre etiquetas NFC para servi\u00e7os pesados<\/h2>\n<p><strong>P: Essas etiquetas NFC podem ser usadas em condi\u00e7\u00f5es muito quentes ou frias?<\/strong><br \/>\nR: Sim, a faixa de temperatura operacional de -20 a 65 graus C os torna adequados para v\u00e1rios ambientes.<\/p>\n<p><strong>P: Quanto tempo os dados permanecem na etiqueta?<\/strong><br \/>\nR: O per\u00edodo de reten\u00e7\u00e3o de dados \u00e9 de no m\u00ednimo 10 anos, garantindo confiabilidade a longo prazo.<\/p>\n<p>Caso tenha mais d\u00favidas, sinta-se \u00e0 vontade para entrar em contato para esclarecimentos.<\/p>\n<p>Em conclus\u00e3o, o\u00a0<strong>Em etiquetas NFC de alta resist\u00eancia para patrulha<\/strong>\u00a0s\u00e3o uma ferramenta indispens\u00e1vel para organiza\u00e7\u00f5es modernas que buscam aprimorar suas pr\u00e1ticas de seguran\u00e7a e gerenciamento. Com sua tecnologia avan\u00e7ada, durabilidade e adaptabilidade, essas tags oferecem melhorias operacionais significativas.<\/p>","protected":false},"excerpt":{"rendered":"<p>Aumente a efici\u00eancia da patrulha com nossa On Heavy Duty NFC Tag, projetada para superf\u00edcies de metal. Dur\u00e1vel, confi\u00e1vel e perfeita para gerenciamento de seguran\u00e7a simplificado.<\/p>","protected":false},"featured_media":2642,"template":"","meta":{"_kad_post_transparent":"default","_kad_post_title":"","_kad_post_layout":"default","_kad_post_sidebar_id":"","_kad_post_content_style":"default","_kad_post_vertical_padding":"default","_kad_post_feature":"","_kad_post_feature_position":"","_kad_post_header":false,"_kad_post_footer":false,"_kad_post_classname":""},"product_brand":[],"product_cat":[54],"product_tag":[305,216,290],"class_list":{"0":"post-2641","1":"product","2":"type-product","3":"status-publish","4":"has-post-thumbnail","6":"product_cat-hot-selling-rfid-tags","7":"product_tag-heavy-duty-nfc-tags","8":"product_tag-nfc-patrol-tag","9":"product_tag-nfc-tag","11":"first","12":"instock","13":"shipping-taxable","14":"product-type-simple","15":"entry","16":"content-bg","17":"loop-entry"},"_links":{"self":[{"href":"https:\/\/rfid-laundry-tag.com\/pt\/wp-json\/wp\/v2\/product\/2641","targetHints":{"allow":["GET"]}}],"collection":[{"href":"https:\/\/rfid-laundry-tag.com\/pt\/wp-json\/wp\/v2\/product"}],"about":[{"href":"https:\/\/rfid-laundry-tag.com\/pt\/wp-json\/wp\/v2\/types\/product"}],"version-history":[{"count":1,"href":"https:\/\/rfid-laundry-tag.com\/pt\/wp-json\/wp\/v2\/product\/2641\/revisions"}],"predecessor-version":[{"id":2647,"href":"https:\/\/rfid-laundry-tag.com\/pt\/wp-json\/wp\/v2\/product\/2641\/revisions\/2647"}],"wp:featuredmedia":[{"embeddable":true,"href":"https:\/\/rfid-laundry-tag.com\/pt\/wp-json\/wp\/v2\/media\/2642"}],"wp:attachment":[{"href":"https:\/\/rfid-laundry-tag.com\/pt\/wp-json\/wp\/v2\/media?parent=2641"}],"wp:term":[{"taxonomy":"product_brand","embeddable":true,"href":"https:\/\/rfid-laundry-tag.com\/pt\/wp-json\/wp\/v2\/product_brand?post=2641"},{"taxonomy":"product_cat","embeddable":true,"href":"https:\/\/rfid-laundry-tag.com\/pt\/wp-json\/wp\/v2\/product_cat?post=2641"},{"taxonomy":"product_tag","embeddable":true,"href":"https:\/\/rfid-laundry-tag.com\/pt\/wp-json\/wp\/v2\/product_tag?post=2641"}],"curies":[{"name":"wp","href":"https:\/\/api.w.org\/{rel}","templated":true}]}}