{"id":2638,"date":"2024-09-22T14:53:50","date_gmt":"2024-09-22T14:53:50","guid":{"rendered":"https:\/\/rfid-laundry-tag.com\/?post_type=product&#038;p=2638"},"modified":"2024-09-22T14:53:51","modified_gmt":"2024-09-22T14:53:51","slug":"on-metal-nfc-screw-tag-for-checkpoint-security","status":"publish","type":"product","link":"https:\/\/rfid-laundry-tag.com\/pt\/on-metal-nfc-screw-tag-for-checkpoint-security\/","title":{"rendered":"Etiqueta de parafuso NFC em metal para seguran\u00e7a de ponto de verifica\u00e7\u00e3o"},"content":{"rendered":"<p><strong>Etiqueta de parafuso NFC em metal para seguran\u00e7a de ponto de verifica\u00e7\u00e3o:<\/strong>\u00a0Garanta uma seguran\u00e7a robusta no ponto de verifica\u00e7\u00e3o com nossa dur\u00e1vel On-Metal NFC Screw Tag. Constru\u00edda com NTAG213 para transfer\u00eancia confi\u00e1vel de dados em superf\u00edcies de metal, ela se integra perfeitamente aos seus protocolos de seguran\u00e7a, fornecendo acesso r\u00e1pido e rastreamento em tempo real para aumentar a seguran\u00e7a e a efici\u00eancia.<\/p>\n<h2>Caracter\u00edsticas da etiqueta de parafuso NFC On-Metal<\/h2>\n<p>O\u00a0<strong>Etiqueta de parafuso NFC em metal<\/strong>\u00a0\u00e9 projetado com v\u00e1rios recursos not\u00e1veis que o tornam uma solu\u00e7\u00e3o vers\u00e1til:<\/p>\n<ul>\n<li><strong>Durabilidade<\/strong>:Constru\u00eddo com um\u00a0<strong>Casco ABS<\/strong>\u00a0que pode suportar ambientes adversos, esta etiqueta \u00e9 resistente \u00e0 poeira, \u00e1gua e corros\u00e3o qu\u00edmica, alcan\u00e7ando um\u00a0<strong>IP67<\/strong>\u00a0n\u00edvel de prote\u00e7\u00e3o.<\/li>\n<li><strong>Alto desempenho<\/strong>:A tag emprega\u00a0<strong>NTAG213<\/strong>\u00a0tecnologia para facilitar velocidades de leitura r\u00e1pidas, com taxas de transfer\u00eancia de dados de at\u00e9\u00a0<strong>106 kbit\/s<\/strong>, permitindo opera\u00e7\u00f5es eficientes em ambientes movimentados.<\/li>\n<li><strong>Tecnologia Anti-Metal<\/strong>: O\u00a0<strong>anti-metal<\/strong>\u00a0A fun\u00e7\u00e3o garante que a etiqueta opere efetivamente mesmo quando fixada em superf\u00edcies met\u00e1licas, o que normalmente interferiria nos sinais NFC.<\/li>\n<\/ul>\n<p>Esses recursos tornam a etiqueta de parafuso NFC On-Metal ideal para aplica\u00e7\u00f5es em log\u00edstica, controle de presen\u00e7a e outros setores onde durabilidade e desempenho s\u00e3o fundamentais.<\/p>\n<h2>Especifica\u00e7\u00f5es t\u00e9cnicas<\/h2>\n<div>\n<div class=\"overflow-x-auto custom-scrollbar custom-scrollbar-wide mb-2\">\n<table class=\"w-fit !mb-2 !max-w-none\">\n<thead>\n<tr>\n<th>Especifica\u00e7\u00e3o<\/th>\n<th>Detalhes<\/th>\n<\/tr>\n<\/thead>\n<tbody>\n<tr>\n<td><strong>Lasca<\/strong><\/td>\n<td>NTAG213<\/td>\n<\/tr>\n<tr>\n<td><strong>Mem\u00f3ria<\/strong><\/td>\n<td>144\/504\/888\/1K bytes<\/td>\n<\/tr>\n<tr>\n<td><strong>Protocolo<\/strong><\/td>\n<td>Norma ISO 14443A<\/td>\n<\/tr>\n<tr>\n<td><strong>Frequ\u00eancia<\/strong><\/td>\n<td>13,56 MHz<\/td>\n<\/tr>\n<tr>\n<td><strong>Op\u00e7\u00f5es de cores<\/strong><\/td>\n<td>Preto, Branco, Amarelo<\/td>\n<\/tr>\n<tr>\n<td><strong>Di\u00e2metro<\/strong><\/td>\n<td>25\/30\/35\/40\/52 mm (tamanhos personalizados dispon\u00edveis)<\/td>\n<\/tr>\n<tr>\n<td><strong>Grossura<\/strong><\/td>\n<td>5 mil\u00edmetros<\/td>\n<\/tr>\n<tr>\n<td><strong>Peso<\/strong><\/td>\n<td>3 g<\/td>\n<\/tr>\n<tr>\n<td><strong>Temperatura de opera\u00e7\u00e3o<\/strong><\/td>\n<td>-25\u00b0C a 70\u00b0C<\/td>\n<\/tr>\n<tr>\n<td><strong>Apagabilidade<\/strong><\/td>\n<td>&gt; 100.000 apagamentos<\/td>\n<\/tr>\n<tr>\n<td><strong>Dist\u00e2ncia de leitura<\/strong><\/td>\n<td>2-20 cm (dependendo do ambiente)<\/td>\n<\/tr>\n<\/tbody>\n<\/table>\n<\/div>\n<\/div>\n<p>Equipado com esses recursos, o On-Metal NFC Screw Tag \u00e9 uma ferramenta poderosa para v\u00e1rios\u00a0<strong>Aplica\u00e7\u00f5es NFC<\/strong>.<\/p>\n<h2>Aplica\u00e7\u00f5es em diferentes ind\u00fastrias<\/h2>\n<p>A versatilidade da etiqueta de parafuso NFC On-Metal permite que ela seja utilizada em v\u00e1rios setores:<\/p>\n<ul>\n<li><strong>Controle de acesso<\/strong>: Gerencie facilmente os pontos de entrada em locais seguros anexando\u00a0<strong>Etiquetas NFC<\/strong>\u00a0para portas ou port\u00f5es. As tags podem ser vinculadas a perfis de usu\u00e1rios para autentica\u00e7\u00e3o perfeita.<\/li>\n<li><strong>Log\u00edstica e Gest\u00e3o de Estoques<\/strong>: Simplifique o rastreamento de mercadorias colocando etiquetas em cont\u00eaineres de metal. A durabilidade dessas etiquetas garante que elas suportem os rigores da fabrica\u00e7\u00e3o e do transporte.<\/li>\n<li><strong>Transporte p\u00fablico<\/strong>: Melhore a experi\u00eancia do usu\u00e1rio empregando etiquetas NFC On-Metal para sistemas de emiss\u00e3o de bilhetes, permitindo que os passageiros verifiquem seu status ou recarreguem suas contas facilmente.<\/li>\n<\/ul>\n<p>Ao implementar essas tags, as empresas podem otimizar as opera\u00e7\u00f5es e melhorar significativamente a presta\u00e7\u00e3o de servi\u00e7os.<\/p>\n<h2>Vantagens de usar NTAG213, NTAG215 e NTAG216<\/h2>\n<p>Os chips NTAG213, NTAG215 e NTAG216 da NXP Semiconductors oferecem vantagens distintas:<\/p>\n<ol>\n<li><strong>Segmenta\u00e7\u00e3o<\/strong>: Os usu\u00e1rios podem segmentar a mem\u00f3ria para v\u00e1rios aplicativos, tornando as tags flex\u00edveis em termos de funcionalidade.<\/li>\n<li><strong>Recursos de seguran\u00e7a<\/strong>:Equipado com\u00a0<em><strong>Assinaturas de originalidade baseadas em ECC<\/strong><\/em>\u00a0e\u00a0<strong>prote\u00e7\u00e3o por senha<\/strong>, essas tags protegem os dados contra acesso n\u00e3o autorizado e garantem a integridade.<\/li>\n<li><strong>Alta capacidade e desempenho<\/strong>: As op\u00e7\u00f5es de mem\u00f3ria expandida o tornam adequado para aplica\u00e7\u00f5es que exigem armazenamento significativo de dados, mantendo ao mesmo tempo capacidades de leitura r\u00e1pida.<\/li>\n<\/ol>\n<p>Essas vantagens permitem que as empresas personalizem suas solu\u00e7\u00f5es de acordo com necessidades operacionais espec\u00edficas.<\/p>\n<h2>Instru\u00e7\u00f5es de instala\u00e7\u00e3o e uso<\/h2>\n<p>A instala\u00e7\u00e3o da etiqueta de parafuso NFC On-Metal \u00e9 simples:<\/p>\n<ol>\n<li><strong>Selecione um local<\/strong>: Escolha uma superf\u00edcie plana no item de metal onde a etiqueta ser\u00e1 colocada. Certifique-se de que\u00a0<strong>superf\u00edcie<\/strong>\u00a0est\u00e1 limpo e seco.<\/li>\n<li><strong>Fixe com parafusos<\/strong>: Use parafusos atrav\u00e9s do fornecido\u00a0<em>furos para parafusos<\/em>\u00a0na etiqueta para uma fixa\u00e7\u00e3o permanente.<\/li>\n<li><strong>Op\u00e7\u00e3o adesiva<\/strong>: Alternativamente, a etiqueta pode ser fixada usando um adesivo forte, se preferir.<\/li>\n<\/ol>\n<p>Uma vez instaladas, as etiquetas podem ser escaneadas facilmente com dispositivos compat\u00edveis com NFC, permitindo acesso imediato \u00e0s informa\u00e7\u00f5es armazenadas na etiqueta.<\/p>\n<h2>Perguntas frequentes sobre etiquetas NFC On-Metal<\/h2>\n<p><strong>P: A etiqueta de parafuso NFC On-Metal funciona em todas as superf\u00edcies de metal?<\/strong><br \/>\nR: Sim, gra\u00e7as \u00e0 sua especializa\u00e7\u00e3o\u00a0<strong>tecnologia anti-metal<\/strong>, a etiqueta opera efetivamente em diversas superf\u00edcies met\u00e1licas sem interfer\u00eancia.<\/p>\n<p><strong>P: Como programo ou escrevo dados na tag NTAG213?<\/strong><br \/>\nR: A programa\u00e7\u00e3o pode ser realizada usando dispositivos compat\u00edveis com NFC com o aplicativo apropriado. Para aplicativos mais complexos, considere usar software de escrita NFC dedicado.<\/p>\n<p><strong>P: Qual \u00e9 a faixa de temperatura operacional dessas etiquetas?<\/strong><br \/>\nR: As etiquetas funcionam efetivamente em temperaturas que variam de\u00a0<strong>-25\u00b0C a 70\u00b0C<\/strong>.<\/p>\n<h2>Considera\u00e7\u00f5es ambientais<\/h2>\n<p>O\u00a0<strong>Etiqueta de parafuso NFC em metal<\/strong>\u00a0\u00e9 projetado com a sustentabilidade em mente. Sua constru\u00e7\u00e3o robusta minimiza a necessidade de substitui\u00e7\u00f5es, reduzindo o desperd\u00edcio. Al\u00e9m disso, quando descartados corretamente, os elementos usados na fabrica\u00e7\u00e3o dessas etiquetas s\u00e3o recicl\u00e1veis.<\/p>","protected":false},"excerpt":{"rendered":"<p>Melhore suas opera\u00e7\u00f5es com a On-Metal NFC Screw Tag. Dur\u00e1vel, vers\u00e1til e equipada com tecnologia NFC para transfer\u00eancia de dados sem interrup\u00e7\u00f5es em superf\u00edcies met\u00e1licas.<\/p>","protected":false},"featured_media":2639,"template":"","meta":{"_kad_post_transparent":"default","_kad_post_title":"","_kad_post_layout":"default","_kad_post_sidebar_id":"","_kad_post_content_style":"default","_kad_post_vertical_padding":"default","_kad_post_feature":"","_kad_post_feature_position":"","_kad_post_header":false,"_kad_post_footer":false,"_kad_post_classname":""},"product_brand":[],"product_cat":[54],"product_tag":[305,216,304],"class_list":{"0":"post-2638","1":"product","2":"type-product","3":"status-publish","4":"has-post-thumbnail","6":"product_cat-hot-selling-rfid-tags","7":"product_tag-heavy-duty-nfc-tags","8":"product_tag-nfc-patrol-tag","9":"product_tag-nfc-screw-tag","11":"first","12":"instock","13":"shipping-taxable","14":"product-type-simple","15":"entry","16":"content-bg","17":"loop-entry"},"_links":{"self":[{"href":"https:\/\/rfid-laundry-tag.com\/pt\/wp-json\/wp\/v2\/product\/2638","targetHints":{"allow":["GET"]}}],"collection":[{"href":"https:\/\/rfid-laundry-tag.com\/pt\/wp-json\/wp\/v2\/product"}],"about":[{"href":"https:\/\/rfid-laundry-tag.com\/pt\/wp-json\/wp\/v2\/types\/product"}],"version-history":[{"count":1,"href":"https:\/\/rfid-laundry-tag.com\/pt\/wp-json\/wp\/v2\/product\/2638\/revisions"}],"predecessor-version":[{"id":2640,"href":"https:\/\/rfid-laundry-tag.com\/pt\/wp-json\/wp\/v2\/product\/2638\/revisions\/2640"}],"wp:featuredmedia":[{"embeddable":true,"href":"https:\/\/rfid-laundry-tag.com\/pt\/wp-json\/wp\/v2\/media\/2639"}],"wp:attachment":[{"href":"https:\/\/rfid-laundry-tag.com\/pt\/wp-json\/wp\/v2\/media?parent=2638"}],"wp:term":[{"taxonomy":"product_brand","embeddable":true,"href":"https:\/\/rfid-laundry-tag.com\/pt\/wp-json\/wp\/v2\/product_brand?post=2638"},{"taxonomy":"product_cat","embeddable":true,"href":"https:\/\/rfid-laundry-tag.com\/pt\/wp-json\/wp\/v2\/product_cat?post=2638"},{"taxonomy":"product_tag","embeddable":true,"href":"https:\/\/rfid-laundry-tag.com\/pt\/wp-json\/wp\/v2\/product_tag?post=2638"}],"curies":[{"name":"wp","href":"https:\/\/api.w.org\/{rel}","templated":true}]}}