{"id":2581,"date":"2024-09-19T13:02:28","date_gmt":"2024-09-19T13:02:28","guid":{"rendered":"https:\/\/rfid-laundry-tag.com\/?post_type=product&#038;p=2581"},"modified":"2024-09-19T13:40:21","modified_gmt":"2024-09-19T13:40:21","slug":"on-metal-nfc-screw-tag-ntag213","status":"publish","type":"product","link":"https:\/\/rfid-laundry-tag.com\/pt\/on-metal-nfc-screw-tag-ntag213\/","title":{"rendered":"Etiqueta de parafuso NFC em metal Ntag213"},"content":{"rendered":"<p>O <strong>Etiqueta de parafuso NFC em metal<\/strong> \u00e9 uma etiqueta NFC altamente dur\u00e1vel projetada especificamente para uso industrial. Sua <strong>Constru\u00e7\u00e3o em ABS ou PVC<\/strong> garante que \u00e9 <strong>imperme\u00e1vel<\/strong> e <strong>resistente ao calor<\/strong>, tornando-o adequado para ambientes exigentes, como alta umidade ou temperaturas extremas.<\/p>\n<h3>Principais caracter\u00edsticas:<\/h3>\n<ul>\n<li><strong>Tipo de chip<\/strong>: NXP NTAG213 (compat\u00edvel com todos os dispositivos m\u00f3veis)<\/li>\n<li><strong>Forma<\/strong>: Redondo<\/li>\n<li><strong>Tamanho<\/strong>: 30 mm de di\u00e2metro, mais 2,5 mm de espessura<\/li>\n<li><strong>Tamanho da antena<\/strong>: 25 mm<\/li>\n<li><strong>Mem\u00f3ria total<\/strong>: 144 bytes<\/li>\n<li><strong>Mem\u00f3ria formatada<\/strong>: 137 bytes<\/li>\n<li><strong>Frequ\u00eancia de opera\u00e7\u00e3o<\/strong>: 13,56 MHz<\/li>\n<\/ul>\n<h3>Ideal para:<\/h3>\n<ul>\n<li>Use em superf\u00edcies met\u00e1licas sem interfer\u00eancia.<\/li>\n<li>Longa dist\u00e2ncia de leitura, mesmo em ambientes industriais dif\u00edceis.<\/li>\n<li>Compatibilidade com todos os dispositivos habilitados para NFC (por exemplo, smartphones, tablets).<\/li>\n<\/ul>\n<p>Esta tag tamb\u00e9m \u00e9 personaliz\u00e1vel, oferecendo diferentes tipos de chips e <strong>Op\u00e7\u00f5es de impress\u00e3o de ID<\/strong>. Pode ser fixado com um parafuso ou adesivo, garantindo uma fixa\u00e7\u00e3o segura em objetos de metal.<\/p>\n<h3 class=\"AnswerParser_AnswerParserH3__Mpe4s\">Especifica\u00e7\u00f5es t\u00e9cnicas<\/h3>\n<div class=\"AnswerParser_TableContainer__Erb6v\" data-testid=\"table-container\">\n<table>\n<thead>\n<tr>\n<th>Recurso<\/th>\n<th>Especifica\u00e7\u00e3o<\/th>\n<\/tr>\n<\/thead>\n<tbody>\n<tr>\n<td>Di\u00e2metro<\/td>\n<td>30 mil\u00edmetros<\/td>\n<\/tr>\n<tr>\n<td>Grossura<\/td>\n<td>3 mil\u00edmetros<\/td>\n<\/tr>\n<tr>\n<td>Furo de parafuso<\/td>\n<td>3 mil\u00edmetros<\/td>\n<\/tr>\n<tr>\n<td>Tipo de chip<\/td>\n<td>NTAG213<\/td>\n<\/tr>\n<tr>\n<td>Mem\u00f3ria<\/td>\n<td>144 bytes<\/td>\n<\/tr>\n<tr>\n<td>Frequ\u00eancia<\/td>\n<td>13,56 MHz (HF)<\/td>\n<\/tr>\n<\/tbody>\n<\/table>\n<\/div>\n<h2 class=\"AnswerParser_AnswerParserH2__SIHnF\">Chip Ntag213: Tecnologia NFC de ponta<\/h2>\n<p><span class=\"AnswerParser_TextContainer__z_Iiv\" data-testid=\"youchat-text\">No cora\u00e7\u00e3o da nossa etiqueta de parafuso NFC On-Metal est\u00e1 o poderoso chip Ntag213, que oferece:<\/span><\/p>\n<ul class=\"AnswerParser_AnswerParserUnorderedList__P_1FW\">\n<li class=\"AnswerParser_ListItem__XqLOV\" translate=\"yes\">144 bytes de mem\u00f3ria do usu\u00e1rio<\/li>\n<li class=\"AnswerParser_ListItem__XqLOV\" translate=\"yes\">Velocidades r\u00e1pidas de leitura e grava\u00e7\u00e3o<\/li>\n<li class=\"AnswerParser_ListItem__XqLOV\" translate=\"yes\">Compatibilidade com todos os dispositivos habilitados para NFC<\/li>\n<\/ul>\n<p><span class=\"AnswerParser_TextContainer__z_Iiv\" data-testid=\"youchat-text\">Este chip avan\u00e7ado garante que seus dados sejam transmitidos de forma r\u00e1pida e confi\u00e1vel, tornando-o perfeito para uma ampla gama de aplica\u00e7\u00f5es NFC.<\/span><\/p>\n<h2 class=\"AnswerParser_AnswerParserH2__SIHnF\">Desempenho On-Metal: Superando Desafios de Interfer\u00eancia<\/h2>\n<p><span class=\"AnswerParser_TextContainer__z_Iiv\" data-testid=\"youchat-text\">As etiquetas NFC tradicionais geralmente t\u00eam dificuldades quando colocadas em superf\u00edcies de metal devido \u00e0 interfer\u00eancia de sinal. Nossas etiquetas de parafuso NFC On-Metal s\u00e3o projetadas especificamente para:<\/span><\/p>\n<ul class=\"AnswerParser_AnswerParserUnorderedList__P_1FW\">\n<li class=\"AnswerParser_ListItem__XqLOV\" translate=\"yes\">Mantenha o desempenho ideal em superf\u00edcies met\u00e1licas<\/li>\n<li class=\"AnswerParser_ListItem__XqLOV\" translate=\"yes\">Fornecer intervalos de leitura consistentes<\/li>\n<li class=\"AnswerParser_ListItem__XqLOV\" translate=\"yes\">Elimine a necessidade de espa\u00e7adores ou adesivos adicionais<\/li>\n<\/ul>\n<p><span class=\"AnswerParser_TextContainer__z_Iiv\" data-testid=\"youchat-text\">Ao utilizar tecnologia anti-metal avan\u00e7ada, essas etiquetas garantem comunica\u00e7\u00e3o confi\u00e1vel, mesmo quando fixadas diretamente em objetos de metal.<\/span><\/p>\n<h2 class=\"AnswerParser_AnswerParserH2__SIHnF\">F\u00e1cil integra\u00e7\u00e3o: compat\u00edvel com sua infraestrutura NFC existente<\/h2>\n<p><span class=\"AnswerParser_TextContainer__z_Iiv\" data-testid=\"youchat-text\">Nossas On-Metal NFC Screw Tags s\u00e3o projetadas para integrar-se perfeitamente com seu ecossistema NFC atual. Elas s\u00e3o:<\/span><\/p>\n<ul class=\"AnswerParser_AnswerParserUnorderedList__P_1FW\">\n<li class=\"AnswerParser_ListItem__XqLOV\" translate=\"yes\">Compat\u00edvel com todos os leitores NFC padr\u00e3o<\/li>\n<li class=\"AnswerParser_ListItem__XqLOV\" translate=\"yes\">F\u00e1cil programa\u00e7\u00e3o usando smartphones habilitados para NFC<\/li>\n<li class=\"AnswerParser_ListItem__XqLOV\" translate=\"yes\">Adequado para dispositivos Android e iOS<\/li>\n<\/ul>\n<p><span class=\"AnswerParser_TextContainer__z_Iiv\" data-testid=\"youchat-text\">Essa versatilidade garante que voc\u00ea possa implementar essas tags sem a necessidade de atualiza\u00e7\u00f5es dispendiosas de infraestrutura.<\/span><\/p>\n<h2 class=\"AnswerParser_AnswerParserH2__SIHnF\">Op\u00e7\u00f5es de personaliza\u00e7\u00e3o: adapte suas tags \u00e0s suas necessidades<\/h2>\n<p><span class=\"AnswerParser_TextContainer__z_Iiv\" data-testid=\"youchat-text\">Entendemos que cada neg\u00f3cio tem requisitos \u00fanicos. \u00c9 por isso que oferecemos uma gama de op\u00e7\u00f5es de personaliza\u00e7\u00e3o para nossas On-Metal NFC Screw Tags:<\/span><\/p>\n<ul class=\"AnswerParser_AnswerParserUnorderedList__P_1FW\">\n<li class=\"AnswerParser_ListItem__XqLOV\" translate=\"yes\">Impress\u00e3o personalizada com seu logotipo ou marca<\/li>\n<li class=\"AnswerParser_ListItem__XqLOV\" translate=\"yes\">V\u00e1rias op\u00e7\u00f5es de cores para combinar com sua est\u00e9tica<\/li>\n<li class=\"AnswerParser_ListItem__XqLOV\" translate=\"yes\">Codifica\u00e7\u00e3o personalizada com seus dados espec\u00edficos<\/li>\n<\/ul>\n<p><span class=\"AnswerParser_TextContainer__z_Iiv\" data-testid=\"youchat-text\">Nossa equipe de especialistas est\u00e1 pronta para ajudar voc\u00ea a criar a solu\u00e7\u00e3o NFC perfeita para as necessidades do seu neg\u00f3cio.<\/span><\/p>\n<h2 class=\"AnswerParser_AnswerParserH2__SIHnF\">Impacto Ambiental: Solu\u00e7\u00f5es NFC Sustent\u00e1veis<\/h2>\n<p><span class=\"AnswerParser_TextContainer__z_Iiv\" data-testid=\"youchat-text\">No mundo ecologicamente consciente de hoje, estamos comprometidos em fornecer solu\u00e7\u00f5es NFC sustent\u00e1veis. Nossas etiquetas de parafuso NFC On-Metal:<\/span><\/p>\n<ul class=\"AnswerParser_AnswerParserUnorderedList__P_1FW\">\n<li class=\"AnswerParser_ListItem__XqLOV\" translate=\"yes\">S\u00e3o feitos de materiais recicl\u00e1veis<\/li>\n<li class=\"AnswerParser_ListItem__XqLOV\" translate=\"yes\">T\u00eam uma longa vida \u00fatil, reduzindo o desperd\u00edcio<\/li>\n<li class=\"AnswerParser_ListItem__XqLOV\" translate=\"yes\">Contribuir para sistemas sem papel, reduzindo o impacto ambiental geral<\/li>\n<\/ul>\n<p><span class=\"AnswerParser_TextContainer__z_Iiv\" data-testid=\"youchat-text\">Ao escolher nossas etiquetas, voc\u00ea n\u00e3o est\u00e1 apenas investindo em tecnologia de ponta, mas tamb\u00e9m em um futuro mais sustent\u00e1vel.<\/span><\/p>\n<h2 class=\"AnswerParser_AnswerParserH2__SIHnF\">Solu\u00e7\u00e3o econ\u00f4mica: maximize seu ROI<\/h2>\n<p><span class=\"AnswerParser_TextContainer__z_Iiv\" data-testid=\"youchat-text\">Embora o custo inicial das etiquetas de parafuso NFC On-Metal possa ser maior do que as etiquetas tradicionais baseadas em adesivos, elas oferecem benef\u00edcios significativos a longo prazo:<\/span><\/p>\n<ul class=\"AnswerParser_AnswerParserUnorderedList__P_1FW\">\n<li class=\"AnswerParser_ListItem__XqLOV\" translate=\"yes\">Custos de substitui\u00e7\u00e3o reduzidos devido \u00e0 durabilidade superior<\/li>\n<li class=\"AnswerParser_ListItem__XqLOV\" translate=\"yes\">Melhoria na efici\u00eancia no rastreamento e gerenciamento de ativos<\/li>\n<li class=\"AnswerParser_ListItem__XqLOV\" translate=\"yes\">Potencial para opera\u00e7\u00f5es simplificadas e economia de custos<\/li>\n<\/ul>\n<p><span class=\"AnswerParser_TextContainer__z_Iiv\" data-testid=\"youchat-text\">Investir em nossas etiquetas NFC de alta qualidade pode levar a retornos substanciais sobre o investimento ao longo do tempo.<\/span><\/p>\n<h2 class=\"AnswerParser_AnswerParserH2__SIHnF\">Instru\u00e7\u00f5es f\u00e1ceis de instala\u00e7\u00e3o e uso<\/h2>\n<p><span class=\"AnswerParser_TextContainer__z_Iiv\" data-testid=\"youchat-text\">Come\u00e7ar a usar nossas etiquetas de parafuso NFC On-Metal \u00e9 simples:<\/span><\/p>\n<ol class=\"AnswerParser_AnswerParserOrderedList__kl_2Y\">\n<li class=\"AnswerParser_ListItem__XqLOV\" translate=\"yes\">Limpe a superf\u00edcie met\u00e1lica onde voc\u00ea ir\u00e1 fixar a etiqueta<\/li>\n<li class=\"AnswerParser_ListItem__XqLOV\" translate=\"yes\">Use o orif\u00edcio do parafuso de 3 mm para prender a etiqueta com seguran\u00e7a<\/li>\n<li class=\"AnswerParser_ListItem__XqLOV\" translate=\"yes\">Programe a etiqueta usando seu dispositivo habilitado para NFC<\/li>\n<li class=\"AnswerParser_ListItem__XqLOV\" translate=\"yes\">Comece a usar sua etiqueta NFC rec\u00e9m-instalada!<\/li>\n<\/ol>\n<p><span class=\"AnswerParser_TextContainer__z_Iiv\" data-testid=\"youchat-text\">Para obter instru\u00e7\u00f5es detalhadas e guias de programa\u00e7\u00e3o, verifique sua caixa de entrada ap\u00f3s a compra para obter nosso manual do usu\u00e1rio completo.<\/span><\/p>\n<h2 class=\"AnswerParser_AnswerParserH2__SIHnF\">Perguntas frequentes<\/h2>\n<p><span class=\"AnswerParser_TextContainer__z_Iiv\" data-testid=\"youchat-text\"><strong>P: Essas etiquetas podem ser usadas em superf\u00edcies n\u00e3o met\u00e1licas?<\/strong>\u00a0<\/span><\/p>\n<p><span class=\"AnswerParser_TextContainer__z_Iiv\" data-testid=\"youchat-text\">R: Sim, embora otimizadas para superf\u00edcies met\u00e1licas, nossas etiquetas funcionam igualmente bem em materiais n\u00e3o met\u00e1licos.<\/span><\/p>\n<p><span class=\"AnswerParser_TextContainer__z_Iiv\" data-testid=\"youchat-text\"><strong>P: Qual \u00e9 o alcance de leitura dessas etiquetas NFC?<\/strong>\u00a0<\/span><\/p>\n<p><span class=\"AnswerParser_TextContainer__z_Iiv\" data-testid=\"youchat-text\">R: O alcance t\u00edpico de leitura \u00e9 de at\u00e9 5 cm, dependendo do dispositivo leitor utilizado.<\/span><\/p>\n<p><span class=\"AnswerParser_TextContainer__z_Iiv\" data-testid=\"youchat-text\"><strong>P: Essas etiquetas s\u00e3o \u00e0 prova d&#039;\u00e1gua?<\/strong>\u00a0<\/span><\/p>\n<p><span class=\"AnswerParser_TextContainer__z_Iiv\" data-testid=\"youchat-text\">R: Sim, a constru\u00e7\u00e3o met\u00e1lica os torna altamente resistentes \u00e0 \u00e1gua e outros l\u00edquidos.<\/span><\/p>","protected":false},"excerpt":{"rendered":"<p>O <strong>Etiqueta de parafuso NFC em metal<\/strong> \u00e9 uma etiqueta NFC altamente dur\u00e1vel projetada especificamente para uso industrial.<\/p>","protected":false},"featured_media":2582,"template":"","meta":{"_kad_post_transparent":"default","_kad_post_title":"","_kad_post_layout":"default","_kad_post_sidebar_id":"","_kad_post_content_style":"default","_kad_post_vertical_padding":"default","_kad_post_feature":"","_kad_post_feature_position":"","_kad_post_header":false,"_kad_post_footer":false,"_kad_post_classname":""},"product_brand":[],"product_cat":[54],"product_tag":[295,216,290,294],"class_list":{"0":"post-2581","1":"product","2":"type-product","3":"status-publish","4":"has-post-thumbnail","6":"product_cat-hot-selling-rfid-tags","7":"product_tag-nfc-disc-tag","8":"product_tag-nfc-patrol-tag","9":"product_tag-nfc-tag","10":"product_tag-on-metal-nfc-screw-tag","12":"first","13":"instock","14":"shipping-taxable","15":"product-type-simple","16":"entry","17":"content-bg","18":"loop-entry"},"_links":{"self":[{"href":"https:\/\/rfid-laundry-tag.com\/pt\/wp-json\/wp\/v2\/product\/2581","targetHints":{"allow":["GET"]}}],"collection":[{"href":"https:\/\/rfid-laundry-tag.com\/pt\/wp-json\/wp\/v2\/product"}],"about":[{"href":"https:\/\/rfid-laundry-tag.com\/pt\/wp-json\/wp\/v2\/types\/product"}],"version-history":[{"count":1,"href":"https:\/\/rfid-laundry-tag.com\/pt\/wp-json\/wp\/v2\/product\/2581\/revisions"}],"predecessor-version":[{"id":2586,"href":"https:\/\/rfid-laundry-tag.com\/pt\/wp-json\/wp\/v2\/product\/2581\/revisions\/2586"}],"wp:featuredmedia":[{"embeddable":true,"href":"https:\/\/rfid-laundry-tag.com\/pt\/wp-json\/wp\/v2\/media\/2582"}],"wp:attachment":[{"href":"https:\/\/rfid-laundry-tag.com\/pt\/wp-json\/wp\/v2\/media?parent=2581"}],"wp:term":[{"taxonomy":"product_brand","embeddable":true,"href":"https:\/\/rfid-laundry-tag.com\/pt\/wp-json\/wp\/v2\/product_brand?post=2581"},{"taxonomy":"product_cat","embeddable":true,"href":"https:\/\/rfid-laundry-tag.com\/pt\/wp-json\/wp\/v2\/product_cat?post=2581"},{"taxonomy":"product_tag","embeddable":true,"href":"https:\/\/rfid-laundry-tag.com\/pt\/wp-json\/wp\/v2\/product_tag?post=2581"}],"curies":[{"name":"wp","href":"https:\/\/api.w.org\/{rel}","templated":true}]}}