{"id":2576,"date":"2024-09-17T14:08:34","date_gmt":"2024-09-17T14:08:34","guid":{"rendered":"https:\/\/rfid-laundry-tag.com\/?post_type=product&#038;p=2576"},"modified":"2024-09-17T14:08:35","modified_gmt":"2024-09-17T14:08:35","slug":"custom-anti-metal-nfc-coin-tag","status":"publish","type":"product","link":"https:\/\/rfid-laundry-tag.com\/pt\/custom-anti-metal-nfc-coin-tag\/","title":{"rendered":"Etiqueta de moeda NFC anti-metal personalizada"},"content":{"rendered":"<h3>Etiqueta de moeda NFC anti-metal personalizada<\/h3>\n<h2 class=\"AnswerParser_AnswerParserH2__SIHnF\">O que s\u00e3o etiquetas NFC anti-met\u00e1licas personalizadas para moedas?<\/h2>\n<p><span class=\"AnswerParser_TextContainer__z_Iiv\" data-testid=\"youchat-text\"><strong>Etiquetas de moedas NFC anti-metal personalizadas<\/strong>\u00a0s\u00e3o etiquetas NFC especialmente projetadas que podem ser incorporadas em v\u00e1rios produtos ou materiais promocionais. Ao contr\u00e1rio das etiquetas NFC padr\u00e3o, essas etiquetas s\u00e3o projetadas para funcionar efetivamente em superf\u00edcies de metal, tornando-as vers\u00e1teis para in\u00fameras aplica\u00e7\u00f5es. As etiquetas podem ser personalizadas em tamanho e design, permitindo que as empresas criem solu\u00e7\u00f5es exclusivas que melhoram a intera\u00e7\u00e3o com o cliente.<\/span><span class=\"AnswerParser_TextContainer__z_Iiv\" data-testid=\"youchat-text\">Essas etiquetas de moedas NFC podem ser incorporadas em p\u00f4steres inteligentes, vitrines e at\u00e9 mesmo diretamente em produtos, permitindo que os consumidores toquem em seus smartphones habilitados para NFC para acessar informa\u00e7\u00f5es ou campanhas relevantes instantaneamente.<\/span><\/p>\n<h2 class=\"AnswerParser_AnswerParserH2__SIHnF\">Como funciona a tecnologia NFC?<\/h2>\n<p><span class=\"AnswerParser_TextContainer__z_Iiv\" data-testid=\"youchat-text\">A tecnologia NFC permite comunica\u00e7\u00e3o de curto alcance entre dispositivos. Veja como funciona quando um consumidor interage com uma tag NFC:<\/span><\/p>\n<ol class=\"AnswerParser_AnswerParserOrderedList__kl_2Y\">\n<li class=\"AnswerParser_ListItem__XqLOV\" translate=\"yes\"><strong>Intera\u00e7\u00e3o de toque<\/strong>:Quando um consumidor encosta seu smartphone habilitado para NFC na etiqueta NFC, o telefone detecta o identificador exclusivo da etiqueta.<\/li>\n<li class=\"AnswerParser_ListItem__XqLOV\" translate=\"yes\"><strong>Detec\u00e7\u00e3o de URL<\/strong>: A etiqueta NFC cont\u00e9m uma URL que est\u00e1 vinculada a uma campanha ou informa\u00e7\u00e3o espec\u00edfica.<\/li>\n<li class=\"AnswerParser_ListItem__XqLOV\" translate=\"yes\"><strong>Troca de dados<\/strong>: O smartphone envia a URL para um servidor em nuvem, que recupera os dados da campanha associados a essa URL.<\/li>\n<li class=\"AnswerParser_ListItem__XqLOV\" translate=\"yes\"><strong>Exibir no smartphone<\/strong>: As informa\u00e7\u00f5es da campanha recuperadas s\u00e3o ent\u00e3o exibidas no smartphone do consumidor, fornecendo acesso instant\u00e2neo a conte\u00fado como ofertas promocionais, detalhes do produto ou experi\u00eancias interativas.<\/li>\n<\/ol>\n<p><span class=\"AnswerParser_TextContainer__z_Iiv\" data-testid=\"youchat-text\">Essa troca cont\u00ednua de informa\u00e7\u00f5es aumenta o envolvimento do usu\u00e1rio e simplifica a maneira como as marcas se conectam com seu p\u00fablico.<\/span><\/p>\n<h2 class=\"AnswerParser_AnswerParserH2__SIHnF\">Benef\u00edcios do uso de etiquetas de moedas NFC personalizadas<\/h2>\n<p><span class=\"AnswerParser_TextContainer__z_Iiv\" data-testid=\"youchat-text\">O uso de etiquetas de moedas NFC personalizadas oferece in\u00fameras vantagens:<\/span><\/p>\n<ul class=\"AnswerParser_AnswerParserUnorderedList__P_1FW\">\n<li class=\"AnswerParser_ListItem__XqLOV\" translate=\"yes\"><strong>Intera\u00e7\u00e3o perfeita<\/strong>: Ao contr\u00e1rio do marketing WiFi, o NFC n\u00e3o exige que os consumidores configurem seus smartphones. Os usu\u00e1rios podem acessar informa\u00e7\u00f5es rapidamente com um simples toque, tornando-a uma experi\u00eancia amig\u00e1vel.<\/li>\n<li class=\"AnswerParser_ListItem__XqLOV\" translate=\"yes\"><strong>Engajamento aprimorado<\/strong>: As etiquetas de moedas NFC permitem que as marcas criem campanhas de marketing interativas e din\u00e2micas que capturam a aten\u00e7\u00e3o do consumidor e promovem a fidelidade \u00e0 marca.<\/li>\n<li class=\"AnswerParser_ListItem__XqLOV\" translate=\"yes\"><strong>Versatilidade<\/strong>: Essas etiquetas podem ser aplicadas em diversas superf\u00edcies, incluindo metal, o que as torna adequadas para uma ampla variedade de produtos e materiais promocionais.<\/li>\n<\/ul>\n<p><span class=\"AnswerParser_TextContainer__z_Iiv\" data-testid=\"youchat-text\">Esses benef\u00edcios posicionam as etiquetas de moedas NFC como uma ferramenta poderosa para estrat\u00e9gias de marketing modernas.<\/span><\/p>\n<h2 class=\"AnswerParser_AnswerParserH2__SIHnF\">Op\u00e7\u00f5es de material e design para etiquetas de moedas NFC<\/h2>\n<p><span class=\"AnswerParser_TextContainer__z_Iiv\" data-testid=\"youchat-text\">As etiquetas de moedas NFC personalizadas s\u00e3o feitas de materiais dur\u00e1veis que garantem longevidade e funcionalidade:<\/span><\/p>\n<ul class=\"AnswerParser_AnswerParserUnorderedList__P_1FW\">\n<li class=\"AnswerParser_ListItem__XqLOV\" translate=\"yes\"><strong>PVC\/PET<\/strong>:Esses materiais s\u00e3o comumente usados por sua resist\u00eancia e flexibilidade, o que os torna ideais para o uso di\u00e1rio.<\/li>\n<li class=\"AnswerParser_ListItem__XqLOV\" translate=\"yes\"><strong>Material anti-metal<\/strong>: O design anti-metal exclusivo permite que as etiquetas NFC sejam usadas em superf\u00edcies met\u00e1licas sem interfer\u00eancia, garantindo um desempenho confi\u00e1vel.<\/li>\n<\/ul>\n<p><span class=\"AnswerParser_TextContainer__z_Iiv\" data-testid=\"youchat-text\">Al\u00e9m disso, o tamanho das etiquetas de moedas NFC pode ser personalizado para atender a necessidades espec\u00edficas, proporcionando flexibilidade em design e aplica\u00e7\u00e3o.<\/span><\/p>\n<h2 class=\"AnswerParser_AnswerParserH2__SIHnF\">T\u00e9cnicas de impress\u00e3o e artesanato<\/h2>\n<p><span class=\"AnswerParser_TextContainer__z_Iiv\" data-testid=\"youchat-text\">As op\u00e7\u00f5es de impress\u00e3o e cria\u00e7\u00e3o dispon\u00edveis para etiquetas de moedas NFC personalizadas incluem:<\/span><\/p>\n<ul class=\"AnswerParser_AnswerParserUnorderedList__P_1FW\">\n<li class=\"AnswerParser_ListItem__XqLOV\" translate=\"yes\"><strong>Impress\u00e3o offset CMYK\/impress\u00e3o digital<\/strong>: Essas t\u00e9cnicas permitem designs coloridos e de alta qualidade que podem apresentar logotipos, marcas e outros elementos visuais.<\/li>\n<li class=\"AnswerParser_ListItem__XqLOV\" translate=\"yes\"><strong>T\u00e9cnicas de artesanato<\/strong>:Cada tag pode ser criada com recursos exclusivos, como numera\u00e7\u00e3o ou codifica\u00e7\u00e3o, para melhorar a funcionalidade e a marca.<\/li>\n<\/ul>\n<p><span class=\"AnswerParser_TextContainer__z_Iiv\" data-testid=\"youchat-text\">Essas op\u00e7\u00f5es garantem que cada etiqueta de moeda NFC possa ser personalizada para refletir a identidade da marca, mantendo altos padr\u00f5es de qualidade.<\/span><\/p>\n<h2 class=\"AnswerParser_AnswerParserH2__SIHnF\">Aplica\u00e7\u00f5es de NFC Coin Tags em Marketing<\/h2>\n<p><span class=\"AnswerParser_TextContainer__z_Iiv\" data-testid=\"youchat-text\">As etiquetas de moedas NFC podem ser utilizadas em v\u00e1rias aplica\u00e7\u00f5es de marketing, incluindo:<\/span><\/p>\n<ul class=\"AnswerParser_AnswerParserUnorderedList__P_1FW\">\n<li class=\"AnswerParser_ListItem__XqLOV\" translate=\"yes\"><strong>Cartazes inteligentes<\/strong>: As marcas podem incorporar etiquetas de moedas NFC em p\u00f4steres para envolver os consumidores com conte\u00fado interativo, como v\u00eddeos ou ofertas promocionais.<\/li>\n<li class=\"AnswerParser_ListItem__XqLOV\" translate=\"yes\"><strong>Embalagem do produto<\/strong>: Ao integrar etiquetas NFC na embalagem do produto, as empresas podem fornecer aos clientes acesso f\u00e1cil a informa\u00e7\u00f5es sobre o produto, incluindo instru\u00e7\u00f5es, dicas de uso e ofertas especiais.<\/li>\n<li class=\"AnswerParser_ListItem__XqLOV\" translate=\"yes\"><strong>Campanhas de Eventos<\/strong>: As etiquetas de moedas NFC podem ser usadas em eventos para facilitar o acesso r\u00e1pido a informa\u00e7\u00f5es, programa\u00e7\u00f5es e materiais promocionais do evento.<\/li>\n<\/ul>\n<p><span class=\"AnswerParser_TextContainer__z_Iiv\" data-testid=\"youchat-text\">Essas aplica\u00e7\u00f5es demonstram a versatilidade das etiquetas de moedas NFC no aprimoramento dos esfor\u00e7os de marketing e do envolvimento do consumidor.<\/span><\/p>\n<h2 class=\"AnswerParser_AnswerParserH2__SIHnF\">Quantidade m\u00ednima de pedido e disponibilidade de amostra<\/h2>\n<p><span class=\"AnswerParser_TextContainer__z_Iiv\" data-testid=\"youchat-text\">Ao considerar etiquetas de moedas NFC personalizadas, \u00e9 essencial observar o seguinte:<\/span><\/p>\n<ul class=\"AnswerParser_AnswerParserUnorderedList__P_1FW\">\n<li class=\"AnswerParser_ListItem__XqLOV\" translate=\"yes\"><strong>Quantidade m\u00ednima de pedido (MOQ)<\/strong>: O MOQ para etiquetas de moedas NFC personalizadas \u00e9\u00a0<strong>500<\/strong>\u00a0unidades, garantindo que as empresas possam dimensionar seus esfor\u00e7os promocionais de forma eficaz.<\/li>\n<li class=\"AnswerParser_ListItem__XqLOV\" translate=\"yes\"><strong>Disponibilidade da amostra<\/strong>: Amostras gratuitas est\u00e3o dispon\u00edveis mediante solicita\u00e7\u00e3o, permitindo que as empresas avaliem a qualidade e a funcionalidade das etiquetas NFC antes de fazer pedidos maiores.<\/li>\n<\/ul>\n<p><span class=\"AnswerParser_TextContainer__z_Iiv\" data-testid=\"youchat-text\">Essa flexibilidade torna mais f\u00e1cil para as empresas incorporarem a tecnologia NFC em suas estrat\u00e9gias de marketing.<\/span><\/p>\n<h2 class=\"AnswerParser_AnswerParserH2__SIHnF\">Recursos de seguran\u00e7a da tecnologia NFC<\/h2>\n<p><span class=\"AnswerParser_TextContainer__z_Iiv\" data-testid=\"youchat-text\">A tecnologia NFC inclui v\u00e1rios recursos de seguran\u00e7a para proteger dados e transa\u00e7\u00f5es:<\/span><\/p>\n<ul class=\"AnswerParser_AnswerParserUnorderedList__P_1FW\">\n<li class=\"AnswerParser_ListItem__XqLOV\" translate=\"yes\"><strong>Criptografia<\/strong>: Os dados trocados entre a etiqueta NFC e o smartphone podem ser criptografados, garantindo que as informa\u00e7\u00f5es confidenciais permane\u00e7am seguras.<\/li>\n<li class=\"AnswerParser_ListItem__XqLOV\" translate=\"yes\"><strong>Resist\u00eancia \u00e0 viola\u00e7\u00e3o<\/strong>:Muitas etiquetas NFC s\u00e3o projetadas para resistir \u00e0 adultera\u00e7\u00e3o, fornecendo uma camada adicional de seguran\u00e7a para marcas e consumidores.<\/li>\n<\/ul>\n<p><span class=\"AnswerParser_TextContainer__z_Iiv\" data-testid=\"youchat-text\">Esses recursos de seguran\u00e7a tornam a tecnologia NFC uma escolha confi\u00e1vel para empresas que buscam envolver clientes e, ao mesmo tempo, proteger seus dados.<\/span><\/p>\n<h2 class=\"AnswerParser_AnswerParserH2__SIHnF\">Perguntas frequentes sobre etiquetas de moedas NFC anti-met\u00e1licas personalizadas<\/h2>\n<p><span class=\"AnswerParser_TextContainer__z_Iiv\" data-testid=\"youchat-text\"><strong>P: As etiquetas de moedas NFC podem ser reutilizadas?<\/strong><br \/>\nR: As etiquetas de moedas NFC geralmente podem ser usadas v\u00e1rias vezes, dependendo do tipo de chip e se foram programadas para armazenar novos dados.<\/span><\/p>\n<p><span class=\"AnswerParser_TextContainer__z_Iiv\" data-testid=\"youchat-text\"><strong>P: Quais dispositivos s\u00e3o compat\u00edveis com etiquetas de moedas NFC?<\/strong><br \/>\nR: As etiquetas de moedas NFC s\u00e3o compat\u00edveis com a maioria dos smartphones habilitados para NFC, incluindo dispositivos Android e iPhones.<\/span><\/p>\n<p><span class=\"AnswerParser_TextContainer__z_Iiv\" data-testid=\"youchat-text\"><strong>P: As etiquetas para moedas NFC s\u00e3o \u00e0 prova d&#039;\u00e1gua?<\/strong><br \/>\nR: Embora as etiquetas de moedas NFC sejam projetadas para durabilidade, sua resist\u00eancia \u00e0 \u00e1gua pode variar com base nos materiais usados. \u00c9 essencial verificar as especifica\u00e7\u00f5es para obter detalhes.<\/span><\/p>","protected":false},"excerpt":{"rendered":"<p>Etiquetas de moedas NFC anti-metal personalizadas permitem um envolvimento perfeito do consumidor. Toque para acessar informa\u00e7\u00f5es instantaneamente, perfeito para marketing em superf\u00edcies de metal.<\/p>","protected":false},"featured_media":2577,"template":"","meta":{"_kad_post_transparent":"default","_kad_post_title":"","_kad_post_layout":"default","_kad_post_sidebar_id":"","_kad_post_content_style":"default","_kad_post_vertical_padding":"default","_kad_post_feature":"","_kad_post_feature_position":"","_kad_post_header":false,"_kad_post_footer":false,"_kad_post_classname":""},"product_brand":[],"product_cat":[54],"product_tag":[292,290,293],"class_list":{"0":"post-2576","1":"product","2":"type-product","3":"status-publish","4":"has-post-thumbnail","6":"product_cat-hot-selling-rfid-tags","7":"product_tag-anti-metal-nfc-coin-tag","8":"product_tag-nfc-tag","9":"product_tag-nfc-token","11":"first","12":"instock","13":"shipping-taxable","14":"product-type-simple","15":"entry","16":"content-bg","17":"loop-entry"},"_links":{"self":[{"href":"https:\/\/rfid-laundry-tag.com\/pt\/wp-json\/wp\/v2\/product\/2576","targetHints":{"allow":["GET"]}}],"collection":[{"href":"https:\/\/rfid-laundry-tag.com\/pt\/wp-json\/wp\/v2\/product"}],"about":[{"href":"https:\/\/rfid-laundry-tag.com\/pt\/wp-json\/wp\/v2\/types\/product"}],"version-history":[{"count":1,"href":"https:\/\/rfid-laundry-tag.com\/pt\/wp-json\/wp\/v2\/product\/2576\/revisions"}],"predecessor-version":[{"id":2580,"href":"https:\/\/rfid-laundry-tag.com\/pt\/wp-json\/wp\/v2\/product\/2576\/revisions\/2580"}],"wp:featuredmedia":[{"embeddable":true,"href":"https:\/\/rfid-laundry-tag.com\/pt\/wp-json\/wp\/v2\/media\/2577"}],"wp:attachment":[{"href":"https:\/\/rfid-laundry-tag.com\/pt\/wp-json\/wp\/v2\/media?parent=2576"}],"wp:term":[{"taxonomy":"product_brand","embeddable":true,"href":"https:\/\/rfid-laundry-tag.com\/pt\/wp-json\/wp\/v2\/product_brand?post=2576"},{"taxonomy":"product_cat","embeddable":true,"href":"https:\/\/rfid-laundry-tag.com\/pt\/wp-json\/wp\/v2\/product_cat?post=2576"},{"taxonomy":"product_tag","embeddable":true,"href":"https:\/\/rfid-laundry-tag.com\/pt\/wp-json\/wp\/v2\/product_tag?post=2576"}],"curies":[{"name":"wp","href":"https:\/\/api.w.org\/{rel}","templated":true}]}}