{"id":2571,"date":"2024-09-17T13:42:59","date_gmt":"2024-09-17T13:42:59","guid":{"rendered":"https:\/\/rfid-laundry-tag.com\/?post_type=product&#038;p=2571"},"modified":"2024-09-17T13:43:00","modified_gmt":"2024-09-17T13:43:00","slug":"custom-guard-nfc-token-on-metal","status":"publish","type":"product","link":"https:\/\/rfid-laundry-tag.com\/pt\/custom-guard-nfc-token-on-metal\/","title":{"rendered":"Token NFC de guarda personalizada ON-METAL"},"content":{"rendered":"<h3>Token NFC de guarda personalizada ON-METAL<\/h3>\n<h3>Principais caracter\u00edsticas:<\/h3>\n<ul>\n<li><strong>Tipo de chip<\/strong>: NTAG213, conhecido por sua grande capacidade de mem\u00f3ria, adequado para uma variedade de aplica\u00e7\u00f5es.<\/li>\n<li><strong>Funcionalidade On-Metal<\/strong>: Equipado com uma camada de isolamento anti-metal de 0,2 mm de espessura, permitindo opera\u00e7\u00e3o NFC confi\u00e1vel em superf\u00edcies met\u00e1licas.<\/li>\n<li><strong>Material<\/strong>: Feito de pl\u00e1stico PVC macio e resistente, projetado para ser resistente \u00e0 \u00e1gua e especificamente personaliz\u00e1vel com logotipos ou artes; tamb\u00e9m dispon\u00edvel em preto.<\/li>\n<li><strong>Adesivo<\/strong>: Vem com fita adesiva 3M 9448A, um adesivo acr\u00edlico leve que proporciona uma forte ades\u00e3o a v\u00e1rias superf\u00edcies; uma op\u00e7\u00e3o sem cola tamb\u00e9m est\u00e1 dispon\u00edvel.<\/li>\n<li><strong>Op\u00e7\u00f5es de tamanho<\/strong>: Dispon\u00edvel em diferentes formatos, como circular (25 mm, 30 mm, 35 mm) e quadrado (30 mm x 30 mm), com tamanhos personalizados poss\u00edveis.<\/li>\n<li><strong>Modos de trabalho<\/strong>: Suporta fun\u00e7\u00f5es de leitura e grava\u00e7\u00e3o para armazenamento e recupera\u00e7\u00e3o de dados.<\/li>\n<li><strong>Ler dist\u00e2ncia<\/strong>: Capaz de ler a dist\u00e2ncias de 1 a 30 cm, dependendo das condi\u00e7\u00f5es espec\u00edficas de uso.<\/li>\n<li><strong>Op\u00e7\u00f5es de artesanato<\/strong>: Acabamentos personaliz\u00e1veis, incluindo brilhante, fosco, holograma e op\u00e7\u00f5es para numera\u00e7\u00e3o a laser ou c\u00f3digos QR.<\/li>\n<\/ul>\n<h3>Aplica\u00e7\u00f5es:<\/h3>\n<ul>\n<li><strong>Controle de acesso<\/strong>: Ideal para monitorar e controlar acessos em diversos ambientes.<\/li>\n<li><strong>Automa\u00e7\u00e3o<\/strong>: Pode ser usado em sistemas automatizados para fins de rastreamento e identifica\u00e7\u00e3o.<\/li>\n<li><strong>Gest\u00e3o de invent\u00e1rio<\/strong>: \u00datil para gerenciar estoque e invent\u00e1rio com identifica\u00e7\u00e3o em tempo real de itens etiquetados.<\/li>\n<li><strong>Passeios de guarda<\/strong>: Projetado especificamente para uso em sistemas de rondas de seguran\u00e7a, garantindo o rastreamento eficaz do pessoal de seguran\u00e7a.<\/li>\n<\/ul>\n<p>Este tipo de token NFC combina perfeitamente funcionalidade e facilidade de uso, tornando-o uma excelente escolha para diversas aplica\u00e7\u00f5es NFC em seguran\u00e7a e gerenciamento de ativos.<\/p>","protected":false},"excerpt":{"rendered":"<p>Os tokens NFC em metal revolucionaram a maneira como interagimos com a tecnologia, especialmente no campo da seguran\u00e7a e gest\u00e3o de ativos.<\/p>","protected":false},"featured_media":2572,"template":"","meta":{"_kad_post_transparent":"default","_kad_post_title":"","_kad_post_layout":"default","_kad_post_sidebar_id":"","_kad_post_content_style":"default","_kad_post_vertical_padding":"default","_kad_post_feature":"","_kad_post_feature_position":"","_kad_post_header":false,"_kad_post_footer":false,"_kad_post_classname":""},"product_brand":[],"product_cat":[54],"product_tag":[],"class_list":{"0":"post-2571","1":"product","2":"type-product","3":"status-publish","4":"has-post-thumbnail","6":"product_cat-hot-selling-rfid-tags","8":"first","9":"instock","10":"shipping-taxable","11":"product-type-simple","12":"entry","13":"content-bg","14":"loop-entry"},"_links":{"self":[{"href":"https:\/\/rfid-laundry-tag.com\/pt\/wp-json\/wp\/v2\/product\/2571","targetHints":{"allow":["GET"]}}],"collection":[{"href":"https:\/\/rfid-laundry-tag.com\/pt\/wp-json\/wp\/v2\/product"}],"about":[{"href":"https:\/\/rfid-laundry-tag.com\/pt\/wp-json\/wp\/v2\/types\/product"}],"version-history":[{"count":2,"href":"https:\/\/rfid-laundry-tag.com\/pt\/wp-json\/wp\/v2\/product\/2571\/revisions"}],"predecessor-version":[{"id":2575,"href":"https:\/\/rfid-laundry-tag.com\/pt\/wp-json\/wp\/v2\/product\/2571\/revisions\/2575"}],"wp:featuredmedia":[{"embeddable":true,"href":"https:\/\/rfid-laundry-tag.com\/pt\/wp-json\/wp\/v2\/media\/2572"}],"wp:attachment":[{"href":"https:\/\/rfid-laundry-tag.com\/pt\/wp-json\/wp\/v2\/media?parent=2571"}],"wp:term":[{"taxonomy":"product_brand","embeddable":true,"href":"https:\/\/rfid-laundry-tag.com\/pt\/wp-json\/wp\/v2\/product_brand?post=2571"},{"taxonomy":"product_cat","embeddable":true,"href":"https:\/\/rfid-laundry-tag.com\/pt\/wp-json\/wp\/v2\/product_cat?post=2571"},{"taxonomy":"product_tag","embeddable":true,"href":"https:\/\/rfid-laundry-tag.com\/pt\/wp-json\/wp\/v2\/product_tag?post=2571"}],"curies":[{"name":"wp","href":"https:\/\/api.w.org\/{rel}","templated":true}]}}