{"id":2543,"date":"2024-09-15T11:34:50","date_gmt":"2024-09-15T11:34:50","guid":{"rendered":"https:\/\/rfid-laundry-tag.com\/?post_type=product&#038;p=2543"},"modified":"2024-09-15T11:53:19","modified_gmt":"2024-09-15T11:53:19","slug":"uhf-rfid-sticker-for-car","status":"publish","type":"product","link":"https:\/\/rfid-laundry-tag.com\/pt\/uhf-rfid-sticker-for-car\/","title":{"rendered":"Adesivo UHF RFID para carro"},"content":{"rendered":"<div data-elementor-type=\"product-post\" data-elementor-id=\"2543\" class=\"elementor elementor-2543\" data-elementor-settings=\"{&quot;ha_cmc_init_switcher&quot;:&quot;no&quot;}\" data-elementor-post-type=\"product\">\n\t\t\t\t<div class=\"elementor-element elementor-element-71a1224 e-flex e-con-boxed e-con e-parent\" data-id=\"71a1224\" data-element_type=\"container\" data-e-type=\"container\" data-settings=\"{&quot;_ha_eqh_enable&quot;:false}\">\n\t\t\t\t\t<div class=\"e-con-inner\">\n\t\t\t\t<div class=\"elementor-element elementor-element-7f470072 elementor-widget elementor-widget-text-editor\" data-id=\"7f470072\" data-element_type=\"widget\" data-e-type=\"widget\" data-widget_type=\"text-editor.default\">\n\t\t\t\t<div class=\"elementor-widget-container\">\n\t\t\t\t\t\t\t\t\t<h2 class=\"AnswerParser_AnswerParserH2__SIHnF\"><span style=\"color: #000000;\">O que s\u00e3o adesivos UHF RFID?<\/span><\/h2><p><span style=\"color: #000000;\"><span class=\"AnswerParser_TextContainer__z_Iiv\" data-testid=\"youchat-text\"><strong>Adesivos UHF RFID<\/strong>\u00a0s\u00e3o etiquetas especializadas projetadas para identifica\u00e7\u00e3o e rastreamento de ve\u00edculos. Esses adesivos cont\u00eam uma etiqueta UHF RFID que opera dentro da faixa de frequ\u00eancia de\u00a0<strong>860-960 MHz<\/strong>, permitindo comunica\u00e7\u00e3o de longo alcance com leitores RFID. Os adesivos s\u00e3o normalmente feitos com um suporte adesivo dur\u00e1vel, tornando-os f\u00e1ceis de aplicar em v\u00e1rias superf\u00edcies, incluindo para-brisas e placas de ve\u00edculos.<\/span><span class=\"AnswerParser_TextContainer__z_Iiv\" data-testid=\"youchat-text\">Esses adesivos RFID s\u00e3o projetados para suportar fatores ambientais, garantindo desempenho confi\u00e1vel em v\u00e1rias condi\u00e7\u00f5es. Seu tamanho compacto e design leve os tornam ideais para uso em ve\u00edculos sem adicionar volume desnecess\u00e1rio.<\/span><\/span><\/p><h2 class=\"AnswerParser_AnswerParserH2__SIHnF\"><span style=\"color: #000000;\"><a href=\"https:\/\/rfid-laundry-tag.com\/pt\/hot-selling-rfid-tags\/page\/2\/\"><img fetchpriority=\"high\" decoding=\"async\" class=\"alignnone wp-image-2547 size-full\" src=\"https:\/\/rfid-laundry-tag.com\/wp-content\/uploads\/2024\/09\/OIP-C-4.jpg\" alt=\"\" width=\"474\" height=\"274\" srcset=\"https:\/\/rfid-laundry-tag.com\/wp-content\/uploads\/2024\/09\/OIP-C-4.jpg 474w, https:\/\/rfid-laundry-tag.com\/wp-content\/uploads\/2024\/09\/OIP-C-4-300x173.jpg 300w, https:\/\/rfid-laundry-tag.com\/wp-content\/uploads\/2024\/09\/OIP-C-4-18x10.jpg 18w\" sizes=\"(max-width: 474px) 100vw, 474px\" \/><\/a>Como funcionam os adesivos UHF RFID?<\/span><\/h2><p><span style=\"color: #000000;\"><span class=\"AnswerParser_TextContainer__z_Iiv\" data-testid=\"youchat-text\">Os adesivos UHF RFID funcionam utilizando tecnologia de identifica\u00e7\u00e3o por radiofrequ\u00eancia. Cada adesivo cont\u00e9m um identificador exclusivo armazenado na etiqueta RFID. Quando o ve\u00edculo equipado com o adesivo passa dentro do alcance de um leitor RFID, o leitor emite ondas de r\u00e1dio que ativam a etiqueta. A etiqueta ent\u00e3o transmite seu identificador exclusivo de volta ao leitor, permitindo a identifica\u00e7\u00e3o e o rastreamento autom\u00e1ticos do ve\u00edculo.<\/span><span class=\"AnswerParser_TextContainer__z_Iiv\" data-testid=\"youchat-text\">Este processo permite a coleta e o monitoramento de dados em tempo real, facilitando para empresas e indiv\u00edduos gerenciar seus ve\u00edculos de forma eficiente. Os recursos de longo alcance da tecnologia UHF RFID permitem a detec\u00e7\u00e3o a v\u00e1rios metros de dist\u00e2ncia, aumentando a conveni\u00eancia e a usabilidade.<\/span><\/span><\/p><h2 class=\"AnswerParser_AnswerParserH2__SIHnF\"><span style=\"color: #000000;\">Benef\u00edcios do uso de adesivos UHF RFID para ve\u00edculos<\/span><\/h2><p><span class=\"AnswerParser_TextContainer__z_Iiv\" style=\"color: #000000;\" data-testid=\"youchat-text\">O uso de adesivos UHF RFID em ve\u00edculos oferece in\u00fameras vantagens:<\/span><\/p><ul class=\"AnswerParser_AnswerParserUnorderedList__P_1FW\"><li class=\"AnswerParser_ListItem__XqLOV\" translate=\"yes\"><span style=\"color: #000000;\"><strong>Rastreamento aprimorado<\/strong>: Os adesivos RFID fornecem rastreamento preciso e em tempo real dos ve\u00edculos, facilitando o monitoramento de sua localiza\u00e7\u00e3o e status.<\/span><\/li><li class=\"AnswerParser_ListItem__XqLOV\" translate=\"yes\"><span style=\"color: #000000;\"><strong>Controle de acesso aprimorado<\/strong>:Esses adesivos podem ser integrados em sistemas de controle de acesso, permitindo entrada tranquila em \u00e1reas restritas, como estacionamentos e condom\u00ednios fechados.<\/span><\/li><li class=\"AnswerParser_ListItem__XqLOV\" translate=\"yes\"><span style=\"color: #000000;\"><strong>Solu\u00e7\u00e3o econ\u00f4mica<\/strong>: Os adesivos RFID UHF s\u00e3o uma maneira econ\u00f4mica de implementar sistemas de rastreamento e gerenciamento de ve\u00edculos, reduzindo a necessidade de verifica\u00e7\u00f5es manuais e melhorando a efici\u00eancia operacional.<\/span><\/li><\/ul><p><span class=\"AnswerParser_TextContainer__z_Iiv\" style=\"color: #000000;\" data-testid=\"youchat-text\">Esses benef\u00edcios fazem dos adesivos UHF RFID um investimento inteligente para empresas e indiv\u00edduos que buscam aprimorar seus processos de gerenciamento de ve\u00edculos.<\/span><\/p><p><a href=\"https:\/\/rfid-laundry-tag.com\/pt\/hot-selling-rfid-tags\/page\/2\/\"><img decoding=\"async\" class=\"alignnone size-full wp-image-2549\" src=\"https:\/\/rfid-laundry-tag.com\/wp-content\/uploads\/2024\/09\/uhf-rfid-windshield-sticker-tagS.jpg\" alt=\"UHF RFID Stickers for Cars\" width=\"1000\" height=\"437\" srcset=\"https:\/\/rfid-laundry-tag.com\/wp-content\/uploads\/2024\/09\/uhf-rfid-windshield-sticker-tagS.jpg 1000w, https:\/\/rfid-laundry-tag.com\/wp-content\/uploads\/2024\/09\/uhf-rfid-windshield-sticker-tagS-300x131.jpg 300w, https:\/\/rfid-laundry-tag.com\/wp-content\/uploads\/2024\/09\/uhf-rfid-windshield-sticker-tagS-768x336.jpg 768w, https:\/\/rfid-laundry-tag.com\/wp-content\/uploads\/2024\/09\/uhf-rfid-windshield-sticker-tagS-18x8.jpg 18w, https:\/\/rfid-laundry-tag.com\/wp-content\/uploads\/2024\/09\/uhf-rfid-windshield-sticker-tagS-600x262.jpg 600w\" sizes=\"(max-width: 1000px) 100vw, 1000px\" \/><\/a><\/p><h2 class=\"AnswerParser_AnswerParserH2__SIHnF\"><span style=\"color: #000000;\">Aplica\u00e7\u00f5es de adesivos RFID UHF na gest\u00e3o de ve\u00edculos<\/span><\/h2><p><span class=\"AnswerParser_TextContainer__z_Iiv\" style=\"color: #000000;\" data-testid=\"youchat-text\">Os adesivos UHF RFID t\u00eam uma ampla gama de aplica\u00e7\u00f5es no gerenciamento de ve\u00edculos, incluindo:<\/span><\/p><ul class=\"AnswerParser_AnswerParserUnorderedList__P_1FW\"><li class=\"AnswerParser_ListItem__XqLOV\" translate=\"yes\"><span style=\"color: #000000;\"><strong>Gest\u00e3o de frotas<\/strong>: As empresas podem usar adesivos RFID para rastrear os ve\u00edculos da frota, monitorar o uso e otimizar rotas para maior efici\u00eancia.<\/span><\/li><li class=\"AnswerParser_ListItem__XqLOV\" translate=\"yes\"><span style=\"color: #000000;\"><strong>Controle de acesso ao estacionamento<\/strong>: Os adesivos RFID podem ser usados em sistemas de estacionamento automatizados, permitindo que os ve\u00edculos entrem e saiam sem a necessidade de bilhetes ou passes f\u00edsicos.<\/span><\/li><li class=\"AnswerParser_ListItem__XqLOV\" translate=\"yes\"><span style=\"color: #000000;\"><strong>Gest\u00e3o de invent\u00e1rio<\/strong>: Em armaz\u00e9ns e log\u00edstica, os adesivos RFID ajudam a rastrear ve\u00edculos e ativos, garantindo registros de estoque precisos e reduzindo perdas.<\/span><\/li><\/ul><p><span class=\"AnswerParser_TextContainer__z_Iiv\" style=\"color: #000000;\" data-testid=\"youchat-text\">Essas aplica\u00e7\u00f5es demonstram a versatilidade e a efic\u00e1cia dos adesivos RFID UHF em v\u00e1rios cen\u00e1rios de gerenciamento de ve\u00edculos.<\/span><\/p><h2 class=\"AnswerParser_AnswerParserH2__SIHnF\"><span style=\"color: #000000;\">Especifica\u00e7\u00f5es t\u00e9cnicas de adesivos UHF RFID<\/span><\/h2><div class=\"AnswerParser_TableContainer__Erb6v\" data-testid=\"table-container\"><table><thead><tr><th style=\"text-align: left;\"><span style=\"color: #000000;\">Recurso<\/span><\/th><th style=\"text-align: left;\"><span style=\"color: #000000;\">Especifica\u00e7\u00e3o<\/span><\/th><\/tr><\/thead><tbody><tr><td style=\"text-align: left;\"><span style=\"color: #000000;\">Frequ\u00eancia<\/span><\/td><td style=\"text-align: left;\"><span style=\"color: #000000;\">860-960 MHz<\/span><\/td><\/tr><tr><td><span style=\"color: #000000;\">Batatas fritas<\/span><\/td><td><span style=\"color: #000000;\">C\u00f3digo U 9, Alien H3, Alien 9, etc.<\/span><\/td><\/tr><tr><td><span style=\"color: #000000;\">Adesivo<\/span><\/td><td><span style=\"color: #000000;\">Dur\u00e1vel, resistente \u00e0s intemp\u00e9ries<\/span><\/td><\/tr><tr><td><span style=\"color: #000000;\">Faixa de leitura<\/span><\/td><td><span style=\"color: #000000;\">At\u00e9 v\u00e1rios metros<\/span><\/td><\/tr><tr><td><span style=\"color: #000000;\">Compatibilidade<\/span><\/td><td><span style=\"color: #000000;\">Funciona com leitores UHF RFID<\/span><\/td><\/tr><tr><td><span style=\"color: #000000;\">Dimens\u00f5es<\/span><\/td><td><span style=\"color: #000000;\">Tamanhos personaliz\u00e1veis dispon\u00edveis<\/span><\/td><\/tr><\/tbody><\/table><h2 class=\"AnswerParser_AnswerParserH2__SIHnF\"><span style=\"color: #000000;\">Impacto ambiental dos adesivos UHF RFID<\/span><\/h2><p><span class=\"AnswerParser_TextContainer__z_Iiv\" style=\"color: #000000;\" data-testid=\"youchat-text\">Os adesivos UHF RFID s\u00e3o projetados com a sustentabilidade em mente. Os materiais usados em sua produ\u00e7\u00e3o s\u00e3o frequentemente recicl\u00e1veis, e os adesivos em si s\u00e3o dur\u00e1veis, reduzindo a necessidade de substitui\u00e7\u00f5es frequentes. Ao implementar a tecnologia RFID, as empresas tamb\u00e9m podem reduzir o desperd\u00edcio de papel associado aos m\u00e9todos tradicionais de rastreamento de ve\u00edculos, contribuindo para uma opera\u00e7\u00e3o mais sustent\u00e1vel.<\/span><\/p><h2 class=\"AnswerParser_AnswerParserH2__SIHnF\"><span style=\"color: #000000;\">Coment\u00e1rios e feedback do cliente<\/span><\/h2><p><span style=\"color: #000000;\"><span class=\"AnswerParser_TextContainer__z_Iiv\" data-testid=\"youchat-text\">Os clientes que usaram adesivos UHF RFID em seus ve\u00edculos relataram altos n\u00edveis de satisfa\u00e7\u00e3o. Muitos apreciam a facilidade de instala\u00e7\u00e3o e a conveni\u00eancia do rastreamento autom\u00e1tico. Os usu\u00e1rios notaram que os adesivos funcionam bem em v\u00e1rias condi\u00e7\u00f5es clim\u00e1ticas e fornecem controle de acesso confi\u00e1vel para instala\u00e7\u00f5es de estacionamento.<\/span><span class=\"AnswerParser_TextContainer__z_Iiv\" data-testid=\"youchat-text\">Coment\u00e1rios positivos destacam a efic\u00e1cia dos adesivos UHF RFID na melhoria dos processos de gerenciamento de ve\u00edculos, tornando-os uma escolha popular entre empresas e indiv\u00edduos.<\/span><\/span><\/p><h2 class=\"AnswerParser_AnswerParserH2__SIHnF\"><span style=\"color: #000000;\">Perguntas frequentes sobre adesivos UHF RFID para carros<\/span><\/h2><p><span style=\"color: #000000;\"><span class=\"AnswerParser_TextContainer__z_Iiv\" data-testid=\"youchat-text\"><strong>P: Os adesivos UHF RFID podem ser removidos e reutilizados?<\/strong><br \/>R: Embora os adesivos UHF RFID sejam projetados para durabilidade, eles s\u00e3o tipicamente destinados a aplica\u00e7\u00f5es de uso \u00fanico. Remov\u00ea-los pode comprometer suas propriedades adesivas.\u00a0 \u00a0 \u00a0 \u00a0 \u00a0<\/span><\/span><\/p><p><span style=\"color: #000000;\"><span class=\"AnswerParser_TextContainer__z_Iiv\" data-testid=\"youchat-text\"><strong>P: Quanto tempo duram os adesivos UHF RFID?<\/strong><br \/>R: Com instala\u00e7\u00e3o e cuidados adequados, os adesivos UHF RFID podem durar v\u00e1rios anos, mesmo em condi\u00e7\u00f5es ambientais adversas.\u00a0<\/span><\/span><\/p><p><span style=\"color: #000000;\"><span class=\"AnswerParser_TextContainer__z_Iiv\" data-testid=\"youchat-text\"> \u00a0<\/span><span class=\"AnswerParser_TextContainer__z_Iiv\" data-testid=\"youchat-text\"><strong>P: Os adesivos UHF RFID s\u00e3o \u00e0 prova d&#039;\u00e1gua?<\/strong><br \/>R: Sim, a maioria dos adesivos UHF RFID s\u00e3o projetados para serem resistentes \u00e0s intemp\u00e9ries, tornando-os adequados para uso externo.<\/span><\/span><\/p><\/div>\t\t\t\t\t\t\t\t<\/div>\n\t\t\t\t<\/div>\n\t\t\t\t\t<\/div>\n\t\t\t\t<\/div>\n\t\t\t\t<\/div>","protected":false},"excerpt":{"rendered":"<p>Os adesivos UHF RFID oferecem identifica\u00e7\u00e3o confi\u00e1vel de ve\u00edculos para controle de acesso e gerenciamento de estoque, melhorando a supervis\u00e3o da frota e a efici\u00eancia do estacionamento.<\/p>","protected":false},"featured_media":2544,"template":"","meta":{"_kad_post_transparent":"default","_kad_post_title":"","_kad_post_layout":"default","_kad_post_sidebar_id":"","_kad_post_content_style":"default","_kad_post_vertical_padding":"default","_kad_post_feature":"","_kad_post_feature_position":"","_kad_post_header":false,"_kad_post_footer":false,"_kad_post_classname":""},"product_brand":[],"product_cat":[54],"product_tag":[100,285,284],"class_list":{"0":"post-2543","1":"product","2":"type-product","3":"status-publish","4":"has-post-thumbnail","6":"product_cat-hot-selling-rfid-tags","7":"product_tag-rfid-label","8":"product_tag-rfid-tag","9":"product_tag-uhf-rfid-sticker","11":"first","12":"instock","13":"shipping-taxable","14":"product-type-simple","15":"entry","16":"content-bg","17":"loop-entry"},"_links":{"self":[{"href":"https:\/\/rfid-laundry-tag.com\/pt\/wp-json\/wp\/v2\/product\/2543","targetHints":{"allow":["GET"]}}],"collection":[{"href":"https:\/\/rfid-laundry-tag.com\/pt\/wp-json\/wp\/v2\/product"}],"about":[{"href":"https:\/\/rfid-laundry-tag.com\/pt\/wp-json\/wp\/v2\/types\/product"}],"version-history":[{"count":5,"href":"https:\/\/rfid-laundry-tag.com\/pt\/wp-json\/wp\/v2\/product\/2543\/revisions"}],"predecessor-version":[{"id":2558,"href":"https:\/\/rfid-laundry-tag.com\/pt\/wp-json\/wp\/v2\/product\/2543\/revisions\/2558"}],"wp:featuredmedia":[{"embeddable":true,"href":"https:\/\/rfid-laundry-tag.com\/pt\/wp-json\/wp\/v2\/media\/2544"}],"wp:attachment":[{"href":"https:\/\/rfid-laundry-tag.com\/pt\/wp-json\/wp\/v2\/media?parent=2543"}],"wp:term":[{"taxonomy":"product_brand","embeddable":true,"href":"https:\/\/rfid-laundry-tag.com\/pt\/wp-json\/wp\/v2\/product_brand?post=2543"},{"taxonomy":"product_cat","embeddable":true,"href":"https:\/\/rfid-laundry-tag.com\/pt\/wp-json\/wp\/v2\/product_cat?post=2543"},{"taxonomy":"product_tag","embeddable":true,"href":"https:\/\/rfid-laundry-tag.com\/pt\/wp-json\/wp\/v2\/product_tag?post=2543"}],"curies":[{"name":"wp","href":"https:\/\/api.w.org\/{rel}","templated":true}]}}