{"id":204,"date":"2024-06-18T09:26:05","date_gmt":"2024-06-18T09:26:05","guid":{"rendered":"https:\/\/rfid-laundry-tag.com\/?post_type=product&#038;p=204"},"modified":"2024-09-26T03:20:13","modified_gmt":"2024-09-26T03:20:13","slug":"textile-fabric-rfid-laundry-tags","status":"publish","type":"product","link":"https:\/\/rfid-laundry-tag.com\/pt\/textile-fabric-rfid-laundry-tags\/","title":{"rendered":"Etiquetas de lavanderia RFID de tecido t\u00eaxtil"},"content":{"rendered":"<div>\n<div class=\"auto-hide-last-sibling-br paragraph_1252f paragraph-element\">\n<table width=\"637\">\n<tbody>\n<tr>\n<td width=\"328\">Nome do item:<\/td>\n<td width=\"309\"><strong>Etiquetas de lavanderia RFID de tecido t\u00eaxtil<\/strong><\/td>\n<\/tr>\n<tr>\n<td width=\"328\">Padr\u00e3o RFID:<\/td>\n<td width=\"309\">ISO\/IEC 18000-6 Tipo C (EPC Gen2)<\/td>\n<\/tr>\n<tr>\n<td width=\"328\">Tamanho e peso:<\/td>\n<td width=\"309\">70\u00d715 mm, 0,6 g<\/td>\n<\/tr>\n<tr>\n<td width=\"328\">Tipo de chip:<\/td>\n<td width=\"309\">Impinj Monza 4QT, NXP U C\u00d3DIGO 8, NXP U C\u00d3DIGO 9<\/td>\n<\/tr>\n<tr>\n<td width=\"328\">Mem\u00f3ria EPC:<\/td>\n<td width=\"309\">128 bits<\/td>\n<\/tr>\n<tr>\n<td width=\"328\">Mem\u00f3ria do usu\u00e1rio:<\/td>\n<td width=\"309\">512 bits<\/td>\n<\/tr>\n<tr>\n<td width=\"328\">Alcance de leitura (2W ERP FCC):<\/td>\n<td width=\"309\">8m<\/td>\n<\/tr>\n<tr>\n<td width=\"328\">Alcance de leitura (2W ERP ETSI):<\/td>\n<td width=\"309\">8m<\/td>\n<\/tr>\n<tr>\n<td width=\"328\">Marca\u00e7\u00e3o:<\/td>\n<td width=\"309\">Costura, Adesivo para estampagem a quente<\/td>\n<\/tr>\n<tr>\n<td width=\"328\">Vida \u00fatil estimada:<\/td>\n<td width=\"309\">200 ciclos de lavagem ou 3 anos, o que ocorrer primeiro<\/td>\n<\/tr>\n<tr>\n<td width=\"328\">M\u00e9todo de lavagem:<\/td>\n<td width=\"309\">Lavanderia, Limpeza a seco<\/td>\n<\/tr>\n<tr>\n<td width=\"328\">Press\u00e3o de extra\u00e7\u00e3o de \u00e1gua:<\/td>\n<td width=\"309\">60 barras<\/td>\n<\/tr>\n<tr>\n<td width=\"328\">Resist\u00eancia \u00e0 \u00e1gua:<\/td>\n<td width=\"309\">Resistente \u00e0 \u00e1gua<\/td>\n<\/tr>\n<tr>\n<td width=\"328\">Resist\u00eancia qu\u00edmica:<\/td>\n<td width=\"309\">Detergente, Amaciante, Alvejante (Oxig\u00eanio\/ Cloro), \u00c1lcali<\/td>\n<\/tr>\n<tr>\n<td width=\"328\">Pr\u00e9-secagem em tambor:<\/td>\n<td width=\"309\">125 \u00baC por 15-20 minutos<\/td>\n<\/tr>\n<tr>\n<td width=\"328\">Temperatura de esteriliza\u00e7\u00e3o:<\/td>\n<td width=\"309\">135\u00b0C por 15-20 minutos<\/td>\n<\/tr>\n<tr>\n<td width=\"328\">Temperatura de lavagem:<\/td>\n<td width=\"309\">90\u00b0C, at\u00e9 15min.<\/td>\n<\/tr>\n<tr>\n<td width=\"328\">Umidade\/Temperatura-Opera\u00e7\u00e3o:<\/td>\n<td width=\"309\">-20 a 110\u00b0C, 8 a 95%RH<\/td>\n<\/tr>\n<tr>\n<td width=\"328\">Umidade\/Temperatura-Armazenamento:<\/td>\n<td width=\"309\">-40 a 110\u00b0C, 8 a 95%RH<\/td>\n<\/tr>\n<\/tbody>\n<\/table>\n<\/div>\n<div class=\"auto-hide-last-sibling-br paragraph_1252f paragraph-element\"><\/div>\n<\/div>\n<div data-spm-anchor-id=\"a2700.details.0.i57.23b419c7xXORP0\">\n<div class=\"auto-hide-last-sibling-br paragraph_1252f paragraph-element\">\n<h2>Caracter\u00edsticas das etiquetas de lavanderia RFID de tecido t\u00eaxtil<\/h2>\n<h3>1. Dur\u00e1vel e lav\u00e1vel<\/h3>\n<p>Nosso\u00a0<strong>etiquetas RFID lav\u00e1veis<\/strong>\u00a0s\u00e3o meticulosamente projetados para suportar condi\u00e7\u00f5es severas de lavagem. Eles podem suportar at\u00e9\u00a0<strong>200 ciclos de lavagem<\/strong>, suportando altas temperaturas durante os processos de lavagem e secagem. Os materiais dur\u00e1veis e a tecnologia utilizada garantem que estes\u00a0<strong>as etiquetas podem ser costuradas<\/strong>\u00a0em v\u00e1rios itens, incluindo roupas de cama e vestu\u00e1rio, sem comprometer sua integridade. Seja lavagem a quente em\u00a0<strong>90\u00b0C<\/strong>\u00a0ou esteriliza\u00e7\u00e3o em\u00a0<strong>135\u00b0C<\/strong>, essas etiquetas s\u00e3o feitas para suportar as demandas da lavanderia industrial.<\/p>\n<h3>2. Integra\u00e7\u00e3o perfeita com sistemas RFID<\/h3>\n<p>O\u00a0<strong>Tecnologia UHF RFID<\/strong>\u00a0embutido nas etiquetas de lavanderia permite integra\u00e7\u00e3o perfeita com os sistemas de gerenciamento de lavanderia existentes. Se voc\u00ea estiver utilizando\u00a0<strong>Leitores RFID<\/strong>\u00a0para rastreamento automatizado ou incorpor\u00e1-los em um ambiente mais amplo\u00a0<strong>gest\u00e3o de invent\u00e1rio<\/strong>\u00a0sistema, essas tags fornecem a compatibilidade necess\u00e1ria para opera\u00e7\u00f5es simplificadas. O alcance de leitura confi\u00e1vel de at\u00e9\u00a0<strong>8 metros<\/strong>\u00a0garante um rastreamento preciso, mantendo seu estoque de lavanderia sob controle.<\/p>\n<h3>3. Capacidades aprimoradas de rastreamento e gerenciamento<\/h3>\n<p>Com\u00a0<strong>Etiquetas de lavanderia RFID<\/strong>, voc\u00ea pode rastrear cada pe\u00e7a de roupa em todas as etapas do processo\u00a0<strong>processo de lavanderia<\/strong>. A identifica\u00e7\u00e3o eficiente e o rastreamento de invent\u00e1rio levam a insights acion\u00e1veis, melhorando o controle geral do invent\u00e1rio. Voc\u00ea pode rastrear o movimento de cada\u00a0<strong>artigo t\u00eaxtil<\/strong>, garantindo que sejam devolvidos aos indiv\u00edduos ou locais corretos prontamente. Essa visibilidade \u00e9 crucial para manter a satisfa\u00e7\u00e3o do cliente em setores como hospitalidade e assist\u00eancia m\u00e9dica.<\/p>\n<h3>4. Resist\u00eancia qu\u00edmica robusta<\/h3>\n<p>Nosso\u00a0<strong>etiquetas de tecido para lavanderia<\/strong>\u00a0s\u00e3o projetados para tolerar v\u00e1rios produtos qu\u00edmicos normalmente usados em lavanderias industriais. Eles podem resistir a detergentes, amaciantes e alvejantes, incluindo variantes de oxig\u00eanio e cloro. Essa resili\u00eancia qu\u00edmica estende a vida \u00fatil das etiquetas e garante um desempenho confi\u00e1vel, mesmo nos ambientes de lavagem mais severos.<\/p>\n<h3>5. V\u00e1rias op\u00e7\u00f5es de marca\u00e7\u00e3o<\/h3>\n<p>As etiquetas de lavanderia RFID t\u00eaxteis oferecem versatilidade\u00a0<strong>op\u00e7\u00f5es de marca\u00e7\u00e3o<\/strong>. Os clientes podem escolher entre\u00a0<strong>de costura<\/strong>\u00a0as etiquetas diretamente nas roupas ou usando\u00a0<strong>adesivo de estampagem a quente<\/strong>\u00a0para fixa\u00e7\u00e3o segura. Essa adaptabilidade permite f\u00e1cil integra\u00e7\u00e3o em tecidos existentes sem interromper sua fun\u00e7\u00e3o ou apar\u00eancia.<\/p>\n<h3 class=\"wp-block-heading\">Instala\u00e7\u00e3o de etiquetas RFID para lavanderia em tecido t\u00eaxtil<\/h3>\n<p><strong>Marca\u00e7\u00e3o de pontos<\/strong>: Para ser costurado na bainha de um tecido. Costure a etiqueta de lavanderia longe das linhas de dobra.<br \/>\n<strong>Selagem a quente<\/strong>: Para ser selado a quente diretamente no tecido a +200\u00b0C (392\u00b0F), por 12~14s.<br \/>\n<strong>Em bolsa<\/strong>: Para ser costurado como uma etiqueta de cuidados padr\u00e3o. Costure a etiqueta de lavanderia longe das linhas de dobra.<\/p>\n<h2>Benef\u00edcios do gerenciamento de lavanderia RFID<\/h2>\n<h3>Efici\u00eancia operacional aprimorada<\/h3>\n<p>Incorporando\u00a0<strong>Etiquetas RFID<\/strong>\u00a0em seu\u00a0<strong>gest\u00e3o de lavanderia<\/strong>\u00a0processos melhora muito a efici\u00eancia operacional. Sistemas de rastreamento automatizados eliminam a necessidade de processos manuais intensivos em m\u00e3o de obra, reduzindo o tempo da equipe e os custos associados ao rastreamento de itens. Isso permite que os funcion\u00e1rios se concentrem nas tarefas principais que agregam valor ao neg\u00f3cio, aumentando a produtividade geral.<\/p>\n<h3>Rastreamento de ativos superior<\/h3>\n<p>Com a tecnologia RFID, voc\u00ea pode rastrear cada pe\u00e7a de roupa durante todo o seu ciclo de vida, do processamento inicial ao retorno ao servi\u00e7o. Essa capacidade superior de rastreamento de ativos ajuda a evitar perdas e garante que todos os itens sejam contabilizados, especialmente importante em ambientes de alto volume, como hospitais e hot\u00e9is.<\/p>\n<h3>Conformidade com os padr\u00f5es da ind\u00fastria<\/h3>\n<p>As etiquetas RFID para lavanderia s\u00e3o projetadas para atender aos rigorosos padr\u00f5es da ind\u00fastria para durabilidade e desempenho. Seu design robusto \u00e9 adequado para ambientes de alta demanda, tornando-as ideais para aplica\u00e7\u00f5es comerciais. Ao escolher nossas etiquetas RFID t\u00eaxteis, voc\u00ea alinha suas opera\u00e7\u00f5es de lavanderia com pr\u00e1ticas l\u00edderes, garantindo que seu neg\u00f3cio permane\u00e7a competitivo.<\/p>\n<hr \/>\n<h2>Depoimentos de clientes<\/h2>\n<blockquote><p>\u201cReduzimos significativamente a perda de roupas de cama desde que implementamos as etiquetas de lavanderia RFID. O sistema de rastreamento transformou nossa gest\u00e3o de lavanderia!\u201d \u2014\u00a0<em>Mary T., Gerente de Instala\u00e7\u00f5es<\/em><\/p><\/blockquote>\n<blockquote><p>\u201cAs etiquetas RFID n\u00e3o s\u00f3 resistem \u00e0s lavagens como tamb\u00e9m melhoraram consideravelmente nossos tempos de resposta.\u201d \u2014\u00a0<em>John D., Diretor de Opera\u00e7\u00f5es<\/em><\/p><\/blockquote>\n<hr \/>\n<h2>Perguntas Frequentes (FAQs)<\/h2>\n<p><strong>P: Quanto tempo as etiquetas RFID para lavanderia podem durar?<\/strong><br \/>\nA: Nosso\u00a0<strong>Etiquetas de lavanderia RFID<\/strong>\u00a0tem uma vida \u00fatil estimada de\u00a0<strong>200 ciclos de lavagem ou 3 anos<\/strong>, dependendo das condi\u00e7\u00f5es de uso.<\/p>\n<p><strong>P: Essas etiquetas suportam altas temperaturas?<\/strong><br \/>\nR: Sim, essas etiquetas s\u00e3o projetadas para suportar temperaturas de lavagem de at\u00e9\u00a0<strong>90\u00b0C<\/strong>, esteriliza\u00e7\u00e3o em\u00a0<strong>135\u00b0C<\/strong>, e condi\u00e7\u00f5es de pr\u00e9-secagem, tornando-os perfeitos para lavanderias industriais.<\/p>\n<p><strong>P: As etiquetas s\u00e3o resistentes a produtos qu\u00edmicos?<\/strong><br \/>\nR: Com certeza. Essas etiquetas s\u00e3o resistentes a produtos qu\u00edmicos comuns de lavanderia, incluindo detergentes, amaciantes e alvejantes.<\/p>\n<h3>Conclus\u00e3o<\/h3>\n<div class=\"auto-hide-last-sibling-br paragraph_1252f paragraph-element\"><strong>Etiquetas de lavanderia RFID de tecido t\u00eaxtil<\/strong> s\u00e3o etiquetas RFID projetadas especificamente para tecidos que passam por extensos processos de lavagem industrial, abrangendo esteriliza\u00e7\u00e3o e passagem a ferro.<\/div>\n<div class=\"auto-hide-last-sibling-br paragraph_1252f paragraph-element\">Esses <strong>Etiquetas de lavanderia RFID de tecido t\u00eaxtil<\/strong> s\u00e3o fundamentais para identifica\u00e7\u00e3o, rastreamento e gerenciamento eficazes de roupas de cama e t\u00eaxteis. Para empresas que dependem de uma circula\u00e7\u00e3o cont\u00ednua de tecidos limpos, uniformes, roupas de trabalho, roupas m\u00e9dicas ou suprimentos de limpeza, essas etiquetas de lavanderia podem melhorar significativamente o desempenho de sistemas automatizados. Elas facilitam o rastreamento mais r\u00e1pido e preciso de um grande n\u00famero de itens individuais, aumentando assim o controle de estoque e reduzindo perdas. Isso gera economia consider\u00e1vel de tempo e custo, bem como produtividade escalonada para tais estabelecimentos.<\/div>\n<\/div>\n<\/div>\n<div class=\"auto-hide-last-sibling-br paragraph_1252f paragraph-element\">\n<div class=\"auto-hide-last-sibling-br paragraph_1252f paragraph-element\"><strong>Etiqueta t\u00eaxtil RFID<\/strong> para uniformes para lavanderia de linho s\u00e3o indispens\u00e1veis em uma mir\u00edade de ind\u00fastrias, impulsionando crucialmente o rastreamento eficiente de ativos, gerenciamento de invent\u00e1rio e aumentando a efici\u00eancia operacional geral. Aqui est\u00e1 um vislumbre de sua aplica\u00e7\u00e3o em v\u00e1rios setores:<\/div>\n<div><\/div>\n<p>&nbsp;<\/p>\n<\/div>\n<div class=\"auto-hide-last-sibling-br paragraph_1252f paragraph-element\"><\/div>","protected":false},"excerpt":{"rendered":"<p>Etiquetas de lavanderia RFID de tecido t\u00eaxtil, criadas com tecnologia UHF avan\u00e7ada (860-960 MHz), atendem a padr\u00f5es globais como EPC Class1 Gen2 e ISO 18000. Essas etiquetas de lavanderia de linho t\u00eaxtil UHF oferecem uma mistura de flexibilidade e robustez que podem suportar mais de 200 ciclos de lavagem e press\u00e3o de at\u00e9 60 bar. A caracter\u00edstica not\u00e1vel da etiqueta de lavanderia de tecido RFID UHF \u00e9 seu potencial para permitir leitura em massa a poucos metros de dist\u00e2ncia, servindo como um instrumento altamente eficiente para gerenciamento de lavanderia.<\/p>","protected":false},"featured_media":2675,"template":"","meta":{"_kad_post_transparent":"default","_kad_post_title":"","_kad_post_layout":"default","_kad_post_sidebar_id":"","_kad_post_content_style":"default","_kad_post_vertical_padding":"default","_kad_post_feature":"","_kad_post_feature_position":"","_kad_post_header":false,"_kad_post_footer":false,"_kad_post_classname":""},"product_brand":[],"product_cat":[19],"product_tag":[297,31,65,30],"class_list":{"0":"post-204","1":"product","2":"type-product","3":"status-publish","4":"has-post-thumbnail","6":"product_cat-textile-rfid-laundry-tag","7":"product_tag-rfid-chips-for-uniform","8":"product_tag-rfid-tag-for-linen-laundry","9":"product_tag-textile-rfid-laundry-tags","10":"product_tag-uhf-rfid-laundry-tag","12":"first","13":"instock","14":"featured","15":"shipping-taxable","16":"product-type-simple","17":"entry","18":"content-bg","19":"loop-entry"},"_links":{"self":[{"href":"https:\/\/rfid-laundry-tag.com\/pt\/wp-json\/wp\/v2\/product\/204","targetHints":{"allow":["GET"]}}],"collection":[{"href":"https:\/\/rfid-laundry-tag.com\/pt\/wp-json\/wp\/v2\/product"}],"about":[{"href":"https:\/\/rfid-laundry-tag.com\/pt\/wp-json\/wp\/v2\/types\/product"}],"version-history":[{"count":3,"href":"https:\/\/rfid-laundry-tag.com\/pt\/wp-json\/wp\/v2\/product\/204\/revisions"}],"predecessor-version":[{"id":2678,"href":"https:\/\/rfid-laundry-tag.com\/pt\/wp-json\/wp\/v2\/product\/204\/revisions\/2678"}],"wp:featuredmedia":[{"embeddable":true,"href":"https:\/\/rfid-laundry-tag.com\/pt\/wp-json\/wp\/v2\/media\/2675"}],"wp:attachment":[{"href":"https:\/\/rfid-laundry-tag.com\/pt\/wp-json\/wp\/v2\/media?parent=204"}],"wp:term":[{"taxonomy":"product_brand","embeddable":true,"href":"https:\/\/rfid-laundry-tag.com\/pt\/wp-json\/wp\/v2\/product_brand?post=204"},{"taxonomy":"product_cat","embeddable":true,"href":"https:\/\/rfid-laundry-tag.com\/pt\/wp-json\/wp\/v2\/product_cat?post=204"},{"taxonomy":"product_tag","embeddable":true,"href":"https:\/\/rfid-laundry-tag.com\/pt\/wp-json\/wp\/v2\/product_tag?post=204"}],"curies":[{"name":"wp","href":"https:\/\/api.w.org\/{rel}","templated":true}]}}