{"id":193,"date":"2024-06-16T05:59:05","date_gmt":"2024-06-16T05:59:05","guid":{"rendered":"https:\/\/rfid-laundry-tag.com\/?post_type=product&#038;p=193"},"modified":"2024-09-23T09:29:31","modified_gmt":"2024-09-23T09:29:31","slug":"rfid-chips-in-clothing","status":"publish","type":"product","link":"https:\/\/rfid-laundry-tag.com\/pt\/rfid-chips-in-clothing\/","title":{"rendered":"Chips RFID em roupas"},"content":{"rendered":"<div class=\"J_module\">\n<div class=\"ife-detail-decorate-table\">\n<table class=\"hight-light-first-column all magic-14\">\n<tbody>\n<tr>\n<td colspan=\"1\" rowspan=\"1\">\n<div class=\"magic-15\" data-spm-anchor-id=\"a2700.details.0.i95.236a58c1ycsfva\">Nome da produ\u00e7\u00e3o:<\/div>\n<\/td>\n<td colspan=\"1\" rowspan=\"1\">\n<div class=\"magic-16\"><strong>Chips RFID em roupas<\/strong><\/div>\n<\/td>\n<\/tr>\n<tr>\n<td colspan=\"1\" rowspan=\"1\">\n<div class=\"magic-15\"><span class=\"magic-17\">Material:<\/span><\/div>\n<\/td>\n<td colspan=\"1\" rowspan=\"1\">\n<div class=\"magic-16\">Poli\u00e9ster\/Composi\u00e7\u00e3o\/Cetim\/Algod\u00e3o\/N\u00e3o tecido\/PET etc.<\/div>\n<\/td>\n<\/tr>\n<tr>\n<td colspan=\"1\" rowspan=\"1\">\n<div class=\"magic-15\"><span class=\"magic-17\">Tamanho:<\/span><\/div>\n<\/td>\n<td colspan=\"1\" rowspan=\"1\">\n<div class=\"magic-16\"><span class=\"magic-17\">80*38mm\/60*30mm ou personalizado<\/span><\/div>\n<\/td>\n<\/tr>\n<tr>\n<td colspan=\"1\" rowspan=\"1\">\n<div class=\"magic-15\"><span class=\"magic-17\">Tipo:<\/span><\/div>\n<\/td>\n<td colspan=\"1\" rowspan=\"1\">\n<div class=\"magic-16\"><span class=\"magic-17\">Passivo, RFID<\/span><\/div>\n<\/td>\n<\/tr>\n<tr>\n<td colspan=\"1\" rowspan=\"1\">\n<div class=\"magic-15\">Protocolo RF:<\/div>\n<\/td>\n<td colspan=\"1\" rowspan=\"1\">\n<div class=\"magic-16\">ISO 18000-6C; EPC Classe 1 Gen 2<\/div>\n<\/td>\n<\/tr>\n<tr>\n<td colspan=\"1\" rowspan=\"1\">\n<div class=\"magic-15\"><span class=\"magic-17\">Freq\u00fc\u00eancia:<\/span><\/div>\n<\/td>\n<td colspan=\"1\" rowspan=\"1\">\n<div class=\"magic-16\"><span class=\"magic-17\">860~960MHz<\/span><\/div>\n<\/td>\n<\/tr>\n<tr>\n<td colspan=\"1\" rowspan=\"1\">\n<div class=\"magic-15\">Lasca<\/div>\n<\/td>\n<td colspan=\"1\" rowspan=\"1\">\n<div class=\"magic-16\">Estrangeiro Higgs, Monza 3, Monza 4D, Monza 4QT, Monza R6, Monza R6-P, Impinj M730, Impinj M750 etc.<\/div>\n<\/td>\n<\/tr>\n<tr>\n<td colspan=\"1\" rowspan=\"1\">\n<div class=\"magic-15\"><span class=\"magic-17\">Dist\u00e2ncia de leitura:<\/span><\/div>\n<\/td>\n<td colspan=\"1\" rowspan=\"1\">\n<div class=\"magic-16\"><span class=\"magic-17\">UHF: 1~10m (depende do leitor e da antena)<\/span><\/div>\n<\/td>\n<\/tr>\n<tr>\n<td colspan=\"1\" rowspan=\"1\">\n<div class=\"magic-15\"><span class=\"magic-17\">Maneira fixa:<\/span><\/div>\n<\/td>\n<td colspan=\"1\" rowspan=\"1\">\n<div class=\"magic-16\"><span class=\"magic-17\">Costurar \/ passar a ferro<\/span><\/div>\n<\/td>\n<\/tr>\n<tr>\n<td colspan=\"1\" rowspan=\"1\">\n<div class=\"magic-15\"><span class=\"magic-17\">Impress\u00e3o:<\/span><\/div>\n<\/td>\n<td colspan=\"1\" rowspan=\"1\">\n<div class=\"magic-16\"><span class=\"magic-17\">Impress\u00e3o, codifica\u00e7\u00e3o, n\u00famero de s\u00e9rie, design, etc.<\/span><\/div>\n<\/td>\n<\/tr>\n<tr>\n<td colspan=\"1\" rowspan=\"1\">\n<div class=\"magic-15\"><span class=\"magic-17\">Vida IC:<\/span><\/div>\n<\/td>\n<td colspan=\"1\" rowspan=\"1\">\n<div class=\"magic-16\" data-spm-anchor-id=\"a2700.details.0.i94.236a58c1ycsfva\"><span class=\"magic-17\">100.000 ciclos de programa\u00e7\u00e3o<br \/>\n10 anos de reten\u00e7\u00e3o de dados<\/span><\/div>\n<\/td>\n<\/tr>\n<tr>\n<td colspan=\"1\" rowspan=\"1\">\n<div class=\"magic-15\"><span class=\"magic-17\">Disponibilidade da amostra:<\/span><\/div>\n<\/td>\n<td colspan=\"1\" rowspan=\"1\">\n<div class=\"magic-16\"><span class=\"magic-17\">Amostras gr\u00e1tis est\u00e3o dispon\u00edveis mediante solicita\u00e7\u00e3o<\/span><\/div>\n<\/td>\n<\/tr>\n<tr>\n<td colspan=\"1\" rowspan=\"1\">\n<div class=\"magic-15\"><span class=\"magic-17\">Aplica\u00e7\u00f5es:\u00a0<\/span><\/div>\n<\/td>\n<td colspan=\"1\" rowspan=\"1\">\n<div class=\"magic-16\"><span class=\"magic-17\">\u00b7 Gest\u00e3o de Estoque<br \/>\n\u00b7 Cadeia de mantimentos<br \/>\n\u00b7 Varejo<\/span><\/div>\n<\/td>\n<\/tr>\n<tr>\n<td colspan=\"1\" rowspan=\"1\">\n<div class=\"magic-15\"><span class=\"magic-17\">Usar<\/span><\/div>\n<\/td>\n<td colspan=\"1\" rowspan=\"1\">\n<div class=\"magic-16\"><span class=\"magic-17\">Vestu\u00e1rio, roupas, bolsas, sapatos, etc.<\/span><\/div>\n<\/td>\n<\/tr>\n<\/tbody>\n<\/table>\n<\/div>\n<\/div>\n<div class=\"J_module\">\n<div class=\"detail-decorate-json-renderer-container\">\n<div class=\"magic-1\">\n<div class=\"magic-5\">\n<div class=\"magic-6\">\n<div>\n<h2 class=\"AnswerParser_AnswerParserH2__SIHnF\">O poder da tecnologia RFID no rastreamento de roupas<\/h2>\n<p><span class=\"AnswerParser_TextContainer__z_Iiv\" data-testid=\"youchat-text\">A tecnologia RFID (Radio Frequency Identification) revolucionou o gerenciamento de estoque em v\u00e1rios setores e agora est\u00e1 fazendo ondas no setor de vestu\u00e1rio. Nossas etiquetas de cuidados de lavagem UHF RFID aproveitam essa tecnologia poderosa para fornecer recursos de rastreamento incompar\u00e1veis para seus itens de vestu\u00e1rio.<\/span><span class=\"AnswerParser_TextContainer__z_Iiv\" data-testid=\"youchat-text\">Essas etiquetas usam sinais de radiofrequ\u00eancia para se comunicar com leitores RFID, permitindo uma identifica\u00e7\u00e3o r\u00e1pida e precisa de pe\u00e7as de vestu\u00e1rio sem a necessidade de escaneamento de linha de vis\u00e3o. Isso significa que voc\u00ea pode rastrear v\u00e1rios itens simultaneamente sem esfor\u00e7o, reduzindo significativamente o tempo e o esfor\u00e7o necess\u00e1rios para verifica\u00e7\u00f5es de invent\u00e1rio.<\/span><\/div>\n<\/div>\n<div>\n<div class=\"auto-hide-last-sibling-br paragraph_1252f paragraph-element\">\n<div class=\"auto-hide-last-sibling-br paragraph_1252f paragraph-element\">\n<div class=\"auto-hide-last-sibling-br paragraph_1252f paragraph-element\">\n<div class=\"auto-hide-last-sibling-br paragraph_1252f paragraph-element\">Destacar-se entre a multid\u00e3o e gerenciar o estoque de forma eficiente s\u00e3o os principais desafios para marcas de vestu\u00e1rio. A introdu\u00e7\u00e3o de RFID Apparel Tags pode resolver esses problemas, ajudando as empresas n\u00e3o apenas a melhorar sua imagem e valor de marca, mas tamb\u00e9m a agilizar suas opera\u00e7\u00f5es globais de cadeia de suprimentos.<\/div>\n<p>&nbsp;<\/p>\n<div class=\"auto-hide-last-sibling-br paragraph_1252f paragraph-element\">Nossos produtos variam de r\u00f3tulos adornados graficamente a embalagens ecologicamente conscientes equipadas com Identifica\u00e7\u00e3o por Radiofrequ\u00eancia (RFID). Essas ofertas aumentam o apelo do vestu\u00e1rio para os consumidores e otimizam os processos de estoque e armazenamento. Simultaneamente, elas refor\u00e7am a seguran\u00e7a do produto e permitem que os varejistas dediquem mais tempo aos seus clientes.<\/div>\n<p>&nbsp;<\/p>\n<div class=\"auto-hide-last-sibling-br paragraph_1252f paragraph-element\">Dessa forma, as etiquetas RFID para vestu\u00e1rio servem como uma ferramenta de dupla finalidade: amplificar o apelo da marca e garantir a efici\u00eancia operacional.<\/div>\n<\/div>\n<\/div>\n<div>\n<h2 class=\"AnswerParser_AnswerParserH2__SIHnF\">Aplica\u00e7\u00f5es em todo o setor de varejo e al\u00e9m<\/h2>\n<p><span class=\"AnswerParser_TextContainer__z_Iiv\" data-testid=\"youchat-text\">A versatilidade de nossas etiquetas RFID de cuidados com a lavagem as torna adequadas para uma ampla gama de aplica\u00e7\u00f5es:<\/span><\/p>\n<ol class=\"AnswerParser_AnswerParserOrderedList__kl_2Y\">\n<li class=\"AnswerParser_ListItem__XqLOV\" translate=\"yes\"><strong>Lojas de varejo<\/strong>: Simplifique o gerenciamento de estoque e melhore a visibilidade do produto.<\/li>\n<li class=\"AnswerParser_ListItem__XqLOV\" translate=\"yes\"><strong>Servi\u00e7os de Lavanderia<\/strong>: Acompanhe pe\u00e7as individuais atrav\u00e9s dos ciclos de lavagem com facilidade.<\/li>\n<li class=\"AnswerParser_ListItem__XqLOV\" translate=\"yes\"><strong>Uniformes e vestu\u00e1rio de trabalho<\/strong>: Gerencie grandes quantidades de itens semelhantes com efici\u00eancia.<\/li>\n<li class=\"AnswerParser_ListItem__XqLOV\" translate=\"yes\"><strong>Ind\u00fastria da hospitalidade<\/strong>: Mantenha o controle de roupas de cama, toalhas e uniformes da equipe.<\/li>\n<li class=\"AnswerParser_ListItem__XqLOV\" translate=\"yes\"><strong>Uniformes m\u00e9dicos<\/strong>: Garantir a limpeza e distribui\u00e7\u00e3o adequadas de vestu\u00e1rio de sa\u00fade.<\/li>\n<li class=\"AnswerParser_ListItem__XqLOV\" translate=\"yes\"><strong>Aluguel de fantasias<\/strong>: Simplifique o processo de check-out e devolu\u00e7\u00e3o para empresas de aluguel.<\/li>\n<\/ol>\n<\/div>\n<div class=\"auto-hide-last-sibling-br paragraph_1252f paragraph-element\">\n<div class=\"auto-hide-last-sibling-br paragraph_1252f paragraph-element\">\n<h2 class=\"AnswerParser_AnswerParserH2__SIHnF\">Melhore a visibilidade da sua cadeia de suprimentos<\/h2>\n<p><span class=\"AnswerParser_TextContainer__z_Iiv\" data-testid=\"youchat-text\">Ao incorporar nossas etiquetas de cuidados de lavagem RFID em suas roupas, voc\u00ea ganha visibilidade sem precedentes em sua cadeia de suprimentos. Rastreie suas roupas da fabrica\u00e7\u00e3o \u00e0 venda, e at\u00e9 mesmo por v\u00e1rios ciclos de lavagem em lavanderias industriais.<\/span><span class=\"AnswerParser_TextContainer__z_Iiv\" data-testid=\"youchat-text\">Essa visibilidade aprimorada permite que voc\u00ea:<\/span><\/p>\n<ul class=\"AnswerParser_AnswerParserUnorderedList__P_1FW\">\n<li class=\"AnswerParser_ListItem__XqLOV\" translate=\"yes\">Reduzir encolhimento e perda<\/li>\n<li class=\"AnswerParser_ListItem__XqLOV\" translate=\"yes\">Melhore a efici\u00eancia da substitui\u00e7\u00e3o de produtos<\/li>\n<li class=\"AnswerParser_ListItem__XqLOV\" translate=\"yes\">Otimizar os n\u00edveis de estoque<\/li>\n<li class=\"AnswerParser_ListItem__XqLOV\" translate=\"yes\">Aumente a satisfa\u00e7\u00e3o do cliente por meio de melhor disponibilidade do produto<\/li>\n<\/ul>\n<h2 class=\"AnswerParser_AnswerParserH2__SIHnF\">F\u00e1cil instala\u00e7\u00e3o e uso<\/h2>\n<p><span class=\"AnswerParser_TextContainer__z_Iiv\" data-testid=\"youchat-text\">Nossas etiquetas de cuidados com a lavagem RFID s\u00e3o projetadas para integra\u00e7\u00e3o perfeita em suas roupas:<\/span><\/p>\n<ol class=\"AnswerParser_AnswerParserOrderedList__kl_2Y\">\n<li class=\"AnswerParser_ListItem__XqLOV\" translate=\"yes\"><strong>Op\u00e7\u00e3o de costura<\/strong>: M\u00e9todo de fixa\u00e7\u00e3o tradicional para maior durabilidade.<\/li>\n<li class=\"AnswerParser_ListItem__XqLOV\" translate=\"yes\"><strong>Aplica\u00e7\u00e3o de ferro<\/strong>: Instala\u00e7\u00e3o r\u00e1pida e f\u00e1cil usando tecnologia de transfer\u00eancia de calor.<\/li>\n<\/ol>\n<p><span class=\"AnswerParser_TextContainer__z_Iiv\" data-testid=\"youchat-text\">Ambos os m\u00e9todos garantem que a etiqueta permane\u00e7a firmemente fixada durante todo o ciclo de vida da pe\u00e7a.<\/span><\/p>\n<div class=\"auto-hide-last-sibling-br paragraph_1252f paragraph-element\"><strong>Aqui est\u00e3o alguns exemplos de como marcas de vestu\u00e1rio de primeira linha implementaram com sucesso etiquetas RFID UHF:<\/strong><\/div>\n<ol class=\"auto-hide-last-sibling-br\">\n<li>\n<div class=\"auto-hide-last-sibling-br paragraph_1252f paragraph-element\"><strong>Prada<\/strong>: Esta famosa marca de luxo italiana adotou etiquetas RFID em 2001, permitindo o registro detalhado de informa\u00e7\u00f5es como estilo, tamanho, cor e pre\u00e7o. Curiosamente, quando consumidores vestindo roupas Prada passam por suas lojas, roupas correspondentes s\u00e3o exibidas nos modelos na loja, imitando uma passarela de alta costura em Mil\u00e3o. Este uso inovador da tecnologia RFID aumenta a satisfa\u00e7\u00e3o p\u00f3s-compra dos consumidores Prada.<\/div>\n<\/li>\n<li>\n<div class=\"auto-hide-last-sibling-br paragraph_1252f paragraph-element\"><strong>H&amp;M<\/strong>: Esta marca internacional come\u00e7ou a usar a tecnologia RFID em 2014. Nas 1.800 lojas planejadas, a tecnologia RFID permite o rastreamento autom\u00e1tico de categorias de produtos, quantidades e consumo.<\/div>\n<\/li>\n<li>\n<div class=\"auto-hide-last-sibling-br paragraph_1252f paragraph-element\"><strong>ZARA<\/strong>: No primeiro semestre de 2016, a empresa controladora da ZARA, a Inditex, declarou que a aplica\u00e7\u00e3o da tecnologia RFID melhorou o gerenciamento de estoque e fornecimento para cerca de 70% de suas marcas. Essa implementa\u00e7\u00e3o resultou em um aumento de vendas de 11,1% e um aumento de lucro de 7,5%, totalizando 1,26 bilh\u00e3o de euros.<\/div>\n<\/li>\n<li>\n<div class=\"auto-hide-last-sibling-br paragraph_1252f paragraph-element\"><strong>Uniqlo<\/strong>: Em 2017, a Uniqlo anunciou seu plano de implantar etiquetas RFID UHF em 3.000 lojas no mundo todo, tornando-se o primeiro varejista japon\u00eas a usar etiquetas eletr\u00f4nicas no mundo todo.<\/div>\n<\/li>\n<\/ol>\n<div class=\"auto-hide-last-sibling-br paragraph_1252f paragraph-element\">Estas s\u00e3o apenas algumas percep\u00e7\u00f5es sobre como as principais marcas de vestu\u00e1rio est\u00e3o alavancando as etiquetas RFID. Em 2019, praticamente todas as marcas de classe mundial aplicaram etiquetas RFID em suas roupas, resultando em mais de 20 bilh\u00f5es de pe\u00e7as de roupa etiquetadas \u2013 um n\u00famero que continua a crescer apreciavelmente. Outras marcas not\u00e1veis que adotaram essa tecnologia incluem NIKE e Walmart.<\/div>\n<\/div>\n<\/div>\n<\/div>\n<h2 class=\"AnswerParser_AnswerParserH2__SIHnF\">Entre em contato conosco para uma solu\u00e7\u00e3o personalizada<\/h2>\n<p><span class=\"AnswerParser_TextContainer__z_Iiv\" data-testid=\"youchat-text\">Pronto para revolucionar o gerenciamento de suas roupas com nossas etiquetas de cuidados de lavagem UHF RFID? Estamos aqui para ajudar voc\u00ea a encontrar a solu\u00e7\u00e3o perfeita para suas necessidades.<\/span><\/p>\n<ul class=\"AnswerParser_AnswerParserUnorderedList__P_1FW\">\n<li class=\"AnswerParser_ListItem__XqLOV\" translate=\"yes\"><strong>Amostras gr\u00e1tis<\/strong>: Solicite amostras gr\u00e1tis para testar em seu ambiente.<\/li>\n<li class=\"AnswerParser_ListItem__XqLOV\" translate=\"yes\"><strong>Personaliza\u00e7\u00e3o<\/strong>: Informe-nos sobre suas necessidades espec\u00edficas para uma solu\u00e7\u00e3o personalizada.<\/li>\n<li class=\"AnswerParser_ListItem__XqLOV\" translate=\"yes\"><strong>Consulta de especialista<\/strong>: Nossa equipe de especialistas em RFID est\u00e1 pronta para responder \u00e0s suas perguntas.<\/li>\n<\/ul>\n<p><span class=\"AnswerParser_TextContainer__z_Iiv\" data-testid=\"youchat-text\">N\u00e3o deixe que o gerenciamento de estoque ineficiente atrapalhe seu neg\u00f3cio. Abrace o futuro do rastreamento de roupas com nossas inovadoras etiquetas de cuidados com lavagem RFID. Preencha nosso formul\u00e1rio de consulta hoje mesmo para come\u00e7ar sua jornada em dire\u00e7\u00e3o a um gerenciamento de roupas mais inteligente e eficiente.<\/span><span class=\"AnswerParser_TextContainer__z_Iiv\" data-testid=\"youchat-text\">Produtos relacionados:<\/span><\/p>\n<ul class=\"AnswerParser_AnswerParserUnorderedList__P_1FW\">\n<li class=\"AnswerParser_ListItem__XqLOV\" translate=\"yes\">Etiquetas RFID para varejo<\/li>\n<li class=\"AnswerParser_ListItem__XqLOV\" translate=\"yes\">Etiquetas de cuidados habilitadas para NFC<\/li>\n<li class=\"AnswerParser_ListItem__XqLOV\" translate=\"yes\">Rastreadores de ativos Bluetooth Low Energy (BLE)<\/li>\n<\/ul>\n<p><span class=\"AnswerParser_TextContainer__z_Iiv\" data-testid=\"youchat-text\">Experimente o poder da tecnologia RFID em seu neg\u00f3cio de vestu\u00e1rio. Entre em contato conosco agora para saber como nossas etiquetas RFID lav\u00e1veis podem transformar suas opera\u00e7\u00f5es e dar a voc\u00ea uma vantagem competitiva no mundo acelerado da moda e dos t\u00eaxteis.<\/span><\/p>\n<\/div>\n<div class=\"magic-6\">\n<div><\/div>\n<\/div>\n<\/div>\n<\/div>\n<\/div>\n<\/div>","protected":false},"excerpt":{"rendered":"<p>O processo come\u00e7a com a aplica\u00e7\u00e3o de RFID Chips In Clothing em pe\u00e7as individuais de roupa. Essas etiquetas podem ser escaneadas em v\u00e1rios pontos ao longo da cadeia de suprimentos, permitindo rastreamento de estoque em tempo real, verifica\u00e7\u00e3o de localiza\u00e7\u00e3o e rastreamento de movimento de componentes e produtos acabados. Este sistema fornece um mecanismo abrangente e instant\u00e2neo para gerenciar e monitorar estoque e produtos.<\/p>","protected":false},"featured_media":177,"template":"","meta":{"_kad_post_transparent":"default","_kad_post_title":"","_kad_post_layout":"default","_kad_post_sidebar_id":"","_kad_post_content_style":"default","_kad_post_vertical_padding":"default","_kad_post_feature":"","_kad_post_feature_position":"","_kad_post_header":false,"_kad_post_footer":false,"_kad_post_classname":""},"product_brand":[],"product_cat":[81,53],"product_tag":[87,93,83],"class_list":{"0":"post-193","1":"product","2":"type-product","3":"status-publish","4":"has-post-thumbnail","6":"product_cat-rfid-wash-care-clothing-label","7":"product_cat-rfid-clothes-tag","8":"product_tag-fabric-uhf-rfid-wash-care-tag","9":"product_tag-rfid-chips-in-clothing","10":"product_tag-rfid-wash-care-label","12":"first","13":"instock","14":"shipping-taxable","15":"product-type-simple","16":"entry","17":"content-bg","18":"loop-entry"},"_links":{"self":[{"href":"https:\/\/rfid-laundry-tag.com\/pt\/wp-json\/wp\/v2\/product\/193","targetHints":{"allow":["GET"]}}],"collection":[{"href":"https:\/\/rfid-laundry-tag.com\/pt\/wp-json\/wp\/v2\/product"}],"about":[{"href":"https:\/\/rfid-laundry-tag.com\/pt\/wp-json\/wp\/v2\/types\/product"}],"version-history":[{"count":2,"href":"https:\/\/rfid-laundry-tag.com\/pt\/wp-json\/wp\/v2\/product\/193\/revisions"}],"predecessor-version":[{"id":2652,"href":"https:\/\/rfid-laundry-tag.com\/pt\/wp-json\/wp\/v2\/product\/193\/revisions\/2652"}],"wp:featuredmedia":[{"embeddable":true,"href":"https:\/\/rfid-laundry-tag.com\/pt\/wp-json\/wp\/v2\/media\/177"}],"wp:attachment":[{"href":"https:\/\/rfid-laundry-tag.com\/pt\/wp-json\/wp\/v2\/media?parent=193"}],"wp:term":[{"taxonomy":"product_brand","embeddable":true,"href":"https:\/\/rfid-laundry-tag.com\/pt\/wp-json\/wp\/v2\/product_brand?post=193"},{"taxonomy":"product_cat","embeddable":true,"href":"https:\/\/rfid-laundry-tag.com\/pt\/wp-json\/wp\/v2\/product_cat?post=193"},{"taxonomy":"product_tag","embeddable":true,"href":"https:\/\/rfid-laundry-tag.com\/pt\/wp-json\/wp\/v2\/product_tag?post=193"}],"curies":[{"name":"wp","href":"https:\/\/api.w.org\/{rel}","templated":true}]}}