{"id":190,"date":"2024-06-16T05:17:47","date_gmt":"2024-06-16T05:17:47","guid":{"rendered":"https:\/\/rfid-laundry-tag.com\/?post_type=product&#038;p=190"},"modified":"2024-07-06T08:07:23","modified_gmt":"2024-07-06T08:07:23","slug":"paper-rfid-clothes-tag","status":"publish","type":"product","link":"https:\/\/rfid-laundry-tag.com\/pt\/paper-rfid-clothes-tag\/","title":{"rendered":"Etiqueta de roupas RFID de papel"},"content":{"rendered":"<table class=\"has-title all magic-1\">\n<tbody>\n<tr>\n<td colspan=\"1\" rowspan=\"1\">\n<div class=\"magic-2\" data-spm-anchor-id=\"a2700.details.0.i84.7cea6afbA2IkLB\">Nome do item<\/div>\n<\/td>\n<td colspan=\"1\" rowspan=\"1\">\n<div class=\"magic-3\">Etiqueta de roupas RFID de papel<\/div>\n<\/td>\n<\/tr>\n<tr>\n<td colspan=\"1\" rowspan=\"1\">\n<div class=\"magic-2\">Tamanho<\/div>\n<\/td>\n<td colspan=\"1\" rowspan=\"1\">\n<div class=\"magic-3\">90x40mm ou personalizado<\/div>\n<\/td>\n<\/tr>\n<tr>\n<td colspan=\"1\" rowspan=\"1\">\n<div class=\"magic-2\">Frequ\u00eancia<\/div>\n<\/td>\n<td colspan=\"1\" rowspan=\"1\">\n<div class=\"magic-3\">860-960 MHz<\/div>\n<\/td>\n<\/tr>\n<tr>\n<td colspan=\"1\" rowspan=\"1\">\n<div class=\"magic-2\">Tipo de CI (chip)<\/div>\n<\/td>\n<td colspan=\"1\" rowspan=\"1\">\n<div class=\"magic-3\">NXP Ucode 8 ou 9<\/div>\n<\/td>\n<\/tr>\n<tr>\n<td colspan=\"1\" rowspan=\"1\">\n<div class=\"magic-2\">Protocolo<\/div>\n<\/td>\n<td colspan=\"1\" rowspan=\"1\">\n<div class=\"magic-3\">Norma ISO 18000 6C<\/div>\n<\/td>\n<\/tr>\n<tr>\n<td colspan=\"1\" rowspan=\"1\">\n<div class=\"magic-4\">Mem\u00f3ria<\/div>\n<\/td>\n<td colspan=\"1\" rowspan=\"1\">\n<div class=\"magic-3\">EPC 96 bits<\/div>\n<\/td>\n<\/tr>\n<tr>\n<td colspan=\"1\" rowspan=\"1\">\n<div class=\"magic-2\">Material<\/div>\n<\/td>\n<td colspan=\"1\" rowspan=\"1\">\n<div class=\"magic-3\">Papel.PET,ETC<\/div>\n<\/td>\n<\/tr>\n<tr>\n<td colspan=\"1\" rowspan=\"1\">\n<div class=\"magic-2\">Impress\u00e3o<\/div>\n<\/td>\n<td colspan=\"1\" rowspan=\"1\">\n<div class=\"magic-3\" data-spm-anchor-id=\"a2700.details.0.i85.7cea6afbA2IkLB\">Logotipo, c\u00f3digo QR, c\u00f3digo de barras, n\u00famero de s\u00e9rie<\/div>\n<\/td>\n<\/tr>\n<tr>\n<td colspan=\"1\" rowspan=\"1\">\n<div class=\"magic-2\">Temperatura de opera\u00e7\u00e3o<\/div>\n<\/td>\n<td colspan=\"1\" rowspan=\"1\">\n<div class=\"magic-3\">-30 \u00b0C \u2013 +80 \u00b0C<\/div>\n<\/td>\n<\/tr>\n<tr>\n<td colspan=\"1\" rowspan=\"1\">\n<div class=\"magic-2\">Ler dist\u00e2ncia<\/div>\n<\/td>\n<td colspan=\"1\" rowspan=\"1\">\n<div class=\"magic-3\">At\u00e9 15m<\/div>\n<\/td>\n<\/tr>\n<tr>\n<td colspan=\"1\" rowspan=\"1\">\n<div class=\"magic-5\">Afixos para<\/div>\n<\/td>\n<td colspan=\"1\" rowspan=\"1\">\n<div class=\"magic-3\">Roupas de cama e vestu\u00e1rio<\/div>\n<\/td>\n<\/tr>\n<tr>\n<td colspan=\"1\" rowspan=\"1\">\n<div class=\"magic-4\">Classifica\u00e7\u00e3o IP<\/div>\n<\/td>\n<td colspan=\"1\" rowspan=\"1\">\n<div class=\"magic-3\">IP67<\/div>\n<\/td>\n<\/tr>\n<tr>\n<td colspan=\"1\" rowspan=\"1\">\n<div class=\"magic-4\">Cor<\/div>\n<\/td>\n<td colspan=\"1\" rowspan=\"1\">\n<div class=\"magic-3\">Branco<\/div>\n<\/td>\n<\/tr>\n<\/tbody>\n<\/table>\n<div><\/div>\n<div>Constru\u00eddas em papel com um chip UHF RFID central, essas etiquetas facilitam a digitaliza\u00e7\u00e3o remota. Atualmente dispon\u00edveis em uma variedade de designs e dimens\u00f5es, nossas etiquetas RFID tamb\u00e9m podem ser adornadas com arte personalizada. Esse recurso permite que as etiquetas sirvam como ve\u00edculos de branding sem comprometer seu prop\u00f3sito principal.<\/div>\n<div><\/div>\n<div class=\"auto-hide-last-sibling-br paragraph_1252f paragraph-element\">As etiquetas RFID para roupas desempenham um papel vital no setor de varejo, atendendo a uma infinidade de fun\u00e7\u00f5es, desde gerenciamento de estoque e preven\u00e7\u00e3o de roubo at\u00e9 otimiza\u00e7\u00e3o da cadeia de suprimentos.<\/div>\n<p>&nbsp;<\/p>\n<div class=\"auto-hide-last-sibling-br paragraph_1252f paragraph-element\">Para gerenciar seu estoque de forma mais eficaz, os varejistas anexam uma etiqueta RFID a cada item de roupa. Essas etiquetas podem ser escaneadas de forma r\u00e1pida e precisa com leitores RFID, melhorando drasticamente a velocidade e a efici\u00eancia das contagens de estoque.<\/div>\n<p>&nbsp;<\/p>\n<div class=\"auto-hide-last-sibling-br paragraph_1252f paragraph-element\">Aqui est\u00e3o algumas vantagens not\u00e1veis do uso de etiquetas RFID para roupas:<\/div>\n<div class=\"auto-hide-last-sibling-br paragraph_1252f paragraph-element\">Preven\u00e7\u00e3o de Perdas: Essas etiquetas fornecem uma medida robusta de preven\u00e7\u00e3o de roubo. Se um item etiquetado passar por uma sa\u00edda sem desativa\u00e7\u00e3o, um alarme \u00e9 disparado, notificando o pessoal da loja sobre um poss\u00edvel incidente de roubo.<\/div>\n<p>&nbsp;<\/p>\n<div class=\"auto-hide-last-sibling-br paragraph_1252f paragraph-element\">Otimiza\u00e7\u00e3o da Cadeia de Suprimentos: Melhor visibilidade e rastreamento de itens de vestu\u00e1rio por toda a cadeia de suprimentos s\u00e3o obtidos usando etiquetas RFID. Esse monitoramento em tempo real permite que fabricantes, distribuidores e varejistas melhorem a log\u00edstica e o controle de estoque.<\/div>\n<div class=\"auto-hide-last-sibling-br paragraph_1252f paragraph-element\">Coloca\u00e7\u00e3o de Etiquetas: Versatilidade \u00e9 uma grande vantagem com etiquetas RFID. Elas podem ser costuradas na vestimenta, inseridas em uma etiqueta ou hangtag, ou incorporadas em etiquetas de seguran\u00e7a especializadas.<\/div>\n<div class=\"auto-hide-last-sibling-br paragraph_1252f paragraph-element\">Variantes de Tag: As tags RFID v\u00eam em diferentes variantes, incluindo tags passivas e ativas. As tags passivas dependem da energia do leitor RFID para transmitir dados. Em contraste, as tags ativas t\u00eam sua pr\u00f3pria fonte de energia, permitindo que transmitam dados por dist\u00e2ncias maiores.<\/div>\n<div class=\"auto-hide-last-sibling-br paragraph_1252f paragraph-element\">Seguran\u00e7a de Dados: A privacidade do cliente \u00e9 uma prioridade com sistemas RFID. Para evitar acesso n\u00e3o autorizado a informa\u00e7\u00f5es sens\u00edveis, protocolos de criptografia e autentica\u00e7\u00e3o s\u00e3o comumente empregados.<\/div>\n<div><\/div>\n<div>\n<div class=\"auto-hide-last-sibling-br paragraph_1252f paragraph-element\">As etiquetas de papel RFID UHF t\u00eam o potencial emocionante de revolucionar as opera\u00e7\u00f5es em setores como gest\u00e3o de varejo de vestu\u00e1rio, gest\u00e3o de estoque de vestu\u00e1rio e gest\u00e3o da cadeia de suprimentos de vestu\u00e1rio.<\/div>\n<p>&nbsp;<\/p>\n<div class=\"auto-hide-last-sibling-br paragraph_1252f paragraph-element\">A implementa\u00e7\u00e3o dessas etiquetas leva a um boom na efici\u00eancia \u2013 voc\u00ea n\u00e3o precisa mais alocar horas manuais para contagens de invent\u00e1rio ou rastreamento de remessas. A tecnologia RFID faz isso por voc\u00ea, com precis\u00e3o e rapidez, permitindo que sua equipe se concentre em outras tarefas vitais.<\/div>\n<p>&nbsp;<\/p>\n<div class=\"auto-hide-last-sibling-br paragraph_1252f paragraph-element\">Precis\u00e3o aprimorada \u00e9 outra vantagem significativa de nossas etiquetas RFID. O risco de erro humano no rastreamento manual e na entrada de dados \u00e9 eficientemente controlado com essas etiquetas automatizadas. Essa precis\u00e3o aumentada na coleta de dados leva a insights mais precisos, auxiliando na tomada de decis\u00f5es efetivas em suas opera\u00e7\u00f5es comerciais.<\/div>\n<p>&nbsp;<\/p>\n<div class=\"auto-hide-last-sibling-br paragraph_1252f paragraph-element\">Maior efici\u00eancia e precis\u00e3o juntas simplificam suas opera\u00e7\u00f5es e levam a uma maior lucratividade. Ao investir em nossas Etiquetas de Papel RFID UHF, voc\u00ea n\u00e3o apenas melhora sua efici\u00eancia operacional atual, mas tamb\u00e9m garante um crescimento sustent\u00e1vel e lucrativo para seu neg\u00f3cio a longo prazo.<\/div>\n<\/div>\n<p>&nbsp;<\/p>\n<p>&nbsp;<\/p>","protected":false},"excerpt":{"rendered":"<div class=\"auto-hide-last-sibling-br paragraph_1252f paragraph-element\">\n<div class=\"auto-hide-last-sibling-br paragraph_1252f paragraph-element\">\u00a0Etiquetas de Papel RFID para Roupas oferecem uma solu\u00e7\u00e3o din\u00e2mica para monitorar e controlar o estoque no setor de vestu\u00e1rio. Utilizadas principalmente em lojas de varejo e f\u00e1bricas de vestu\u00e1rio, essas etiquetas permitem o rastreamento eficiente de itens de vestu\u00e1rio.<\/div>\n<p>&nbsp;<\/p>\n<div class=\"auto-hide-last-sibling-br paragraph_1252f paragraph-element\"><\/div>\n<\/div>","protected":false},"featured_media":191,"template":"","meta":{"_kad_post_transparent":"default","_kad_post_title":"","_kad_post_layout":"default","_kad_post_sidebar_id":"","_kad_post_content_style":"default","_kad_post_vertical_padding":"default","_kad_post_feature":"","_kad_post_feature_position":"","_kad_post_header":false,"_kad_post_footer":false,"_kad_post_classname":""},"product_brand":[],"product_cat":[53],"product_tag":[92,89,91],"class_list":{"0":"post-190","1":"product","2":"type-product","3":"status-publish","4":"has-post-thumbnail","6":"product_cat-rfid-clothes-tag","7":"product_tag-paper-rfid-clothes-tag","8":"product_tag-rfid-clothing-tags","9":"product_tag-uhf-rfid-paper-hang-tags","11":"first","12":"instock","13":"shipping-taxable","14":"product-type-simple","15":"entry","16":"content-bg","17":"loop-entry"},"_links":{"self":[{"href":"https:\/\/rfid-laundry-tag.com\/pt\/wp-json\/wp\/v2\/product\/190","targetHints":{"allow":["GET"]}}],"collection":[{"href":"https:\/\/rfid-laundry-tag.com\/pt\/wp-json\/wp\/v2\/product"}],"about":[{"href":"https:\/\/rfid-laundry-tag.com\/pt\/wp-json\/wp\/v2\/types\/product"}],"version-history":[{"count":0,"href":"https:\/\/rfid-laundry-tag.com\/pt\/wp-json\/wp\/v2\/product\/190\/revisions"}],"wp:featuredmedia":[{"embeddable":true,"href":"https:\/\/rfid-laundry-tag.com\/pt\/wp-json\/wp\/v2\/media\/191"}],"wp:attachment":[{"href":"https:\/\/rfid-laundry-tag.com\/pt\/wp-json\/wp\/v2\/media?parent=190"}],"wp:term":[{"taxonomy":"product_brand","embeddable":true,"href":"https:\/\/rfid-laundry-tag.com\/pt\/wp-json\/wp\/v2\/product_brand?post=190"},{"taxonomy":"product_cat","embeddable":true,"href":"https:\/\/rfid-laundry-tag.com\/pt\/wp-json\/wp\/v2\/product_cat?post=190"},{"taxonomy":"product_tag","embeddable":true,"href":"https:\/\/rfid-laundry-tag.com\/pt\/wp-json\/wp\/v2\/product_tag?post=190"}],"curies":[{"name":"wp","href":"https:\/\/api.w.org\/{rel}","templated":true}]}}