{"id":1785,"date":"2024-09-02T08:15:43","date_gmt":"2024-09-02T08:15:43","guid":{"rendered":"https:\/\/rfid-laundry-tag.com\/?post_type=product&#038;p=1785"},"modified":"2024-09-08T04:11:02","modified_gmt":"2024-09-08T04:11:02","slug":"uhf-rfid-label-tag-led-flash-light-location-for-library-management","status":"publish","type":"product","link":"https:\/\/rfid-laundry-tag.com\/pt\/uhf-rfid-label-tag-led-flash-light-location-for-library-management\/","title":{"rendered":"Etiqueta UHF RFID Etiqueta LED flash Light Localiza\u00e7\u00e3o para gerenciamento de biblioteca"},"content":{"rendered":"<div data-elementor-type=\"product-post\" data-elementor-id=\"1785\" class=\"elementor elementor-1785\" data-elementor-settings=\"{&quot;ha_cmc_init_switcher&quot;:&quot;no&quot;}\" data-elementor-post-type=\"product\">\n\t\t\t\t<div class=\"elementor-element elementor-element-1c13a178 e-flex e-con-boxed e-con e-parent\" data-id=\"1c13a178\" data-element_type=\"container\" data-e-type=\"container\" data-settings=\"{&quot;_ha_eqh_enable&quot;:false}\">\n\t\t\t\t\t<div class=\"e-con-inner\">\n\t\t\t\t<div class=\"elementor-element elementor-element-7e836d6a elementor-widget elementor-widget-text-editor\" data-id=\"7e836d6a\" data-element_type=\"widget\" data-e-type=\"widget\" data-widget_type=\"text-editor.default\">\n\t\t\t\t<div class=\"elementor-widget-container\">\n\t\t\t\t\t\t\t\t\t<p><span style=\"color: #000000;\">UHF RFID Label Tag LED flash Light \u00e9 uma solu\u00e7\u00e3o inovadora que combina o poder da tecnologia RFID com um indicador LED visual, aumentando a efici\u00eancia do invent\u00e1rio e do gerenciamento de ativos. Essas etiquetas s\u00e3o totalmente personaliz\u00e1veis, permitindo que voc\u00ea escolha dimens\u00f5es, cor da luz LED e muito mais para atender \u00e0s suas necessidades espec\u00edficas. Com tamanhos dispon\u00edveis de 18x75mm e 14x96mm, e uma espessura elegante de apenas 0,2mm, essas etiquetas s\u00e3o feitas de material PET robusto, garantindo durabilidade mesmo em ambientes desafiadores.<\/span><\/p><p><span style=\"color: #000000;\">Operando na faixa de frequ\u00eancia de 900-928 MHz, essas etiquetas fornecem desempenho ideal, tornando-as ideais para v\u00e1rios setores. As especifica\u00e7\u00f5es de mem\u00f3ria incluem TID 96 bits, EPC 160 bits e USER 1312 bits, oferecendo amplo armazenamento de dados para fins de rastreamento e identifica\u00e7\u00e3o. Projetadas para suportar temperaturas operacionais de -20 \u00b0C a 70 \u00b0C, essas UHF RFID Label Tag LED flash Light s\u00e3o adequadas para uma ampla gama de aplica\u00e7\u00f5es, incluindo rastreamento de ativos, gerenciamento de invent\u00e1rio e muito mais.<\/span><\/p><table class=\"all magic-10\"><tbody><tr><td colspan=\"1\" rowspan=\"1\"><div class=\"magic-11\" data-spm-anchor-id=\"a2700.details.0.i38.105812c6mFAirA\"><span style=\"color: #000000;\">Lasca<\/span><\/div><\/td><td colspan=\"1\" rowspan=\"1\"><div class=\"magic-12\"><span style=\"color: #000000;\">Personalizado<\/span><\/div><\/td><\/tr><tr><td colspan=\"1\" rowspan=\"1\"><div class=\"magic-11\" data-spm-anchor-id=\"a2700.details.0.i47.105812c6mFAirA\"><span style=\"color: #000000;\">Dimens\u00f5es<\/span><\/div><\/td><td colspan=\"1\" rowspan=\"1\"><div class=\"magic-12\"><span style=\"color: #000000;\">18*75mm, 14*96mm,100*10mm<\/span><\/div><\/td><\/tr><tr><td colspan=\"1\" rowspan=\"1\"><div class=\"magic-11\"><span style=\"color: #000000;\">Grossura<\/span><\/div><\/td><td colspan=\"1\" rowspan=\"1\"><div class=\"magic-12\"><span style=\"color: #000000;\">0,2 mm<\/span><\/div><\/td><\/tr><tr><td colspan=\"1\" rowspan=\"1\"><div class=\"magic-11\"><span style=\"color: #000000;\">Material<\/span><\/div><\/td><td colspan=\"1\" rowspan=\"1\"><div class=\"magic-12\"><span style=\"color: #000000;\">BICHO DE ESTIMA\u00c7\u00c3O<\/span><\/div><\/td><\/tr><tr><td colspan=\"1\" rowspan=\"1\"><div class=\"magic-11\"><span style=\"color: #000000;\">Classifica\u00e7\u00e3o IP<\/span><\/div><\/td><td colspan=\"1\" rowspan=\"1\"><div class=\"magic-12\"><span style=\"color: #000000;\">N \/ D<\/span><\/div><\/td><\/tr><tr><td colspan=\"1\" rowspan=\"1\"><div class=\"magic-11\"><span style=\"color: #000000;\">Aplica\u00e7\u00e3o Temp<\/span><\/div><\/td><td colspan=\"1\" rowspan=\"1\"><div class=\"magic-12\"><span style=\"color: #000000;\">-20~70\u2103<\/span><\/div><\/td><\/tr><tr><td colspan=\"1\" rowspan=\"1\"><div class=\"magic-11\"><span style=\"color: #000000;\">Temperatura de opera\u00e7\u00e3o<\/span><\/div><\/td><td colspan=\"1\" rowspan=\"1\"><div class=\"magic-12\"><span style=\"color: #000000;\">-20~70\u2103<\/span><\/div><\/td><\/tr><tr><td colspan=\"1\" rowspan=\"1\"><div class=\"magic-11\"><span style=\"color: #000000;\">Mem\u00f3ria<\/span><\/div><\/td><td colspan=\"1\" rowspan=\"1\"><div class=\"magic-12\"><span style=\"color: #000000;\">TID 96 bits; EPC 160 bits; USU\u00c1RIO 1312 bits<\/span><\/div><\/td><\/tr><tr><td colspan=\"1\" rowspan=\"1\"><div class=\"magic-11\"><span style=\"color: #000000;\">Faixa de frequ\u00eancia com melhor desempenho<\/span><\/div><\/td><td colspan=\"1\" rowspan=\"1\"><div class=\"magic-12\"><span style=\"color: #000000;\">900-928MHz (Personalizado)<\/span><\/div><\/td><\/tr><tr><td colspan=\"1\" rowspan=\"1\"><div class=\"magic-11\"><span style=\"color: #000000;\">Vida IC<\/span><\/div><\/td><td colspan=\"1\" rowspan=\"1\" data-spm-anchor-id=\"a2700.details.0.i45.105812c6mFAirA\"><div class=\"magic-12\" data-spm-anchor-id=\"a2700.details.0.i39.105812c6mFAirA\"><span style=\"color: #000000;\">Escreva a resist\u00eancia de 100.000 ciclos<\/span><br \/><span style=\"color: #000000;\">Reten\u00e7\u00e3o de dados de 10 anos<\/span><\/div><\/td><\/tr><tr><td colspan=\"1\" rowspan=\"1\"><div class=\"magic-11\"><span style=\"color: #000000;\">Protocolo<\/span><\/div><\/td><td colspan=\"1\" rowspan=\"1\"><div class=\"magic-12\" data-spm-anchor-id=\"a2700.details.0.i46.105812c6mFAirA\"><span style=\"color: #000000;\">Norma ISO\/IEC 18000-6C<\/span><\/div><\/td><\/tr><\/tbody><\/table><p><a href=\"https:\/\/rfid-laundry-tag.com\/pt\/produto\/uhf-rfid-label-tag-led-flash-light-location-for-library-management\/\"><img fetchpriority=\"high\" decoding=\"async\" class=\"alignnone size-full wp-image-1795\" src=\"https:\/\/rfid-laundry-tag.com\/wp-content\/uploads\/2024\/09\/4_H368fba2542f847448067aa52a880c6fdM.jpg\" alt=\"\" width=\"750\" height=\"750\" srcset=\"https:\/\/rfid-laundry-tag.com\/wp-content\/uploads\/2024\/09\/4_H368fba2542f847448067aa52a880c6fdM.jpg 750w, https:\/\/rfid-laundry-tag.com\/wp-content\/uploads\/2024\/09\/4_H368fba2542f847448067aa52a880c6fdM-300x300.jpg 300w, https:\/\/rfid-laundry-tag.com\/wp-content\/uploads\/2024\/09\/4_H368fba2542f847448067aa52a880c6fdM-150x150.jpg 150w, https:\/\/rfid-laundry-tag.com\/wp-content\/uploads\/2024\/09\/4_H368fba2542f847448067aa52a880c6fdM-12x12.jpg 12w, https:\/\/rfid-laundry-tag.com\/wp-content\/uploads\/2024\/09\/4_H368fba2542f847448067aa52a880c6fdM-600x600.jpg 600w, https:\/\/rfid-laundry-tag.com\/wp-content\/uploads\/2024\/09\/4_H368fba2542f847448067aa52a880c6fdM-100x100.jpg 100w\" sizes=\"(max-width: 750px) 100vw, 750px\" \/><\/a><\/p><p><span style=\"color: #000000;\">O recurso exclusivo de LED adiciona um componente visual \u00e0 etiqueta RFID, permitindo uma identifica\u00e7\u00e3o r\u00e1pida e f\u00e1cil, acelerando significativamente os processos onde a confirma\u00e7\u00e3o visual r\u00e1pida \u00e9 necess\u00e1ria. As etiquetas s\u00e3o compat\u00edveis com os protocolos ISO\/IEC 18000-6C, garantindo integra\u00e7\u00e3o perfeita com os sistemas RFID existentes. Com uma resist\u00eancia de grava\u00e7\u00e3o de 100.000 ciclos e reten\u00e7\u00e3o de dados por at\u00e9 10 anos, essas etiquetas fornecem uma solu\u00e7\u00e3o confi\u00e1vel e duradoura para suas necessidades de rastreamento. Se voc\u00ea precisa gerenciar invent\u00e1rio, rastrear ativos ou implementar um sistema de identifica\u00e7\u00e3o mais eficiente, as etiquetas LED RFID oferecem uma solu\u00e7\u00e3o vers\u00e1til e robusta, adaptada \u00e0s suas necessidades.<\/span><\/p><p><span style=\"color: #000000;\">A etiqueta RFID LED \u00e9 uma etiqueta adesiva avan\u00e7ada que integra a tecnologia RFID com um indicador LED visual, fornecendo uma solu\u00e7\u00e3o inovadora para rastreamento de ativos e gerenciamento de invent\u00e1rio. Cada etiqueta \u00e9 equipada com um transponder de radiofrequ\u00eancia e uma antena, permitindo comunica\u00e7\u00e3o perfeita com leitores de RF. O recurso de destaque desta etiqueta \u00e9 o componente LED, que ilumina ap\u00f3s a ativa\u00e7\u00e3o, oferecendo identifica\u00e7\u00e3o visual r\u00e1pida e clara dos itens.<\/span><\/p><p><span style=\"color: #000000;\">Essas etiquetas de LED s\u00e3o vers\u00e1teis e podem ser usadas em uma infinidade de aplica\u00e7\u00f5es, como gerenciamento de estoque, rastreamento de ativos e log\u00edstica da cadeia de suprimentos. A natureza personaliz\u00e1vel da etiqueta de LED permite ajustes em tamanho, cor da luz de LED e capacidade de mem\u00f3ria para atender a necessidades operacionais espec\u00edficas. Sejam usadas em armaz\u00e9ns, ambientes de varejo ou configura\u00e7\u00f5es industriais, essas etiquetas ajudam a agilizar os processos ao fornecer um m\u00e9todo duplo de identifica\u00e7\u00e3o \u2014 digitaliza\u00e7\u00e3o RFID e confirma\u00e7\u00e3o visual \u2014 tornando-as indispens\u00e1veis para melhorar a precis\u00e3o e a efici\u00eancia no rastreamento de ativos valiosos.<\/span><\/p>\t\t\t\t\t\t\t\t<\/div>\n\t\t\t\t<\/div>\n\t\t\t\t\t<\/div>\n\t\t\t\t<\/div>\n\t\t\t\t<\/div>","protected":false},"excerpt":{"rendered":"<p>Etiqueta RFID UHF Etiqueta LED flash Light com indicadores visuais para rastreamento eficiente de invent\u00e1rio. PET dur\u00e1vel, 900-928MHz, -20\u00b0C a 70\u00b0C, perfeito para v\u00e1rias aplica\u00e7\u00f5es.<\/p>","protected":false},"featured_media":1786,"template":"","meta":{"_kad_post_transparent":"default","_kad_post_title":"","_kad_post_layout":"default","_kad_post_sidebar_id":"","_kad_post_content_style":"default","_kad_post_vertical_padding":"default","_kad_post_feature":"","_kad_post_feature_position":"","_kad_post_header":false,"_kad_post_footer":false,"_kad_post_classname":""},"product_brand":[],"product_cat":[54],"product_tag":[275,98,269],"class_list":{"0":"post-1785","1":"product","2":"type-product","3":"status-publish","4":"has-post-thumbnail","6":"product_cat-hot-selling-rfid-tags","7":"product_tag-led-light-rfid-label","8":"product_tag-uhf-rfid-label","9":"product_tag-uhf-rfid-label-tag-led-flash-light","11":"first","12":"instock","13":"shipping-taxable","14":"product-type-simple","15":"entry","16":"content-bg","17":"loop-entry"},"_links":{"self":[{"href":"https:\/\/rfid-laundry-tag.com\/pt\/wp-json\/wp\/v2\/product\/1785","targetHints":{"allow":["GET"]}}],"collection":[{"href":"https:\/\/rfid-laundry-tag.com\/pt\/wp-json\/wp\/v2\/product"}],"about":[{"href":"https:\/\/rfid-laundry-tag.com\/pt\/wp-json\/wp\/v2\/types\/product"}],"version-history":[{"count":5,"href":"https:\/\/rfid-laundry-tag.com\/pt\/wp-json\/wp\/v2\/product\/1785\/revisions"}],"predecessor-version":[{"id":1911,"href":"https:\/\/rfid-laundry-tag.com\/pt\/wp-json\/wp\/v2\/product\/1785\/revisions\/1911"}],"wp:featuredmedia":[{"embeddable":true,"href":"https:\/\/rfid-laundry-tag.com\/pt\/wp-json\/wp\/v2\/media\/1786"}],"wp:attachment":[{"href":"https:\/\/rfid-laundry-tag.com\/pt\/wp-json\/wp\/v2\/media?parent=1785"}],"wp:term":[{"taxonomy":"product_brand","embeddable":true,"href":"https:\/\/rfid-laundry-tag.com\/pt\/wp-json\/wp\/v2\/product_brand?post=1785"},{"taxonomy":"product_cat","embeddable":true,"href":"https:\/\/rfid-laundry-tag.com\/pt\/wp-json\/wp\/v2\/product_cat?post=1785"},{"taxonomy":"product_tag","embeddable":true,"href":"https:\/\/rfid-laundry-tag.com\/pt\/wp-json\/wp\/v2\/product_tag?post=1785"}],"curies":[{"name":"wp","href":"https:\/\/api.w.org\/{rel}","templated":true}]}}