{"id":178,"date":"2024-06-15T16:51:30","date_gmt":"2024-06-15T16:51:30","guid":{"rendered":"https:\/\/rfid-laundry-tag.com\/?post_type=product&#038;p=178"},"modified":"2024-06-15T16:59:59","modified_gmt":"2024-06-15T16:59:59","slug":"laundry-rfid-wash-care-label","status":"publish","type":"product","link":"https:\/\/rfid-laundry-tag.com\/pt\/laundry-rfid-wash-care-label\/","title":{"rendered":"Etiqueta de cuidados de lavagem RFID para lavanderia"},"content":{"rendered":"<div class=\"J_module\">\n<div class=\"ife-detail-decorate-table\">\n<table class=\"hight-light-first-column all magic-14\">\n<tbody>\n<tr>\n<td colspan=\"1\" rowspan=\"1\">\n<div class=\"magic-15\" data-spm-anchor-id=\"a2700.details.0.i95.236a58c1ycsfva\">Nome da produ\u00e7\u00e3o:<\/div>\n<\/td>\n<td colspan=\"1\" rowspan=\"1\">\n<div class=\"magic-16\">Etiqueta de cuidados de lavagem RFID para lavanderia<\/div>\n<\/td>\n<\/tr>\n<tr>\n<td colspan=\"1\" rowspan=\"1\">\n<div class=\"magic-15\"><span class=\"magic-17\">Material:<\/span><\/div>\n<\/td>\n<td colspan=\"1\" rowspan=\"1\">\n<div class=\"magic-16\">Poli\u00e9ster\/Composi\u00e7\u00e3o\/Cetim\/Algod\u00e3o\/N\u00e3o tecido\/PET etc.<\/div>\n<\/td>\n<\/tr>\n<tr>\n<td colspan=\"1\" rowspan=\"1\">\n<div class=\"magic-15\"><span class=\"magic-17\">Tamanho:<\/span><\/div>\n<\/td>\n<td colspan=\"1\" rowspan=\"1\">\n<div class=\"magic-16\"><span class=\"magic-17\">80*38mm\/60*30mm ou personalizado<\/span><\/div>\n<\/td>\n<\/tr>\n<tr>\n<td colspan=\"1\" rowspan=\"1\">\n<div class=\"magic-15\"><span class=\"magic-17\">Tipo:<\/span><\/div>\n<\/td>\n<td colspan=\"1\" rowspan=\"1\">\n<div class=\"magic-16\"><span class=\"magic-17\">Passivo, RFID<\/span><\/div>\n<\/td>\n<\/tr>\n<tr>\n<td colspan=\"1\" rowspan=\"1\">\n<div class=\"magic-15\">Protocolo RF:<\/div>\n<\/td>\n<td colspan=\"1\" rowspan=\"1\">\n<div class=\"magic-16\">ISO 18000-6C; EPC Classe 1 Gen 2<\/div>\n<\/td>\n<\/tr>\n<tr>\n<td colspan=\"1\" rowspan=\"1\">\n<div class=\"magic-15\"><span class=\"magic-17\">Freq\u00fc\u00eancia:<\/span><\/div>\n<\/td>\n<td colspan=\"1\" rowspan=\"1\">\n<div class=\"magic-16\"><span class=\"magic-17\">860~960MHz<\/span><\/div>\n<\/td>\n<\/tr>\n<tr>\n<td colspan=\"1\" rowspan=\"1\">\n<div class=\"magic-15\">Lasca<\/div>\n<\/td>\n<td colspan=\"1\" rowspan=\"1\">\n<div class=\"magic-16\">Estrangeiro Higgs, Monza 3, Monza 4D, Monza 4QT, Monza R6, Monza R6-P, Impinj M730, Impinj M750 etc.<\/div>\n<\/td>\n<\/tr>\n<tr>\n<td colspan=\"1\" rowspan=\"1\">\n<div class=\"magic-15\"><span class=\"magic-17\">Dist\u00e2ncia de leitura:<\/span><\/div>\n<\/td>\n<td colspan=\"1\" rowspan=\"1\">\n<div class=\"magic-16\"><span class=\"magic-17\">UHF: 1~10m (depende do leitor e da antena)<\/span><\/div>\n<\/td>\n<\/tr>\n<tr>\n<td colspan=\"1\" rowspan=\"1\">\n<div class=\"magic-15\"><span class=\"magic-17\">Maneira fixa:<\/span><\/div>\n<\/td>\n<td colspan=\"1\" rowspan=\"1\">\n<div class=\"magic-16\"><span class=\"magic-17\">Costurar \/ passar a ferro<\/span><\/div>\n<\/td>\n<\/tr>\n<tr>\n<td colspan=\"1\" rowspan=\"1\">\n<div class=\"magic-15\"><span class=\"magic-17\">Impress\u00e3o:<\/span><\/div>\n<\/td>\n<td colspan=\"1\" rowspan=\"1\">\n<div class=\"magic-16\"><span class=\"magic-17\">Impress\u00e3o, codifica\u00e7\u00e3o, n\u00famero de s\u00e9rie, design, etc.<\/span><\/div>\n<\/td>\n<\/tr>\n<tr>\n<td colspan=\"1\" rowspan=\"1\">\n<div class=\"magic-15\"><span class=\"magic-17\">Vida IC:<\/span><\/div>\n<\/td>\n<td colspan=\"1\" rowspan=\"1\">\n<div class=\"magic-16\" data-spm-anchor-id=\"a2700.details.0.i94.236a58c1ycsfva\"><span class=\"magic-17\">100.000 ciclos de programa\u00e7\u00e3o<br \/>\n10 anos de reten\u00e7\u00e3o de dados<\/span><\/div>\n<\/td>\n<\/tr>\n<tr>\n<td colspan=\"1\" rowspan=\"1\">\n<div class=\"magic-15\"><span class=\"magic-17\">Disponibilidade da amostra:<\/span><\/div>\n<\/td>\n<td colspan=\"1\" rowspan=\"1\">\n<div class=\"magic-16\"><span class=\"magic-17\">Amostras gr\u00e1tis est\u00e3o dispon\u00edveis mediante solicita\u00e7\u00e3o<\/span><\/div>\n<\/td>\n<\/tr>\n<tr>\n<td colspan=\"1\" rowspan=\"1\">\n<div class=\"magic-15\"><span class=\"magic-17\">Aplica\u00e7\u00f5es:\u00a0<\/span><\/div>\n<\/td>\n<td colspan=\"1\" rowspan=\"1\">\n<div class=\"magic-16\"><span class=\"magic-17\">\u00b7 Gest\u00e3o de Estoque<br \/>\n\u00b7 Cadeia de mantimentos<br \/>\n\u00b7 Varejo<\/span><\/div>\n<\/td>\n<\/tr>\n<tr>\n<td colspan=\"1\" rowspan=\"1\">\n<div class=\"magic-15\"><span class=\"magic-17\">Usar<\/span><\/div>\n<\/td>\n<td colspan=\"1\" rowspan=\"1\">\n<div class=\"magic-16\"><span class=\"magic-17\">Vestu\u00e1rio, roupas, bolsas, sapatos, etc.<\/span><\/div>\n<\/td>\n<\/tr>\n<\/tbody>\n<\/table>\n<\/div>\n<\/div>\n<div class=\"J_module\">\n<div class=\"detail-decorate-json-renderer-container\">\n<div class=\"magic-1\">\n<div class=\"magic-5\">\n<div class=\"magic-6\">\n<div class=\"magic-7\"><\/div>\n<div><\/div>\n<\/div>\n<div>\n<div class=\"auto-hide-last-sibling-br paragraph_1252f paragraph-element\">\n<div class=\"auto-hide-last-sibling-br paragraph_1252f paragraph-element\">\n<div class=\"auto-hide-last-sibling-br paragraph_1252f paragraph-element\">O RFID Care Label \u00e9 uma inova\u00e7\u00e3o revolucion\u00e1ria que traz o melhor dos dois mundos: etiquetas convencionais para cuidados com roupas e tecnologia RFID avan\u00e7ada. Essas etiquetas s\u00e3o projetadas para atender aos padr\u00f5es ISO18000-6C EPC Classe 1 Gen2 e encapsulam um inlay RFID UHF 860-960 MHz passivo.<\/div>\n<p><br class=\"container_e695a wrapper_ad07b undefined\" \/><\/p>\n<div class=\"auto-hide-last-sibling-br paragraph_1252f paragraph-element\"><strong>Principais caracter\u00edsticas das etiquetas de cuidados RFID:<\/strong><\/div>\n<p><br class=\"container_e695a wrapper_ad07b undefined\" \/><\/p>\n<ol class=\"auto-hide-last-sibling-br\">\n<li>\n<div class=\"auto-hide-last-sibling-br paragraph_1252f paragraph-element\"><strong>Variedade de materiais:<\/strong>\u00a0Essas etiquetas de cuidados podem ser feitas de v\u00e1rios materiais, desde tecidos planos at\u00e9 fitas, proporcionando flexibilidade em design e aplica\u00e7\u00e3o.<\/div>\n<\/li>\n<li>\n<div class=\"auto-hide-last-sibling-br paragraph_1252f paragraph-element\"><strong>Durabilidade:<\/strong>\u00a0Uma caracter\u00edstica definidora dessas etiquetas de cuidados \u00e9 sua resili\u00eancia. Elas t\u00eam propriedades resistentes a ferro e \u00e0 lavagem que garantem que elas mantenham seu desempenho e legibilidade, mesmo ap\u00f3s ciclos rigorosos de lavagem.<\/div>\n<\/li>\n<li>\n<div class=\"auto-hide-last-sibling-br paragraph_1252f paragraph-element\"><strong>Impress\u00e3o de superf\u00edcie:<\/strong>\u00a0Essas etiquetas tamb\u00e9m podem suportar impress\u00e3o de superf\u00edcie, o que permite a inclus\u00e3o de informa\u00e7\u00f5es tradicionais encontradas em etiquetas de roupas, como instru\u00e7\u00f5es de cuidados, tamanho, conte\u00fado do material, nome da marca e muito mais.<\/div>\n<\/li>\n<li>\n<div class=\"auto-hide-last-sibling-br paragraph_1252f paragraph-element\"><strong>Flexibilidade de tamanho e embalagem:<\/strong>\u00a0As etiquetas de cuidados RFID v\u00eam em uma ampla variedade de tamanhos para acomodar diferentes itens de vestu\u00e1rio e requisitos de uso. Al\u00e9m disso, elas oferecem materiais de embalagem flex\u00edveis para aplica\u00e7\u00f5es vers\u00e1teis.<\/div>\n<\/li>\n<li>\n<div class=\"auto-hide-last-sibling-br paragraph_1252f paragraph-element\"><strong>Costurando roupas:<\/strong>\u00a0Finalmente, uma vez que essas etiquetas RFID s\u00e3o costuradas nas pe\u00e7as de roupa, elas podem substituir efetivamente as etiquetas de lavagem convencionais. Elas permanecer\u00e3o presas \u00e0 pe\u00e7a de roupa enquanto ela durar, permitindo rastreamento e gerenciamento eficazes a longo prazo.<\/div>\n<\/li>\n<\/ol>\n<p><br class=\"container_e695a wrapper_ad07b undefined\" \/><\/p>\n<div class=\"auto-hide-last-sibling-br paragraph_1252f paragraph-element\">Concluindo, as etiquetas de cuidados RFID oferecem uma combina\u00e7\u00e3o impressionante de funcionalidade, conveni\u00eancia e resili\u00eancia, o que as torna extremamente \u00fateis no contexto de gerenciamento de vestu\u00e1rio, rastreamento e atendimento ao cliente.<\/div>\n<\/div>\n<p>&nbsp;<\/p>\n<\/div>\n<\/div>\n<div class=\"magic-6\">\n<div><\/div>\n<\/div>\n<\/div>\n<\/div>\n<\/div>\n<\/div>","protected":false},"excerpt":{"rendered":"<p>Etiqueta RFID para cuidados com a lavagem de roupas, projetada para suportar o ciclo de vida de uma pe\u00e7a de roupa, promove o rastreamento eficiente de cada item, desde a fabrica\u00e7\u00e3o, passando pelo armazenamento e venda, at\u00e9 o rastreamento potencial p\u00f3s-venda. Sua resist\u00eancia excepcional \u00e0 lavagem, passagem e uso torna as etiquetas RFID uma resposta eficaz aos desafios tradicionais de estoque, levando a maior precis\u00e3o e efici\u00eancia no controle de estoque e uma experi\u00eancia superior ao cliente por meio da disponibilidade consistente do produto. A transi\u00e7\u00e3o para essas etiquetas avan\u00e7adas permite que os varejistas se afastem do controle de estoque manual demorado e dos estoques mal gerenciados.<\/p>","protected":false},"featured_media":179,"template":"","meta":{"_kad_post_transparent":"default","_kad_post_title":"","_kad_post_layout":"default","_kad_post_sidebar_id":"","_kad_post_content_style":"default","_kad_post_vertical_padding":"default","_kad_post_feature":"","_kad_post_feature_position":"","_kad_post_header":false,"_kad_post_footer":false,"_kad_post_classname":""},"product_brand":[],"product_cat":[81],"product_tag":[85,82,83],"class_list":{"0":"post-178","1":"product","2":"type-product","3":"status-publish","4":"has-post-thumbnail","6":"product_cat-rfid-wash-care-clothing-label","7":"product_tag-laundry-rfid-wash-care-label","8":"product_tag-rfid-wash-care-clothing-label","9":"product_tag-rfid-wash-care-label","11":"first","12":"instock","13":"shipping-taxable","14":"product-type-simple","15":"entry","16":"content-bg","17":"loop-entry"},"_links":{"self":[{"href":"https:\/\/rfid-laundry-tag.com\/pt\/wp-json\/wp\/v2\/product\/178","targetHints":{"allow":["GET"]}}],"collection":[{"href":"https:\/\/rfid-laundry-tag.com\/pt\/wp-json\/wp\/v2\/product"}],"about":[{"href":"https:\/\/rfid-laundry-tag.com\/pt\/wp-json\/wp\/v2\/types\/product"}],"version-history":[{"count":1,"href":"https:\/\/rfid-laundry-tag.com\/pt\/wp-json\/wp\/v2\/product\/178\/revisions"}],"predecessor-version":[{"id":180,"href":"https:\/\/rfid-laundry-tag.com\/pt\/wp-json\/wp\/v2\/product\/178\/revisions\/180"}],"wp:featuredmedia":[{"embeddable":true,"href":"https:\/\/rfid-laundry-tag.com\/pt\/wp-json\/wp\/v2\/media\/179"}],"wp:attachment":[{"href":"https:\/\/rfid-laundry-tag.com\/pt\/wp-json\/wp\/v2\/media?parent=178"}],"wp:term":[{"taxonomy":"product_brand","embeddable":true,"href":"https:\/\/rfid-laundry-tag.com\/pt\/wp-json\/wp\/v2\/product_brand?post=178"},{"taxonomy":"product_cat","embeddable":true,"href":"https:\/\/rfid-laundry-tag.com\/pt\/wp-json\/wp\/v2\/product_cat?post=178"},{"taxonomy":"product_tag","embeddable":true,"href":"https:\/\/rfid-laundry-tag.com\/pt\/wp-json\/wp\/v2\/product_tag?post=178"}],"curies":[{"name":"wp","href":"https:\/\/api.w.org\/{rel}","templated":true}]}}