{"id":176,"date":"2024-06-15T16:46:13","date_gmt":"2024-06-15T16:46:13","guid":{"rendered":"https:\/\/rfid-laundry-tag.com\/?post_type=product&#038;p=176"},"modified":"2024-06-15T16:46:13","modified_gmt":"2024-06-15T16:46:13","slug":"nylon-rfid-wash-care-clothing-label","status":"publish","type":"product","link":"https:\/\/rfid-laundry-tag.com\/pt\/nylon-rfid-wash-care-clothing-label\/","title":{"rendered":"Etiqueta de Nylon RFID para cuidados com a lavagem de roupas"},"content":{"rendered":"<div class=\"J_module\">\n<div class=\"ife-detail-decorate-table\">\n<table class=\"hight-light-first-column all magic-14\">\n<tbody>\n<tr>\n<td colspan=\"1\" rowspan=\"1\">\n<div class=\"magic-15\" data-spm-anchor-id=\"a2700.details.0.i95.236a58c1ycsfva\">Nome da produ\u00e7\u00e3o:<\/div>\n<\/td>\n<td colspan=\"1\" rowspan=\"1\">\n<div class=\"magic-16\">Etiqueta de Nylon RFID para cuidados com a lavagem de roupas<\/div>\n<\/td>\n<\/tr>\n<tr>\n<td colspan=\"1\" rowspan=\"1\">\n<div class=\"magic-15\"><span class=\"magic-17\">Material:<\/span><\/div>\n<\/td>\n<td colspan=\"1\" rowspan=\"1\">\n<div class=\"magic-16\">Poli\u00e9ster\/Composi\u00e7\u00e3o\/Cetim\/Algod\u00e3o\/N\u00e3o tecido\/PET etc.<\/div>\n<\/td>\n<\/tr>\n<tr>\n<td colspan=\"1\" rowspan=\"1\">\n<div class=\"magic-15\"><span class=\"magic-17\">Tamanho:<\/span><\/div>\n<\/td>\n<td colspan=\"1\" rowspan=\"1\">\n<div class=\"magic-16\"><span class=\"magic-17\">80*38mm\/60*30mm ou personalizado<\/span><\/div>\n<\/td>\n<\/tr>\n<tr>\n<td colspan=\"1\" rowspan=\"1\">\n<div class=\"magic-15\"><span class=\"magic-17\">Tipo:<\/span><\/div>\n<\/td>\n<td colspan=\"1\" rowspan=\"1\">\n<div class=\"magic-16\"><span class=\"magic-17\">Passivo, RFID<\/span><\/div>\n<\/td>\n<\/tr>\n<tr>\n<td colspan=\"1\" rowspan=\"1\">\n<div class=\"magic-15\">Protocolo RF:<\/div>\n<\/td>\n<td colspan=\"1\" rowspan=\"1\">\n<div class=\"magic-16\">ISO 18000-6C; EPC Classe 1 Gen 2<\/div>\n<\/td>\n<\/tr>\n<tr>\n<td colspan=\"1\" rowspan=\"1\">\n<div class=\"magic-15\"><span class=\"magic-17\">Freq\u00fc\u00eancia:<\/span><\/div>\n<\/td>\n<td colspan=\"1\" rowspan=\"1\">\n<div class=\"magic-16\"><span class=\"magic-17\">860~960MHz<\/span><\/div>\n<\/td>\n<\/tr>\n<tr>\n<td colspan=\"1\" rowspan=\"1\">\n<div class=\"magic-15\">Lasca<\/div>\n<\/td>\n<td colspan=\"1\" rowspan=\"1\">\n<div class=\"magic-16\">Impinj Monza R6\/R6-P, NXP UCODE8\/UCODE9 etc.<\/div>\n<\/td>\n<\/tr>\n<tr>\n<td colspan=\"1\" rowspan=\"1\">\n<div class=\"magic-15\"><span class=\"magic-17\">Dist\u00e2ncia de leitura:<\/span><\/div>\n<\/td>\n<td colspan=\"1\" rowspan=\"1\">\n<div class=\"magic-16\"><span class=\"magic-17\">UHF: 1~10m (depende do leitor e da antena)<\/span><\/div>\n<\/td>\n<\/tr>\n<tr>\n<td colspan=\"1\" rowspan=\"1\">\n<div class=\"magic-15\"><span class=\"magic-17\">Maneira fixa:<\/span><\/div>\n<\/td>\n<td colspan=\"1\" rowspan=\"1\">\n<div class=\"magic-16\"><span class=\"magic-17\">Costurar \/ passar a ferro<\/span><\/div>\n<\/td>\n<\/tr>\n<tr>\n<td colspan=\"1\" rowspan=\"1\">\n<div class=\"magic-15\"><span class=\"magic-17\">Impress\u00e3o:<\/span><\/div>\n<\/td>\n<td colspan=\"1\" rowspan=\"1\">\n<div class=\"magic-16\"><span class=\"magic-17\">Impress\u00e3o, codifica\u00e7\u00e3o, n\u00famero de s\u00e9rie, design, etc.<\/span><\/div>\n<\/td>\n<\/tr>\n<tr>\n<td colspan=\"1\" rowspan=\"1\">\n<div class=\"magic-15\"><span class=\"magic-17\">Vida IC:<\/span><\/div>\n<\/td>\n<td colspan=\"1\" rowspan=\"1\">\n<div class=\"magic-16\" data-spm-anchor-id=\"a2700.details.0.i94.236a58c1ycsfva\"><span class=\"magic-17\">100.000 ciclos de programa\u00e7\u00e3o<br \/>\n10 anos de reten\u00e7\u00e3o de dados<\/span><\/div>\n<\/td>\n<\/tr>\n<tr>\n<td colspan=\"1\" rowspan=\"1\">\n<div class=\"magic-15\"><span class=\"magic-17\">Disponibilidade da amostra:<\/span><\/div>\n<\/td>\n<td colspan=\"1\" rowspan=\"1\">\n<div class=\"magic-16\"><span class=\"magic-17\">Amostras gr\u00e1tis est\u00e3o dispon\u00edveis mediante solicita\u00e7\u00e3o<\/span><\/div>\n<\/td>\n<\/tr>\n<tr>\n<td colspan=\"1\" rowspan=\"1\">\n<div class=\"magic-15\"><span class=\"magic-17\">Aplica\u00e7\u00f5es:\u00a0<\/span><\/div>\n<\/td>\n<td colspan=\"1\" rowspan=\"1\">\n<div class=\"magic-16\"><span class=\"magic-17\">\u00b7 Gest\u00e3o de Estoque<br \/>\n\u00b7 Cadeia de mantimentos<br \/>\n\u00b7 Varejo<\/span><\/div>\n<\/td>\n<\/tr>\n<tr>\n<td colspan=\"1\" rowspan=\"1\">\n<div class=\"magic-15\"><span class=\"magic-17\">Usar<\/span><\/div>\n<\/td>\n<td colspan=\"1\" rowspan=\"1\">\n<div class=\"magic-16\"><span class=\"magic-17\">Vestu\u00e1rio, roupas, bolsas, sapatos, etc.<\/span><\/div>\n<\/td>\n<\/tr>\n<\/tbody>\n<\/table>\n<\/div>\n<\/div>\n<div class=\"J_module\">\n<div class=\"detail-decorate-json-renderer-container\">\n<div class=\"magic-1\">\n<div class=\"magic-5\">\n<div class=\"magic-6\">\n<div class=\"magic-7\"><span class=\"magic-10\">UCODE s\u00e3o marcas registradas da NXP BV e s\u00e3o usadas sob licen\u00e7a.<\/span><\/div>\n<div><\/div>\n<\/div>\n<div>\n<div class=\"auto-hide-last-sibling-br paragraph_1252f paragraph-element\">Itens de moda, como roupas, est\u00e3o sujeitos a v\u00e1rios fatores de influ\u00eancia que podem afetar as vendas, incluindo varia\u00e7\u00f5es sazonais, localiza\u00e7\u00e3o geogr\u00e1fica, prefer\u00eancias do cliente, tend\u00eancias da moda e pre\u00e7os. O papel das etiquetas de cuidados RFID se torna crucial aqui, pois elas permitem que as empresas de vestu\u00e1rio monitorem a din\u00e2mica de vendas em tempo real.<\/div>\n<p><br class=\"container_e695a wrapper_ad07b undefined\" \/><\/p>\n<div class=\"auto-hide-last-sibling-br paragraph_1252f paragraph-element\">\n<div class=\"auto-hide-last-sibling-br paragraph_1252f paragraph-element\"><strong>Caracter\u00edsticas da etiqueta de nylon RFID para cuidados com roupas:<\/strong><\/div>\n<p><br class=\"container_e695a wrapper_ad07b undefined\" \/><\/p>\n<ol class=\"auto-hide-last-sibling-br\">\n<li>\n<div class=\"auto-hide-last-sibling-br paragraph_1252f paragraph-element\"><strong>Material:<\/strong>\u00a0A etiqueta \u00e9 feita de nylon, um material forte e dur\u00e1vel que pode suportar altas temperaturas, press\u00e3o e manuseio brusco, garantindo a integridade da etiqueta, independentemente da natureza do manuseio da pe\u00e7a e do procedimento de lavagem.<\/div>\n<\/li>\n<li>\n<div class=\"auto-hide-last-sibling-br paragraph_1252f paragraph-element\"><strong>Rastreamento de dados:<\/strong>\u00a0Habilitado com tecnologia RFID, ele permite rastreamento em tempo real e coleta de dados relevantes, como hist\u00f3rico do produto, localiza\u00e7\u00e3o e status, fornecendo insights valiosos para empresas de vestu\u00e1rio.<\/div>\n<\/li>\n<li>\n<div class=\"auto-hide-last-sibling-br paragraph_1252f paragraph-element\"><strong>Funcionalidade:<\/strong>\u00a0A etiqueta RFID funciona em v\u00e1rios ambientes adversos e tamb\u00e9m pode identificar v\u00e1rias etiquetas simultaneamente, mesmo em itens de movimenta\u00e7\u00e3o r\u00e1pida.<\/div>\n<\/li>\n<li>\n<div class=\"auto-hide-last-sibling-br paragraph_1252f paragraph-element\"><strong>Persist\u00eancia:<\/strong>\u00a0Diferentemente das etiquetas penduradas tradicionais, as etiquetas RFID geralmente s\u00e3o costuradas ou branqueadas na pe\u00e7a, o que reduz as chances de ela cair durante o transporte ou manuseio.<\/div>\n<\/li>\n<li>\n<div class=\"auto-hide-last-sibling-br paragraph_1252f paragraph-element\"><strong>Verde e Seguro:<\/strong>\u00a0Os r\u00f3tulos s\u00e3o verdes e seguros, pois causam o menor impacto ao meio ambiente ap\u00f3s o descarte.<\/div>\n<\/li>\n<\/ol>\n<p><br class=\"container_e695a wrapper_ad07b undefined\" \/><\/p>\n<div class=\"auto-hide-last-sibling-br paragraph_1252f paragraph-element\"><strong>Aplica\u00e7\u00f5es da etiqueta RFID de nylon para cuidados com a lavagem de roupas:<\/strong><\/div>\n<p><br class=\"container_e695a wrapper_ad07b undefined\" \/><\/p>\n<ol class=\"auto-hide-last-sibling-br\">\n<li>\n<div class=\"auto-hide-last-sibling-br paragraph_1252f paragraph-element\"><strong>Gest\u00e3o de estoque:<\/strong>\u00a0As etiquetas ajudam a controlar o invent\u00e1rio em tempo real, tornando o processo de gerenciamento de estoque eficiente para as empresas.<\/div>\n<\/li>\n<li>\n<div class=\"auto-hide-last-sibling-br paragraph_1252f paragraph-element\"><strong>Cadeia de mantimentos:<\/strong>\u00a0Eles ajudam a otimizar toda a cadeia de suprimentos, desde a simplifica\u00e7\u00e3o dos processos de fabrica\u00e7\u00e3o at\u00e9 armazenagem e log\u00edstica mais eficientes.<\/div>\n<\/li>\n<li>\n<div class=\"auto-hide-last-sibling-br paragraph_1252f paragraph-element\"><strong>Gest\u00e3o de Varejo:<\/strong>\u00a0Em ambientes de varejo, essas etiquetas melhoram o processo de check-out, acelerando o processo de digitaliza\u00e7\u00e3o e reduzindo filas.<\/div>\n<\/li>\n<li>\n<div class=\"auto-hide-last-sibling-br paragraph_1252f paragraph-element\"><strong>Anti-roubo:<\/strong>\u00a0Quando incorporados ao sistema de seguran\u00e7a das lojas, eles podem servir como ferramentas antifurto.<\/div>\n<\/li>\n<li>\n<div class=\"auto-hide-last-sibling-br paragraph_1252f paragraph-element\"><strong>Autenticidade do produto:<\/strong>\u00a0As etiquetas podem ser usadas para garantir e verificar a autenticidade do produto, evitando assim a falsifica\u00e7\u00e3o.<\/div>\n<\/li>\n<li>\n<div class=\"auto-hide-last-sibling-br paragraph_1252f paragraph-element\"><strong>Uso do consumidor:<\/strong>\u00a0Para o consumidor final, essas etiquetas carregam informa\u00e7\u00f5es valiosas sobre o produto e cuidados. Al\u00e9m disso, o fato de a etiqueta permanecer com a pe\u00e7a por toda a sua vida \u00fatil permite um melhor rastreamento p\u00f3s-venda.<\/div>\n<\/li>\n<\/ol>\n<p><br class=\"container_e695a wrapper_ad07b undefined\" \/><\/p>\n<div class=\"auto-hide-last-sibling-br paragraph_1252f paragraph-element\">Essas etiquetas revolucionam a maneira como as pe\u00e7as de vestu\u00e1rio s\u00e3o manuseadas, desde o ch\u00e3o de f\u00e1brica at\u00e9 a loja de varejo e, depois, at\u00e9 o consumidor final, tornando-se parte integrante da ind\u00fastria de vestu\u00e1rio.<\/div>\n<\/div>\n<\/div>\n<div class=\"magic-6\">\n<div><\/div>\n<\/div>\n<\/div>\n<\/div>\n<\/div>\n<\/div>","protected":false},"excerpt":{"rendered":"<p>A Etiqueta Nylon RFID Wash Care \u00e9 um avan\u00e7o revolucion\u00e1rio na ind\u00fastria t\u00eaxtil e de vestu\u00e1rio. RFID, um dos avan\u00e7os tecnol\u00f3gicos mais promissores, facilita in\u00fameras aplica\u00e7\u00f5es neste setor. Ela desempenha um papel crucial nos processos de fabrica\u00e7\u00e3o, mantendo o controle de estoque, gerenciando armaz\u00e9ns, agilizando a distribui\u00e7\u00e3o e a log\u00edstica, permitindo o rastreamento autom\u00e1tico de objetos e otimizando o gerenciamento da cadeia de suprimentos. Esta abordagem inovadora aumentou substancialmente a efici\u00eancia e a produtividade no campo t\u00eaxtil e de vestu\u00e1rio.<\/p>","protected":false},"featured_media":177,"template":"","meta":{"_kad_post_transparent":"default","_kad_post_title":"","_kad_post_layout":"default","_kad_post_sidebar_id":"","_kad_post_content_style":"default","_kad_post_vertical_padding":"default","_kad_post_feature":"","_kad_post_feature_position":"","_kad_post_header":false,"_kad_post_footer":false,"_kad_post_classname":""},"product_brand":[],"product_cat":[81],"product_tag":[84,82,83],"class_list":{"0":"post-176","1":"product","2":"type-product","3":"status-publish","4":"has-post-thumbnail","6":"product_cat-rfid-wash-care-clothing-label","7":"product_tag-heat-transfer-laundry-rfid-wash-care-label","8":"product_tag-rfid-wash-care-clothing-label","9":"product_tag-rfid-wash-care-label","11":"first","12":"instock","13":"shipping-taxable","14":"product-type-simple","15":"entry","16":"content-bg","17":"loop-entry"},"_links":{"self":[{"href":"https:\/\/rfid-laundry-tag.com\/pt\/wp-json\/wp\/v2\/product\/176","targetHints":{"allow":["GET"]}}],"collection":[{"href":"https:\/\/rfid-laundry-tag.com\/pt\/wp-json\/wp\/v2\/product"}],"about":[{"href":"https:\/\/rfid-laundry-tag.com\/pt\/wp-json\/wp\/v2\/types\/product"}],"version-history":[{"count":0,"href":"https:\/\/rfid-laundry-tag.com\/pt\/wp-json\/wp\/v2\/product\/176\/revisions"}],"wp:featuredmedia":[{"embeddable":true,"href":"https:\/\/rfid-laundry-tag.com\/pt\/wp-json\/wp\/v2\/media\/177"}],"wp:attachment":[{"href":"https:\/\/rfid-laundry-tag.com\/pt\/wp-json\/wp\/v2\/media?parent=176"}],"wp:term":[{"taxonomy":"product_brand","embeddable":true,"href":"https:\/\/rfid-laundry-tag.com\/pt\/wp-json\/wp\/v2\/product_brand?post=176"},{"taxonomy":"product_cat","embeddable":true,"href":"https:\/\/rfid-laundry-tag.com\/pt\/wp-json\/wp\/v2\/product_cat?post=176"},{"taxonomy":"product_tag","embeddable":true,"href":"https:\/\/rfid-laundry-tag.com\/pt\/wp-json\/wp\/v2\/product_tag?post=176"}],"curies":[{"name":"wp","href":"https:\/\/api.w.org\/{rel}","templated":true}]}}