{"id":1755,"date":"2024-09-01T16:47:06","date_gmt":"2024-09-01T16:47:06","guid":{"rendered":"https:\/\/rfid-laundry-tag.com\/?post_type=product&#038;p=1755"},"modified":"2024-09-01T16:55:05","modified_gmt":"2024-09-01T16:55:05","slug":"iso18000-6c-uhf-rfid-tag-labels","status":"publish","type":"product","link":"https:\/\/rfid-laundry-tag.com\/pt\/iso18000-6c-uhf-rfid-tag-labels\/","title":{"rendered":"Etiquetas de etiqueta RFID UHF ISO18000-6C"},"content":{"rendered":"<div data-elementor-type=\"product-post\" data-elementor-id=\"1755\" class=\"elementor elementor-1755\" data-elementor-settings=\"{&quot;ha_cmc_init_switcher&quot;:&quot;no&quot;}\" data-elementor-post-type=\"product\">\n\t\t\t\t<div class=\"elementor-element elementor-element-1c13a178 e-flex e-con-boxed e-con e-parent\" data-id=\"1c13a178\" data-element_type=\"container\" data-e-type=\"container\" data-settings=\"{&quot;_ha_eqh_enable&quot;:false}\">\n\t\t\t\t\t<div class=\"e-con-inner\">\n\t\t\t\t<div class=\"elementor-element elementor-element-7e836d6a elementor-widget elementor-widget-text-editor\" data-id=\"7e836d6a\" data-element_type=\"widget\" data-e-type=\"widget\" data-widget_type=\"text-editor.default\">\n\t\t\t\t<div class=\"elementor-widget-container\">\n\t\t\t\t\t\t\t\t\t<div class=\"J_module\"><div class=\"detail-decorate-json-renderer-container\"><div class=\"magic-5\"><div class=\"magic-6\"><div class=\"magic-7\"><div class=\"magic-8\"><span style=\"color: #000000;\" data-spm-anchor-id=\"a2700.details.0.i44.1b65605fl6GjYL\">Etiqueta RFID UHF ISO18000 6C passiva de longo alcance 860-960 mhz<\/span><\/div><div>\u00a0<\/div><\/div><\/div><\/div><\/div><\/div><div class=\"J_module\"><div class=\"detail-decorate-json-renderer-container\"><div class=\"magic-5\"><div class=\"magic-6\"><div class=\"magic-7\"><div class=\"magic-8\" data-spm-anchor-id=\"a2700.details.0.i40.1b65605fl6GjYL\"><span style=\"color: #000000;\"><b>Etiqueta RFID<\/b> pode ser amplamente aplicado em identifica\u00e7\u00e3o, transporte p\u00fablico, bilheteria de eventos, cobran\u00e7a eletr\u00f4nica de ped\u00e1gio, ativos<\/span><br \/><span style=\"color: #000000;\">gerenciamento, bibliotecas e aluguel, sistema de fidelidade e gerenciamento de controle de acesso, etc. Oferecemos servi\u00e7os de programa\u00e7\u00e3o e codifica\u00e7\u00e3o que atendem exatamente aos requisitos de programa\u00e7\u00e3o ou codifica\u00e7\u00e3o do cliente.<\/span><\/div><div data-spm-anchor-id=\"a2700.details.0.i40.1b65605fl6GjYL\">\u00a0<\/div><\/div><div data-spm-anchor-id=\"a2700.details.0.i40.1b65605fl6GjYL\"><table class=\"all magic-12\"><tbody><tr><td colspan=\"1\" rowspan=\"1\"><div class=\"magic-16\" data-spm-anchor-id=\"a2700.details.0.i41.1b65605fl6GjYL\"><span style=\"color: #000000;\">Tipo de produto<\/span><\/div><\/td><td colspan=\"1\" rowspan=\"1\"><div class=\"magic-17\"><span style=\"color: #000000;\">Etiqueta RFID UHF ISO18000 6C passiva de longo alcance 860-960 mhz<\/span><\/div><\/td><\/tr><tr><td colspan=\"1\" rowspan=\"1\"><div class=\"magic-16\"><span style=\"color: #000000;\">Protocolo de Interface A\u00e9rea<\/span><\/div><\/td><td colspan=\"1\" rowspan=\"1\"><div class=\"magic-17\"><span style=\"color: #000000;\">EPCglobal UHF Classe 1 Gen 2 (ISO 18000-6C)<\/span><\/div><\/td><\/tr><tr><td colspan=\"1\" rowspan=\"1\"><div class=\"magic-16\"><span style=\"color: #000000;\">Frequ\u00eancia de opera\u00e7\u00e3o<\/span><\/div><\/td><td colspan=\"1\" rowspan=\"1\"><div class=\"magic-17\"><span style=\"color: #000000;\">860~960MHz<\/span><\/div><\/td><\/tr><tr><td colspan=\"1\" rowspan=\"1\"><div class=\"magic-16\"><span style=\"color: #000000;\">Tipo de CI<\/span><\/div><\/td><td colspan=\"1\" rowspan=\"1\"><div class=\"magic-17\"><span style=\"color: #000000;\">Alien\u00edgena Higgs-3\/Higgs-4<\/span><\/div><\/td><\/tr><tr><td colspan=\"1\" rowspan=\"1\"><div class=\"magic-16\"><span style=\"color: #000000;\">Mem\u00f3ria<\/span><\/div><\/td><td colspan=\"1\" rowspan=\"1\"><div class=\"magic-17\"><span style=\"color: #000000;\">EPC 96-480 bits, Usu\u00e1rio 512 bits, TID 32 bits<\/span><\/div><\/td><\/tr><tr><td colspan=\"1\" rowspan=\"1\"><div class=\"magic-16\"><span style=\"color: #000000;\">Conte\u00fado de mem\u00f3ria EPC<\/span><\/div><\/td><td colspan=\"1\" rowspan=\"1\"><div class=\"magic-17\"><span style=\"color: #000000;\">N\u00famero \u00fanico e aleat\u00f3rio<\/span><\/div><\/td><\/tr><tr><td colspan=\"1\" rowspan=\"1\"><div class=\"magic-16\"><span style=\"color: #000000;\">Dist\u00e2ncia m\u00e1xima de leitura<\/span><\/div><\/td><td colspan=\"1\" rowspan=\"1\"><div class=\"magic-17\"><span style=\"color: #000000;\">&gt;3 m (10 p\u00e9s)<\/span><\/div><\/td><\/tr><tr><td colspan=\"1\" rowspan=\"1\"><div class=\"magic-16\"><span style=\"color: #000000;\">Materiais de superf\u00edcie de aplica\u00e7\u00e3o<\/span><\/div><\/td><td colspan=\"1\" rowspan=\"1\"><div class=\"magic-17\"><span style=\"color: #000000;\">Vidro, Pl\u00e1stico, Madeira, Papel\u00e3o<\/span><\/div><\/td><\/tr><tr><td colspan=\"1\" rowspan=\"1\"><div class=\"magic-16\"><span style=\"color: #000000;\">Fator de forma da etiqueta<\/span><\/div><\/td><td colspan=\"1\" rowspan=\"1\"><div class=\"magic-17\"><span style=\"color: #000000;\">Incrusta\u00e7\u00e3o seca\/incrusta\u00e7\u00e3o \u00famida\/incrusta\u00e7\u00e3o \u00famida branca (etiqueta)<\/span><\/div><\/td><\/tr><tr><td colspan=\"1\" rowspan=\"1\"><div class=\"magic-16\"><span style=\"color: #000000;\">Materiais de etiqueta<\/span><\/div><\/td><td colspan=\"1\" rowspan=\"1\"><div class=\"magic-17\"><span style=\"color: #000000;\">Filme branco imprim\u00edvel TT<\/span><\/div><\/td><\/tr><tr><td colspan=\"1\" rowspan=\"1\"><div class=\"magic-16\"><span style=\"color: #000000;\">M\u00e9todo de fixa\u00e7\u00e3o<\/span><\/div><\/td><td colspan=\"1\" rowspan=\"1\"><div class=\"magic-17\"><span style=\"color: #000000;\">Adesivo de uso geral ou papel revestido<\/span><\/div><\/td><\/tr><tr><td colspan=\"1\" rowspan=\"1\"><div class=\"magic-16\"><span style=\"color: #000000;\">Tamanho da antena<\/span><\/div><\/td><td colspan=\"1\" rowspan=\"1\"><div class=\"magic-17\"><span style=\"color: #000000;\">70*17mm ou personalizado<\/span><\/div><\/td><\/tr><tr><td colspan=\"1\" rowspan=\"1\"><div class=\"magic-16\"><span style=\"color: #000000;\">Tamanho do embutimento<\/span><\/div><\/td><td colspan=\"1\" rowspan=\"1\"><div class=\"magic-17\"><span style=\"color: #000000;\">83*25,4 mm ou personalizado<\/span><\/div><\/td><\/tr><tr><td colspan=\"1\" rowspan=\"1\"><div class=\"magic-16\"><span style=\"color: #000000;\">Peso<\/span><\/div><\/td><td colspan=\"1\" rowspan=\"1\"><div class=\"magic-17\"><span style=\"color: #000000;\">&lt; 1 grama<\/span><\/div><\/td><\/tr><tr><td colspan=\"1\" rowspan=\"1\"><div class=\"magic-16\"><span style=\"color: #000000;\">Temperatura de opera\u00e7\u00e3o<\/span><\/div><\/td><td colspan=\"1\" rowspan=\"1\"><div class=\"magic-17\"><span style=\"color: #000000;\">-40\u00b0 a +70\u00b0C<\/span><\/div><\/td><\/tr><tr><td colspan=\"1\" rowspan=\"1\"><div class=\"magic-16\"><span style=\"color: #000000;\">Condi\u00e7\u00e3o de armazenamento<\/span><\/div><\/td><td colspan=\"1\" rowspan=\"1\"><div class=\"magic-17\"><span style=\"color: #000000;\">20% a 90% RH<\/span><\/div><\/td><\/tr><tr><td colspan=\"1\" rowspan=\"4\"><div class=\"magic-16\"><span style=\"color: #000000;\">Formul\u00e1rios<\/span><\/div><\/td><td colspan=\"1\" rowspan=\"1\"><div class=\"magic-17\" data-spm-anchor-id=\"a2700.details.0.i42.1b65605fl6GjYL\"><span style=\"color: #000000;\">Etiqueta RFID para roupas<\/span><\/div><\/td><\/tr><tr><td colspan=\"1\" rowspan=\"1\" data-spm-anchor-id=\"a2700.details.0.i45.1b65605fl6GjYL\"><div class=\"magic-17\"><span style=\"color: #000000;\">Caixa de embalagem<\/span><\/div><\/td><\/tr><tr><td colspan=\"1\" rowspan=\"1\"><div class=\"magic-17\"><span style=\"color: #000000;\">As etiquetas da bandeja<\/span><\/div><\/td><\/tr><tr><td colspan=\"1\" rowspan=\"1\"><div class=\"magic-17\"><span style=\"color: #000000;\">Cart\u00e3o ISO<\/span><\/div><\/td><\/tr><\/tbody><\/table><\/div><div class=\"magic-7\"><div data-spm-anchor-id=\"a2700.details.0.i40.1b65605fl6GjYL\">\u00a0<\/div><\/div><\/div><\/div><\/div><\/div><p><span style=\"color: #000000;\"><strong>Caracter\u00edsticas de peso<\/strong><\/span><br \/><span style=\"color: #000000;\">Com um peso inferior a 1 grama, essas etiquetas s\u00e3o leves e discretas, o que as torna ideais para integra\u00e7\u00e3o em uma ampla variedade de produtos.<\/span><\/p><p><span style=\"color: #000000;\"><strong>Faixa de temperatura operacional<\/strong><\/span><br \/><span style=\"color: #000000;\">Essas etiquetas RFID s\u00e3o projetadas para ter desempenho ideal em condi\u00e7\u00f5es extremas, com uma faixa de temperatura operacional de -40 \u00b0C a +70 \u00b0C, garantindo confiabilidade em diversos ambientes.<\/span><\/p><p><span style=\"color: #000000;\"><strong>Condi\u00e7\u00f5es de armazenamento<\/strong><\/span><br \/><span style=\"color: #000000;\">Para um desempenho ideal, essas etiquetas devem ser armazenadas em ambientes com n\u00edveis de umidade relativa entre 20% e 90%.<img fetchpriority=\"high\" decoding=\"async\" class=\"alignnone size-full wp-image-1763\" src=\"https:\/\/rfid-laundry-tag.com\/wp-content\/uploads\/2024\/09\/5_He7ba546c53fb4397bb6067c599476c9cN.jpg\" alt=\"\" width=\"720\" height=\"720\" srcset=\"https:\/\/rfid-laundry-tag.com\/wp-content\/uploads\/2024\/09\/5_He7ba546c53fb4397bb6067c599476c9cN.jpg 720w, https:\/\/rfid-laundry-tag.com\/wp-content\/uploads\/2024\/09\/5_He7ba546c53fb4397bb6067c599476c9cN-300x300.jpg 300w, https:\/\/rfid-laundry-tag.com\/wp-content\/uploads\/2024\/09\/5_He7ba546c53fb4397bb6067c599476c9cN-150x150.jpg 150w, https:\/\/rfid-laundry-tag.com\/wp-content\/uploads\/2024\/09\/5_He7ba546c53fb4397bb6067c599476c9cN-12x12.jpg 12w, https:\/\/rfid-laundry-tag.com\/wp-content\/uploads\/2024\/09\/5_He7ba546c53fb4397bb6067c599476c9cN-600x600.jpg 600w, https:\/\/rfid-laundry-tag.com\/wp-content\/uploads\/2024\/09\/5_He7ba546c53fb4397bb6067c599476c9cN-100x100.jpg 100w\" sizes=\"(max-width: 720px) 100vw, 720px\" \/><\/span><\/p><p><span style=\"color: #000000;\"><strong>Caracter\u00edsticas adicionais<\/strong><\/span><\/p><ol><li><p><span style=\"color: #000000;\"><strong>Configurabilidade do usu\u00e1rio<\/strong>: Com uma estrutura de mem\u00f3ria flex\u00edvel, os usu\u00e1rios podem configurar a mem\u00f3ria da etiqueta RFID, permitindo aplica\u00e7\u00f5es personalizadas, como coleta de dados personalizados do cliente ou rastreamento de estoque.<\/span><\/p><\/li><li><p><span style=\"color: #000000;\"><strong>Durabilidade e Resist\u00eancia<\/strong>: Essas etiquetas s\u00e3o projetadas para serem resistentes aos desafios ambientais, garantindo desempenho duradouro, apesar da exposi\u00e7\u00e3o a mudan\u00e7as de temperatura e umidade.<\/span><\/p><\/li><li><p><span style=\"color: #000000;\"><strong>Medidas de seguran\u00e7a avan\u00e7adas<\/strong>: As etiquetas apresentam protocolos de seguran\u00e7a avan\u00e7ados que protegem os dados contidos nelas, tornando-as ideais para aplica\u00e7\u00f5es que exigem medidas de alta seguran\u00e7a, como transa\u00e7\u00f5es financeiras ou sistemas de controle de acesso.<\/span><\/p><\/li><\/ol>\t\t\t\t\t\t\t\t<\/div>\n\t\t\t\t<\/div>\n\t\t\t\t\t<\/div>\n\t\t\t\t<\/div>\n\t\t\t\t<\/div>","protected":false},"excerpt":{"rendered":"<p>Descubra a vers\u00e1til etiqueta RFID UHF ISO18000-6C para identifica\u00e7\u00e3o e rastreamento eficientes em aplica\u00e7\u00f5es de transporte, gerenciamento de ativos e controle de acesso.<\/p>","protected":false},"featured_media":1756,"template":"","meta":{"_kad_post_transparent":"default","_kad_post_title":"","_kad_post_layout":"default","_kad_post_sidebar_id":"","_kad_post_content_style":"default","_kad_post_vertical_padding":"default","_kad_post_feature":"","_kad_post_feature_position":"","_kad_post_header":false,"_kad_post_footer":false,"_kad_post_classname":""},"product_brand":[],"product_cat":[54],"product_tag":[265,264,98],"class_list":{"0":"post-1755","1":"product","2":"type-product","3":"status-publish","4":"has-post-thumbnail","6":"product_cat-hot-selling-rfid-tags","7":"product_tag-iso18000-6c-uhf-rfid-tags","8":"product_tag-iso18000-6c-uhf-rfid-tags-labels","9":"product_tag-uhf-rfid-label","11":"first","12":"instock","13":"shipping-taxable","14":"product-type-simple","15":"entry","16":"content-bg","17":"loop-entry"},"_links":{"self":[{"href":"https:\/\/rfid-laundry-tag.com\/pt\/wp-json\/wp\/v2\/product\/1755","targetHints":{"allow":["GET"]}}],"collection":[{"href":"https:\/\/rfid-laundry-tag.com\/pt\/wp-json\/wp\/v2\/product"}],"about":[{"href":"https:\/\/rfid-laundry-tag.com\/pt\/wp-json\/wp\/v2\/types\/product"}],"version-history":[{"count":5,"href":"https:\/\/rfid-laundry-tag.com\/pt\/wp-json\/wp\/v2\/product\/1755\/revisions"}],"predecessor-version":[{"id":1769,"href":"https:\/\/rfid-laundry-tag.com\/pt\/wp-json\/wp\/v2\/product\/1755\/revisions\/1769"}],"wp:featuredmedia":[{"embeddable":true,"href":"https:\/\/rfid-laundry-tag.com\/pt\/wp-json\/wp\/v2\/media\/1756"}],"wp:attachment":[{"href":"https:\/\/rfid-laundry-tag.com\/pt\/wp-json\/wp\/v2\/media?parent=1755"}],"wp:term":[{"taxonomy":"product_brand","embeddable":true,"href":"https:\/\/rfid-laundry-tag.com\/pt\/wp-json\/wp\/v2\/product_brand?post=1755"},{"taxonomy":"product_cat","embeddable":true,"href":"https:\/\/rfid-laundry-tag.com\/pt\/wp-json\/wp\/v2\/product_cat?post=1755"},{"taxonomy":"product_tag","embeddable":true,"href":"https:\/\/rfid-laundry-tag.com\/pt\/wp-json\/wp\/v2\/product_tag?post=1755"}],"curies":[{"name":"wp","href":"https:\/\/api.w.org\/{rel}","templated":true}]}}