{"id":171,"date":"2024-06-15T13:49:12","date_gmt":"2024-06-15T13:49:12","guid":{"rendered":"https:\/\/rfid-laundry-tag.com\/?post_type=product&#038;p=171"},"modified":"2024-06-15T14:14:22","modified_gmt":"2024-06-15T14:14:22","slug":"uhf-rfid-silicone-washing-labels","status":"publish","type":"product","link":"https:\/\/rfid-laundry-tag.com\/pt\/uhf-rfid-silicone-washing-labels\/","title":{"rendered":"Etiquetas de lavagem de silicone UHF RFID"},"content":{"rendered":"<table style=\"border-collapse: collapse; width: 711px; height: 751px;\" border=\"0\" width=\"537\" cellspacing=\"0\" cellpadding=\"0\">\n<tbody>\n<tr style=\"height: 14.40pt;\">\n<td class=\"et2\" style=\"height: 14.40pt; width: 136.80pt;\" width=\"228\" height=\"24\">Material<\/td>\n<td class=\"et2\" style=\"width: 185.40pt;\" width=\"309\">Silicone<\/td>\n<\/tr>\n<tr style=\"height: 14.40pt;\">\n<td class=\"et3\" style=\"height: 14.40pt; width: 136.80pt;\" width=\"228\" height=\"24\">Tamanho<\/td>\n<td class=\"et3\" style=\"width: 185.40pt;\" width=\"309\">55x12mm, 56x20mm, 85x27mm<\/td>\n<\/tr>\n<tr style=\"height: 14.40pt;\">\n<td class=\"et3\" style=\"height: 14.40pt; width: 136.80pt;\" width=\"228\" height=\"24\">Frequ\u00eancia<\/td>\n<td class=\"et3\" style=\"width: 185.40pt;\" width=\"309\">860-960 MHz<\/td>\n<\/tr>\n<tr style=\"height: 27.60pt;\">\n<td class=\"et3\" style=\"height: 27.60pt; width: 136.80pt;\" width=\"228\" height=\"46\">Tipo de CI (chip)<\/td>\n<td class=\"et3\" style=\"width: 185.40pt;\" width=\"309\">U7\/U8 (Alien H3 e Impinj Monza R6 est\u00e3o dispon\u00edveis)<\/td>\n<\/tr>\n<tr style=\"height: 27.60pt;\">\n<td class=\"et3\" style=\"height: 27.60pt; width: 136.80pt;\" width=\"228\" height=\"46\">Protocolo<\/td>\n<td class=\"et3\" style=\"width: 185.40pt;\" width=\"309\">EPC Global Classe 1 Gen2 e ISO18000-6C<\/td>\n<\/tr>\n<tr style=\"height: 14.40pt;\">\n<td class=\"et3\" style=\"height: 14.40pt; width: 136.80pt;\" width=\"228\" height=\"24\">Mem\u00f3ria<\/td>\n<td class=\"et3\" style=\"width: 185.40pt;\" width=\"309\">128 bits<\/td>\n<\/tr>\n<tr style=\"height: 14.40pt;\">\n<td class=\"et3\" style=\"height: 14.40pt; width: 136.80pt;\" width=\"228\" height=\"24\">Fator de forma da etiqueta<\/td>\n<td class=\"et3\" style=\"width: 185.40pt;\" width=\"309\">Flex\u00edvel<\/td>\n<\/tr>\n<tr style=\"height: 14.40pt;\">\n<td class=\"et3\" style=\"height: 14.40pt; width: 136.80pt;\" width=\"228\" height=\"24\">Anti-Colis\u00e3o<\/td>\n<td class=\"et3\" style=\"width: 185.40pt;\" width=\"309\">Sim<\/td>\n<\/tr>\n<tr style=\"height: 14.40pt;\">\n<td class=\"et3\" style=\"height: 14.40pt; width: 136.80pt;\" width=\"228\" height=\"24\">Temperatura de opera\u00e7\u00e3o<\/td>\n<td class=\"et3\" style=\"width: 185.40pt;\" width=\"309\">-25 \u00b0C \/ +200 \u00b0C<\/td>\n<\/tr>\n<tr style=\"height: 14.40pt;\">\n<td class=\"et3\" style=\"height: 14.40pt; width: 136.80pt;\" width=\"228\" height=\"24\">Ler dist\u00e2ncia<\/td>\n<td class=\"et3\" style=\"width: 185.40pt;\" width=\"309\">1-7m<\/td>\n<\/tr>\n<tr style=\"height: 14.40pt;\">\n<td class=\"et3\" style=\"height: 14.40pt; width: 136.80pt;\" width=\"228\" height=\"24\">Afixos para<\/td>\n<td class=\"et3\" style=\"width: 185.40pt;\" width=\"309\">Roupas de cama e vestu\u00e1rio<\/td>\n<\/tr>\n<tr style=\"height: 14.40pt;\">\n<td class=\"et3\" style=\"height: 14.40pt; width: 136.80pt;\" width=\"228\" height=\"24\">Classifica\u00e7\u00e3o IP<\/td>\n<td class=\"et3\" style=\"width: 185.40pt;\" width=\"309\">IP68<\/td>\n<\/tr>\n<tr style=\"height: 14.40pt;\">\n<td class=\"et3\" style=\"height: 14.40pt; width: 136.80pt;\" width=\"228\" height=\"24\">Cor<\/td>\n<td class=\"et3\" style=\"width: 185.40pt;\" width=\"309\">Branco\/Azul ou personalizado<\/td>\n<\/tr>\n<tr style=\"height: 17.40pt;\">\n<td class=\"et4\" style=\"height: 17.40pt; width: 322.20pt;\" colspan=\"2\" width=\"537\" height=\"29\">Lavagem<\/td>\n<\/tr>\n<tr style=\"height: 27.60pt;\">\n<td class=\"et3\" style=\"height: 27.60pt; width: 136.80pt;\" width=\"228\" height=\"46\">Resiste \u00e0 exposi\u00e7\u00e3o a<\/td>\n<td class=\"et3\" style=\"width: 185.40pt;\" width=\"309\">\u00e1gua e todos os produtos qu\u00edmicos comuns em lavanderias comerciais e lavagem a seco<\/td>\n<\/tr>\n<tr style=\"height: 14.40pt;\">\n<td class=\"et3\" style=\"height: 14.40pt; width: 136.80pt;\" width=\"228\" height=\"24\">Ciclos de lavagem<\/td>\n<td class=\"et3\" style=\"width: 185.40pt;\" width=\"309\">At\u00e9 200 ciclos de lavagem comerciais<\/td>\n<\/tr>\n<tr style=\"height: 27.60pt;\">\n<td class=\"et3\" style=\"height: 27.60pt; width: 136.80pt;\" width=\"228\" height=\"46\">Lavagem<\/td>\n<td class=\"et3\" style=\"width: 185.40pt;\" width=\"309\">150 \u00baC por 15-20 minutos \u2013 150 ciclos<\/td>\n<\/tr>\n<tr style=\"height: 27.60pt;\">\n<td class=\"et3\" style=\"height: 27.60pt; width: 136.80pt;\" width=\"228\" height=\"46\">Secagem<\/td>\n<td class=\"et3\" style=\"width: 185.40pt;\" width=\"309\">95\u00b0C (at\u00e9 60 min.), 130\u00b0C (at\u00e9 30 min.)<\/td>\n<\/tr>\n<tr style=\"height: 14.40pt;\">\n<td class=\"et3\" style=\"height: 14.40pt; width: 136.80pt;\" width=\"228\" height=\"24\">Finalizador de T\u00fanel<\/td>\n<td class=\"et3\" style=\"width: 185.40pt;\" width=\"309\">200\u00b0C por 30min<\/td>\n<\/tr>\n<tr style=\"height: 14.40pt;\">\n<td class=\"et3\" style=\"height: 14.40pt; width: 136.80pt;\" width=\"228\" height=\"24\">Passar roupa<\/td>\n<td class=\"et3\" style=\"width: 185.40pt;\" width=\"309\">250\u00b0C (at\u00e9 60 segundos)<\/td>\n<\/tr>\n<\/tbody>\n<\/table>\n<div><\/div>\n<div><\/div>\n<div class=\"auto-hide-last-sibling-br paragraph_1252f paragraph-element\"><strong>As etiquetas de lavagem de silicone UHF RFID oferecem os seguintes recursos principais:<\/strong><\/div>\n<ol class=\"auto-hide-last-sibling-br\">\n<li>\n<div class=\"auto-hide-last-sibling-br paragraph_1252f paragraph-element\">Fino, macio e flex\u00edvel: seu design leve e male\u00e1vel garante um ajuste confort\u00e1vel em qualquer material t\u00eaxtil.<\/div>\n<\/li>\n<li>\n<div class=\"auto-hide-last-sibling-br paragraph_1252f paragraph-element\">Resiliente: As etiquetas s\u00e3o \u00e0 prova d&#039;\u00e1gua e resistentes a solu\u00e7\u00f5es qu\u00edmicas, garantindo que mantenham sua funcionalidade independentemente dos ambientes aos quais s\u00e3o submetidas.<\/div>\n<\/li>\n<li>\n<div class=\"auto-hide-last-sibling-br paragraph_1252f paragraph-element\">Longa dura\u00e7\u00e3o: oferece durabilidade de at\u00e9 200 ciclos de lavagem, secagem, limpeza e passagem, proporcionando desempenho consistente.<\/div>\n<\/li>\n<li>\n<div class=\"auto-hide-last-sibling-br paragraph_1252f paragraph-element\">Resist\u00eancia Excepcional: Suporta altas temperaturas e ambientes severos. A etiqueta de lavanderia RFID, operando dentro da faixa de frequ\u00eancia de 860~960MHz, \u00e9 projetada especificamente para suportar os processos de limpeza de alta press\u00e3o e temperatura.<\/div>\n<\/li>\n<li>\n<div class=\"auto-hide-last-sibling-br paragraph_1252f paragraph-element\">Ampla aplica\u00e7\u00e3o: ideal para uso em condi\u00e7\u00f5es desafiadoras que exigem alta resist\u00eancia ao calor, corros\u00e3o e desgaste, como lavanderias e lavagens industriais.<\/div>\n<\/li>\n<li>\n<div class=\"auto-hide-last-sibling-br paragraph_1252f paragraph-element\">F\u00e1cil integra\u00e7\u00e3o: facilmente incorporado em v\u00e1rios tecidos, incluindo camisas, roupas de trabalho, len\u00e7\u00f3is e outros produtos t\u00eaxteis.<\/div>\n<\/li>\n<li>\n<div class=\"auto-hide-last-sibling-br paragraph_1252f paragraph-element\">Variedade de op\u00e7\u00f5es: oferece uma variedade de etiquetas de lavanderia RFID, incluindo etiquetas de lavanderia RFID PPS, etiquetas de lavanderia de silicone RFID e etiquetas de lavanderia de tecido RFID.<\/div>\n<\/li>\n<li>\n<div class=\"auto-hide-last-sibling-br paragraph_1252f paragraph-element\">Ampla utiliza\u00e7\u00e3o: amplamente utilizado nos setores de varejo de roupas, len\u00e7\u00f3is de hotel, lavagem a seco de uniformes m\u00e9dicos e lavanderia industrial.<\/div>\n<\/li>\n<li>\n<div class=\"auto-hide-last-sibling-br paragraph_1252f paragraph-element\">Gest\u00e3o Eficiente: A tecnologia RFID apresenta desempenho superior em gest\u00e3o eficaz, otimiza\u00e7\u00e3o de estoque e redu\u00e7\u00e3o de erros humanos durante os processos de lavagem e faturamento.<\/div>\n<\/li>\n<\/ol>\n<div class=\"auto-hide-last-sibling-br paragraph_1252f paragraph-element\">Em resumo, essas etiquetas s\u00e3o personalizadas para condi\u00e7\u00f5es desafiadoras de lavanderia, oferecendo durabilidade, efici\u00eancia e uma ampla gama de aplica\u00e7\u00f5es. Elas fornecem uma solu\u00e7\u00e3o inteligente para gerenciar e rastrear itens de lavanderia de forma eficaz em v\u00e1rios setores.<\/div>\n<div><\/div>\n<p data-spm-anchor-id=\"a2700.details.0.i116.60201a70jOXdOd\"><strong>Aplicativo :<\/strong><\/p>\n<ul>\n<li>Gerenciamento de rastreamento de roupas de cama de hotel<\/li>\n<li>F\u00e1brica\/armaz\u00e9m\/hotel\/hospital\/parque de divers\u00f5es<\/li>\n<li data-spm-anchor-id=\"a2700.details.0.i115.60201a70jOXdOd\"><span data-spm-anchor-id=\"a2700.details.0.i120.60201a70jOXdOd\">Uniformes hospitalares<\/span><\/li>\n<li data-spm-anchor-id=\"a2700.details.0.i118.60201a70jOXdOd\">Linhos\/ Paletes\/ Sacos de lona<\/li>\n<li>Lavanderias a seco<\/li>\n<li>Uso em len\u00e7\u00f3is de hotel\/ Fixado em tecidos\/ Roupas de trabalho.<\/li>\n<li>F\u00e1brica de roupas, F\u00e1brica de tecidos.<\/li>\n<\/ul>\n<p>&nbsp;<\/p>","protected":false},"excerpt":{"rendered":"<p>As etiquetas de lavagem de silicone UHF RFID s\u00e3o um design de etiqueta exclusivo capaz de suportar m\u00e9todos rigorosos de lavagem. Elas s\u00e3o particularmente adequadas para roupas e itens de tecido que passam por limpeza regular. Essas etiquetas s\u00e3o feitas de silicone resistente, garantindo sua durabilidade. Al\u00e9m disso, elas incorporam um chip RFID UHF (Ultra High Frequency), que pode ser programado com dados pertinentes sobre a vestimenta ou tecido. Isso torna essas etiquetas uma op\u00e7\u00e3o conveniente e eficiente para gerenciar e rastrear itens de lavanderia.<\/p>","protected":false},"featured_media":173,"template":"","meta":{"_kad_post_transparent":"default","_kad_post_title":"","_kad_post_layout":"default","_kad_post_sidebar_id":"","_kad_post_content_style":"default","_kad_post_vertical_padding":"default","_kad_post_feature":"","_kad_post_feature_position":"","_kad_post_header":false,"_kad_post_footer":false,"_kad_post_classname":""},"product_brand":[],"product_cat":[20,16],"product_tag":[63,62,61,79],"class_list":{"0":"post-171","1":"product","2":"type-product","3":"status-publish","4":"has-post-thumbnail","6":"product_cat-silicone-rfid-laundry-tag","7":"product_cat-uhf-rfid-laundry-tags","8":"product_tag-rfid-washing-tag","9":"product_tag-silicone-rfid-laundry-tag","10":"product_tag-silicone-washable-rfid-laundry-tag","11":"product_tag-uhf-rfid-silicone-washing-labels","13":"first","14":"instock","15":"shipping-taxable","16":"product-type-simple","17":"entry","18":"content-bg","19":"loop-entry"},"_links":{"self":[{"href":"https:\/\/rfid-laundry-tag.com\/pt\/wp-json\/wp\/v2\/product\/171","targetHints":{"allow":["GET"]}}],"collection":[{"href":"https:\/\/rfid-laundry-tag.com\/pt\/wp-json\/wp\/v2\/product"}],"about":[{"href":"https:\/\/rfid-laundry-tag.com\/pt\/wp-json\/wp\/v2\/types\/product"}],"version-history":[{"count":0,"href":"https:\/\/rfid-laundry-tag.com\/pt\/wp-json\/wp\/v2\/product\/171\/revisions"}],"wp:featuredmedia":[{"embeddable":true,"href":"https:\/\/rfid-laundry-tag.com\/pt\/wp-json\/wp\/v2\/media\/173"}],"wp:attachment":[{"href":"https:\/\/rfid-laundry-tag.com\/pt\/wp-json\/wp\/v2\/media?parent=171"}],"wp:term":[{"taxonomy":"product_brand","embeddable":true,"href":"https:\/\/rfid-laundry-tag.com\/pt\/wp-json\/wp\/v2\/product_brand?post=171"},{"taxonomy":"product_cat","embeddable":true,"href":"https:\/\/rfid-laundry-tag.com\/pt\/wp-json\/wp\/v2\/product_cat?post=171"},{"taxonomy":"product_tag","embeddable":true,"href":"https:\/\/rfid-laundry-tag.com\/pt\/wp-json\/wp\/v2\/product_tag?post=171"}],"curies":[{"name":"wp","href":"https:\/\/api.w.org\/{rel}","templated":true}]}}