{"id":167,"date":"2024-06-15T13:14:42","date_gmt":"2024-06-15T13:14:42","guid":{"rendered":"https:\/\/rfid-laundry-tag.com\/?post_type=product&#038;p=167"},"modified":"2024-09-26T03:38:23","modified_gmt":"2024-09-26T03:38:23","slug":"textile-uhf-rfid-linen-tags","status":"publish","type":"product","link":"https:\/\/rfid-laundry-tag.com\/pt\/textile-uhf-rfid-linen-tags\/","title":{"rendered":"Etiquetas de linho UHF RFID t\u00eaxteis"},"content":{"rendered":"<div>\n<div class=\"auto-hide-last-sibling-br paragraph_1252f paragraph-element\">\n<table width=\"637\">\n<tbody>\n<tr>\n<td width=\"328\">Nome do item:<\/td>\n<td width=\"309\"><strong>Etiquetas de linho UHF RFID t\u00eaxteis<\/strong><\/td>\n<\/tr>\n<tr>\n<td width=\"328\">Padr\u00e3o RFID:<\/td>\n<td width=\"309\">ISO\/IEC 18000-6 Tipo C (EPC Gen2)<\/td>\n<\/tr>\n<tr>\n<td width=\"328\">Tamanho e peso:<\/td>\n<td width=\"309\">70\u00d715 mm, 0,6 g<\/td>\n<\/tr>\n<tr>\n<td width=\"328\">Tipo de chip:<\/td>\n<td width=\"309\">Impinj Monza 4QT,NXP U C\u00d3DIGO 9<\/td>\n<\/tr>\n<tr>\n<td width=\"328\">Mem\u00f3ria EPC:<\/td>\n<td width=\"309\">128 bits<\/td>\n<\/tr>\n<tr>\n<td width=\"328\">Mem\u00f3ria do usu\u00e1rio:<\/td>\n<td width=\"309\">512 bits<\/td>\n<\/tr>\n<tr>\n<td width=\"328\">Alcance de leitura (2W ERP FCC):<\/td>\n<td width=\"309\">8m<\/td>\n<\/tr>\n<tr>\n<td width=\"328\">Alcance de leitura (2W ERP ETSI):<\/td>\n<td width=\"309\">8m<\/td>\n<\/tr>\n<tr>\n<td width=\"328\">Marca\u00e7\u00e3o:<\/td>\n<td width=\"309\">Costura, Adesivo para estampagem a quente<\/td>\n<\/tr>\n<tr>\n<td width=\"328\">Vida \u00fatil estimada:<\/td>\n<td width=\"309\">200 ciclos de lavagem ou 3 anos, o que ocorrer primeiro<\/td>\n<\/tr>\n<tr>\n<td width=\"328\">M\u00e9todo de lavagem:<\/td>\n<td width=\"309\">Lavanderia, Limpeza a seco<\/td>\n<\/tr>\n<tr>\n<td width=\"328\">Press\u00e3o de extra\u00e7\u00e3o de \u00e1gua:<\/td>\n<td width=\"309\">60 barras<\/td>\n<\/tr>\n<tr>\n<td width=\"328\">Resist\u00eancia \u00e0 \u00e1gua:<\/td>\n<td width=\"309\">Resistente \u00e0 \u00e1gua<\/td>\n<\/tr>\n<tr>\n<td width=\"328\">Resist\u00eancia qu\u00edmica:<\/td>\n<td width=\"309\">Detergente, Amaciante, Alvejante (Oxig\u00eanio\/ Cloro), \u00c1lcali<\/td>\n<\/tr>\n<tr>\n<td width=\"328\">Pr\u00e9-secagem em tambor:<\/td>\n<td width=\"309\">125 \u00baC por 15-20 minutos<\/td>\n<\/tr>\n<tr>\n<td width=\"328\">Temperatura de esteriliza\u00e7\u00e3o:<\/td>\n<td width=\"309\">135\u00b0C por 15-20 minutos<\/td>\n<\/tr>\n<tr>\n<td width=\"328\">Temperatura de lavagem:<\/td>\n<td width=\"309\">90\u00b0C, at\u00e9 15min.<\/td>\n<\/tr>\n<tr>\n<td width=\"328\">Umidade\/Temperatura-Opera\u00e7\u00e3o:<\/td>\n<td width=\"309\">-20 a 110\u00b0C, 8 a 95%RH<\/td>\n<\/tr>\n<tr>\n<td width=\"328\">Umidade\/Temperatura-Armazenamento:<\/td>\n<td width=\"309\">-40 a 110\u00b0C, 8 a 95%RH<\/td>\n<\/tr>\n<\/tbody>\n<\/table>\n<\/div>\n<\/div>\n<div class=\"auto-hide-last-sibling-br paragraph_1252f paragraph-element\"><\/div>\n<div>\n<div class=\"auto-hide-last-sibling-br paragraph_1252f paragraph-element\">\n<h3>Principais caracter\u00edsticas das etiquetas de linho UHF RFID<\/h3>\n<ul>\n<li><strong>Durabilidade<\/strong>: As etiquetas s\u00e3o criadas para suportar processos de lavanderia industrial. Com capacidade para suportar temperaturas extremas, detergentes e condi\u00e7\u00f5es de secagem, elas s\u00e3o projetadas para uso pesado.<\/li>\n<li><strong>Natureza lav\u00e1vel<\/strong>: Esses\u00a0<strong>etiquetas RFID lav\u00e1veis<\/strong>\u00a0mant\u00eam sua integridade mesmo ap\u00f3s lavagens repetidas, tornando-os ideais para qualquer sistema de gerenciamento t\u00eaxtil. Eles podem suportar at\u00e9\u00a0<strong>200 ciclos de lavagem<\/strong>\u00a0sem perder a funcionalidade.<\/li>\n<li><strong>RFID de alto desempenho<\/strong>: Utilizando tecnologia de ponta\u00a0<strong>Tecnologia UHF<\/strong>, essas etiquetas fornecem uma dist\u00e2ncia de leitura robusta, facilitando o rastreamento e o gerenciamento eficientes de tecidos.<\/li>\n<\/ul>\n<\/div>\n<h3>Principais benef\u00edcios das etiquetas de linho RFID<\/h3>\n<p>Um dos benef\u00edcios mais destacados dos t\u00eaxteis\u00a0<strong>Etiquetas RFID para linho<\/strong>\u00a0\u00e9 sua capacidade de melhorar a precis\u00e3o do gerenciamento de invent\u00e1rio. Ao automatizar o processo de rastreamento, as empresas podem reduzir significativamente o risco de itens perdidos ou extraviados. Al\u00e9m disso, essas etiquetas aumentam a visibilidade dos ativos, permitindo que as lavanderias mantenham a transpar\u00eancia em suas opera\u00e7\u00f5es.<\/p>\n<p>Outro benef\u00edcio cr\u00edtico \u00e9 o potencial de economia de custos. Com o rastreamento automatizado, os custos de m\u00e3o de obra associados a verifica\u00e7\u00f5es manuais de invent\u00e1rio diminuem significativamente. A confiabilidade de longo prazo dessas etiquetas tamb\u00e9m agrega valor, pois podem ser reutilizadas em v\u00e1rios ciclos de lavanderia, garantindo que as empresas maximizem seus investimentos.<\/p>\n<\/div>\n<div class=\"auto-hide-last-sibling-br paragraph_1252f paragraph-element\">\n<div data-spm-anchor-id=\"a2700.details.0.i57.23b419c7xXORP0\">Essa durabilidade impressionante vem com uma garantia de manter os not\u00e1veis atributos de rastreamento e invent\u00e1rio ao longo da vida \u00fatil de linho, roupas e outros itens t\u00eaxteis. Assim, eles servem como uma ferramenta eficaz e confi\u00e1vel para garantir rastreamento cont\u00ednuo, manuten\u00e7\u00e3o oportuna e gerenciamento eficiente de invent\u00e1rio de v\u00e1rios produtos de tecido em diversos ambientes, maximizando seu ciclo de vida e facilitando opera\u00e7\u00f5es suaves.<\/div>\n<\/div>\n<div data-spm-anchor-id=\"a2700.details.0.i57.23b419c7xXORP0\">\n<h3>Durabilidade e lavabilidade das etiquetas RFID<\/h3>\n<p>Quando se trata de\u00a0<strong>durabilidade<\/strong>, as etiquetas RFID ostentam um design robusto que pode suportar os desafios impostos pela lavagem comercial. Com a capacidade de suportar altas temperaturas e exposi\u00e7\u00f5es qu\u00edmicas agressivas, como alvejantes e amaciantes de tecidos, elas s\u00e3o otimizadas para processos de lavagem e secagem.<\/p>\n<p>O\u00a0<strong>natureza lav\u00e1vel<\/strong>\u00a0dessas etiquetas significa que elas podem ser integradas perfeitamente aos seus itens de lavanderia existentes. Essa adaptabilidade permite f\u00e1cil fixa\u00e7\u00e3o em roupas e len\u00e7\u00f3is por meio de costura ou aplica\u00e7\u00e3o de adesivo, evitando assim quaisquer interrup\u00e7\u00f5es na funcionalidade ou apar\u00eancia dos seus itens t\u00eaxteis.<\/p>\n<\/div>\n<div data-spm-anchor-id=\"a2700.details.0.i57.23b419c7xXORP0\"><\/div>\n<h3 class=\"wp-block-heading\">Instala\u00e7\u00e3o<\/h3>\n<p><strong>Marca\u00e7\u00e3o de pontos<\/strong>: Para ser costurado na bainha de um tecido. Costure a etiqueta de lavanderia longe das linhas de dobra.<br \/>\n<strong>Selagem a quente<\/strong>: Para ser selado a quente diretamente no tecido a +200\u00b0C (392\u00b0F), por 12~14s.<br \/>\n<strong>Em bolsa<\/strong>: Para ser costurado como uma etiqueta de cuidados padr\u00e3o. Costure a etiqueta de lavanderia longe das linhas de dobra.<\/p>\n<div class=\"auto-hide-last-sibling-br paragraph_1252f paragraph-element\">\n<h2 class=\"auto-hide-last-sibling-br paragraph_1252f paragraph-element\"><strong>Usos da etiqueta de lavanderia RFID UHF lav\u00e1vel em tecido t\u00eaxtil<\/strong><\/h2>\n<ol class=\"auto-hide-last-sibling-br\">\n<li>Lavanderia Industrial: Agiliza os processos de limpeza e a log\u00edstica de distribui\u00e7\u00e3o de lavanderia uniforme.<\/li>\n<li>Setor de Hospitalidade: Aprimora a gest\u00e3o dos sistemas de lavanderia para m\u00f3veis e toalhas de hot\u00e9is.<\/li>\n<li>Setor de sa\u00fade: auxilia na organiza\u00e7\u00e3o e manuten\u00e7\u00e3o de vestu\u00e1rio hospitalar e de sa\u00fade.<\/li>\n<\/ol>\n<h3>Considera\u00e7\u00f5es ambientais<\/h3>\n<p>Usando\u00a0<strong>Etiquetas RFID para linho<\/strong>\u00a0tamb\u00e9m contribui para a sustentabilidade ambiental. A capacidade de reutilizar e rastrear roupas de cama ajuda a reduzir o desperd\u00edcio, garantindo que os itens sejam usados de forma eficiente ao longo de seu ciclo de vida. Al\u00e9m disso, a durabilidade dessas etiquetas significa menos substitui\u00e7\u00f5es, minimizando a pegada ambiental associada \u00e0 produ\u00e7\u00e3o e ao descarte constantes.<\/p>\n<h3>Perguntas frequentes sobre etiquetas de linho RFID<\/h3>\n<p><strong>P: Quantos ciclos de lavagem as etiquetas podem suportar?<\/strong><br \/>\nA: Nosso\u00a0<strong>Etiquetas RFID para linho<\/strong>\u00a0s\u00e3o projetados para manter a funcionalidade mesmo depois\u00a0<strong>200 ciclos de lavagem<\/strong>, tornando-os altamente dur\u00e1veis para uso a longo prazo.<\/p>\n<p><strong>P: As etiquetas podem ser costuradas em qualquer tecido?<\/strong><br \/>\nR: Sim, as etiquetas podem ser perfeitamente integradas a v\u00e1rios materiais t\u00eaxteis, garantindo que permane\u00e7am fixadas durante v\u00e1rios processos de lavanderia.<\/p>\n<p><strong>P: A tecnologia RFID \u00e9 confi\u00e1vel para rastrear roupas de cama?<\/strong><br \/>\nR: Com certeza! As etiquetas RFID oferecem precis\u00e3o de rastreamento inigual\u00e1vel, minimizando perdas e auxiliando no gerenciamento eficiente de estoque.<\/p>\n<h3>Conclus\u00e3o<\/h3>\n<p>Para concluir,\u00a0<strong>Etiquetas de linho UHF RFID t\u00eaxteis<\/strong>\u00a0representam o futuro da gest\u00e3o de lavanderias. Ao aumentar a efici\u00eancia, durabilidade e custo-benef\u00edcio do rastreamento, elas servem como ferramentas vitais para qualquer neg\u00f3cio que dependa de roupas de cama e vestu\u00e1rio. Com tecnologia avan\u00e7ada e desempenho robusto, essas etiquetas RFID s\u00e3o projetadas para atender \u00e0s demandas das opera\u00e7\u00f5es modernas de lavanderia.<\/p>\n<\/div>","protected":false},"excerpt":{"rendered":"<p>As Etiquetas de Linho RFID UHF T\u00eaxteis tamb\u00e9m podem ser chamadas de Etiquetas de Lavanderia T\u00eaxteis RFID RAIN, que foram meticulosamente projetadas para ter um desempenho consistente sob as dif\u00edceis condi\u00e7\u00f5es de processamento de lavanderia, como esteriliza\u00e7\u00e3o, exposi\u00e7\u00e3o ao calor, limpeza, secagem e passagem a ferro. Essas etiquetas n\u00e3o s\u00e3o apenas capazes de suportar centenas de ciclos de lavagem, mas tamb\u00e9m mant\u00eam um desempenho RFID excelente e consistente mesmo ap\u00f3s in\u00fameras rodadas de lavagem.<\/p>","protected":false},"featured_media":168,"template":"","meta":{"_kad_post_transparent":"default","_kad_post_title":"","_kad_post_layout":"default","_kad_post_sidebar_id":"","_kad_post_content_style":"default","_kad_post_vertical_padding":"default","_kad_post_feature":"","_kad_post_feature_position":"","_kad_post_header":false,"_kad_post_footer":false,"_kad_post_classname":""},"product_brand":[],"product_cat":[19],"product_tag":[31,312,65,30],"class_list":{"0":"post-167","1":"product","2":"type-product","3":"status-publish","4":"has-post-thumbnail","6":"product_cat-textile-rfid-laundry-tag","7":"product_tag-rfid-tag-for-linen-laundry","8":"product_tag-rfid-tags","9":"product_tag-textile-rfid-laundry-tags","10":"product_tag-uhf-rfid-laundry-tag","12":"first","13":"instock","14":"featured","15":"shipping-taxable","16":"product-type-simple","17":"entry","18":"content-bg","19":"loop-entry"},"_links":{"self":[{"href":"https:\/\/rfid-laundry-tag.com\/pt\/wp-json\/wp\/v2\/product\/167","targetHints":{"allow":["GET"]}}],"collection":[{"href":"https:\/\/rfid-laundry-tag.com\/pt\/wp-json\/wp\/v2\/product"}],"about":[{"href":"https:\/\/rfid-laundry-tag.com\/pt\/wp-json\/wp\/v2\/types\/product"}],"version-history":[{"count":3,"href":"https:\/\/rfid-laundry-tag.com\/pt\/wp-json\/wp\/v2\/product\/167\/revisions"}],"predecessor-version":[{"id":2680,"href":"https:\/\/rfid-laundry-tag.com\/pt\/wp-json\/wp\/v2\/product\/167\/revisions\/2680"}],"wp:featuredmedia":[{"embeddable":true,"href":"https:\/\/rfid-laundry-tag.com\/pt\/wp-json\/wp\/v2\/media\/168"}],"wp:attachment":[{"href":"https:\/\/rfid-laundry-tag.com\/pt\/wp-json\/wp\/v2\/media?parent=167"}],"wp:term":[{"taxonomy":"product_brand","embeddable":true,"href":"https:\/\/rfid-laundry-tag.com\/pt\/wp-json\/wp\/v2\/product_brand?post=167"},{"taxonomy":"product_cat","embeddable":true,"href":"https:\/\/rfid-laundry-tag.com\/pt\/wp-json\/wp\/v2\/product_cat?post=167"},{"taxonomy":"product_tag","embeddable":true,"href":"https:\/\/rfid-laundry-tag.com\/pt\/wp-json\/wp\/v2\/product_tag?post=167"}],"curies":[{"name":"wp","href":"https:\/\/api.w.org\/{rel}","templated":true}]}}