{"id":1669,"date":"2024-08-31T09:24:58","date_gmt":"2024-08-31T09:24:58","guid":{"rendered":"https:\/\/rfid-laundry-tag.com\/?post_type=product&#038;p=1669"},"modified":"2024-09-16T05:07:30","modified_gmt":"2024-09-16T05:07:30","slug":"uhf-rfid-laundry-button-heat-resistant-pps-tag","status":"publish","type":"product","link":"https:\/\/rfid-laundry-tag.com\/pt\/uhf-rfid-laundry-button-heat-resistant-pps-tag\/","title":{"rendered":"Bot\u00e3o de lavanderia UHF RFID resistente ao calor PPS Tag"},"content":{"rendered":"<div class=\"J_module\">\n<div class=\"ife-detail-decorate-table\">\n<table class=\"has-title all magic-6\">\n<tbody>\n<tr>\n<td colspan=\"1\" rowspan=\"1\">\n<div class=\"magic-7\" data-spm-anchor-id=\"a2700.details.0.i45.77607d98vZbcDU\"><span class=\"magic-8\" style=\"color: #363535;\">Nome do item<\/span><\/div>\n<\/td>\n<td colspan=\"1\" rowspan=\"1\">\n<div class=\"magic-9\"><span class=\"magic-8\">Bot\u00e3o de lavanderia UHF RFID resistente ao calor PPS Tag<\/span><\/div>\n<\/td>\n<\/tr>\n<tr>\n<td colspan=\"1\" rowspan=\"1\">\n<div class=\"magic-7\"><span class=\"magic-10\" data-spm-anchor-id=\"a2700.pc-decorate.0.i10.28d333330XLbTD\"><span class=\"magic-8\">Material<\/span><\/span><\/div>\n<\/td>\n<td colspan=\"1\" rowspan=\"1\">\n<div class=\"magic-9\"><span class=\"magic-8\">PPS<\/span><\/div>\n<\/td>\n<\/tr>\n<tr>\n<td colspan=\"1\" rowspan=\"1\">\n<div class=\"magic-7\"><span class=\"magic-8\">Cor<\/span><\/div>\n<\/td>\n<td colspan=\"1\" rowspan=\"1\">\n<div class=\"magic-9\"><span class=\"magic-8\">Preto<\/span><\/div>\n<\/td>\n<\/tr>\n<tr>\n<td colspan=\"1\" rowspan=\"1\">Quantidade m\u00ednima<\/td>\n<td colspan=\"1\" rowspan=\"1\">500 unidades<\/td>\n<\/tr>\n<tr>\n<td colspan=\"1\" rowspan=\"1\">\n<div class=\"magic-7\"><span class=\"magic-8\">Fabricante\/Chip<\/span><\/div>\n<\/td>\n<td colspan=\"1\" rowspan=\"1\">\n<div class=\"magic-9\"><span class=\"magic-8\">NXP UCODE 8, UCODE 9, Alien H3, Higgs 9 etc.<\/span><\/div>\n<\/td>\n<\/tr>\n<tr>\n<td colspan=\"1\" rowspan=\"1\">\n<div class=\"magic-7\"><span class=\"magic-8\">Frequ\u00eancia<\/span><\/div>\n<\/td>\n<td colspan=\"1\" rowspan=\"1\">\n<div class=\"magic-9\"><span class=\"magic-8\">860-960MHz\/<\/span><\/div>\n<\/td>\n<\/tr>\n<tr>\n<td colspan=\"1\" rowspan=\"1\">\n<div class=\"magic-7\"><span class=\"magic-8\">Mem\u00f3ria<\/span><\/div>\n<\/td>\n<td colspan=\"1\" rowspan=\"1\">\n<div class=\"magic-9\"><span class=\"magic-8\">96 bits\/128 bits<\/span><\/div>\n<\/td>\n<\/tr>\n<tr>\n<td colspan=\"1\" rowspan=\"1\">\n<div class=\"magic-7\"><span class=\"magic-8\">Ler dist\u00e2ncia<\/span><\/div>\n<\/td>\n<td colspan=\"1\" rowspan=\"1\">\n<div class=\"magic-9\"><span class=\"magic-8\">1-6m<\/span><\/div>\n<\/td>\n<\/tr>\n<tr>\n<td colspan=\"1\" rowspan=\"1\">\n<div class=\"magic-7\"><span class=\"magic-8\">Modo de trabalho<\/span><\/div>\n<\/td>\n<td colspan=\"1\" rowspan=\"1\">\n<div class=\"magic-9\"><span class=\"magic-8\">passiva<\/span><\/div>\n<\/td>\n<\/tr>\n<tr>\n<td colspan=\"1\" rowspan=\"1\">\n<div class=\"magic-7\"><span class=\"magic-8\">Temperatura de trabalho<\/span><\/div>\n<\/td>\n<td colspan=\"1\" rowspan=\"1\">\n<div class=\"magic-9\"><span class=\"magic-8\">-25\u2103~+110\u2103<\/span><\/div>\n<\/td>\n<\/tr>\n<tr>\n<td colspan=\"1\" rowspan=\"1\">\n<div class=\"magic-7\"><span class=\"magic-8\">Temperatura de armazenamento<\/span><\/div>\n<\/td>\n<td colspan=\"1\" rowspan=\"1\">\n<div class=\"magic-9\"><span class=\"magic-8\">-40\u2103~+85\u2103<\/span><\/div>\n<\/td>\n<\/tr>\n<tr>\n<td colspan=\"1\" rowspan=\"1\">\n<div class=\"magic-7\">\n<div><span class=\"magic-8\">\u00a0<\/span><\/div>\n<p><span class=\"magic-8\">Resist\u00eancia \u00e0 temperatura de curto prazo<\/span><\/p>\n<\/div>\n<\/td>\n<td colspan=\"1\" rowspan=\"1\">\n<div class=\"magic-9\"><span class=\"magic-8\">lavagem: 90\u2103, 15 minutos; pr\u00e9-secagem do conversor: 180\u2103, 30 minutos, 200 vezes; passar a ferro: 180\u2103, 10 segundos, 200 vezes; alta<br \/>\nesteriliza\u00e7\u00e3o de temperatura: 135\u2103, 20 minutos<\/span><\/div>\n<\/td>\n<\/tr>\n<tr>\n<td colspan=\"1\" rowspan=\"1\">\n<div class=\"magic-7\"><span class=\"magic-8\">Caracter\u00edsticas<\/span><\/div>\n<\/td>\n<td colspan=\"1\" rowspan=\"1\">\n<div class=\"magic-9\"><span class=\"magic-8\">imperme\u00e1vel, lav\u00e1vel e resistente a altas temperaturas<\/span><\/div>\n<\/td>\n<\/tr>\n<tr>\n<td colspan=\"1\" rowspan=\"1\">\n<div class=\"magic-7\"><span class=\"magic-8\">Vida<\/span><\/div>\n<\/td>\n<td colspan=\"1\" rowspan=\"1\">\n<div class=\"magic-9\"><span class=\"magic-8\">lavar 200 vezes ou 3 anos<\/span><\/div>\n<\/td>\n<\/tr>\n<tr>\n<td colspan=\"1\" rowspan=\"1\">\n<div class=\"magic-7\"><span class=\"magic-8\">Formul\u00e1rios<\/span><\/div>\n<\/td>\n<td colspan=\"1\" rowspan=\"1\">\n<div class=\"magic-9\"><span class=\"magic-8\">gerenciamento e rastreamento de lavanderia<\/span><\/div>\n<\/td>\n<\/tr>\n<\/tbody>\n<\/table>\n<\/div>\n<\/div>\n<div class=\"J_module\">\n<div class=\"detail-decorate-json-renderer-container\">\n<div class=\"magic-1\">\n<div class=\"magic-2\">\n<div class=\"magic-3\">\n<div><\/div>\n<div class=\"magic-4\">\n<div><strong>Etiqueta de bot\u00e3o RFID<\/strong><\/div>\n<div><\/div>\n<\/div>\n<\/div>\n<div>\n<div class=\"auto-hide-last-sibling-br paragraph_1252f paragraph-element\">As etiquetas de lavanderia resistentes a altas temperaturas PPS servem como uma excelente solu\u00e7\u00e3o de rastreamento para ambientes comerciais, como cantinas e restaurantes, onde grandes volumes de lou\u00e7as s\u00e3o constantemente manuseados.<\/div>\n<\/div>\n<\/div>\n<div id=\"featuresXsp\" class=\"features-list toggle-opacity in\">\n<div class=\"features-xsp\">\n<div class=\"collapse-mobile ste-list\">\n<div class=\"collapse-mobile ste-list\"><\/div>\n<\/div>\n<\/div>\n<\/div>\n<div class=\"magic-2\">\n<div>\n<div class=\"auto-hide-last-sibling-br paragraph_1252f paragraph-element\">\n<h4>Detalhes do item<\/h4>\n<ul>\n<li><strong>Nome:<\/strong>\u00a0Bot\u00e3o de lavanderia UHF RFID resistente ao calor PPS Tag<\/li>\n<li><strong>Material:<\/strong>\u00a0PPS (sulfeto de polifenileno)<\/li>\n<li><strong>Cor:<\/strong>\u00a0Preto<\/li>\n<li><strong>Quantidade m\u00ednima de pedido (MOQ):<\/strong>\u00a0500 pe\u00e7as<\/li>\n<\/ul>\n<h4>Especifica\u00e7\u00f5es<\/h4>\n<ul>\n<li><strong>Op\u00e7\u00f5es de fabricante\/chip:<\/strong>\n<ul>\n<li>NXP UCODE 8, UCODE 8m<\/li>\n<li>NXP UCODE 9<\/li>\n<li>Alien\u00edgena Higgs\u2122 9<\/li>\n<\/ul>\n<\/li>\n<li><strong>Freq\u00fc\u00eancia:<\/strong>\u00a0860-960 MHz<\/li>\n<li><strong>Op\u00e7\u00f5es de mem\u00f3ria:<\/strong>\n<ul>\n<li>96 bits<\/li>\n<li>128 bits<\/li>\n<\/ul>\n<\/li>\n<li><strong>Dist\u00e2ncia de leitura:<\/strong>\u00a01-6 metros<\/li>\n<li><strong>Modo de trabalho:<\/strong>\u00a0Passiva<\/li>\n<li><strong>Temperatura de opera\u00e7\u00e3o:<\/strong>\u00a0-25\u00b0C a +110\u00b0C<\/li>\n<li><strong>Temperatura de armazenamento:<\/strong>\u00a0-40\u00b0C a +85\u00b0C<\/li>\n<\/ul>\n<h4>Resist\u00eancia \u00e0 temperatura de curto prazo<\/h4>\n<ul>\n<li><strong>Lavagem:<\/strong>\u00a090\u00b0C por 15 minutos<\/li>\n<li><strong>Pr\u00e9-secagem do conversor:<\/strong>\u00a0180\u00b0C por 30 minutos (200 ciclos)<\/li>\n<li><strong>Passar roupa:<\/strong>\u00a0180\u00b0C por 10 segundos (200 ciclos)<\/li>\n<li><strong>Esteriliza\u00e7\u00e3o em alta temperatura:<\/strong>\u00a0135\u00b0C por 20 minutos<\/li>\n<\/ul>\n<h4>Principais caracter\u00edsticas<\/h4>\n<ul>\n<li>Imperme\u00e1vel e lav\u00e1vel<\/li>\n<li>Resist\u00eancia a altas temperaturas<\/li>\n<li>Adequado para condi\u00e7\u00f5es de lavanderia industrial<\/li>\n<li>Projetado para longevidade: 200 ciclos de lavagem ou 3 anos<\/li>\n<\/ul>\n<h4>Formul\u00e1rios<\/h4>\n<ul>\n<li><strong>Usos principais:<\/strong>\u00a0Gest\u00e3o e rastreamento de lavanderia em ambientes comerciais (por exemplo, cantinas, restaurantes)<\/li>\n<li><strong>Marca\u00e7\u00e3o vers\u00e1til:<\/strong>\u00a0Pode ser fixado em v\u00e1rios itens t\u00eaxteis, como meias, camisas e toalhas, para minimizar perdas.<\/li>\n<\/ul>\n<h4>Caracter\u00edsticas do Chip<\/h4>\n<ul>\n<li><strong>NXP UCODE 8\/8m:<\/strong>\n<ul>\n<li>Sensibilidade de leitura: -23 dBm<\/li>\n<li>Sensibilidade de grava\u00e7\u00e3o: -18 dBm<\/li>\n<li>Funcionalidades inovadoras para gest\u00e3o de invent\u00e1rio<\/li>\n<\/ul>\n<\/li>\n<li><strong>NXP UCODE 9:<\/strong>\n<ul>\n<li>Sensibilidade de leitura: -24 dBm<\/li>\n<li>Sensibilidade de grava\u00e7\u00e3o: -22 dBm<\/li>\n<li>Resist\u00eancia ao ciclo de grava\u00e7\u00e3o de 100k<\/li>\n<\/ul>\n<\/li>\n<li><strong>Alien\u00edgena Higgs\u2122 9:<\/strong>\n<ul>\n<li>1024 bits de mem\u00f3ria NVM\/RAM<\/li>\n<li>Em conformidade com GS1 Classe 1 Gen 2 e ISO\/IEC 18000-6C<\/li>\n<\/ul>\n<\/li>\n<\/ul>\n<p>Essas etiquetas oferecem uma solu\u00e7\u00e3o robusta para rastrear roupas de cama em aplica\u00e7\u00f5es de lavanderia, garantindo alto desempenho e durabilidade em ambientes exigentes.<\/p>\n<\/div>\n<div class=\"auto-hide-last-sibling-br paragraph_1252f paragraph-element\"><\/div>\n<\/div>\n<\/div>\n<\/div>\n<\/div>\n<\/div>","protected":false},"excerpt":{"rendered":"<p>Bot\u00e3o de lavanderia UHF RFID, etiqueta PPS resistente ao calor para rastreamento eficiente, suporta altas temperaturas, \u00e9 \u00e0 prova d&#039;\u00e1gua e ideal para gerenciamento de lavanderia comercial<\/p>","protected":false},"featured_media":1670,"template":"","meta":{"_kad_post_transparent":"default","_kad_post_title":"","_kad_post_layout":"default","_kad_post_sidebar_id":"","_kad_post_content_style":"default","_kad_post_vertical_padding":"default","_kad_post_feature":"","_kad_post_feature_position":"","_kad_post_header":false,"_kad_post_footer":false,"_kad_post_classname":""},"product_brand":[],"product_cat":[21,16],"product_tag":[226,35,225,30],"class_list":{"0":"post-1669","1":"product","2":"type-product","3":"status-publish","4":"has-post-thumbnail","6":"product_cat-pps-rfid-laundry-tag","7":"product_cat-uhf-rfid-laundry-tags","8":"product_tag-heat-resistant-pps-rfid-tag","9":"product_tag-rfid-button","10":"product_tag-uhf-rfid-laundry-button","11":"product_tag-uhf-rfid-laundry-tag","13":"first","14":"instock","15":"shipping-taxable","16":"product-type-simple","17":"entry","18":"content-bg","19":"loop-entry"},"_links":{"self":[{"href":"https:\/\/rfid-laundry-tag.com\/pt\/wp-json\/wp\/v2\/product\/1669","targetHints":{"allow":["GET"]}}],"collection":[{"href":"https:\/\/rfid-laundry-tag.com\/pt\/wp-json\/wp\/v2\/product"}],"about":[{"href":"https:\/\/rfid-laundry-tag.com\/pt\/wp-json\/wp\/v2\/types\/product"}],"version-history":[{"count":2,"href":"https:\/\/rfid-laundry-tag.com\/pt\/wp-json\/wp\/v2\/product\/1669\/revisions"}],"predecessor-version":[{"id":1672,"href":"https:\/\/rfid-laundry-tag.com\/pt\/wp-json\/wp\/v2\/product\/1669\/revisions\/1672"}],"wp:featuredmedia":[{"embeddable":true,"href":"https:\/\/rfid-laundry-tag.com\/pt\/wp-json\/wp\/v2\/media\/1670"}],"wp:attachment":[{"href":"https:\/\/rfid-laundry-tag.com\/pt\/wp-json\/wp\/v2\/media?parent=1669"}],"wp:term":[{"taxonomy":"product_brand","embeddable":true,"href":"https:\/\/rfid-laundry-tag.com\/pt\/wp-json\/wp\/v2\/product_brand?post=1669"},{"taxonomy":"product_cat","embeddable":true,"href":"https:\/\/rfid-laundry-tag.com\/pt\/wp-json\/wp\/v2\/product_cat?post=1669"},{"taxonomy":"product_tag","embeddable":true,"href":"https:\/\/rfid-laundry-tag.com\/pt\/wp-json\/wp\/v2\/product_tag?post=1669"}],"curies":[{"name":"wp","href":"https:\/\/api.w.org\/{rel}","templated":true}]}}