{"id":165,"date":"2024-06-15T12:35:50","date_gmt":"2024-06-15T12:35:50","guid":{"rendered":"https:\/\/rfid-laundry-tag.com\/?post_type=product&#038;p=165"},"modified":"2024-06-15T12:52:28","modified_gmt":"2024-06-15T12:52:28","slug":"pps-nfc-smart-button","status":"publish","type":"product","link":"https:\/\/rfid-laundry-tag.com\/pt\/pps-nfc-smart-button\/","title":{"rendered":"Bot\u00e3o inteligente PPS NFC"},"content":{"rendered":"<div class=\"J_module\">\n<div class=\"ife-detail-decorate-table\">\n<table class=\"has-title all magic-6\">\n<tbody>\n<tr>\n<td colspan=\"1\" rowspan=\"1\">\n<div class=\"magic-7\" data-spm-anchor-id=\"a2700.details.0.i45.77607d98vZbcDU\"><span class=\"magic-8\" style=\"color: #363535;\">Nome do item<\/span><\/div>\n<\/td>\n<td colspan=\"1\" rowspan=\"1\">\n<div class=\"magic-9\">Bot\u00e3o inteligente PPS NFC<\/div>\n<\/td>\n<\/tr>\n<tr>\n<td colspan=\"1\" rowspan=\"1\">\n<div class=\"magic-7\"><span class=\"magic-10\" data-spm-anchor-id=\"a2700.pc-decorate.0.i10.28d333330XLbTD\"><span class=\"magic-8\">Material<\/span><\/span><\/div>\n<\/td>\n<td colspan=\"1\" rowspan=\"1\">\n<div class=\"magic-9\"><span class=\"magic-8\">PPS<\/span><\/div>\n<\/td>\n<\/tr>\n<tr>\n<td colspan=\"1\" rowspan=\"1\">\n<div class=\"magic-7\"><span class=\"magic-8\">Cor<\/span><\/div>\n<\/td>\n<td colspan=\"1\" rowspan=\"1\">\n<div class=\"magic-9\"><span class=\"magic-8\">Preto etc<\/span><\/div>\n<\/td>\n<\/tr>\n<tr>\n<td colspan=\"1\" rowspan=\"1\">Quantidade m\u00ednima<\/td>\n<td colspan=\"1\" rowspan=\"1\">500 unidades<\/td>\n<\/tr>\n<tr>\n<td colspan=\"1\" rowspan=\"1\">\n<div class=\"magic-7\"><span class=\"magic-8\">Fabricante\/Chip<\/span><\/div>\n<\/td>\n<td colspan=\"1\" rowspan=\"1\">\n<div class=\"magic-9\"><span class=\"magic-8\">NXP I Code Slix; outras op\u00e7\u00f5es: Ntag213, Ntag215, Ntag216, Mifare Ultralight ev1 etc.<\/span><\/div>\n<\/td>\n<\/tr>\n<tr>\n<td colspan=\"1\" rowspan=\"1\">\n<div class=\"magic-7\"><span class=\"magic-8\">Frequ\u00eancia<\/span><\/div>\n<\/td>\n<td colspan=\"1\" rowspan=\"1\">\n<div class=\"magic-9\"><span class=\"magic-8\">13,56 MHz<\/span><\/div>\n<\/td>\n<\/tr>\n<tr>\n<td colspan=\"1\" rowspan=\"1\">\n<div class=\"magic-7\"><span class=\"magic-8\">Mem\u00f3ria<\/span><\/div>\n<\/td>\n<td colspan=\"1\" rowspan=\"1\">\n<div class=\"magic-9\"><span class=\"magic-8\">1k Byte; mem\u00f3ria de outros chips: 144 Bytes, 504 Bytes, 888 Bytes, 64 Bytes etc.<\/span><\/div>\n<\/td>\n<\/tr>\n<tr>\n<td colspan=\"1\" rowspan=\"1\">\n<div class=\"magic-7\"><span class=\"magic-8\">Ler dist\u00e2ncia<\/span><\/div>\n<\/td>\n<td colspan=\"1\" rowspan=\"1\">\n<div class=\"magic-9\"><span class=\"magic-8\">1 ~ 5 cm<\/span><\/div>\n<\/td>\n<\/tr>\n<tr>\n<td colspan=\"1\" rowspan=\"1\">\n<div class=\"magic-7\"><span class=\"magic-8\">Modo de trabalho<\/span><\/div>\n<\/td>\n<td colspan=\"1\" rowspan=\"1\">\n<div class=\"magic-9\"><span class=\"magic-8\">passiva<\/span><\/div>\n<\/td>\n<\/tr>\n<tr>\n<td colspan=\"1\" rowspan=\"1\">\n<div class=\"magic-7\"><span class=\"magic-8\">Temperatura de trabalho<\/span><\/div>\n<\/td>\n<td colspan=\"1\" rowspan=\"1\">\n<div class=\"magic-9\"><span class=\"magic-8\">-25\u2103~+110\u2103<\/span><\/div>\n<\/td>\n<\/tr>\n<tr>\n<td colspan=\"1\" rowspan=\"1\">\n<div class=\"magic-7\"><span class=\"magic-8\">Temperatura de armazenamento<\/span><\/div>\n<\/td>\n<td colspan=\"1\" rowspan=\"1\">\n<div class=\"magic-9\"><span class=\"magic-8\">-40\u2103~+85\u2103<\/span><\/div>\n<\/td>\n<\/tr>\n<tr>\n<td colspan=\"1\" rowspan=\"1\">\n<div class=\"magic-7\">\n<div><span class=\"magic-8\">\u00a0<\/span><\/div>\n<p><span class=\"magic-8\">Resist\u00eancia \u00e0 temperatura de curto prazo<\/span><\/p>\n<\/div>\n<\/td>\n<td colspan=\"1\" rowspan=\"1\">\n<div class=\"magic-9\"><span class=\"magic-8\">lavagem: 90\u2103, 15 minutos; pr\u00e9-secagem do conversor: 180\u2103, 30 minutos, 200 vezes; passar a ferro: 180\u2103, 10 segundos, 200 vezes; alta<br \/>\nesteriliza\u00e7\u00e3o de temperatura: 135\u2103, 20 minutos<\/span><\/div>\n<\/td>\n<\/tr>\n<tr>\n<td colspan=\"1\" rowspan=\"1\">\n<div class=\"magic-7\"><span class=\"magic-8\">Caracter\u00edsticas<\/span><\/div>\n<\/td>\n<td colspan=\"1\" rowspan=\"1\">\n<div class=\"magic-9\"><span class=\"magic-8\">imperme\u00e1vel, lav\u00e1vel e resistente a altas temperaturas<\/span><\/div>\n<\/td>\n<\/tr>\n<tr>\n<td colspan=\"1\" rowspan=\"1\">\n<div class=\"magic-7\"><span class=\"magic-8\">Vida<\/span><\/div>\n<\/td>\n<td colspan=\"1\" rowspan=\"1\">\n<div class=\"magic-9\"><span class=\"magic-8\">lavar 200 vezes ou 3 anos<\/span><\/div>\n<\/td>\n<\/tr>\n<tr>\n<td colspan=\"1\" rowspan=\"1\">\n<div class=\"magic-7\"><span class=\"magic-8\">Formul\u00e1rios<\/span><\/div>\n<\/td>\n<td colspan=\"1\" rowspan=\"1\">\n<div class=\"magic-9\"><span class=\"magic-8\">gerenciamento e rastreamento de lavanderia<\/span><\/div>\n<\/td>\n<\/tr>\n<\/tbody>\n<\/table>\n<\/div>\n<\/div>\n<div class=\"J_module\">\n<div class=\"detail-decorate-json-renderer-container\">\n<div class=\"magic-1\">\n<div class=\"magic-2\">\n<div class=\"auto-hide-last-sibling-br paragraph_1252f paragraph-element\">\n<div class=\"auto-hide-last-sibling-br paragraph_1252f paragraph-element\">\n<div class=\"auto-hide-last-sibling-br paragraph_1252f paragraph-element\"><\/div>\n<\/div>\n<\/div>\n<div class=\"auto-hide-last-sibling-br paragraph_1252f paragraph-element\">Feitas de material pl\u00e1stico PPS altamente resistente, essas etiquetas de lavanderia podem suportar altas temperaturas, ciclos de lavagem intensos, chamas e detergentes, mantendo sua propriedade \u00e0 prova d&#039;\u00e1gua. Com tanta durabilidade, essa etiqueta oferece confiabilidade em ambientes exigentes.<\/div>\n<div><\/div>\n<div class=\"auto-hide-last-sibling-br paragraph_1252f paragraph-element\"><strong>As aplica\u00e7\u00f5es dessas etiquetas de lavanderia com bot\u00e3o NFC s\u00e3o vastas e incluem:<\/strong><\/div>\n<ol class=\"auto-hide-last-sibling-br\">\n<li>\n<div class=\"auto-hide-last-sibling-br paragraph_1252f paragraph-element\">Lavagem Industrial: Eles podem lidar com ambientes dif\u00edceis de lavagem industrial, garantindo o melhor rastreamento e gerenciamento de estoque.<\/div>\n<\/li>\n<li>\n<div class=\"auto-hide-last-sibling-br paragraph_1252f paragraph-element\">Gerenciamento de uniformes: essas etiquetas ajudam no gerenciamento e no rastreamento eficazes dos uniformes dos funcion\u00e1rios em v\u00e1rios setores.<\/div>\n<\/li>\n<li>\n<div class=\"auto-hide-last-sibling-br paragraph_1252f paragraph-element\">Gest\u00e3o de vestu\u00e1rio m\u00e9dico: essencial para hospitais e prestadores de servi\u00e7os de sa\u00fade, eles auxiliam na organiza\u00e7\u00e3o, rastreamento e manuten\u00e7\u00e3o eficientes de vestu\u00e1rio m\u00e9dico.<\/div>\n<\/li>\n<li>\n<div class=\"auto-hide-last-sibling-br paragraph_1252f paragraph-element\">Gerenciamento de Patrulha de Pessoal: Auxilia no rastreamento e gerenciamento de pessoal de patrulha, garantindo sua seguran\u00e7a e efici\u00eancia.<\/div>\n<\/li>\n<li>\n<div class=\"auto-hide-last-sibling-br paragraph_1252f paragraph-element\">Gerenciamento de vestu\u00e1rio militar: extremamente \u00fateis em contextos militares, essas etiquetas permitem o rastreamento e o gerenciamento sistem\u00e1ticos de vestu\u00e1rio militar, melhorando a organiza\u00e7\u00e3o e a responsabiliza\u00e7\u00e3o.<\/div>\n<\/li>\n<\/ol>\n<\/div>\n<div>\n<p>O <strong>\u00cdCONE SLIX IC<\/strong> \u00e9 um chip dedicado para aplica\u00e7\u00f5es de etiquetas inteligentes, como bibliotecas, autentica\u00e7\u00e3o de produtos em diferentes ind\u00fastrias, como farmac\u00eautica, dispositivos m\u00e9dicos e \u00e1lcool, bem como gerenciamento de produ\u00e7\u00e3o em diferentes \u00e1reas da ind\u00fastria. Este IC \u00e9 a terceira gera\u00e7\u00e3o de uma fam\u00edlia de produtos de ICs de etiquetas inteligentes com base nos padr\u00f5es ISO\/IEC 15693 e ISO\/IEC 18000-3, prolongando uma hist\u00f3ria de sucesso da NXP<sup>\u00ae<\/sup>\u00a0na \u00e1rea de sistemas de identifica\u00e7\u00e3o de proximidade.<\/p>\n<h3>Transfer\u00eancia de energia e dados sem contato<\/h3>\n<p>Sempre que conectado a um tipo de antena muito simples e f\u00e1cil de produzir (como resultado da frequ\u00eancia portadora de 13,56 MHz) feita de alguns enrolamentos impressos, enrolados, gravados ou bobinas perfuradas, o ICODE SLIX IC pode ser operado sem linha de vis\u00e3o at\u00e9 uma dist\u00e2ncia de 1,5 m (largura do gate). Nenhuma bateria \u00e9 necess\u00e1ria. Quando a etiqueta inteligente \u00e9 posicionada no campo de uma antena interrogadora, a interface de comunica\u00e7\u00e3o RF de alta velocidade permite que os dados sejam transmitidos at\u00e9 53 kbit\/s.<\/p>\n<h3>Anticolis\u00e3o<\/h3>\n<p>Uma fun\u00e7\u00e3o anticolis\u00e3o inteligente permite que v\u00e1rias tags operem no campo simultaneamente. O algoritmo anticolis\u00e3o seleciona cada tag individualmente e garante que a execu\u00e7\u00e3o de uma transa\u00e7\u00e3o com uma tag selecionada seja realizada corretamente sem corrup\u00e7\u00e3o de dados resultante de outras tags no campo.<\/p>\n<h3>Caracter\u00edsticas<\/h3>\n<div id=\"featuresXsp\" class=\"features-list\">\n<div class=\"features-xsp\">\n<div class=\"collapse-mobile ste-list\">\n<h3>Interface RF ICODE SLIX (ISO\/IEC 15693)<\/h3>\n<ul class=\"boxes\">\n<li>Transmiss\u00e3o de dados sem contato e fornecimento de energia (n\u00e3o necessita de bateria)<\/li>\n<li>Dist\u00e2ncia operacional: at\u00e9 1,5 m (dependendo da geometria da antena)<\/li>\n<li>Frequ\u00eancia de opera\u00e7\u00e3o: 13,56 MHz (ISM, licen\u00e7a mundial dispon\u00edvel gratuitamente)<\/li>\n<li>Transfer\u00eancia r\u00e1pida de dados: at\u00e9 53 kbit\/s<\/li>\n<li>Alta integridade de dados: CRC de 16 bits, enquadramento<\/li>\n<li>Verdadeiro anticolis\u00e3o<\/li>\n<li>Vigil\u00e2ncia eletr\u00f4nica de artigos (EAS) protegida por senha<\/li>\n<li>Identificador de fam\u00edlia de aplicativos (AFI) protegido por senha<\/li>\n<li>Identificador de formato de armazenamento de dados (DSFID)<\/li>\n<li>Leitura anticolis\u00e3o r\u00e1pida adicional<\/li>\n<li>Dist\u00e2ncia de escrita igual \u00e0 dist\u00e2ncia de leitura<\/li>\n<\/ul>\n<\/div>\n<div class=\"collapse-mobile ste-list\">\n<h3>EEPROM<\/h3>\n<ul class=\"boxes\">\n<li>1024 bits, organizados em 32 blocos de 4 bytes cada<\/li>\n<li>50 anos de reten\u00e7\u00e3o de dados<\/li>\n<li>Escreva a resist\u00eancia de 100000 ciclos<\/li>\n<\/ul>\n<\/div>\n<div class=\"collapse-mobile ste-list\">\n<h3>Seguran\u00e7a<\/h3>\n<ul class=\"boxes\">\n<li>Identificador \u00fanico para cada dispositivo<\/li>\n<li>Mecanismo de bloqueio para cada bloco de mem\u00f3ria do usu\u00e1rio (prote\u00e7\u00e3o contra grava\u00e7\u00e3o)<\/li>\n<li>Mecanismo de bloqueio para DSFID, AFI, EAS<\/li>\n<li>Funcionalidade EAS e AFI protegida por senha (32 bits)<\/li>\n<\/ul>\n<\/div>\n<\/div>\n<\/div>\n<\/div>\n<div class=\"magic-2\">\n<div class=\"auto-hide-last-sibling-br paragraph_1252f paragraph-element\">\n<p>&nbsp;<\/p>\n<div class=\"auto-hide-last-sibling-br paragraph_1252f paragraph-element\"><\/div>\n<div class=\"auto-hide-last-sibling-br paragraph_1252f paragraph-element\"><\/div>\n<\/div>\n<\/div>\n<\/div>\n<\/div>\n<\/div>","protected":false},"excerpt":{"rendered":"<p>Os bot\u00f5es inteligentes NFC PPS s\u00e3o projetados para serem robustos e duradouros, totalmente \u00e0 prova d&#039;\u00e1gua e capazes de suportar calor, press\u00e3o e at\u00e9 mesmo produtos qu\u00edmicos agressivos. Com um design compacto, essas etiquetas t\u00eam apenas 30 mm de di\u00e2metro e 2,3 mm de profundidade, projetadas para se assemelhar a bot\u00f5es padr\u00e3o. Esse formato permite que sejam facilmente incorporadas em roupas, assim como bot\u00f5es normais.<\/p>","protected":false},"featured_media":166,"template":"","meta":{"_kad_post_transparent":"default","_kad_post_title":"","_kad_post_layout":"default","_kad_post_sidebar_id":"","_kad_post_content_style":"default","_kad_post_vertical_padding":"default","_kad_post_feature":"","_kad_post_feature_position":"","_kad_post_header":false,"_kad_post_footer":false,"_kad_post_classname":""},"product_brand":[],"product_cat":[21,17],"product_tag":[37,39,77,45],"class_list":{"0":"post-165","1":"product","2":"type-product","3":"status-publish","4":"has-post-thumbnail","6":"product_cat-pps-rfid-laundry-tag","7":"product_cat-nfc-rfid-laundry-tag","8":"product_tag-nfc-button","9":"product_tag-nfc-laundry-tag","10":"product_tag-pps-nfc-smart-button","11":"product_tag-pps-washable-nfc-tags","13":"first","14":"instock","15":"shipping-taxable","16":"product-type-simple","17":"entry","18":"content-bg","19":"loop-entry"},"_links":{"self":[{"href":"https:\/\/rfid-laundry-tag.com\/pt\/wp-json\/wp\/v2\/product\/165","targetHints":{"allow":["GET"]}}],"collection":[{"href":"https:\/\/rfid-laundry-tag.com\/pt\/wp-json\/wp\/v2\/product"}],"about":[{"href":"https:\/\/rfid-laundry-tag.com\/pt\/wp-json\/wp\/v2\/types\/product"}],"version-history":[{"count":0,"href":"https:\/\/rfid-laundry-tag.com\/pt\/wp-json\/wp\/v2\/product\/165\/revisions"}],"wp:featuredmedia":[{"embeddable":true,"href":"https:\/\/rfid-laundry-tag.com\/pt\/wp-json\/wp\/v2\/media\/166"}],"wp:attachment":[{"href":"https:\/\/rfid-laundry-tag.com\/pt\/wp-json\/wp\/v2\/media?parent=165"}],"wp:term":[{"taxonomy":"product_brand","embeddable":true,"href":"https:\/\/rfid-laundry-tag.com\/pt\/wp-json\/wp\/v2\/product_brand?post=165"},{"taxonomy":"product_cat","embeddable":true,"href":"https:\/\/rfid-laundry-tag.com\/pt\/wp-json\/wp\/v2\/product_cat?post=165"},{"taxonomy":"product_tag","embeddable":true,"href":"https:\/\/rfid-laundry-tag.com\/pt\/wp-json\/wp\/v2\/product_tag?post=165"}],"curies":[{"name":"wp","href":"https:\/\/api.w.org\/{rel}","templated":true}]}}