{"id":163,"date":"2024-06-15T11:55:44","date_gmt":"2024-06-15T11:55:44","guid":{"rendered":"https:\/\/rfid-laundry-tag.com\/?post_type=product&#038;p=163"},"modified":"2024-06-15T12:33:50","modified_gmt":"2024-06-15T12:33:50","slug":"laundry-tag-rfid-silicon","status":"publish","type":"product","link":"https:\/\/rfid-laundry-tag.com\/pt\/laundry-tag-rfid-silicon\/","title":{"rendered":"Etiqueta de lavanderia RFID Silicone"},"content":{"rendered":"<table style=\"font-family: var(--global-body-font-family);\" width=\"537\">\n<tbody>\n<tr>\n<td width=\"228\">Nome<\/td>\n<td width=\"309\">Etiqueta de lavanderia RFID Silicone<\/td>\n<\/tr>\n<tr>\n<td width=\"228\">Modo<\/td>\n<td width=\"309\">SL-01<\/td>\n<\/tr>\n<tr>\n<td width=\"228\">Material<\/td>\n<td width=\"309\">Silicone<\/td>\n<\/tr>\n<tr>\n<td width=\"228\">Cor<\/td>\n<td width=\"309\">Branco (ou personalizado)<\/td>\n<\/tr>\n<tr>\n<td width=\"228\">Tamanho<\/td>\n<td width=\"309\">55mm*12mm, 2,5mm de espessura<\/td>\n<\/tr>\n<tr>\n<td width=\"228\">Lasca<\/td>\n<td width=\"309\">915Mhz NXP U c\u00f3digo 9, Alien H3, H9 etc.<\/td>\n<\/tr>\n<tr>\n<td width=\"228\">Temperatura de trabalho<\/td>\n<td width=\"309\">\u2013 25\u00baC a +75\u00baC<\/td>\n<\/tr>\n<tr>\n<td width=\"228\">Ciclo de lavagem<\/td>\n<td width=\"309\">200 vezes<\/td>\n<\/tr>\n<tr>\n<td width=\"228\">Imperme\u00e1vel<\/td>\n<td width=\"309\">Sim<\/td>\n<\/tr>\n<tr>\n<td width=\"228\">Resist\u00eancia qu\u00edmica<\/td>\n<td width=\"309\">Sim<\/td>\n<\/tr>\n<\/tbody>\n<\/table>\n<p data-spm-anchor-id=\"a2700.details.0.i116.60201a70jOXdOd\">\n<p data-spm-anchor-id=\"a2700.details.0.i116.60201a70jOXdOd\"><strong>Aplicativo :<\/strong><\/p>\n<ol class=\"auto-hide-last-sibling-br\">\n<li>\n<div class=\"auto-hide-last-sibling-br paragraph_1252f paragraph-element\">Lav\u00e1vel e reutiliz\u00e1vel: essas etiquetas s\u00e3o feitas para suportar v\u00e1rios ciclos de lavagem, o que as torna uma solu\u00e7\u00e3o econ\u00f4mica para uso a longo prazo.<\/div>\n<\/li>\n<li>\n<div class=\"auto-hide-last-sibling-br paragraph_1252f paragraph-element\">Feitos para condi\u00e7\u00f5es adversas de lavanderia: Eles s\u00e3o projetados especificamente para suportar as condi\u00e7\u00f5es adversas nas quais as opera\u00e7\u00f5es de lavanderia ocorrem.<\/div>\n<\/li>\n<li>\n<div class=\"auto-hide-last-sibling-br paragraph_1252f paragraph-element\">Propriedades resistentes: Essas etiquetas s\u00e3o resistentes \u00e0 umidade, podem tolerar altas temperaturas e s\u00e3o resistentes a v\u00e1rios produtos qu\u00edmicos, garantindo um funcionamento sem obst\u00e1culos em diversas condi\u00e7\u00f5es.<\/div>\n<\/li>\n<li>\n<div class=\"auto-hide-last-sibling-br paragraph_1252f paragraph-element\">Material de silicone ecol\u00f3gico: Feitas com silicone ecol\u00f3gico, essas etiquetas s\u00e3o inofensivas ao corpo humano e ao meio ambiente, alinhadas ao consumo consciente e pr\u00e1ticas sustent\u00e1veis.<\/div>\n<\/li>\n<li>\n<div class=\"auto-hide-last-sibling-br paragraph_1252f paragraph-element\">Amplas aplica\u00e7\u00f5es: Essas etiquetas podem ser usadas convenientemente para gerenciar roupas, aprimorar controles de seguran\u00e7a e otimizar opera\u00e7\u00f5es em lavanderias (incluindo lavanderias de n\u00edvel industrial), proporcionando efici\u00eancia e controle superiores.<\/div>\n<\/li>\n<\/ol>\n<div class=\"auto-hide-last-sibling-br paragraph_1252f paragraph-element\">A etiqueta de lavanderia RFID de silicone, funcionando dentro da faixa de frequ\u00eancia de 860~960MHz, \u00e9 projetada especificamente para suportar altas temperaturas e press\u00f5es intensas t\u00edpicas de processos de limpeza. Seu amplo uso pode ser encontrado em ambientes rigorosos que exigem resist\u00eancia a altos n\u00edveis de calor, corros\u00e3o e desgaste, notavelmente instala\u00e7\u00f5es de lavanderia, opera\u00e7\u00f5es de limpeza industrial e outros.<\/div>\n<p>&nbsp;<\/p>\n<div class=\"auto-hide-last-sibling-br paragraph_1252f paragraph-element\">Essas etiquetas RFID para lavanderia t\u00eam a capacidade \u00fanica de serem perfeitamente integradas a uma variedade de itens t\u00eaxteis, incluindo camisas, uniformes de trabalho, roupas de cama e outros produtos baseados em tecido. Como tal, elas oferecem uma solu\u00e7\u00e3o poderosa e eficiente para rastrear e gerenciar uma vasta gama de produtos t\u00eaxteis em v\u00e1rios setores.<\/div>\n<p>&nbsp;<\/p>","protected":false},"excerpt":{"rendered":"<p>As etiquetas RFID Silicon Laundry s\u00e3o normalmente utilizadas em opera\u00e7\u00f5es de alta intensidade, como processos de lavanderia industrial, gerenciamento de roupas de cama de hotel e rastreamento de uniformes m\u00e9dicos. Essas etiquetas s\u00e3o conhecidas por sua flexibilidade e resist\u00eancia a altas temperaturas, projetadas para suportar mais de 200 ciclos de lavagem, garantindo desempenho confi\u00e1vel mesmo nas condi\u00e7\u00f5es mais exigentes.<\/p>","protected":false},"featured_media":164,"template":"","meta":{"_kad_post_transparent":"default","_kad_post_title":"","_kad_post_layout":"default","_kad_post_sidebar_id":"","_kad_post_content_style":"default","_kad_post_vertical_padding":"default","_kad_post_feature":"","_kad_post_feature_position":"","_kad_post_header":false,"_kad_post_footer":false,"_kad_post_classname":""},"product_brand":[],"product_cat":[20,16],"product_tag":[76,62,61],"class_list":{"0":"post-163","1":"product","2":"type-product","3":"status-publish","4":"has-post-thumbnail","6":"product_cat-silicone-rfid-laundry-tag","7":"product_cat-uhf-rfid-laundry-tags","8":"product_tag-laundry-tag-rfid-silicon","9":"product_tag-silicone-rfid-laundry-tag","10":"product_tag-silicone-washable-rfid-laundry-tag","12":"first","13":"instock","14":"shipping-taxable","15":"product-type-simple","16":"entry","17":"content-bg","18":"loop-entry"},"_links":{"self":[{"href":"https:\/\/rfid-laundry-tag.com\/pt\/wp-json\/wp\/v2\/product\/163","targetHints":{"allow":["GET"]}}],"collection":[{"href":"https:\/\/rfid-laundry-tag.com\/pt\/wp-json\/wp\/v2\/product"}],"about":[{"href":"https:\/\/rfid-laundry-tag.com\/pt\/wp-json\/wp\/v2\/types\/product"}],"version-history":[{"count":0,"href":"https:\/\/rfid-laundry-tag.com\/pt\/wp-json\/wp\/v2\/product\/163\/revisions"}],"wp:featuredmedia":[{"embeddable":true,"href":"https:\/\/rfid-laundry-tag.com\/pt\/wp-json\/wp\/v2\/media\/164"}],"wp:attachment":[{"href":"https:\/\/rfid-laundry-tag.com\/pt\/wp-json\/wp\/v2\/media?parent=163"}],"wp:term":[{"taxonomy":"product_brand","embeddable":true,"href":"https:\/\/rfid-laundry-tag.com\/pt\/wp-json\/wp\/v2\/product_brand?post=163"},{"taxonomy":"product_cat","embeddable":true,"href":"https:\/\/rfid-laundry-tag.com\/pt\/wp-json\/wp\/v2\/product_cat?post=163"},{"taxonomy":"product_tag","embeddable":true,"href":"https:\/\/rfid-laundry-tag.com\/pt\/wp-json\/wp\/v2\/product_tag?post=163"}],"curies":[{"name":"wp","href":"https:\/\/api.w.org\/{rel}","templated":true}]}}