{"id":161,"date":"2024-06-15T10:09:40","date_gmt":"2024-06-15T10:09:40","guid":{"rendered":"https:\/\/rfid-laundry-tag.com\/?post_type=product&#038;p=161"},"modified":"2024-08-14T15:50:57","modified_gmt":"2024-08-14T15:50:57","slug":"iso15693-rfid-reusable-laundry-tag","status":"publish","type":"product","link":"https:\/\/rfid-laundry-tag.com\/pt\/iso15693-rfid-reusable-laundry-tag\/","title":{"rendered":"Etiqueta de lavanderia reutiliz\u00e1vel RFID ISO15693"},"content":{"rendered":"<div class=\"J_module\">\n<div class=\"ife-detail-decorate-table\">\n<table class=\"has-title all magic-6\">\n<tbody>\n<tr>\n<td colspan=\"1\" rowspan=\"1\">\n<div class=\"magic-7\" data-spm-anchor-id=\"a2700.details.0.i45.77607d98vZbcDU\"><span class=\"magic-8\" style=\"color: #363535;\">Nome do item<\/span><\/div>\n<\/td>\n<td colspan=\"1\" rowspan=\"1\">\n<div class=\"magic-9\">Etiqueta de lavanderia reutiliz\u00e1vel RFID ISO15693<\/div>\n<\/td>\n<\/tr>\n<tr>\n<td colspan=\"1\" rowspan=\"1\">\n<div class=\"magic-7\"><span class=\"magic-10\" data-spm-anchor-id=\"a2700.pc-decorate.0.i10.28d333330XLbTD\"><span class=\"magic-8\">Material<\/span><\/span><\/div>\n<\/td>\n<td colspan=\"1\" rowspan=\"1\">\n<div class=\"magic-9\"><span class=\"magic-8\">PPS<\/span><\/div>\n<\/td>\n<\/tr>\n<tr>\n<td colspan=\"1\" rowspan=\"1\">\n<div class=\"magic-7\"><span class=\"magic-8\">Cor<\/span><\/div>\n<\/td>\n<td colspan=\"1\" rowspan=\"1\">\n<div class=\"magic-9\"><span class=\"magic-8\">Preto etc<\/span><\/div>\n<\/td>\n<\/tr>\n<tr>\n<td colspan=\"1\" rowspan=\"1\">Quantidade m\u00ednima<\/td>\n<td colspan=\"1\" rowspan=\"1\">500 unidades<\/td>\n<\/tr>\n<tr>\n<td colspan=\"1\" rowspan=\"1\">\n<div class=\"magic-7\"><span class=\"magic-8\">Fabricante\/Chip<\/span><\/div>\n<\/td>\n<td colspan=\"1\" rowspan=\"1\">\n<div class=\"magic-9\"><span class=\"magic-8\">NXP I Code Slix; outras op\u00e7\u00f5es: Ntag213, Ntag215, Ntag216, Mifare Ultralight ev1 etc.<\/span><\/div>\n<\/td>\n<\/tr>\n<tr>\n<td colspan=\"1\" rowspan=\"1\">\n<div class=\"magic-7\"><span class=\"magic-8\">Frequ\u00eancia<\/span><\/div>\n<\/td>\n<td colspan=\"1\" rowspan=\"1\">\n<div class=\"magic-9\"><span class=\"magic-8\">13,56 MHz<\/span><\/div>\n<\/td>\n<\/tr>\n<tr>\n<td colspan=\"1\" rowspan=\"1\">\n<div class=\"magic-7\"><span class=\"magic-8\">Mem\u00f3ria<\/span><\/div>\n<\/td>\n<td colspan=\"1\" rowspan=\"1\">\n<div class=\"magic-9\"><span class=\"magic-8\">1k Byte; mem\u00f3ria de outros chips: 144 Bytes, 504 Bytes, 888 Bytes, 64 Bytes etc.<\/span><\/div>\n<\/td>\n<\/tr>\n<tr>\n<td colspan=\"1\" rowspan=\"1\">\n<div class=\"magic-7\"><span class=\"magic-8\">Ler dist\u00e2ncia<\/span><\/div>\n<\/td>\n<td colspan=\"1\" rowspan=\"1\">\n<div class=\"magic-9\"><span class=\"magic-8\">1 ~ 5 cm<\/span><\/div>\n<\/td>\n<\/tr>\n<tr>\n<td colspan=\"1\" rowspan=\"1\">\n<div class=\"magic-7\"><span class=\"magic-8\">Modo de trabalho<\/span><\/div>\n<\/td>\n<td colspan=\"1\" rowspan=\"1\">\n<div class=\"magic-9\"><span class=\"magic-8\">passiva<\/span><\/div>\n<\/td>\n<\/tr>\n<tr>\n<td colspan=\"1\" rowspan=\"1\">\n<div class=\"magic-7\"><span class=\"magic-8\">Temperatura de trabalho<\/span><\/div>\n<\/td>\n<td colspan=\"1\" rowspan=\"1\">\n<div class=\"magic-9\"><span class=\"magic-8\">-25\u2103~+110\u2103<\/span><\/div>\n<\/td>\n<\/tr>\n<tr>\n<td colspan=\"1\" rowspan=\"1\">\n<div class=\"magic-7\"><span class=\"magic-8\">Temperatura de armazenamento<\/span><\/div>\n<\/td>\n<td colspan=\"1\" rowspan=\"1\">\n<div class=\"magic-9\"><span class=\"magic-8\">-40\u2103~+85\u2103<\/span><\/div>\n<\/td>\n<\/tr>\n<tr>\n<td colspan=\"1\" rowspan=\"1\">\n<div class=\"magic-7\">\n<div><span class=\"magic-8\">\u00a0<\/span><\/div>\n<p><span class=\"magic-8\">Resist\u00eancia \u00e0 temperatura de curto prazo<\/span><\/p>\n<\/div>\n<\/td>\n<td colspan=\"1\" rowspan=\"1\">\n<div class=\"magic-9\"><span class=\"magic-8\">lavagem: 90\u2103, 15 minutos; pr\u00e9-secagem do conversor: 180\u2103, 30 minutos, 200 vezes; passar a ferro: 180\u2103, 10 segundos, 200 vezes; alta<br \/>\nesteriliza\u00e7\u00e3o de temperatura: 135\u2103, 20 minutos<\/span><\/div>\n<\/td>\n<\/tr>\n<tr>\n<td colspan=\"1\" rowspan=\"1\">\n<div class=\"magic-7\"><span class=\"magic-8\">Caracter\u00edsticas<\/span><\/div>\n<\/td>\n<td colspan=\"1\" rowspan=\"1\">\n<div class=\"magic-9\"><span class=\"magic-8\">imperme\u00e1vel, lav\u00e1vel e resistente a altas temperaturas<\/span><\/div>\n<\/td>\n<\/tr>\n<tr>\n<td colspan=\"1\" rowspan=\"1\">\n<div class=\"magic-7\"><span class=\"magic-8\">Vida<\/span><\/div>\n<\/td>\n<td colspan=\"1\" rowspan=\"1\">\n<div class=\"magic-9\"><span class=\"magic-8\">lavar 200 vezes ou 3 anos<\/span><\/div>\n<\/td>\n<\/tr>\n<tr>\n<td colspan=\"1\" rowspan=\"1\">\n<div class=\"magic-7\"><span class=\"magic-8\">Formul\u00e1rios<\/span><\/div>\n<\/td>\n<td colspan=\"1\" rowspan=\"1\">\n<div class=\"magic-9\"><span class=\"magic-8\">gerenciamento e rastreamento de lavanderia<\/span><\/div>\n<\/td>\n<\/tr>\n<\/tbody>\n<\/table>\n<\/div>\n<\/div>\n<div class=\"J_module\">\n<div class=\"detail-decorate-json-renderer-container\">\n<div class=\"magic-1\">\n<div>\n<div><\/div>\n<\/div>\n<div class=\"magic-2\">\n<div class=\"auto-hide-last-sibling-br paragraph_1252f paragraph-element\">\n<div class=\"auto-hide-last-sibling-br paragraph_1252f paragraph-element\">\n<div class=\"auto-hide-last-sibling-br paragraph_1252f paragraph-element\">Uma vez que uma empresa conclui que um sistema de rastreamento NFC Laundry pode oferecer vantagens significativas, a a\u00e7\u00e3o subsequente \u00e9 selecionar uma etiqueta de lavanderia reutiliz\u00e1vel ISO15693 RFID apropriada. A etiqueta NFC Laundry, especificamente a PPS-I Code Slix, pode ser costurada em qualquer artigo de vestu\u00e1rio, tornando as fun\u00e7\u00f5es NFC ou UHF acess\u00edveis independentemente da localiza\u00e7\u00e3o.<\/div>\n<p>&nbsp;<\/p>\n<div class=\"auto-hide-last-sibling-br paragraph_1252f paragraph-element\">A etiqueta de lavanderia reutiliz\u00e1vel RFID ISO15693 \u00e9 usada em uma infinidade de aplica\u00e7\u00f5es, como:<\/div>\n<ul class=\"auto-hide-last-sibling-br\">\n<li>Processos de lavagem industrial<\/li>\n<li>Administra\u00e7\u00e3o uniforme<\/li>\n<li>Supervis\u00e3o de trajes m\u00e9dicos<\/li>\n<li>Gest\u00e3o de vestu\u00e1rio de Equipamentos de Prote\u00e7\u00e3o Individual (EPI)<\/li>\n<li>Opera\u00e7\u00f5es de vigil\u00e2ncia de pessoal<\/li>\n<li>Administra\u00e7\u00e3o de equipamentos de combate a inc\u00eandio<\/li>\n<li>Supervis\u00e3o de equipamentos de esqui.<\/li>\n<\/ul>\n<div class=\"auto-hide-last-sibling-br paragraph_1252f paragraph-element\">O<strong> Etiqueta RFID passiva de alta frequ\u00eancia ICODE SLI<\/strong> \u00e9 perfeito para tarefas como processos de lavanderia, facilita\u00e7\u00e3o da cadeia de suprimentos, regulamenta\u00e7\u00e3o de invent\u00e1rio, rastreamento de ativos e supervis\u00e3o de processos. Feito para suportar os rigores da passagem rotativa, esta etiqueta de lavanderia RFID tamb\u00e9m resiste a alta press\u00e3o, calor e produtos qu\u00edmicos, conforme exigido no rastreamento de roupas sem contato nas ind\u00fastrias t\u00eaxteis e de lavanderia.<\/div>\n<p>&nbsp;<\/p>\n<div class=\"auto-hide-last-sibling-br paragraph_1252f paragraph-element\">A instala\u00e7\u00e3o sem esfor\u00e7o em qualquer tecido \u00e9 poss\u00edvel com uma m\u00e1quina de selagem a quente padr\u00e3o. Dentro de um inv\u00f3lucro t\u00eaxtil flex\u00edvel h\u00e1 um chip compacto sem contato que fornece resist\u00eancia aprimorada contra temperaturas elevadas e v\u00e1rios m\u00e9todos de limpeza intensos, incluindo processos de limpeza a seco.<\/div>\n<p>&nbsp;<\/p>\n<div class=\"auto-hide-last-sibling-br paragraph_1252f paragraph-element\">Uma prova de sua versatilidade, esta robusta etiqueta RFID para lavanderia \u00e9 compat\u00edvel com frequ\u00eancias RFID de baixa frequ\u00eancia (LF) e ultra alta frequ\u00eancia (UHF). Suas vers\u00f5es adapt\u00e1veis incluem uma etiqueta RFID passiva para lavanderia de 125 KHz para opera\u00e7\u00f5es de baixa frequ\u00eancia e uma etiqueta Gen 2 para lavanderia de 860 a 960 MHz para intera\u00e7\u00f5es de ultra-alta frequ\u00eancia.<\/div>\n<\/div>\n<div><\/div>\n<\/div>\n<\/div>\n<div>\n<p>O <strong>\u00cdCONE SLIX IC<\/strong> \u00e9 um chip dedicado para aplica\u00e7\u00f5es de etiquetas inteligentes, como bibliotecas, autentica\u00e7\u00e3o de produtos em diferentes ind\u00fastrias, como farmac\u00eautica, dispositivos m\u00e9dicos e \u00e1lcool, bem como gerenciamento de produ\u00e7\u00e3o em diferentes \u00e1reas da ind\u00fastria. Este IC \u00e9 a terceira gera\u00e7\u00e3o de uma fam\u00edlia de produtos de ICs de etiquetas inteligentes com base nos padr\u00f5es ISO\/IEC 15693 e ISO\/IEC 18000-3, prolongando uma hist\u00f3ria de sucesso da NXP<sup>\u00ae<\/sup>\u00a0na \u00e1rea de sistemas de identifica\u00e7\u00e3o de proximidade.<\/p>\n<h3>Transfer\u00eancia de energia e dados sem contato<\/h3>\n<p>Sempre que conectado a um tipo de antena muito simples e f\u00e1cil de produzir (como resultado da frequ\u00eancia portadora de 13,56 MHz) feita de alguns enrolamentos impressos, enrolados, gravados ou bobinas perfuradas, o ICODE SLIX IC pode ser operado sem linha de vis\u00e3o at\u00e9 uma dist\u00e2ncia de 1,5 m (largura do gate). Nenhuma bateria \u00e9 necess\u00e1ria. Quando a etiqueta inteligente \u00e9 posicionada no campo de uma antena interrogadora, a interface de comunica\u00e7\u00e3o RF de alta velocidade permite que os dados sejam transmitidos at\u00e9 53 kbit\/s.<\/p>\n<h3>Anticolis\u00e3o<\/h3>\n<p>Uma fun\u00e7\u00e3o anticolis\u00e3o inteligente permite que v\u00e1rias tags operem no campo simultaneamente. O algoritmo anticolis\u00e3o seleciona cada tag individualmente e garante que a execu\u00e7\u00e3o de uma transa\u00e7\u00e3o com uma tag selecionada seja realizada corretamente sem corrup\u00e7\u00e3o de dados resultante de outras tags no campo.<\/p>\n<h3>Caracter\u00edsticas<\/h3>\n<div id=\"featuresXsp\" class=\"features-list\">\n<div class=\"features-xsp\">\n<div class=\"collapse-mobile ste-list\">\n<h3>Interface RF ICODE SLIX (ISO\/IEC 15693)<\/h3>\n<ul class=\"boxes\">\n<li>Transmiss\u00e3o de dados sem contato e fornecimento de energia (n\u00e3o necessita de bateria)<\/li>\n<li>Dist\u00e2ncia operacional: at\u00e9 1,5 m (dependendo da geometria da antena)<\/li>\n<li>Frequ\u00eancia de opera\u00e7\u00e3o: 13,56 MHz (ISM, licen\u00e7a mundial dispon\u00edvel gratuitamente)<\/li>\n<li>Transfer\u00eancia r\u00e1pida de dados: at\u00e9 53 kbit\/s<\/li>\n<li>Alta integridade de dados: CRC de 16 bits, enquadramento<\/li>\n<li>Verdadeiro anticolis\u00e3o<\/li>\n<li>Vigil\u00e2ncia eletr\u00f4nica de artigos (EAS) protegida por senha<\/li>\n<li>Identificador de fam\u00edlia de aplicativos (AFI) protegido por senha<\/li>\n<li>Identificador de formato de armazenamento de dados (DSFID)<\/li>\n<li>Leitura anticolis\u00e3o r\u00e1pida adicional<\/li>\n<li>Dist\u00e2ncia de escrita igual \u00e0 dist\u00e2ncia de leitura<\/li>\n<\/ul>\n<\/div>\n<div class=\"collapse-mobile ste-list\">\n<h3>EEPROM<\/h3>\n<ul class=\"boxes\">\n<li>1024 bits, organizados em 32 blocos de 4 bytes cada<\/li>\n<li>50 anos de reten\u00e7\u00e3o de dados<\/li>\n<li>Escreva a resist\u00eancia de 100000 ciclos<\/li>\n<\/ul>\n<\/div>\n<div class=\"collapse-mobile ste-list\">\n<h3>Seguran\u00e7a<\/h3>\n<ul class=\"boxes\">\n<li>Identificador \u00fanico para cada dispositivo<\/li>\n<li>Mecanismo de bloqueio para cada bloco de mem\u00f3ria do usu\u00e1rio (prote\u00e7\u00e3o contra grava\u00e7\u00e3o)<\/li>\n<li>Mecanismo de bloqueio para DSFID, AFI, EAS<\/li>\n<li>Funcionalidade EAS e AFI protegida por senha (32 bits)<\/li>\n<\/ul>\n<\/div>\n<\/div>\n<\/div>\n<\/div>\n<div class=\"magic-2\">\n<div class=\"auto-hide-last-sibling-br paragraph_1252f paragraph-element\">\n<p>&nbsp;<\/p>\n<div class=\"auto-hide-last-sibling-br paragraph_1252f paragraph-element\"><\/div>\n<div class=\"auto-hide-last-sibling-br paragraph_1252f paragraph-element\"><\/div>\n<\/div>\n<\/div>\n<\/div>\n<\/div>\n<\/div>","protected":false},"excerpt":{"rendered":"<p>A etiqueta de lavanderia reutiliz\u00e1vel RFID ISO15693 resistente a altas temperaturas \u00e9 feita de material PPS de alto desempenho que suporta confortavelmente temperaturas elevadas.<\/p>","protected":false},"featured_media":162,"template":"","meta":{"_kad_post_transparent":"default","_kad_post_title":"","_kad_post_layout":"default","_kad_post_sidebar_id":"","_kad_post_content_style":"default","_kad_post_vertical_padding":"default","_kad_post_feature":"","_kad_post_feature_position":"","_kad_post_header":false,"_kad_post_footer":false,"_kad_post_classname":""},"product_brand":[],"product_cat":[21,17],"product_tag":[75,37,39,45],"class_list":{"0":"post-161","1":"product","2":"type-product","3":"status-publish","4":"has-post-thumbnail","6":"product_cat-pps-rfid-laundry-tag","7":"product_cat-nfc-rfid-laundry-tag","8":"product_tag-iso15693-rfid-reusable-laundry-tag","9":"product_tag-nfc-button","10":"product_tag-nfc-laundry-tag","11":"product_tag-pps-washable-nfc-tags","13":"first","14":"instock","15":"shipping-taxable","16":"product-type-simple","17":"entry","18":"content-bg","19":"loop-entry"},"_links":{"self":[{"href":"https:\/\/rfid-laundry-tag.com\/pt\/wp-json\/wp\/v2\/product\/161","targetHints":{"allow":["GET"]}}],"collection":[{"href":"https:\/\/rfid-laundry-tag.com\/pt\/wp-json\/wp\/v2\/product"}],"about":[{"href":"https:\/\/rfid-laundry-tag.com\/pt\/wp-json\/wp\/v2\/types\/product"}],"version-history":[{"count":1,"href":"https:\/\/rfid-laundry-tag.com\/pt\/wp-json\/wp\/v2\/product\/161\/revisions"}],"predecessor-version":[{"id":1301,"href":"https:\/\/rfid-laundry-tag.com\/pt\/wp-json\/wp\/v2\/product\/161\/revisions\/1301"}],"wp:featuredmedia":[{"embeddable":true,"href":"https:\/\/rfid-laundry-tag.com\/pt\/wp-json\/wp\/v2\/media\/162"}],"wp:attachment":[{"href":"https:\/\/rfid-laundry-tag.com\/pt\/wp-json\/wp\/v2\/media?parent=161"}],"wp:term":[{"taxonomy":"product_brand","embeddable":true,"href":"https:\/\/rfid-laundry-tag.com\/pt\/wp-json\/wp\/v2\/product_brand?post=161"},{"taxonomy":"product_cat","embeddable":true,"href":"https:\/\/rfid-laundry-tag.com\/pt\/wp-json\/wp\/v2\/product_cat?post=161"},{"taxonomy":"product_tag","embeddable":true,"href":"https:\/\/rfid-laundry-tag.com\/pt\/wp-json\/wp\/v2\/product_tag?post=161"}],"curies":[{"name":"wp","href":"https:\/\/api.w.org\/{rel}","templated":true}]}}