{"id":145,"date":"2024-06-14T10:04:26","date_gmt":"2024-06-14T10:04:26","guid":{"rendered":"https:\/\/rfid-laundry-tag.com\/?post_type=product&#038;p=145"},"modified":"2024-09-08T04:26:06","modified_gmt":"2024-09-08T04:26:06","slug":"uhf-rfid-textile-label","status":"publish","type":"product","link":"https:\/\/rfid-laundry-tag.com\/pt\/uhf-rfid-textile-label\/","title":{"rendered":"Etiqueta t\u00eaxtil UHF RFID"},"content":{"rendered":"<div>\n<div class=\"auto-hide-last-sibling-br paragraph_1252f paragraph-element\">\n<table width=\"637\">\n<tbody>\n<tr>\n<td width=\"328\">Nome do item:<\/td>\n<td width=\"309\">Etiqueta t\u00eaxtil UHF RFID<\/td>\n<\/tr>\n<tr>\n<td width=\"328\">Padr\u00e3o RFID:<\/td>\n<td width=\"309\">ISO\/IEC 18000-6 Tipo C (EPC Gen2)<\/td>\n<\/tr>\n<tr>\n<td width=\"328\">Tamanho e peso:<\/td>\n<td width=\"309\">70\u00d715 mm, 0,6 g<\/td>\n<\/tr>\n<tr>\n<td width=\"328\">Tipo de chip:<\/td>\n<td width=\"309\">Impinj Monza 4QT, NXP U C\u00d3DIGO 8, NXP U C\u00d3DIGO 9<\/td>\n<\/tr>\n<tr>\n<td width=\"328\">Mem\u00f3ria EPC:<\/td>\n<td width=\"309\">128 bits<\/td>\n<\/tr>\n<tr>\n<td width=\"328\">Mem\u00f3ria do usu\u00e1rio:<\/td>\n<td width=\"309\">512 bits<\/td>\n<\/tr>\n<tr>\n<td width=\"328\">Alcance de leitura (2W ERP FCC):<\/td>\n<td width=\"309\">8m<\/td>\n<\/tr>\n<tr>\n<td width=\"328\">Alcance de leitura (2W ERP ETSI):<\/td>\n<td width=\"309\">8m<\/td>\n<\/tr>\n<tr>\n<td width=\"328\">Marca\u00e7\u00e3o:<\/td>\n<td width=\"309\">Costura, Adesivo para estampagem a quente<\/td>\n<\/tr>\n<tr>\n<td width=\"328\">Vida \u00fatil estimada:<\/td>\n<td width=\"309\">200 ciclos de lavagem ou 3 anos, o que ocorrer primeiro<\/td>\n<\/tr>\n<tr>\n<td width=\"328\">M\u00e9todo de lavagem:<\/td>\n<td width=\"309\">Lavanderia, Limpeza a seco<\/td>\n<\/tr>\n<tr>\n<td width=\"328\">Press\u00e3o de extra\u00e7\u00e3o de \u00e1gua:<\/td>\n<td width=\"309\">60 barras<\/td>\n<\/tr>\n<tr>\n<td width=\"328\">Resist\u00eancia \u00e0 \u00e1gua:<\/td>\n<td width=\"309\">Resistente \u00e0 \u00e1gua<\/td>\n<\/tr>\n<tr>\n<td width=\"328\">Resist\u00eancia qu\u00edmica:<\/td>\n<td width=\"309\">Detergente, Amaciante, Alvejante (Oxig\u00eanio\/ Cloro), \u00c1lcali<\/td>\n<\/tr>\n<tr>\n<td width=\"328\">Pr\u00e9-secagem em tambor:<\/td>\n<td width=\"309\">125 \u00baC por 15-20 minutos<\/td>\n<\/tr>\n<tr>\n<td width=\"328\">Temperatura de esteriliza\u00e7\u00e3o:<\/td>\n<td width=\"309\">135\u00b0C por 15-20 minutos<\/td>\n<\/tr>\n<tr>\n<td width=\"328\">Temperatura de lavagem:<\/td>\n<td width=\"309\">90\u00b0C, at\u00e9 15min.<\/td>\n<\/tr>\n<tr>\n<td width=\"328\">Umidade\/Temperatura-Opera\u00e7\u00e3o:<\/td>\n<td width=\"309\">-20 a 110\u00b0C, 8 a 95%RH<\/td>\n<\/tr>\n<tr>\n<td width=\"328\">Umidade\/Temperatura-Armazenamento:<\/td>\n<td width=\"309\">-40 a 110\u00b0C, 8 a 95%RH<\/td>\n<\/tr>\n<\/tbody>\n<\/table>\n<\/div>\n<div class=\"auto-hide-last-sibling-br paragraph_1252f paragraph-element\"><\/div>\n<\/div>\n<div class=\"auto-hide-last-sibling-br paragraph_1252f paragraph-element\">\n<div data-spm-anchor-id=\"a2700.details.0.i57.23b419c7xXORP0\"><span data-spm-anchor-id=\"a2700.details.0.i75.23b419c7xXORP0\"><b>Recurso:<\/b><br \/>\n1) Tecnologia UHF para ler centenas de tags simultaneamente.<br \/>\n2) Dist\u00e2ncia de leitura superior a 2,4 metros.<br \/>\n3) Novo design mec\u00e2nico para melhor desempenho em roupas planas.<br \/>\n4) Adequado para extratores de alta press\u00e3o at\u00e9 60 bar.<br \/>\n5) Adequado para esteriliza\u00e7\u00e3o em autoclave.<br \/>\n6) Material pequeno, macio e flex\u00edvel, ideal para tecidos, roupas de cama, vestu\u00e1rio e acess\u00f3rios.<\/span><\/div>\n<\/div>\n<div data-spm-anchor-id=\"a2700.details.0.i57.23b419c7xXORP0\"><\/div>\n<div data-spm-anchor-id=\"a2700.details.0.i57.23b419c7xXORP0\">\n<p><img fetchpriority=\"high\" decoding=\"async\" class=\"wp-image-55\" src=\"https:\/\/rfid-laundry-tag.com\/wp-content\/uploads\/2024\/06\/4-300x275.png\" alt=\"RFID Tag for linen laundry\" width=\"605\" height=\"555\" srcset=\"https:\/\/rfid-laundry-tag.com\/wp-content\/uploads\/2024\/06\/4-300x275.png 300w, https:\/\/rfid-laundry-tag.com\/wp-content\/uploads\/2024\/06\/4-600x550.png 600w, https:\/\/rfid-laundry-tag.com\/wp-content\/uploads\/2024\/06\/4-13x12.png 13w, https:\/\/rfid-laundry-tag.com\/wp-content\/uploads\/2024\/06\/4.png 750w\" sizes=\"(max-width: 605px) 100vw, 605px\" \/><\/p>\n<\/div>\n<h3 class=\"wp-block-heading\">Instala\u00e7\u00e3o<\/h3>\n<p><strong>Marca\u00e7\u00e3o de pontos<\/strong>: Para ser costurado na bainha de um tecido. Costure a etiqueta de lavanderia longe das linhas de dobra.<br \/>\n<strong>Selagem a quente<\/strong>: Para ser selado a quente diretamente no tecido a +200\u00b0C (392\u00b0F), por 12~14s.<br \/>\n<strong>Em bolsa<\/strong>: Para ser costurado como uma etiqueta de cuidados padr\u00e3o. Costure a etiqueta de lavanderia longe das linhas de dobra.<\/p>\n<div class=\"auto-hide-last-sibling-br paragraph_1252f paragraph-element\">\n<div class=\"auto-hide-last-sibling-br paragraph_1252f paragraph-element\">Etiquetas t\u00eaxteis RFID para uniformes de lavanderia de linho s\u00e3o indispens\u00e1veis em uma mir\u00edade de ind\u00fastrias, impulsionando crucialmente o rastreamento eficiente de ativos, gerenciamento de invent\u00e1rio e aumentando a efici\u00eancia operacional geral. Aqui est\u00e1 um vislumbre de sua aplica\u00e7\u00e3o em v\u00e1rios setores:<\/div>\n<\/div>\n<h1 id=\"hero-title\" class=\"sp-hero-title\">UCODE 9xe: UCODE 9 com mais mem\u00f3ria EPC<\/h1>\n<p>Oferecendo 128 bits de mem\u00f3ria EPC, esta variante UCODE 9 pode armazenar atributos importantes, como data de expira\u00e7\u00e3o ou informa\u00e7\u00f5es de produ\u00e7\u00e3o, diretamente no IC. Isso permite que os aplicativos de IoT sejam ainda mais inteligentes do que antes.<\/p>\n<p>Projetado como um substituto imediato para o UCODE 9 de alto desempenho, o UCODE 9xe oferece o mesmo conjunto de recursos, desempenho de RF e compatibilidade com antenas certificadas pela Auburn ARC como o UCODE 9, mas com 128 bits de mem\u00f3ria Electronic Product Code (EPC) para suportar uma gama mais ampla de casos de uso de IoT. O resultado \u00e9 uma etiqueta RAIN RFID que beneficia propriet\u00e1rios de marcas, varejistas e consumidores.<\/p>\n<h3>Caracter\u00edsticas<\/h3>\n<div id=\"featuresXsp\" class=\"features-list\">\n<div class=\"features-xsp\">\n<div class=\"collapse-mobile ste-list-ul\">\n<ul class=\"boxes\">\n<li>Sensibilidade de leitura: 24 dBm<\/li>\n<li>Sensibilidade de grava\u00e7\u00e3o: 22 dBm<\/li>\n<li>Mem\u00f3ria EPC de 128 bits<\/li>\n<li>Substitui\u00e7\u00e3o imediata para UCODE 9 \/ UCODE 8<\/li>\n<li>Autoajuste<\/li>\n<li>Salvaguarda da mem\u00f3ria<\/li>\n<li>Pr\u00e9-serializa\u00e7\u00e3o de EPC de 96 bits<\/li>\n<\/ul>\n<\/div>\n<\/div>\n<\/div>\n<div class=\"auto-hide-last-sibling-br paragraph_1252f paragraph-element\">\n<p>&nbsp;<\/p>\n<\/div>","protected":false},"excerpt":{"rendered":"<p>As etiquetas t\u00eaxteis UHF RFID s\u00e3o projetadas para funcionar perfeitamente, mesmo sendo submetidas a processos de lavanderia rigorosos, incluindo esteriliza\u00e7\u00e3o, lavagem em alta temperatura, purifica\u00e7\u00e3o, secagem e prensagem.<\/p>","protected":false},"featured_media":146,"template":"","meta":{"_kad_post_transparent":"default","_kad_post_title":"","_kad_post_layout":"default","_kad_post_sidebar_id":"","_kad_post_content_style":"default","_kad_post_vertical_padding":"default","_kad_post_feature":"","_kad_post_feature_position":"","_kad_post_header":false,"_kad_post_footer":false,"_kad_post_classname":""},"product_brand":[],"product_cat":[19,16],"product_tag":[65,30,68],"class_list":{"0":"post-145","1":"product","2":"type-product","3":"status-publish","4":"has-post-thumbnail","6":"product_cat-textile-rfid-laundry-tag","7":"product_cat-uhf-rfid-laundry-tags","8":"product_tag-textile-rfid-laundry-tags","9":"product_tag-uhf-rfid-laundry-tag","10":"product_tag-uhf-rfid-textile-label","12":"first","13":"instock","14":"featured","15":"shipping-taxable","16":"product-type-simple","17":"entry","18":"content-bg","19":"loop-entry"},"_links":{"self":[{"href":"https:\/\/rfid-laundry-tag.com\/pt\/wp-json\/wp\/v2\/product\/145","targetHints":{"allow":["GET"]}}],"collection":[{"href":"https:\/\/rfid-laundry-tag.com\/pt\/wp-json\/wp\/v2\/product"}],"about":[{"href":"https:\/\/rfid-laundry-tag.com\/pt\/wp-json\/wp\/v2\/types\/product"}],"version-history":[{"count":1,"href":"https:\/\/rfid-laundry-tag.com\/pt\/wp-json\/wp\/v2\/product\/145\/revisions"}],"predecessor-version":[{"id":1299,"href":"https:\/\/rfid-laundry-tag.com\/pt\/wp-json\/wp\/v2\/product\/145\/revisions\/1299"}],"wp:featuredmedia":[{"embeddable":true,"href":"https:\/\/rfid-laundry-tag.com\/pt\/wp-json\/wp\/v2\/media\/146"}],"wp:attachment":[{"href":"https:\/\/rfid-laundry-tag.com\/pt\/wp-json\/wp\/v2\/media?parent=145"}],"wp:term":[{"taxonomy":"product_brand","embeddable":true,"href":"https:\/\/rfid-laundry-tag.com\/pt\/wp-json\/wp\/v2\/product_brand?post=145"},{"taxonomy":"product_cat","embeddable":true,"href":"https:\/\/rfid-laundry-tag.com\/pt\/wp-json\/wp\/v2\/product_cat?post=145"},{"taxonomy":"product_tag","embeddable":true,"href":"https:\/\/rfid-laundry-tag.com\/pt\/wp-json\/wp\/v2\/product_tag?post=145"}],"curies":[{"name":"wp","href":"https:\/\/api.w.org\/{rel}","templated":true}]}}