{"id":143,"date":"2024-06-14T09:55:34","date_gmt":"2024-06-14T09:55:34","guid":{"rendered":"https:\/\/rfid-laundry-tag.com\/?post_type=product&#038;p=143"},"modified":"2024-09-26T04:10:00","modified_gmt":"2024-09-26T04:10:00","slug":"textile-rfid-tags-for-laundry","status":"publish","type":"product","link":"https:\/\/rfid-laundry-tag.com\/pt\/textile-rfid-tags-for-laundry\/","title":{"rendered":"Etiquetas RFID t\u00eaxteis para lavanderia"},"content":{"rendered":"<div>\n<div class=\"auto-hide-last-sibling-br paragraph_1252f paragraph-element\">\n<h1>Etiquetas RFID t\u00eaxteis para lavanderia<\/h1>\n<table width=\"593\">\n<tbody>\n<tr>\n<td width=\"233\">Protocolo A\u00e9reo RF<\/td>\n<td colspan=\"4\" width=\"360\">EPC Global Classe 1 Gen2 ISO18000-6C<\/td>\n<\/tr>\n<tr>\n<td width=\"233\">Frequ\u00eancia de opera\u00e7\u00e3o<\/td>\n<td colspan=\"4\" width=\"360\">UHF 866-868 MHz (ETSI) \/UHF 902-928 MHz (FCC)<\/td>\n<\/tr>\n<tr>\n<td width=\"233\">Compatibilidade ambiental<\/td>\n<td colspan=\"4\" width=\"360\">Otimizado no ar<\/td>\n<\/tr>\n<tr>\n<td width=\"233\">Per\u00edodo de reten\u00e7\u00e3o de dados<\/td>\n<td colspan=\"4\" width=\"360\">50 anos<\/td>\n<\/tr>\n<tr>\n<td width=\"233\">Faixa de leitura<\/td>\n<td colspan=\"4\" width=\"360\">At\u00e9 5,5 m (fora do metal)<\/td>\n<\/tr>\n<tr>\n<td width=\"233\">Polariza\u00e7\u00e3o<\/td>\n<td colspan=\"4\" width=\"360\">Linear<\/td>\n<\/tr>\n<tr>\n<td width=\"233\">Tipo de CI<\/td>\n<td colspan=\"4\" width=\"360\">NXP C\u00d3DIGO U 8, C\u00d3DIGO U 9 etc.<\/td>\n<\/tr>\n<tr>\n<td width=\"233\">Configura\u00e7\u00e3o de mem\u00f3ria<\/td>\n<td colspan=\"4\" width=\"360\">EPC 128 bits TID 96 bits Usu\u00e1rio 32 bits<\/td>\n<\/tr>\n<tr>\n<td colspan=\"5\" width=\"593\">Separa\u00e7\u00f5es Mec\u00e2nicas<\/td>\n<\/tr>\n<tr>\n<td width=\"233\">Materiais de superf\u00edcie<\/td>\n<td colspan=\"4\" width=\"360\">T\u00eaxtil<\/td>\n<\/tr>\n<tr>\n<td width=\"233\">Dimens\u00f5es (mm)<\/td>\n<td colspan=\"4\" width=\"360\">15*70*1,5 mil\u00edmetros<\/td>\n<\/tr>\n<tr>\n<td width=\"233\">Peso (g)<\/td>\n<td colspan=\"4\" width=\"360\">0,7g<\/td>\n<\/tr>\n<tr>\n<td rowspan=\"2\" width=\"233\">Anexo<\/td>\n<td colspan=\"4\" width=\"360\">Costure a bainha ou a etiqueta tecida<\/td>\n<\/tr>\n<tr>\n<td colspan=\"4\" width=\"360\">Selagem a quente a 215\u2103@15 seg e 4 barras<\/td>\n<\/tr>\n<tr>\n<td width=\"233\">Cor<\/td>\n<td colspan=\"4\" width=\"360\">Branco<\/td>\n<\/tr>\n<tr>\n<td colspan=\"5\" width=\"593\">Separa\u00e7\u00f5es Ambientais<\/td>\n<\/tr>\n<tr>\n<td width=\"233\">Temperatura de opera\u00e7\u00e3o<\/td>\n<td colspan=\"4\" width=\"360\">-30\u00b0C a +85\u00b0C<\/td>\n<\/tr>\n<tr>\n<td width=\"233\">Temperatura ambiente<\/td>\n<td colspan=\"4\" width=\"360\">-30\u00b0C a +100\u00b0C<\/td>\n<\/tr>\n<tr>\n<td width=\"233\">Resist\u00eancia Mec\u00e2nica<\/td>\n<td colspan=\"4\" width=\"360\">60 barras<\/td>\n<\/tr>\n<tr>\n<td width=\"233\">Resist\u00eancia qu\u00edmica<\/td>\n<td colspan=\"4\" width=\"360\">Produtos qu\u00edmicos comuns normais nos processos de lavagem<\/td>\n<\/tr>\n<tr>\n<td rowspan=\"4\" width=\"233\">Resist\u00eancia ao calor<\/td>\n<td colspan=\"4\" width=\"360\">Lavagem: 90\u2103, 15 minutos, 200 ciclos<\/td>\n<\/tr>\n<tr>\n<td colspan=\"4\" width=\"360\">Pr\u00e9-secagem: 180\u2103, 30 minutos<\/td>\n<\/tr>\n<tr>\n<td colspan=\"4\" width=\"360\">Passar a ferro: 180\u2103, 10 seg, 200 ciclos<\/td>\n<\/tr>\n<tr>\n<td colspan=\"4\" width=\"360\">Esteriliza\u00e7\u00e3o: 135\u2103, 20 minutos<\/td>\n<\/tr>\n<tr>\n<td width=\"233\">Classifica\u00e7\u00e3o IP<\/td>\n<td colspan=\"4\" width=\"360\">IP68<\/td>\n<\/tr>\n<tr>\n<td width=\"233\">Garantia<\/td>\n<td colspan=\"4\" width=\"360\">2 anos ou 200 lavagens<\/td>\n<\/tr>\n<\/tbody>\n<\/table>\n<\/div>\n<\/div>\n<div>\n<div>\n<h2>Benef\u00edcios das etiquetas de lavanderia UHF RFID<\/h2>\n<p>Investindo em\u00a0<strong>Etiquetas de lavanderia UHF RFID<\/strong>\u00a0\u00e9 uma decis\u00e3o inteligente para qualquer opera\u00e7\u00e3o de lavanderia que busca aumentar a produtividade e a precis\u00e3o. Aqui est\u00e3o alguns benef\u00edcios atraentes:<\/p>\n<ul>\n<li><strong>Rastreamento aprimorado<\/strong>: Com a tecnologia RFID, voc\u00ea pode rastrear cada pe\u00e7a de roupa durante sua jornada, da lavagem \u00e0 entrega. Isso garante que nenhum item seja perdido no processo.<\/li>\n<li><strong>Durabilidade<\/strong>: Nossas etiquetas s\u00e3o projetadas para suportar altas temperaturas, diversas lavagens e at\u00e9 mesmo os rigores das lavanderias industriais, tornando-as ideais para uso a longo prazo.<\/li>\n<li><strong>Custo-efetivo<\/strong>: Ao reduzir perdas e melhorar a gest\u00e3o de estoque, as etiquetas RFID para lavanderia permitem economias significativas de custos.<\/li>\n<\/ul>\n<h2>Principais caracter\u00edsticas das etiquetas de lavanderia UHF RFID<\/h2>\n<h3>1.\u00a0<strong>Design lav\u00e1vel para maior durabilidade<\/strong><\/h3>\n<p>Nosso\u00a0<strong>Etiquetas de lavanderia de tecido RFID<\/strong>\u00a0s\u00e3o projetados para suportar mais de 200 ciclos de lavagem, garantindo confiabilidade e durabilidade. Essas etiquetas s\u00e3o projetadas especificamente para suportar condi\u00e7\u00f5es extremas de lavagem sem degradar o desempenho. Elas podem at\u00e9 suportar altas temperaturas sem perder suas capacidades de rastreamento, tornando-as perfeitas para qualquer ambiente de lavanderia comercial.<\/p>\n<h3>2.\u00a0<strong>Versatilidade na aplica\u00e7\u00e3o<\/strong><\/h3>\n<p>Esses\u00a0<strong>etiquetas RFID t\u00eaxteis<\/strong>\u00a0s\u00e3o vers\u00e1teis e podem ser usados para v\u00e1rias aplica\u00e7\u00f5es \u2014 desde rastrear roupas em hot\u00e9is at\u00e9 gerenciar roupas de cama em instala\u00e7\u00f5es de sa\u00fade. Seu design robusto permite que eles lidem com diversos ambientes de lavanderia, garantindo desempenho consistente.<\/p>\n<h3>3.\u00a0<strong>Facilidade de integra\u00e7\u00e3o<\/strong><\/h3>\n<p>Integrando\u00a0<strong>Etiquetas de lavanderia UHF RFID<\/strong>\u00a0em seus sistemas de rastreamento existentes \u00e9 simples. As etiquetas podem funcionar perfeitamente com leitores RFID, oferecendo visibilidade em tempo real do seu invent\u00e1rio de lavanderia. Isso significa processos simplificados, precis\u00e3o aprimorada e melhor gerenciamento de ativos, ideal para gerenciar grandes volumes de itens t\u00eaxteis.<\/p>\n<h3>4.\u00a0<strong>Resistente \u00e0 \u00e1gua e \u00e0 temperatura<\/strong><\/h3>\n<p>Projetadas para suportar os rigores das opera\u00e7\u00f5es de lavanderia industrial, essas etiquetas s\u00e3o \u00e0 prova d&#039;\u00e1gua e resistentes a altas temperaturas. Essa durabilidade garante longevidade, permitindo que elas mantenham a funcionalidade durante in\u00fameras lavagens agressivas e ciclos de secagem comuns em lavanderias comerciais.<\/p>\n<h3>5.\u00a0<strong>Gest\u00e3o de invent\u00e1rio precisa<\/strong><\/h3>\n<p>Com\u00a0<strong>Rastreamento de lavanderia RFID<\/strong>, gerenciar seu invent\u00e1rio se torna moleza. Cada etiqueta cont\u00e9m um identificador exclusivo que permite o rastreamento automatizado de cada pe\u00e7a de roupa, eliminando o processo manual de check-in\/check-out. Esse recurso aumenta a efici\u00eancia, garantindo que voc\u00ea sempre saiba onde seus ativos est\u00e3o localizados.<\/p>\n<h3>6.\u00a0<strong>Impacto Ambiental<\/strong><\/h3>\n<p>Promovendo uma abordagem sustent\u00e1vel, nossa\u00a0<strong>etiquetas RFID lav\u00e1veis<\/strong>\u00a0s\u00e3o projetados com a ecologia em mente. Eles s\u00e3o reutiliz\u00e1veis e feitos de materiais que reduzem o desperd\u00edcio em compara\u00e7\u00e3o com etiquetas de uso \u00fanico. Esse aspecto de sustentabilidade \u00e9 crucial, pois as organiza\u00e7\u00f5es priorizam cada vez mais a responsabilidade ambiental.<\/p>\n<\/div>\n<div><\/div>\n<div>\n<h2>Instru\u00e7\u00f5es de uso<\/h2>\n<ol>\n<li><strong>Prepara\u00e7\u00e3o<\/strong>: Antes de aplicar as etiquetas nos seus tecidos, certifique-se de que a superf\u00edcie esteja limpa e seca.<\/li>\n<li><strong>Aplicativo<\/strong>: As etiquetas podem ser costuradas na pe\u00e7a ou coladas no linho, conforme sua necessidade.<\/li>\n<li><strong>Inicializa\u00e7\u00e3o<\/strong>: Programe cada etiqueta usando um leitor RFID para atribuir um identificador exclusivo a cada pe\u00e7a de roupa.<\/li>\n<li><strong>Monitorando<\/strong>: Use um leitor RFID para monitorar e rastrear itens de lavanderia durante os ciclos de lavagem e entrega sem problemas.<\/li>\n<\/ol>\n<\/div>\n<div><\/div>\n<div class=\"auto-hide-last-sibling-br paragraph_1252f paragraph-element\"><strong>Etiquetas RFID t\u00eaxteis para lavanderia<\/strong> servir como uma ferramenta ben\u00e9fica para estabelecimentos que precisam de suprimentos cont\u00ednuos de roupas de cama limpas, uniformes de trabalho, roupas m\u00e9dicas ou materiais de limpeza, permitindo que os sistemas automatizados manuseiem grandes quantidades de itens individuais de maneira r\u00e1pida e precisa.<\/div>\n<p>&nbsp;<\/p>\n<\/div>\n<div>\n<div class=\"auto-hide-last-sibling-br paragraph_1252f paragraph-element\"><strong>Etiquetas t\u00eaxteis RFID<\/strong> fun\u00e7\u00e3o usando um processo especializado. Cada etiqueta \u00e9 equipada com um chip RFID que cont\u00e9m detalhes significativos sobre o produto, como suas especifica\u00e7\u00f5es de fabrica\u00e7\u00e3o, identificador exclusivo, fonte, composi\u00e7\u00e3o do material e assim por diante.<\/div>\n<div class=\"auto-hide-last-sibling-br paragraph_1252f paragraph-element\">O mecanismo de extra\u00e7\u00e3o dessas informa\u00e7\u00f5es incorporadas incorpora uma ferramenta conhecida como transmissor RFID ou, mais comumente, leitor. Esse dispositivo transmite ondas de radiofrequ\u00eancia que estabelecem uma conex\u00e3o com o chip RFID que fica dentro da etiqueta. Essa intera\u00e7\u00e3o facilita o acesso do leitor aos dados protegidos no chip.<\/div>\n<\/div>\n<div><\/div>\n<div><\/div>\n<div>\n<div class=\"auto-hide-last-sibling-br paragraph_1252f paragraph-element\"><span style=\"font-family: inherit; font-size: 24px; font-weight: bold;\">Instala\u00e7\u00e3o<\/span><\/div>\n<\/div>\n<p><strong>Marca\u00e7\u00e3o de pontos<\/strong>: Para ser costurado na bainha de um tecido. Costure a etiqueta de lavanderia longe das linhas de dobra.<br \/>\n<strong>Selagem a quente<\/strong>: Para ser selado a quente diretamente no tecido a +200\u00b0C (392\u00b0F), por 12~14s.<br \/>\n<strong>Em bolsa<\/strong>: Para ser costurado como uma etiqueta de cuidados padr\u00e3o. Costure a etiqueta de lavanderia longe das linhas de dobra.<\/p>\n<div class=\"auto-hide-last-sibling-br paragraph_1252f paragraph-element\">\n<div class=\"auto-hide-last-sibling-br paragraph_1252f paragraph-element\"><\/div>\n<p style=\"font-weight: 400;\"><span style=\"font-style: inherit; font-weight: inherit;\" data-spm-anchor-id=\"a2700.details.0.i52.7e74253fSAfL7T\">Como <\/span><b><strong style=\"font-style: inherit;\">FORTE<\/strong><\/b><span style=\"font-style: inherit; font-weight: inherit;\"> eles s\u00e3o ?<\/span><\/p>\n<p><b><strong>\u2460<\/strong><\/b>Os chips RFID podem ser danificados sob altas temperaturas?<span style=\"font-style: inherit; font-weight: inherit;\"> \u2013<\/span><b><strong>\u2714 Nossas etiquetas de lavanderia t\u00eaxtil RFID s\u00e3o projetadas para serem usadas a 200 \u00b0C<\/strong><\/b><span style=\"font-style: inherit; font-weight: inherit;\">.<\/span><\/p>\n<p style=\"font-weight: 400;\"><b><strong>\u2461<\/strong><\/b>Quantas vezes podemos lavar as etiquetas que s\u00e3o fixadas nos produtos t\u00eaxteis dos uniformes? <b><strong>\u2013\u2714Nossa etiqueta de lavanderia t\u00eaxtil RFID pode ser lavada mais de 200 vezes com garantia de 2 anos ap\u00f3s o envio.<\/strong><\/b><\/p>\n<p style=\"font-weight: 400;\"><b><strong>\u2462<\/strong><\/b>Vamos gastar uniformes de prest\u00edgio em produtos t\u00eaxteis, continuar trabalhando em caso de esmagamento de cavacos? <b><strong>\u2013\u2714Projetamos nossa etiqueta de lavanderia t\u00eaxtil para suportar 60 bares de press\u00e3o no processo de prensagem de seus produtos t\u00eaxteis.<\/strong><\/b><\/p>\n<p style=\"font-weight: 400;\"><b><strong>\u2463<\/strong><\/b>Onde voc\u00ea coloca as etiquetas RFID para lavanderia t\u00eaxtil nos tecidos dos uniformes? <b><strong>\u2013 \u2714As etiquetas RFID para lavanderia t\u00eaxtil s\u00e3o instaladas de acordo com a disponibilidade dos uniformes.<\/strong><\/b><\/p>\n<h2>Perguntas Frequentes (FAQs)<\/h2>\n<h3>1.\u00a0<strong>As etiquetas RFID para lavanderia s\u00e3o realmente lav\u00e1veis?<\/strong><\/h3>\n<p>Sim, nossas etiquetas RFID para lavanderia s\u00e3o projetadas para suportar mais de 200 ciclos de lavagem, mantendo seu desempenho.<\/p>\n<h3>2.\u00a0<strong>Essas etiquetas podem ser usadas em ambientes de alta temperatura?<\/strong><\/h3>\n<p>Absolutamente! Nossas etiquetas s\u00e3o resistentes ao calor e podem suportar temperaturas de at\u00e9 85\u00b0C sem perder a funcionalidade.<\/p>\n<h3>3.\u00a0<strong>Qu\u00e3o f\u00e1cil \u00e9 integrar essas tags em sistemas existentes?<\/strong><\/h3>\n<p>A integra\u00e7\u00e3o \u00e9 simples, pois essas etiquetas s\u00e3o compat\u00edveis com a maioria dos leitores RFID dispon\u00edveis no mercado, garantindo uma implementa\u00e7\u00e3o perfeita.<\/p>\n<h3>4.\u00a0<strong>Quais materiais s\u00e3o usados nessas etiquetas?<\/strong><\/h3>\n<p>As etiquetas s\u00e3o feitas de tecido dur\u00e1vel, proporcionando resist\u00eancia e flexibilidade.<\/p>\n<h2>Conclus\u00e3o<\/h2>\n<p>Investindo em\u00a0<strong>Etiquetas de lavanderia UHF RFID<\/strong>\u00a0n\u00e3o \u00e9 apenas sobre melhorar a efici\u00eancia operacional; \u00e9 sobre preparar seus processos de lavanderia para o futuro contra desafios de rastreamento, gerenciamento de estoque e sustentabilidade. Com designs inovadores que resistem \u00e0 lavagem industrial e uma facilidade de uso que simplesmente n\u00e3o pode ser igualada, essas etiquetas s\u00e3o essenciais para qualquer organiza\u00e7\u00e3o envolvida em servi\u00e7os de lavanderia. Se voc\u00ea est\u00e1 pronto para revolucionar seus sistemas de gerenciamento t\u00eaxtil,\u00a0<strong>compre etiquetas RFID para lavanderia hoje mesmo e preencha nosso formul\u00e1rio de consulta para obter mais informa\u00e7\u00f5es sobre pre\u00e7os e amostras!<\/strong><\/p>\n<\/div>","protected":false},"excerpt":{"rendered":"<p>Rastreie itens de lavanderia sem esfor\u00e7o com Etiquetas RFID T\u00eaxteis dur\u00e1veis! Lav\u00e1veis e projetadas para uso industrial, otimize seu gerenciamento de lavanderia hoje mesmo!<\/p>","protected":false},"featured_media":144,"template":"","meta":{"_kad_post_transparent":"default","_kad_post_title":"","_kad_post_layout":"default","_kad_post_sidebar_id":"","_kad_post_content_style":"default","_kad_post_vertical_padding":"default","_kad_post_feature":"","_kad_post_feature_position":"","_kad_post_header":false,"_kad_post_footer":false,"_kad_post_classname":""},"product_brand":[],"product_cat":[19],"product_tag":[67,31,312,65],"class_list":{"0":"post-143","1":"product","2":"type-product","3":"status-publish","4":"has-post-thumbnail","6":"product_cat-textile-rfid-laundry-tag","7":"product_tag-heating-seal-uhf-rfid-laundry-tags","8":"product_tag-rfid-tag-for-linen-laundry","9":"product_tag-rfid-tags","10":"product_tag-textile-rfid-laundry-tags","12":"first","13":"instock","14":"shipping-taxable","15":"product-type-simple","16":"entry","17":"content-bg","18":"loop-entry"},"_links":{"self":[{"href":"https:\/\/rfid-laundry-tag.com\/pt\/wp-json\/wp\/v2\/product\/143","targetHints":{"allow":["GET"]}}],"collection":[{"href":"https:\/\/rfid-laundry-tag.com\/pt\/wp-json\/wp\/v2\/product"}],"about":[{"href":"https:\/\/rfid-laundry-tag.com\/pt\/wp-json\/wp\/v2\/types\/product"}],"version-history":[{"count":3,"href":"https:\/\/rfid-laundry-tag.com\/pt\/wp-json\/wp\/v2\/product\/143\/revisions"}],"predecessor-version":[{"id":2682,"href":"https:\/\/rfid-laundry-tag.com\/pt\/wp-json\/wp\/v2\/product\/143\/revisions\/2682"}],"wp:featuredmedia":[{"embeddable":true,"href":"https:\/\/rfid-laundry-tag.com\/pt\/wp-json\/wp\/v2\/media\/144"}],"wp:attachment":[{"href":"https:\/\/rfid-laundry-tag.com\/pt\/wp-json\/wp\/v2\/media?parent=143"}],"wp:term":[{"taxonomy":"product_brand","embeddable":true,"href":"https:\/\/rfid-laundry-tag.com\/pt\/wp-json\/wp\/v2\/product_brand?post=143"},{"taxonomy":"product_cat","embeddable":true,"href":"https:\/\/rfid-laundry-tag.com\/pt\/wp-json\/wp\/v2\/product_cat?post=143"},{"taxonomy":"product_tag","embeddable":true,"href":"https:\/\/rfid-laundry-tag.com\/pt\/wp-json\/wp\/v2\/product_tag?post=143"}],"curies":[{"name":"wp","href":"https:\/\/api.w.org\/{rel}","templated":true}]}}