{"id":140,"date":"2024-06-14T09:40:49","date_gmt":"2024-06-14T09:40:49","guid":{"rendered":"https:\/\/rfid-laundry-tag.com\/?post_type=product&#038;p=140"},"modified":"2024-09-08T04:30:07","modified_gmt":"2024-09-08T04:30:07","slug":"rfid-textile-tag-for-uniform","status":"publish","type":"product","link":"https:\/\/rfid-laundry-tag.com\/pt\/rfid-textile-tag-for-uniform\/","title":{"rendered":"Etiqueta t\u00eaxtil RFID para uniforme"},"content":{"rendered":"<div>\n<div class=\"auto-hide-last-sibling-br paragraph_1252f paragraph-element\">\n<table width=\"637\">\n<tbody>\n<tr>\n<td width=\"328\">Nome do item:<\/td>\n<td width=\"309\">Etiqueta t\u00eaxtil RFID para uniforme<\/td>\n<\/tr>\n<tr>\n<td width=\"328\">Padr\u00e3o RFID:<\/td>\n<td width=\"309\">ISO\/IEC 18000-6 Tipo C (EPC Gen2)<\/td>\n<\/tr>\n<tr>\n<td width=\"328\">Tamanho e peso:<\/td>\n<td width=\"309\">70\u00d715 mm, 0,6 g<\/td>\n<\/tr>\n<tr>\n<td width=\"328\">Tipo de chip:<\/td>\n<td width=\"309\">Impinj Monza 4QT, NXP U C\u00d3DIGO 8, NXP U C\u00d3DIGO 9<\/td>\n<\/tr>\n<tr>\n<td width=\"328\">Mem\u00f3ria EPC:<\/td>\n<td width=\"309\">128 bits<\/td>\n<\/tr>\n<tr>\n<td width=\"328\">Mem\u00f3ria do usu\u00e1rio:<\/td>\n<td width=\"309\">512 bits<\/td>\n<\/tr>\n<tr>\n<td width=\"328\">Alcance de leitura (2W ERP FCC):<\/td>\n<td width=\"309\">8m<\/td>\n<\/tr>\n<tr>\n<td width=\"328\">Alcance de leitura (2W ERP ETSI):<\/td>\n<td width=\"309\">8m<\/td>\n<\/tr>\n<tr>\n<td width=\"328\">Marca\u00e7\u00e3o:<\/td>\n<td width=\"309\">Costura, Adesivo para estampagem a quente<\/td>\n<\/tr>\n<tr>\n<td width=\"328\">Vida \u00fatil estimada:<\/td>\n<td width=\"309\">200 ciclos de lavagem ou 3 anos, o que ocorrer primeiro<\/td>\n<\/tr>\n<tr>\n<td width=\"328\">M\u00e9todo de lavagem:<\/td>\n<td width=\"309\">Lavanderia, Limpeza a seco<\/td>\n<\/tr>\n<tr>\n<td width=\"328\">Press\u00e3o de extra\u00e7\u00e3o de \u00e1gua:<\/td>\n<td width=\"309\">60 barras<\/td>\n<\/tr>\n<tr>\n<td width=\"328\">Resist\u00eancia \u00e0 \u00e1gua:<\/td>\n<td width=\"309\">Resistente \u00e0 \u00e1gua<\/td>\n<\/tr>\n<tr>\n<td width=\"328\">Resist\u00eancia qu\u00edmica:<\/td>\n<td width=\"309\">Detergente, Amaciante, Alvejante (Oxig\u00eanio\/ Cloro), \u00c1lcali<\/td>\n<\/tr>\n<tr>\n<td width=\"328\">Pr\u00e9-secagem em tambor:<\/td>\n<td width=\"309\">125 \u00baC por 15-20 minutos<\/td>\n<\/tr>\n<tr>\n<td width=\"328\">Temperatura de esteriliza\u00e7\u00e3o:<\/td>\n<td width=\"309\">135\u00b0C por 15-20 minutos<\/td>\n<\/tr>\n<tr>\n<td width=\"328\">Temperatura de lavagem:<\/td>\n<td width=\"309\">90\u00b0C, at\u00e9 15min.<\/td>\n<\/tr>\n<tr>\n<td width=\"328\">Umidade\/Temperatura-Opera\u00e7\u00e3o:<\/td>\n<td width=\"309\">-20 a 110\u00b0C, 8 a 95%RH<\/td>\n<\/tr>\n<tr>\n<td width=\"328\">Umidade\/Temperatura-Armazenamento:<\/td>\n<td width=\"309\">-40 a 110\u00b0C, 8 a 95%RH<\/td>\n<\/tr>\n<\/tbody>\n<\/table>\n<\/div>\n<div class=\"auto-hide-last-sibling-br paragraph_1252f paragraph-element\"><\/div>\n<\/div>\n<div class=\"auto-hide-last-sibling-br paragraph_1252f paragraph-element\">\n<div data-spm-anchor-id=\"a2700.details.0.i57.23b419c7xXORP0\"><span data-spm-anchor-id=\"a2700.details.0.i75.23b419c7xXORP0\"><b>Recurso:<\/b><br \/>\n1) Tecnologia UHF para ler centenas de tags simultaneamente.<br \/>\n2) Dist\u00e2ncia de leitura superior a 2,4 metros.<br \/>\n3) Novo design mec\u00e2nico para melhor desempenho em roupas planas.<br \/>\n4) Adequado para extratores de alta press\u00e3o at\u00e9 60 bar.<br \/>\n5) Adequado para esteriliza\u00e7\u00e3o em autoclave.<br \/>\n6) Material pequeno, macio e flex\u00edvel, ideal para tecidos, roupas de cama, vestu\u00e1rio e acess\u00f3rios.<\/span><\/div>\n<\/div>\n<div data-spm-anchor-id=\"a2700.details.0.i57.23b419c7xXORP0\"><\/div>\n<div data-spm-anchor-id=\"a2700.details.0.i57.23b419c7xXORP0\">\n<p><img fetchpriority=\"high\" decoding=\"async\" class=\"wp-image-55\" src=\"https:\/\/rfid-laundry-tag.com\/wp-content\/uploads\/2024\/06\/4-300x275.png\" alt=\"RFID Tag for linen laundry\" width=\"605\" height=\"555\" srcset=\"https:\/\/rfid-laundry-tag.com\/wp-content\/uploads\/2024\/06\/4-300x275.png 300w, https:\/\/rfid-laundry-tag.com\/wp-content\/uploads\/2024\/06\/4-600x550.png 600w, https:\/\/rfid-laundry-tag.com\/wp-content\/uploads\/2024\/06\/4-13x12.png 13w, https:\/\/rfid-laundry-tag.com\/wp-content\/uploads\/2024\/06\/4.png 750w\" sizes=\"(max-width: 605px) 100vw, 605px\" \/><\/p>\n<\/div>\n<h3 class=\"wp-block-heading\">Instala\u00e7\u00e3o<\/h3>\n<p><strong>Marca\u00e7\u00e3o de pontos<\/strong>: Para ser costurado na bainha de um tecido. Costure a etiqueta de lavanderia longe das linhas de dobra.<br \/>\n<strong>Selagem a quente<\/strong>: Para ser selado a quente diretamente no tecido a +200\u00b0C (392\u00b0F), por 12~14s.<br \/>\n<strong>Em bolsa<\/strong>: Para ser costurado como uma etiqueta de cuidados padr\u00e3o. Costure a etiqueta de lavanderia longe das linhas de dobra.<\/p>\n<div class=\"auto-hide-last-sibling-br paragraph_1252f paragraph-element\">\n<div class=\"auto-hide-last-sibling-br paragraph_1252f paragraph-element\">Etiquetas t\u00eaxteis RFID para uniformes de lavanderia de linho s\u00e3o indispens\u00e1veis em uma mir\u00edade de ind\u00fastrias, impulsionando crucialmente o rastreamento eficiente de ativos, gerenciamento de invent\u00e1rio e aumentando a efici\u00eancia operacional geral. Aqui est\u00e1 um vislumbre de sua aplica\u00e7\u00e3o em v\u00e1rios setores:<\/div>\n<div><\/div>\n<p style=\"font-weight: 400;\"><span style=\"font-style: inherit; font-weight: inherit;\" data-spm-anchor-id=\"a2700.details.0.i52.7e74253fSAfL7T\">Como <\/span><b><strong style=\"font-style: inherit;\">FORTE<\/strong><\/b><span style=\"font-style: inherit; font-weight: inherit;\"> eles s\u00e3o ?<\/span><\/p>\n<p><b><strong>\u2460<\/strong><\/b>Os chips RFID podem ser danificados sob altas temperaturas?<span style=\"font-style: inherit; font-weight: inherit;\"> \u2013<\/span><b><strong>\u2714 Nossas etiquetas de lavanderia t\u00eaxtil RFID s\u00e3o projetadas para serem usadas a 200 \u00b0C<\/strong><\/b><span style=\"font-style: inherit; font-weight: inherit;\">.<\/span><\/p>\n<p style=\"font-weight: 400;\"><b><strong>\u2461<\/strong><\/b>Quantas vezes podemos lavar as etiquetas que s\u00e3o fixadas nos produtos t\u00eaxteis dos uniformes? <b><strong>\u2013\u2714Nossa etiqueta de lavanderia t\u00eaxtil RFID pode ser lavada mais de 200 vezes com garantia de 2 anos ap\u00f3s o envio.<\/strong><\/b><\/p>\n<p style=\"font-weight: 400;\"><b><strong>\u2462<\/strong><\/b>Vamos gastar uniformes de prest\u00edgio em produtos t\u00eaxteis, continuar trabalhando em caso de esmagamento de cavacos? <b><strong>\u2013\u2714Projetamos nossa etiqueta de lavanderia t\u00eaxtil para suportar 60 bares de press\u00e3o no processo de prensagem de seus produtos t\u00eaxteis.<\/strong><\/b><\/p>\n<p style=\"font-weight: 400;\"><b><strong>\u2463<\/strong><\/b>Onde voc\u00ea coloca as etiquetas RFID para lavanderia t\u00eaxtil nos tecidos dos uniformes? <b><strong>\u2013 \u2714As etiquetas RFID para lavanderia t\u00eaxtil s\u00e3o instaladas de acordo com a disponibilidade dos uniformes.<\/strong><\/b><\/p>\n<p>&nbsp;<\/p>\n<\/div>\n<div class=\"auto-hide-last-sibling-br paragraph_1252f paragraph-element\">Na ind\u00fastria t\u00eaxtil, as etiquetas RFID desempenham um papel fundamental na melhoria da visibilidade e efici\u00eancia da cadeia de suprimentos, da produ\u00e7\u00e3o \u00e0s vendas. Elas servem como uma ferramenta valiosa para empresas t\u00eaxteis que gerenciam estoques extensos. A implementa\u00e7\u00e3o de etiquetas RFID ajuda a reduzir custos e otimiza a utiliza\u00e7\u00e3o do tempo. Veja por que elas valem o investimento:<\/div>\n<ol class=\"auto-hide-last-sibling-br\">\n<li>\n<div class=\"auto-hide-last-sibling-br paragraph_1252f paragraph-element\"><strong>Armazenamento de dados amplo<\/strong>: Ao contr\u00e1rio das etiquetas de c\u00f3digo de barras, as etiquetas RFID t\u00eam uma capacidade maior de armazenamento de dados. Os dados armazenados podem ser lidos e modificados sempre que necess\u00e1rio.<\/div>\n<\/li>\n<li>\n<div class=\"auto-hide-last-sibling-br paragraph_1252f paragraph-element\"><strong>Garantia de qualidade aprimorada<\/strong>: O RFID facilita o rastreamento de produtos desde a fabrica\u00e7\u00e3o at\u00e9 o armazenamento, identificando itens falsificados ou devolvidos.<\/div>\n<\/li>\n<li>\n<div class=\"auto-hide-last-sibling-br paragraph_1252f paragraph-element\"><strong>Gest\u00e3o de estoque eficaz<\/strong>: As etiquetas RFID podem rastrear um produto em estoque, economizando tempo e facilitando o reabastecimento proativo. A atualiza\u00e7\u00e3o autom\u00e1tica de dados em arquivos de invent\u00e1rio conforme vendas ou devolu\u00e7\u00f5es auxilia no controle eficiente de estoque.<\/div>\n<\/li>\n<li>\n<div class=\"auto-hide-last-sibling-br paragraph_1252f paragraph-element\"><strong>Resili\u00eancia<\/strong>: Comparadas \u00e0s etiquetas tradicionais, as etiquetas RFID s\u00e3o altamente resistentes a adversidades externas e manuseio operacional incorreto. Elas s\u00e3o adapt\u00e1veis a todos os tipos de ambientes, incluindo aqueles com altas temperaturas, umidade, poeira, etc.<\/div>\n<\/li>\n<li>\n<div class=\"auto-hide-last-sibling-br paragraph_1252f paragraph-element\"><strong>Maior efici\u00eancia e velocidade<\/strong>: Os leitores RFID t\u00eam a capacidade de ler simultaneamente v\u00e1rias etiquetas RFID \u00e0 dist\u00e2ncia, um recurso que otimiza substancialmente os processos, da produ\u00e7\u00e3o \u00e0s vendas.<\/div>\n<\/li>\n<li>\n<div class=\"auto-hide-last-sibling-br paragraph_1252f paragraph-element\"><strong>Seguran\u00e7a de dados robusta<\/strong>:Cada chip RFID possui prote\u00e7\u00e3o de dados inquebr\u00e1vel devido \u00e0 criptografia de dados que impede c\u00f3pias.<\/div>\n<\/li>\n<li>\n<div class=\"auto-hide-last-sibling-br paragraph_1252f paragraph-element\"><strong>Preven\u00e7\u00e3o de roubo<\/strong>:Ao finalizar a compra, os chips RFID s\u00e3o desativados automaticamente, reduzindo o risco de roubo e erro humano.<\/div>\n<\/li>\n<li>\n<div class=\"auto-hide-last-sibling-br paragraph_1252f paragraph-element\"><strong>Custos Operacionais Econ\u00f4micos<\/strong>: Apesar dos custos iniciais mais altos, a tecnologia RFID prova ser econ\u00f4mica a longo prazo. Elas fornecem servi\u00e7o dur\u00e1vel com requisitos m\u00ednimos de m\u00e3o de obra, eliminando a necessidade de substitui\u00e7\u00f5es frequentes, reduzindo assim os custos operacionais.<\/div>\n<\/li>\n<\/ol>","protected":false},"excerpt":{"rendered":"<p>Etiqueta T\u00eaxtil RFID para uniforme projetada para uniformes \u00e9 constru\u00edda para operar de forma confi\u00e1vel sob tratamentos rigorosos de lavanderia, como esteriliza\u00e7\u00e3o, lavagem em alta temperatura, limpeza, secagem e passagem a ferro. Essas etiquetas amig\u00e1veis a t\u00eaxteis podem suportar centenas de ciclos de lavanderia, mantendo um n\u00edvel consistente de desempenho RFID. Mesmo ap\u00f3s lavagens repetidas, elas garantem rastreamento excepcional e atributos de invent\u00e1rio, estendendo assim a vida \u00fatil de roupas de cama, roupas e outros itens t\u00eaxteis.<\/p>","protected":false},"featured_media":141,"template":"","meta":{"_kad_post_transparent":"default","_kad_post_title":"","_kad_post_layout":"default","_kad_post_sidebar_id":"","_kad_post_content_style":"default","_kad_post_vertical_padding":"default","_kad_post_feature":"","_kad_post_feature_position":"","_kad_post_header":false,"_kad_post_footer":false,"_kad_post_classname":""},"product_brand":[],"product_cat":[19,16],"product_tag":[31,65,30],"class_list":{"0":"post-140","1":"product","2":"type-product","3":"status-publish","4":"has-post-thumbnail","6":"product_cat-textile-rfid-laundry-tag","7":"product_cat-uhf-rfid-laundry-tags","8":"product_tag-rfid-tag-for-linen-laundry","9":"product_tag-textile-rfid-laundry-tags","10":"product_tag-uhf-rfid-laundry-tag","12":"first","13":"instock","14":"shipping-taxable","15":"product-type-simple","16":"entry","17":"content-bg","18":"loop-entry"},"_links":{"self":[{"href":"https:\/\/rfid-laundry-tag.com\/pt\/wp-json\/wp\/v2\/product\/140","targetHints":{"allow":["GET"]}}],"collection":[{"href":"https:\/\/rfid-laundry-tag.com\/pt\/wp-json\/wp\/v2\/product"}],"about":[{"href":"https:\/\/rfid-laundry-tag.com\/pt\/wp-json\/wp\/v2\/types\/product"}],"version-history":[{"count":1,"href":"https:\/\/rfid-laundry-tag.com\/pt\/wp-json\/wp\/v2\/product\/140\/revisions"}],"predecessor-version":[{"id":1935,"href":"https:\/\/rfid-laundry-tag.com\/pt\/wp-json\/wp\/v2\/product\/140\/revisions\/1935"}],"wp:featuredmedia":[{"embeddable":true,"href":"https:\/\/rfid-laundry-tag.com\/pt\/wp-json\/wp\/v2\/media\/141"}],"wp:attachment":[{"href":"https:\/\/rfid-laundry-tag.com\/pt\/wp-json\/wp\/v2\/media?parent=140"}],"wp:term":[{"taxonomy":"product_brand","embeddable":true,"href":"https:\/\/rfid-laundry-tag.com\/pt\/wp-json\/wp\/v2\/product_brand?post=140"},{"taxonomy":"product_cat","embeddable":true,"href":"https:\/\/rfid-laundry-tag.com\/pt\/wp-json\/wp\/v2\/product_cat?post=140"},{"taxonomy":"product_tag","embeddable":true,"href":"https:\/\/rfid-laundry-tag.com\/pt\/wp-json\/wp\/v2\/product_tag?post=140"}],"curies":[{"name":"wp","href":"https:\/\/api.w.org\/{rel}","templated":true}]}}