{"id":136,"date":"2024-06-14T07:33:05","date_gmt":"2024-06-14T07:33:05","guid":{"rendered":"https:\/\/rfid-laundry-tag.com\/?post_type=product&#038;p=136"},"modified":"2024-09-08T04:31:40","modified_gmt":"2024-09-08T04:31:40","slug":"heating-seal-uhf-rfid-laundry-tags","status":"publish","type":"product","link":"https:\/\/rfid-laundry-tag.com\/pt\/heating-seal-uhf-rfid-laundry-tags\/","title":{"rendered":"Etiquetas de lavanderia RFID UHF com selo de aquecimento"},"content":{"rendered":"<div>\n<div class=\"auto-hide-last-sibling-br paragraph_1252f paragraph-element\">\n<h1>Etiquetas de lavanderia RFID UHF com selo de aquecimento<\/h1>\n<table width=\"593\">\n<tbody>\n<tr>\n<td width=\"233\">Protocolo A\u00e9reo RF<\/td>\n<td colspan=\"4\" width=\"360\">EPC Global Classe 1 Gen2 ISO18000-6C<\/td>\n<\/tr>\n<tr>\n<td width=\"233\">Frequ\u00eancia de opera\u00e7\u00e3o<\/td>\n<td colspan=\"4\" width=\"360\">UHF 866-868 MHz (ETSI) \/UHF 902-928 MHz (FCC)<\/td>\n<\/tr>\n<tr>\n<td width=\"233\">Compatibilidade ambiental<\/td>\n<td colspan=\"4\" width=\"360\">Otimizado no ar<\/td>\n<\/tr>\n<tr>\n<td width=\"233\">Per\u00edodo de reten\u00e7\u00e3o de dados<\/td>\n<td colspan=\"4\" width=\"360\">50 anos<\/td>\n<\/tr>\n<tr>\n<td width=\"233\">Faixa de leitura<\/td>\n<td colspan=\"4\" width=\"360\">At\u00e9 5,5 m (fora do metal)<\/td>\n<\/tr>\n<tr>\n<td width=\"233\">Polariza\u00e7\u00e3o<\/td>\n<td colspan=\"4\" width=\"360\">Linear<\/td>\n<\/tr>\n<tr>\n<td width=\"233\">Tipo de CI<\/td>\n<td colspan=\"4\" width=\"360\">NXP C\u00d3DIGO U 8, C\u00d3DIGO U 9 etc.<\/td>\n<\/tr>\n<tr>\n<td width=\"233\">Configura\u00e7\u00e3o de mem\u00f3ria<\/td>\n<td colspan=\"4\" width=\"360\">EPC 128 bits TID 96 bits Usu\u00e1rio 32 bits<\/td>\n<\/tr>\n<tr>\n<td colspan=\"5\" width=\"593\">Separa\u00e7\u00f5es Mec\u00e2nicas<\/td>\n<\/tr>\n<tr>\n<td width=\"233\">Materiais de superf\u00edcie<\/td>\n<td colspan=\"4\" width=\"360\">T\u00eaxtil<\/td>\n<\/tr>\n<tr>\n<td width=\"233\">Dimens\u00f5es (mm)<\/td>\n<td colspan=\"4\" width=\"360\">15*70*1,5 mil\u00edmetros<\/td>\n<\/tr>\n<tr>\n<td width=\"233\">Peso (g)<\/td>\n<td colspan=\"4\" width=\"360\">0,7g<\/td>\n<\/tr>\n<tr>\n<td rowspan=\"2\" width=\"233\">Anexo<\/td>\n<td colspan=\"4\" width=\"360\">Costure a bainha ou a etiqueta tecida<\/td>\n<\/tr>\n<tr>\n<td colspan=\"4\" width=\"360\">Selagem a quente a 215\u2103@15 seg e 4 barras<\/td>\n<\/tr>\n<tr>\n<td width=\"233\">Cor<\/td>\n<td colspan=\"4\" width=\"360\">Branco<\/td>\n<\/tr>\n<tr>\n<td colspan=\"5\" width=\"593\">Separa\u00e7\u00f5es Ambientais<\/td>\n<\/tr>\n<tr>\n<td width=\"233\">Temperatura de opera\u00e7\u00e3o<\/td>\n<td colspan=\"4\" width=\"360\">-30\u00b0C a +85\u00b0C<\/td>\n<\/tr>\n<tr>\n<td width=\"233\">Temperatura ambiente<\/td>\n<td colspan=\"4\" width=\"360\">-30\u00b0C a +100\u00b0C<\/td>\n<\/tr>\n<tr>\n<td width=\"233\">Resist\u00eancia Mec\u00e2nica<\/td>\n<td colspan=\"4\" width=\"360\">60 barras<\/td>\n<\/tr>\n<tr>\n<td width=\"233\">Resist\u00eancia qu\u00edmica<\/td>\n<td colspan=\"4\" width=\"360\">Produtos qu\u00edmicos comuns normais nos processos de lavagem<\/td>\n<\/tr>\n<tr>\n<td rowspan=\"4\" width=\"233\">Resist\u00eancia ao calor<\/td>\n<td colspan=\"4\" width=\"360\">Lavagem: 90\u2103, 15 minutos, 200 ciclos<\/td>\n<\/tr>\n<tr>\n<td colspan=\"4\" width=\"360\">Pr\u00e9-secagem: 180\u2103, 30 minutos<\/td>\n<\/tr>\n<tr>\n<td colspan=\"4\" width=\"360\">Passar a ferro: 180\u2103, 10 seg, 200 ciclos<\/td>\n<\/tr>\n<tr>\n<td colspan=\"4\" width=\"360\">Esteriliza\u00e7\u00e3o: 135\u2103, 20 minutos<\/td>\n<\/tr>\n<tr>\n<td width=\"233\">Classifica\u00e7\u00e3o IP<\/td>\n<td colspan=\"4\" width=\"360\">IP68<\/td>\n<\/tr>\n<tr>\n<td width=\"233\">Garantia<\/td>\n<td colspan=\"4\" width=\"360\">2 anos ou 200 lavagens<\/td>\n<\/tr>\n<\/tbody>\n<\/table>\n<\/div>\n<\/div>\n<div><\/div>\n<div>\n<div class=\"auto-hide-last-sibling-br paragraph_1252f paragraph-element\">As etiquetas RFID para lavanderia servem como uma ferramenta ben\u00e9fica para estabelecimentos que precisam de suprimentos cont\u00ednuos de roupas de cama limpas, uniformes de trabalho, roupas m\u00e9dicas ou materiais de limpeza, permitindo que os sistemas automatizados manuseiem grandes quantidades de itens individuais de maneira r\u00e1pida e precisa.<\/div>\n<p>&nbsp;<\/p>\n<div class=\"auto-hide-last-sibling-br paragraph_1252f paragraph-element\">Amplamente adotadas por fornecedores de uniformes, entidades de hospitalidade, servi\u00e7os de limpeza comercial e estabelecimentos de sa\u00fade, essas etiquetas de lavanderia UHF RFID de tecido simplificam o procedimento de rastreamento de v\u00e1rios ativos, como roupas, len\u00e7\u00f3is ou trapos. Isso contribui para a pr\u00e1tica de supervis\u00e3o eficiente de estoque e gerenciamento preciso de contas, aumentando a efici\u00eancia operacional geral. Ao fornecer dados sem erros e automatizar o processo de rastreamento, este sistema controla o extravio e o roubo de itens, reduzindo assim as perdas. A natureza dur\u00e1vel dessas etiquetas garante que elas resistam aos processos de lavagem industrial. \u00c9 uma solu\u00e7\u00e3o ideal para gerenciar estoques de forma sistem\u00e1tica e organizada.<\/div>\n<\/div>\n<div><\/div>\n<div><\/div>\n<div><\/div>\n<div>\n<div class=\"auto-hide-last-sibling-br paragraph_1252f paragraph-element\"><span style=\"font-family: inherit; font-size: 24px; font-weight: bold;\">Instala\u00e7\u00e3o<\/span><\/div>\n<\/div>\n<p><strong>Marca\u00e7\u00e3o de pontos<\/strong>: Para ser costurado na bainha de um tecido. Costure a etiqueta de lavanderia longe das linhas de dobra.<br \/>\n<strong>Selagem a quente<\/strong>: Para ser selado a quente diretamente no tecido a +200\u00b0C (392\u00b0F), por 12~14s.<br \/>\n<strong>Em bolsa<\/strong>: Para ser costurado como uma etiqueta de cuidados padr\u00e3o. Costure a etiqueta de lavanderia longe das linhas de dobra.<\/p>\n<p>&nbsp;<\/p>\n<div class=\"auto-hide-last-sibling-br paragraph_1252f paragraph-element\">\n<div class=\"auto-hide-last-sibling-br paragraph_1252f paragraph-element\">Etiquetas adesivas aquecidas UHF RFID para lavanderia de roupas de cama s\u00e3o indispens\u00e1veis em uma mir\u00edade de ind\u00fastrias, impulsionando crucialmente o rastreamento eficiente de ativos, gerenciamento de invent\u00e1rio e aumentando a efici\u00eancia operacional geral. Aqui est\u00e1 um vislumbre de sua aplica\u00e7\u00e3o em v\u00e1rios setores:<\/div>\n<div class=\"auto-hide-last-sibling-br paragraph_1252f paragraph-element\"><\/div>\n<p style=\"font-weight: 400;\"><span style=\"font-style: inherit; font-weight: inherit;\" data-spm-anchor-id=\"a2700.details.0.i52.7e74253fSAfL7T\">Como <\/span><b><strong style=\"font-style: inherit;\">FORTE<\/strong><\/b><span style=\"font-style: inherit; font-weight: inherit;\"> eles s\u00e3o ?<\/span><\/p>\n<p><b><strong>\u2460<\/strong><\/b>Os chips RFID podem ser danificados sob altas temperaturas?<span style=\"font-style: inherit; font-weight: inherit;\"> \u2013<\/span><b><strong>\u2714 Nossas etiquetas de lavanderia t\u00eaxtil RFID s\u00e3o projetadas para serem usadas a 200 \u00b0C<\/strong><\/b><span style=\"font-style: inherit; font-weight: inherit;\">.<\/span><\/p>\n<p style=\"font-weight: 400;\"><b><strong>\u2461<\/strong><\/b>Quantas vezes podemos lavar as etiquetas que s\u00e3o fixadas nos produtos t\u00eaxteis dos uniformes? <b><strong>\u2013\u2714Nossa etiqueta de lavanderia t\u00eaxtil RFID pode ser lavada mais de 200 vezes com garantia de 2 anos ap\u00f3s o envio.<\/strong><\/b><\/p>\n<p style=\"font-weight: 400;\"><b><strong>\u2462<\/strong><\/b>Vamos gastar uniformes de prest\u00edgio em produtos t\u00eaxteis, continuar trabalhando em caso de esmagamento de cavacos? <b><strong>\u2013\u2714Projetamos nossa etiqueta de lavanderia t\u00eaxtil para suportar 60 bares de press\u00e3o no processo de prensagem de seus produtos t\u00eaxteis.<\/strong><\/b><\/p>\n<p style=\"font-weight: 400;\"><b><strong>\u2463<\/strong><\/b>Onde voc\u00ea coloca as etiquetas RFID para lavanderia t\u00eaxtil nos tecidos dos uniformes? <b><strong>\u2013 \u2714As etiquetas RFID para lavanderia t\u00eaxtil s\u00e3o instaladas de acordo com a disponibilidade dos uniformes.<\/strong><\/b><\/p>\n<\/div>","protected":false},"excerpt":{"rendered":"<p>As etiquetas de lavanderia UHF RFID Heating Seal s\u00e3o projetadas para aplica\u00e7\u00f5es t\u00eaxteis comerciais e industriais. Esta etiqueta \u00e9 extremamente flex\u00edvel, pode ser lida de uma faixa estendida e ainda fornece os dados mais precisos. Os clientes podem us\u00e1-la para rastrear grandes quantidades de ativos t\u00eaxteis, mantendo seus custos baixos, melhorando a efici\u00eancia do gerenciamento.<\/p>","protected":false},"featured_media":137,"template":"","meta":{"_kad_post_transparent":"default","_kad_post_title":"","_kad_post_layout":"default","_kad_post_sidebar_id":"","_kad_post_content_style":"default","_kad_post_vertical_padding":"default","_kad_post_feature":"","_kad_post_feature_position":"","_kad_post_header":false,"_kad_post_footer":false,"_kad_post_classname":""},"product_brand":[],"product_cat":[19,16],"product_tag":[67,31,65],"class_list":{"0":"post-136","1":"product","2":"type-product","3":"status-publish","4":"has-post-thumbnail","6":"product_cat-textile-rfid-laundry-tag","7":"product_cat-uhf-rfid-laundry-tags","8":"product_tag-heating-seal-uhf-rfid-laundry-tags","9":"product_tag-rfid-tag-for-linen-laundry","10":"product_tag-textile-rfid-laundry-tags","12":"first","13":"instock","14":"shipping-taxable","15":"product-type-simple","16":"entry","17":"content-bg","18":"loop-entry"},"_links":{"self":[{"href":"https:\/\/rfid-laundry-tag.com\/pt\/wp-json\/wp\/v2\/product\/136","targetHints":{"allow":["GET"]}}],"collection":[{"href":"https:\/\/rfid-laundry-tag.com\/pt\/wp-json\/wp\/v2\/product"}],"about":[{"href":"https:\/\/rfid-laundry-tag.com\/pt\/wp-json\/wp\/v2\/types\/product"}],"version-history":[{"count":1,"href":"https:\/\/rfid-laundry-tag.com\/pt\/wp-json\/wp\/v2\/product\/136\/revisions"}],"predecessor-version":[{"id":1938,"href":"https:\/\/rfid-laundry-tag.com\/pt\/wp-json\/wp\/v2\/product\/136\/revisions\/1938"}],"wp:featuredmedia":[{"embeddable":true,"href":"https:\/\/rfid-laundry-tag.com\/pt\/wp-json\/wp\/v2\/media\/137"}],"wp:attachment":[{"href":"https:\/\/rfid-laundry-tag.com\/pt\/wp-json\/wp\/v2\/media?parent=136"}],"wp:term":[{"taxonomy":"product_brand","embeddable":true,"href":"https:\/\/rfid-laundry-tag.com\/pt\/wp-json\/wp\/v2\/product_brand?post=136"},{"taxonomy":"product_cat","embeddable":true,"href":"https:\/\/rfid-laundry-tag.com\/pt\/wp-json\/wp\/v2\/product_cat?post=136"},{"taxonomy":"product_tag","embeddable":true,"href":"https:\/\/rfid-laundry-tag.com\/pt\/wp-json\/wp\/v2\/product_tag?post=136"}],"curies":[{"name":"wp","href":"https:\/\/api.w.org\/{rel}","templated":true}]}}