{"id":127,"date":"2024-06-12T06:15:43","date_gmt":"2024-06-12T06:15:43","guid":{"rendered":"https:\/\/rfid-laundry-tag.com\/?post_type=product&#038;p=127"},"modified":"2024-06-12T06:21:05","modified_gmt":"2024-06-12T06:21:05","slug":"silicone-rubber-uhf-rfid-laundry-tag","status":"publish","type":"product","link":"https:\/\/rfid-laundry-tag.com\/pt\/silicone-rubber-uhf-rfid-laundry-tag\/","title":{"rendered":"Etiqueta de lavanderia RFID UHF de borracha de silicone"},"content":{"rendered":"<table style=\"border-collapse: collapse; width: 711px; height: 751px;\" border=\"0\" width=\"537\" cellspacing=\"0\" cellpadding=\"0\">\n<tbody>\n<tr style=\"height: 14.40pt;\">\n<td class=\"et2\" style=\"height: 14.40pt; width: 136.80pt;\" width=\"228\" height=\"24\">Material<\/td>\n<td class=\"et2\" style=\"width: 185.40pt;\" width=\"309\">Silicone<\/td>\n<\/tr>\n<tr style=\"height: 14.40pt;\">\n<td class=\"et3\" style=\"height: 14.40pt; width: 136.80pt;\" width=\"228\" height=\"24\">Tamanho<\/td>\n<td class=\"et3\" style=\"width: 185.40pt;\" width=\"309\">55x12mm, 56x20mm, 85x27mm<\/td>\n<\/tr>\n<tr style=\"height: 14.40pt;\">\n<td class=\"et3\" style=\"height: 14.40pt; width: 136.80pt;\" width=\"228\" height=\"24\">Frequ\u00eancia<\/td>\n<td class=\"et3\" style=\"width: 185.40pt;\" width=\"309\">860-960 MHz<\/td>\n<\/tr>\n<tr style=\"height: 27.60pt;\">\n<td class=\"et3\" style=\"height: 27.60pt; width: 136.80pt;\" width=\"228\" height=\"46\">Tipo de CI (chip)<\/td>\n<td class=\"et3\" style=\"width: 185.40pt;\" width=\"309\">U7\/U8 (Alien H3 e Impinj Monza R6 est\u00e3o dispon\u00edveis)<\/td>\n<\/tr>\n<tr style=\"height: 27.60pt;\">\n<td class=\"et3\" style=\"height: 27.60pt; width: 136.80pt;\" width=\"228\" height=\"46\">Protocolo<\/td>\n<td class=\"et3\" style=\"width: 185.40pt;\" width=\"309\">EPC Global Classe 1 Gen2 e ISO18000-6C<\/td>\n<\/tr>\n<tr style=\"height: 14.40pt;\">\n<td class=\"et3\" style=\"height: 14.40pt; width: 136.80pt;\" width=\"228\" height=\"24\">Mem\u00f3ria<\/td>\n<td class=\"et3\" style=\"width: 185.40pt;\" width=\"309\">128 bits<\/td>\n<\/tr>\n<tr style=\"height: 14.40pt;\">\n<td class=\"et3\" style=\"height: 14.40pt; width: 136.80pt;\" width=\"228\" height=\"24\">Fator de forma da etiqueta<\/td>\n<td class=\"et3\" style=\"width: 185.40pt;\" width=\"309\">Flex\u00edvel<\/td>\n<\/tr>\n<tr style=\"height: 14.40pt;\">\n<td class=\"et3\" style=\"height: 14.40pt; width: 136.80pt;\" width=\"228\" height=\"24\">Anti-Colis\u00e3o<\/td>\n<td class=\"et3\" style=\"width: 185.40pt;\" width=\"309\">Sim<\/td>\n<\/tr>\n<tr style=\"height: 14.40pt;\">\n<td class=\"et3\" style=\"height: 14.40pt; width: 136.80pt;\" width=\"228\" height=\"24\">Temperatura de opera\u00e7\u00e3o<\/td>\n<td class=\"et3\" style=\"width: 185.40pt;\" width=\"309\">-25 \u00b0C \/ +200 \u00b0C<\/td>\n<\/tr>\n<tr style=\"height: 14.40pt;\">\n<td class=\"et3\" style=\"height: 14.40pt; width: 136.80pt;\" width=\"228\" height=\"24\">Ler dist\u00e2ncia<\/td>\n<td class=\"et3\" style=\"width: 185.40pt;\" width=\"309\">1-7m<\/td>\n<\/tr>\n<tr style=\"height: 14.40pt;\">\n<td class=\"et3\" style=\"height: 14.40pt; width: 136.80pt;\" width=\"228\" height=\"24\">Afixos para<\/td>\n<td class=\"et3\" style=\"width: 185.40pt;\" width=\"309\">Roupas de cama e vestu\u00e1rio<\/td>\n<\/tr>\n<tr style=\"height: 14.40pt;\">\n<td class=\"et3\" style=\"height: 14.40pt; width: 136.80pt;\" width=\"228\" height=\"24\">Classifica\u00e7\u00e3o IP<\/td>\n<td class=\"et3\" style=\"width: 185.40pt;\" width=\"309\">IP68<\/td>\n<\/tr>\n<tr style=\"height: 14.40pt;\">\n<td class=\"et3\" style=\"height: 14.40pt; width: 136.80pt;\" width=\"228\" height=\"24\">Cor<\/td>\n<td class=\"et3\" style=\"width: 185.40pt;\" width=\"309\">Branco\/Azul ou personalizado<\/td>\n<\/tr>\n<tr style=\"height: 17.40pt;\">\n<td class=\"et4\" style=\"height: 17.40pt; width: 322.20pt;\" colspan=\"2\" width=\"537\" height=\"29\">Lavagem<\/td>\n<\/tr>\n<tr style=\"height: 27.60pt;\">\n<td class=\"et3\" style=\"height: 27.60pt; width: 136.80pt;\" width=\"228\" height=\"46\">Resiste \u00e0 exposi\u00e7\u00e3o a<\/td>\n<td class=\"et3\" style=\"width: 185.40pt;\" width=\"309\">\u00e1gua e todos os produtos qu\u00edmicos comuns em lavanderias comerciais e lavagem a seco<\/td>\n<\/tr>\n<tr style=\"height: 14.40pt;\">\n<td class=\"et3\" style=\"height: 14.40pt; width: 136.80pt;\" width=\"228\" height=\"24\">Ciclos de lavagem<\/td>\n<td class=\"et3\" style=\"width: 185.40pt;\" width=\"309\">At\u00e9 200 ciclos de lavagem comerciais<\/td>\n<\/tr>\n<tr style=\"height: 27.60pt;\">\n<td class=\"et3\" style=\"height: 27.60pt; width: 136.80pt;\" width=\"228\" height=\"46\">Lavagem<\/td>\n<td class=\"et3\" style=\"width: 185.40pt;\" width=\"309\">150 \u00baC por 15-20 minutos \u2013 150 ciclos<\/td>\n<\/tr>\n<tr style=\"height: 27.60pt;\">\n<td class=\"et3\" style=\"height: 27.60pt; width: 136.80pt;\" width=\"228\" height=\"46\">Secagem<\/td>\n<td class=\"et3\" style=\"width: 185.40pt;\" width=\"309\">95\u00b0C (at\u00e9 60 min.), 130\u00b0C (at\u00e9 30 min.)<\/td>\n<\/tr>\n<tr style=\"height: 14.40pt;\">\n<td class=\"et3\" style=\"height: 14.40pt; width: 136.80pt;\" width=\"228\" height=\"24\">Finalizador de T\u00fanel<\/td>\n<td class=\"et3\" style=\"width: 185.40pt;\" width=\"309\">200\u00b0C por 30min<\/td>\n<\/tr>\n<tr style=\"height: 14.40pt;\">\n<td class=\"et3\" style=\"height: 14.40pt; width: 136.80pt;\" width=\"228\" height=\"24\">Passar roupa<\/td>\n<td class=\"et3\" style=\"width: 185.40pt;\" width=\"309\">250\u00b0C (at\u00e9 60 segundos)<\/td>\n<\/tr>\n<\/tbody>\n<\/table>\n<p data-spm-anchor-id=\"a2700.details.0.i116.60201a70jOXdOd\">\n<p data-spm-anchor-id=\"a2700.details.0.i116.60201a70jOXdOd\"><strong>Etiqueta de lavanderia RFID UHF de borracha de silicone<\/strong>\u00a0representa a mais recente inova\u00e7\u00e3o para rastreamento automatizado e gerenciamento de estoque em servi\u00e7os de lavanderia. Essas etiquetas finas, flex\u00edveis, suaves e elegantes, resistentes a l\u00edquidos qu\u00edmicos e calor, s\u00e3o equipadas com um forte transponder RFID que \u00e9 capaz de suportar at\u00e9 200 ciclos de lavagem em tambor e secagem a quente, juntamente com limpeza e passagem a ferro. As etiquetas de lavanderia RFID de silicone 5512, frequentemente usadas para rastreamento no setor de lavanderia industrial, podem se misturar perfeitamente a v\u00e1rios materiais t\u00eaxteis, incluindo roupas de cama, blusas, toalhas, uniformes m\u00e9dicos e muito mais.<\/p>\n<p data-spm-anchor-id=\"a2700.details.0.i116.60201a70jOXdOd\"><strong>Aplicativo :<\/strong><\/p>\n<ul>\n<li>Gerenciamento de rastreamento de roupas de cama de hotel<\/li>\n<li>F\u00e1brica\/armaz\u00e9m\/hotel\/hospital\/parque de divers\u00f5es<\/li>\n<li data-spm-anchor-id=\"a2700.details.0.i115.60201a70jOXdOd\"><span data-spm-anchor-id=\"a2700.details.0.i120.60201a70jOXdOd\">Uniformes hospitalares<\/span><\/li>\n<li data-spm-anchor-id=\"a2700.details.0.i118.60201a70jOXdOd\">Linhos\/ Paletes\/ Sacos de lona<\/li>\n<li>Lavanderias a seco<\/li>\n<li>Uso em len\u00e7\u00f3is de hotel\/ Fixado em tecidos\/ Roupas de trabalho.<\/li>\n<li>F\u00e1brica de roupas, F\u00e1brica de tecidos.<\/li>\n<\/ul>\n<p>&nbsp;<\/p>","protected":false},"excerpt":{"rendered":"<p>A etiqueta de lavanderia RFID UHF de borracha de silicone \u00e9 flex\u00edvel e robusta, projetada para suportar condi\u00e7\u00f5es de lavanderia exigentes, como desidrata\u00e7\u00e3o cont\u00ednua de alta press\u00e3o e passagem a ferro de curto prazo. Utilizando a tecnologia UHF, essas etiquetas de lavanderia de silicone aumentam significativamente as capacidades de comunica\u00e7\u00e3o. Sua capacidade de ler centenas de etiquetas simultaneamente n\u00e3o apenas reduz os custos de m\u00e3o de obra associados ao c\u00f3digo de barras ou ao gerenciamento de etiquetas RFID HF (alta frequ\u00eancia), mas tamb\u00e9m oferece uma solu\u00e7\u00e3o de rastreamento econ\u00f4mica.<\/p>","protected":false},"featured_media":128,"template":"","meta":{"_kad_post_transparent":"default","_kad_post_title":"","_kad_post_layout":"default","_kad_post_sidebar_id":"","_kad_post_content_style":"default","_kad_post_vertical_padding":"default","_kad_post_feature":"","_kad_post_feature_position":"","_kad_post_header":false,"_kad_post_footer":false,"_kad_post_classname":""},"product_brand":[],"product_cat":[20,16],"product_tag":[63,62,64,61],"class_list":{"0":"post-127","1":"product","2":"type-product","3":"status-publish","4":"has-post-thumbnail","6":"product_cat-silicone-rfid-laundry-tag","7":"product_cat-uhf-rfid-laundry-tags","8":"product_tag-rfid-washing-tag","9":"product_tag-silicone-rfid-laundry-tag","10":"product_tag-silicone-rubber-uhf-rfid-laundry-tag","11":"product_tag-silicone-washable-rfid-laundry-tag","13":"first","14":"instock","15":"shipping-taxable","16":"product-type-simple","17":"entry","18":"content-bg","19":"loop-entry"},"_links":{"self":[{"href":"https:\/\/rfid-laundry-tag.com\/pt\/wp-json\/wp\/v2\/product\/127","targetHints":{"allow":["GET"]}}],"collection":[{"href":"https:\/\/rfid-laundry-tag.com\/pt\/wp-json\/wp\/v2\/product"}],"about":[{"href":"https:\/\/rfid-laundry-tag.com\/pt\/wp-json\/wp\/v2\/types\/product"}],"version-history":[{"count":0,"href":"https:\/\/rfid-laundry-tag.com\/pt\/wp-json\/wp\/v2\/product\/127\/revisions"}],"wp:featuredmedia":[{"embeddable":true,"href":"https:\/\/rfid-laundry-tag.com\/pt\/wp-json\/wp\/v2\/media\/128"}],"wp:attachment":[{"href":"https:\/\/rfid-laundry-tag.com\/pt\/wp-json\/wp\/v2\/media?parent=127"}],"wp:term":[{"taxonomy":"product_brand","embeddable":true,"href":"https:\/\/rfid-laundry-tag.com\/pt\/wp-json\/wp\/v2\/product_brand?post=127"},{"taxonomy":"product_cat","embeddable":true,"href":"https:\/\/rfid-laundry-tag.com\/pt\/wp-json\/wp\/v2\/product_cat?post=127"},{"taxonomy":"product_tag","embeddable":true,"href":"https:\/\/rfid-laundry-tag.com\/pt\/wp-json\/wp\/v2\/product_tag?post=127"}],"curies":[{"name":"wp","href":"https:\/\/api.w.org\/{rel}","templated":true}]}}