{"id":124,"date":"2024-06-12T06:05:28","date_gmt":"2024-06-12T06:05:28","guid":{"rendered":"https:\/\/rfid-laundry-tag.com\/?post_type=product&#038;p=124"},"modified":"2024-06-12T06:13:37","modified_gmt":"2024-06-12T06:13:37","slug":"rfid-silicone-washing-tag","status":"publish","type":"product","link":"https:\/\/rfid-laundry-tag.com\/pt\/rfid-silicone-washing-tag\/","title":{"rendered":"Etiqueta de lavagem de silicone RFID"},"content":{"rendered":"<table style=\"border-collapse: collapse; width: 711px; height: 751px;\" border=\"0\" width=\"537\" cellspacing=\"0\" cellpadding=\"0\">\n<tbody>\n<tr style=\"height: 14.40pt;\">\n<td class=\"et2\" style=\"height: 14.40pt; width: 136.80pt;\" width=\"228\" height=\"24\">Material<\/td>\n<td class=\"et2\" style=\"width: 185.40pt;\" width=\"309\">Silicone<\/td>\n<\/tr>\n<tr style=\"height: 14.40pt;\">\n<td class=\"et3\" style=\"height: 14.40pt; width: 136.80pt;\" width=\"228\" height=\"24\">Tamanho<\/td>\n<td class=\"et3\" style=\"width: 185.40pt;\" width=\"309\">55x12mm, 56x20mm, 85x27mm<\/td>\n<\/tr>\n<tr style=\"height: 14.40pt;\">\n<td class=\"et3\" style=\"height: 14.40pt; width: 136.80pt;\" width=\"228\" height=\"24\">Frequ\u00eancia<\/td>\n<td class=\"et3\" style=\"width: 185.40pt;\" width=\"309\">860-960 MHz<\/td>\n<\/tr>\n<tr style=\"height: 27.60pt;\">\n<td class=\"et3\" style=\"height: 27.60pt; width: 136.80pt;\" width=\"228\" height=\"46\">Tipo de CI (chip)<\/td>\n<td class=\"et3\" style=\"width: 185.40pt;\" width=\"309\">U7\/U8 (Alien H3 e Impinj Monza R6 est\u00e3o dispon\u00edveis)<\/td>\n<\/tr>\n<tr style=\"height: 27.60pt;\">\n<td class=\"et3\" style=\"height: 27.60pt; width: 136.80pt;\" width=\"228\" height=\"46\">Protocolo<\/td>\n<td class=\"et3\" style=\"width: 185.40pt;\" width=\"309\">EPC Global Classe 1 Gen2 e ISO18000-6C<\/td>\n<\/tr>\n<tr style=\"height: 14.40pt;\">\n<td class=\"et3\" style=\"height: 14.40pt; width: 136.80pt;\" width=\"228\" height=\"24\">Mem\u00f3ria<\/td>\n<td class=\"et3\" style=\"width: 185.40pt;\" width=\"309\">128 bits<\/td>\n<\/tr>\n<tr style=\"height: 14.40pt;\">\n<td class=\"et3\" style=\"height: 14.40pt; width: 136.80pt;\" width=\"228\" height=\"24\">Fator de forma da etiqueta<\/td>\n<td class=\"et3\" style=\"width: 185.40pt;\" width=\"309\">Flex\u00edvel<\/td>\n<\/tr>\n<tr style=\"height: 14.40pt;\">\n<td class=\"et3\" style=\"height: 14.40pt; width: 136.80pt;\" width=\"228\" height=\"24\">Anti-Colis\u00e3o<\/td>\n<td class=\"et3\" style=\"width: 185.40pt;\" width=\"309\">Sim<\/td>\n<\/tr>\n<tr style=\"height: 14.40pt;\">\n<td class=\"et3\" style=\"height: 14.40pt; width: 136.80pt;\" width=\"228\" height=\"24\">Temperatura de opera\u00e7\u00e3o<\/td>\n<td class=\"et3\" style=\"width: 185.40pt;\" width=\"309\">-25 \u00b0C \/ +200 \u00b0C<\/td>\n<\/tr>\n<tr style=\"height: 14.40pt;\">\n<td class=\"et3\" style=\"height: 14.40pt; width: 136.80pt;\" width=\"228\" height=\"24\">Ler dist\u00e2ncia<\/td>\n<td class=\"et3\" style=\"width: 185.40pt;\" width=\"309\">1-7m<\/td>\n<\/tr>\n<tr style=\"height: 14.40pt;\">\n<td class=\"et3\" style=\"height: 14.40pt; width: 136.80pt;\" width=\"228\" height=\"24\">Afixos para<\/td>\n<td class=\"et3\" style=\"width: 185.40pt;\" width=\"309\">Roupas de cama e vestu\u00e1rio<\/td>\n<\/tr>\n<tr style=\"height: 14.40pt;\">\n<td class=\"et3\" style=\"height: 14.40pt; width: 136.80pt;\" width=\"228\" height=\"24\">Classifica\u00e7\u00e3o IP<\/td>\n<td class=\"et3\" style=\"width: 185.40pt;\" width=\"309\">IP68<\/td>\n<\/tr>\n<tr style=\"height: 14.40pt;\">\n<td class=\"et3\" style=\"height: 14.40pt; width: 136.80pt;\" width=\"228\" height=\"24\">Cor<\/td>\n<td class=\"et3\" style=\"width: 185.40pt;\" width=\"309\">Branco\/Azul ou personalizado<\/td>\n<\/tr>\n<tr style=\"height: 17.40pt;\">\n<td class=\"et4\" style=\"height: 17.40pt; width: 322.20pt;\" colspan=\"2\" width=\"537\" height=\"29\">Lavagem<\/td>\n<\/tr>\n<tr style=\"height: 27.60pt;\">\n<td class=\"et3\" style=\"height: 27.60pt; width: 136.80pt;\" width=\"228\" height=\"46\">Resiste \u00e0 exposi\u00e7\u00e3o a<\/td>\n<td class=\"et3\" style=\"width: 185.40pt;\" width=\"309\">\u00e1gua e todos os produtos qu\u00edmicos comuns em lavanderias comerciais e lavagem a seco<\/td>\n<\/tr>\n<tr style=\"height: 14.40pt;\">\n<td class=\"et3\" style=\"height: 14.40pt; width: 136.80pt;\" width=\"228\" height=\"24\">Ciclos de lavagem<\/td>\n<td class=\"et3\" style=\"width: 185.40pt;\" width=\"309\">At\u00e9 200 ciclos de lavagem comerciais<\/td>\n<\/tr>\n<tr style=\"height: 27.60pt;\">\n<td class=\"et3\" style=\"height: 27.60pt; width: 136.80pt;\" width=\"228\" height=\"46\">Lavagem<\/td>\n<td class=\"et3\" style=\"width: 185.40pt;\" width=\"309\">150 \u00baC por 15-20 minutos \u2013 150 ciclos<\/td>\n<\/tr>\n<tr style=\"height: 27.60pt;\">\n<td class=\"et3\" style=\"height: 27.60pt; width: 136.80pt;\" width=\"228\" height=\"46\">Secagem<\/td>\n<td class=\"et3\" style=\"width: 185.40pt;\" width=\"309\">95\u00b0C (at\u00e9 60 min.), 130\u00b0C (at\u00e9 30 min.)<\/td>\n<\/tr>\n<tr style=\"height: 14.40pt;\">\n<td class=\"et3\" style=\"height: 14.40pt; width: 136.80pt;\" width=\"228\" height=\"24\">Finalizador de T\u00fanel<\/td>\n<td class=\"et3\" style=\"width: 185.40pt;\" width=\"309\">200\u00b0C por 30min<\/td>\n<\/tr>\n<tr style=\"height: 14.40pt;\">\n<td class=\"et3\" style=\"height: 14.40pt; width: 136.80pt;\" width=\"228\" height=\"24\">Passar roupa<\/td>\n<td class=\"et3\" style=\"width: 185.40pt;\" width=\"309\">250\u00b0C (at\u00e9 60 segundos)<\/td>\n<\/tr>\n<\/tbody>\n<\/table>\n<p data-spm-anchor-id=\"a2700.details.0.i116.60201a70jOXdOd\">\n<p data-spm-anchor-id=\"a2700.details.0.i116.60201a70jOXdOd\"><b><span class=\"magic-11\" data-spm-anchor-id=\"a2700.details.0.i118.ef22fb08lSmXvD\">As personaliza\u00e7\u00f5es dispon\u00edveis s\u00e3o as seguintes:<\/span><\/b> * Impress\u00e3o: Serigrafia ou 4 cores em offset, partindo de um layout gr\u00e1fico equipado pelo cliente em formato vetorial. Impress\u00e3o de c\u00f3digo EPC, c\u00f3digo serial progressivo de banco de dados ou n\u00e3o, ou arquivo .xls; impress\u00e3o de c\u00f3digos de barras, QRCode. Outras op\u00e7\u00f5es de personaliza\u00e7\u00e3o est\u00e3o dispon\u00edveis sob demanda. * Codifica\u00e7\u00e3o de mem\u00f3ria de chip: Codifica\u00e7\u00e3o de c\u00f3digo EPC de transponders RFID UHF, grava\u00e7\u00e3o de mem\u00f3ria de tag UHF, tamb\u00e9m de banco de dados fornecido pelo cliente. O conte\u00fado pode ser, tempor\u00e1ria ou permanentemente, bloqueado por meio de uma senha. Associa\u00e7\u00e3o de c\u00f3digo EPC e c\u00f3digo TID em banco de dados. Associa\u00e7\u00e3o de c\u00f3digo TID e c\u00f3digo progressivo\/c\u00f3digo de barras.<\/p>\n<p data-spm-anchor-id=\"a2700.details.0.i116.60201a70jOXdOd\"><strong>Aplicativo :<\/strong><\/p>\n<ul>\n<li>Gerenciamento de rastreamento de roupas de cama de hotel<\/li>\n<li>F\u00e1brica\/armaz\u00e9m\/hotel\/hospital\/parque de divers\u00f5es<\/li>\n<li data-spm-anchor-id=\"a2700.details.0.i115.60201a70jOXdOd\"><span data-spm-anchor-id=\"a2700.details.0.i120.60201a70jOXdOd\">Uniformes hospitalares<\/span><\/li>\n<li data-spm-anchor-id=\"a2700.details.0.i118.60201a70jOXdOd\">Linhos\/ Paletes\/ Sacos de lona<\/li>\n<li>Lavanderias a seco<\/li>\n<li>Uso em len\u00e7\u00f3is de hotel\/ Fixado em tecidos\/ Roupas de trabalho.<\/li>\n<li>F\u00e1brica de roupas, F\u00e1brica de tecidos.<\/li>\n<\/ul>\n<p>&nbsp;<\/p>","protected":false},"excerpt":{"rendered":"<p>A etiqueta de lavagem de silicone RFID \u00e9 macia e dur\u00e1vel, podendo ser aplicada ao ambiente de lavagem, como desidrata\u00e7\u00e3o cont\u00ednua de alta press\u00e3o e passagem a ferro em um curto espa\u00e7o de tempo. As etiquetas de lavanderia de silicone usam a tecnologia UHF para melhorar efetivamente o desempenho da comunica\u00e7\u00e3o. Ler centenas de etiquetas por vez pode reduzir os custos de m\u00e3o de obra causados por c\u00f3digos de barras ou etiquetas RFID HF (alta frequ\u00eancia) e fornecer gerenciamento econ\u00f4mico.<\/p>","protected":false},"featured_media":125,"template":"","meta":{"_kad_post_transparent":"default","_kad_post_title":"","_kad_post_layout":"default","_kad_post_sidebar_id":"","_kad_post_content_style":"default","_kad_post_vertical_padding":"default","_kad_post_feature":"","_kad_post_feature_position":"","_kad_post_header":false,"_kad_post_footer":false,"_kad_post_classname":""},"product_brand":[],"product_cat":[20],"product_tag":[63,62,61],"class_list":{"0":"post-124","1":"product","2":"type-product","3":"status-publish","4":"has-post-thumbnail","6":"product_cat-silicone-rfid-laundry-tag","7":"product_tag-rfid-washing-tag","8":"product_tag-silicone-rfid-laundry-tag","9":"product_tag-silicone-washable-rfid-laundry-tag","11":"first","12":"instock","13":"shipping-taxable","14":"product-type-simple","15":"entry","16":"content-bg","17":"loop-entry"},"_links":{"self":[{"href":"https:\/\/rfid-laundry-tag.com\/pt\/wp-json\/wp\/v2\/product\/124","targetHints":{"allow":["GET"]}}],"collection":[{"href":"https:\/\/rfid-laundry-tag.com\/pt\/wp-json\/wp\/v2\/product"}],"about":[{"href":"https:\/\/rfid-laundry-tag.com\/pt\/wp-json\/wp\/v2\/types\/product"}],"version-history":[{"count":1,"href":"https:\/\/rfid-laundry-tag.com\/pt\/wp-json\/wp\/v2\/product\/124\/revisions"}],"predecessor-version":[{"id":126,"href":"https:\/\/rfid-laundry-tag.com\/pt\/wp-json\/wp\/v2\/product\/124\/revisions\/126"}],"wp:featuredmedia":[{"embeddable":true,"href":"https:\/\/rfid-laundry-tag.com\/pt\/wp-json\/wp\/v2\/media\/125"}],"wp:attachment":[{"href":"https:\/\/rfid-laundry-tag.com\/pt\/wp-json\/wp\/v2\/media?parent=124"}],"wp:term":[{"taxonomy":"product_brand","embeddable":true,"href":"https:\/\/rfid-laundry-tag.com\/pt\/wp-json\/wp\/v2\/product_brand?post=124"},{"taxonomy":"product_cat","embeddable":true,"href":"https:\/\/rfid-laundry-tag.com\/pt\/wp-json\/wp\/v2\/product_cat?post=124"},{"taxonomy":"product_tag","embeddable":true,"href":"https:\/\/rfid-laundry-tag.com\/pt\/wp-json\/wp\/v2\/product_tag?post=124"}],"curies":[{"name":"wp","href":"https:\/\/api.w.org\/{rel}","templated":true}]}}