{"id":122,"date":"2024-06-12T06:05:12","date_gmt":"2024-06-12T06:05:12","guid":{"rendered":"https:\/\/rfid-laundry-tag.com\/?post_type=product&#038;p=122"},"modified":"2024-06-12T06:05:12","modified_gmt":"2024-06-12T06:05:12","slug":"silicone-washable-rfid-laundry-tag","status":"publish","type":"product","link":"https:\/\/rfid-laundry-tag.com\/pt\/silicone-washable-rfid-laundry-tag\/","title":{"rendered":"Etiqueta de lavanderia RFID lav\u00e1vel de silicone"},"content":{"rendered":"<table style=\"font-family: var(--global-body-font-family);\" width=\"537\">\n<tbody>\n<tr>\n<td width=\"228\">Nome<\/td>\n<td width=\"309\">Etiqueta de lavanderia RFID lav\u00e1vel de silicone<\/td>\n<\/tr>\n<tr>\n<td width=\"228\">Modo<\/td>\n<td width=\"309\">SL-01<\/td>\n<\/tr>\n<tr>\n<td width=\"228\">Material<\/td>\n<td width=\"309\">Silicone<\/td>\n<\/tr>\n<tr>\n<td width=\"228\">Cor<\/td>\n<td width=\"309\">Branco (ou personalizado)<\/td>\n<\/tr>\n<tr>\n<td width=\"228\">Tamanho<\/td>\n<td width=\"309\">55mm*12mm, 2,5mm de espessura<\/td>\n<\/tr>\n<tr>\n<td width=\"228\">Lasca<\/td>\n<td width=\"309\">915Mhz NXP U c\u00f3digo 9, Alien H3, H9 etc.<\/td>\n<\/tr>\n<tr>\n<td width=\"228\">Temperatura de trabalho<\/td>\n<td width=\"309\">\u2013 25\u00baC a +75\u00baC<\/td>\n<\/tr>\n<tr>\n<td width=\"228\">Ciclo de lavagem<\/td>\n<td width=\"309\">200 vezes<\/td>\n<\/tr>\n<tr>\n<td width=\"228\">Imperme\u00e1vel<\/td>\n<td width=\"309\">Sim<\/td>\n<\/tr>\n<tr>\n<td width=\"228\">Resist\u00eancia qu\u00edmica<\/td>\n<td width=\"309\">Sim<\/td>\n<\/tr>\n<\/tbody>\n<\/table>\n<p data-spm-anchor-id=\"a2700.details.0.i116.60201a70jOXdOd\">\n<p data-spm-anchor-id=\"a2700.details.0.i116.60201a70jOXdOd\"><strong>Aplicativo :<\/strong><\/p>\n<ul>\n<li>Gerenciamento de rastreamento de roupas de cama de hotel<\/li>\n<li>F\u00e1brica\/armaz\u00e9m\/hotel\/hospital\/parque de divers\u00f5es<\/li>\n<li data-spm-anchor-id=\"a2700.details.0.i115.60201a70jOXdOd\"><span data-spm-anchor-id=\"a2700.details.0.i120.60201a70jOXdOd\">Uniformes hospitalares<\/span><\/li>\n<li data-spm-anchor-id=\"a2700.details.0.i118.60201a70jOXdOd\">Linhos\/ Paletes\/ Sacos de lona<\/li>\n<li>Lavanderias a seco<\/li>\n<li>Uso em len\u00e7\u00f3is de hotel\/ Fixado em tecidos\/ Roupas de trabalho.<\/li>\n<li>F\u00e1brica de roupas, F\u00e1brica de tecidos.<\/li>\n<\/ul>\n<p>&nbsp;<\/p>","protected":false},"excerpt":{"rendered":"<p>RFID Silicone Laundry Tag representa tecnologia de ponta para monitoramento autom\u00e1tico e gerenciamento de estoque em opera\u00e7\u00f5es de lavanderia. Essas etiquetas RFID, finas, flex\u00edveis e macias, s\u00e3o projetadas para serem resistentes a produtos qu\u00edmicos, calor e press\u00f5es f\u00edsicas. Equipadas com transponders RFID robustos, elas s\u00e3o constru\u00eddas para suportar mais de 200 lavagens de tambor e ciclos de secagem aquecidos, sem mencionar limpeza e passagem a ferro. Normalmente utilizadas em rastreamento de lavanderia em larga escala, nossas etiquetas de lavanderia RFID de silicone podem ser facilmente incorporadas a uma ampla variedade de materiais t\u00eaxteis, como len\u00e7\u00f3is, blusas, toalhas e trajes m\u00e9dicos.<\/p>","protected":false},"featured_media":123,"template":"","meta":{"_kad_post_transparent":"default","_kad_post_title":"","_kad_post_layout":"default","_kad_post_sidebar_id":"","_kad_post_content_style":"default","_kad_post_vertical_padding":"default","_kad_post_feature":"","_kad_post_feature_position":"","_kad_post_header":false,"_kad_post_footer":false,"_kad_post_classname":""},"product_brand":[],"product_cat":[20],"product_tag":[62,61],"class_list":{"0":"post-122","1":"product","2":"type-product","3":"status-publish","4":"has-post-thumbnail","6":"product_cat-silicone-rfid-laundry-tag","7":"product_tag-silicone-rfid-laundry-tag","8":"product_tag-silicone-washable-rfid-laundry-tag","10":"first","11":"instock","12":"shipping-taxable","13":"product-type-simple","14":"entry","15":"content-bg","16":"loop-entry"},"_links":{"self":[{"href":"https:\/\/rfid-laundry-tag.com\/pt\/wp-json\/wp\/v2\/product\/122","targetHints":{"allow":["GET"]}}],"collection":[{"href":"https:\/\/rfid-laundry-tag.com\/pt\/wp-json\/wp\/v2\/product"}],"about":[{"href":"https:\/\/rfid-laundry-tag.com\/pt\/wp-json\/wp\/v2\/types\/product"}],"version-history":[{"count":0,"href":"https:\/\/rfid-laundry-tag.com\/pt\/wp-json\/wp\/v2\/product\/122\/revisions"}],"wp:featuredmedia":[{"embeddable":true,"href":"https:\/\/rfid-laundry-tag.com\/pt\/wp-json\/wp\/v2\/media\/123"}],"wp:attachment":[{"href":"https:\/\/rfid-laundry-tag.com\/pt\/wp-json\/wp\/v2\/media?parent=122"}],"wp:term":[{"taxonomy":"product_brand","embeddable":true,"href":"https:\/\/rfid-laundry-tag.com\/pt\/wp-json\/wp\/v2\/product_brand?post=122"},{"taxonomy":"product_cat","embeddable":true,"href":"https:\/\/rfid-laundry-tag.com\/pt\/wp-json\/wp\/v2\/product_cat?post=122"},{"taxonomy":"product_tag","embeddable":true,"href":"https:\/\/rfid-laundry-tag.com\/pt\/wp-json\/wp\/v2\/product_tag?post=122"}],"curies":[{"name":"wp","href":"https:\/\/api.w.org\/{rel}","templated":true}]}}