{"id":117,"date":"2024-06-12T05:06:31","date_gmt":"2024-06-12T05:06:31","guid":{"rendered":"https:\/\/rfid-laundry-tag.com\/?post_type=product&#038;p=117"},"modified":"2024-08-14T16:49:35","modified_gmt":"2024-08-14T16:49:35","slug":"rfid-laundry-tag-pps-em4305","status":"publish","type":"product","link":"https:\/\/rfid-laundry-tag.com\/pt\/rfid-laundry-tag-pps-em4305\/","title":{"rendered":"Etiqueta RFID para lavanderia - PPS - EM4305"},"content":{"rendered":"<div class=\"J_module\">\n<div class=\"ife-detail-decorate-table\">\n<table style=\"border-collapse: collapse; width: 451.23pt;\" border=\"0\" width=\"752\" cellspacing=\"0\" cellpadding=\"0\">\n<tbody>\n<tr style=\"height: 28.00pt;\">\n<td class=\"et2\" style=\"height: 28.00pt; width: 138.60pt;\" width=\"231\" height=\"46\">Nome do item<\/td>\n<td class=\"et3\" style=\"width: 312.60pt;\" width=\"521\">Etiqueta RFID para lavanderia - PPS - EM4305<\/td>\n<\/tr>\n<tr style=\"height: 14.40pt;\">\n<td class=\"et3\" style=\"height: 14.40pt; width: 138.60pt;\" width=\"231\" height=\"24\">Material<\/td>\n<td class=\"et3\" style=\"width: 312.60pt;\" width=\"521\">PPS<\/td>\n<\/tr>\n<tr style=\"height: 14.40pt;\">\n<td class=\"et3\" style=\"height: 14.40pt; width: 138.60pt;\" width=\"231\" height=\"24\">Cor<\/td>\n<td class=\"et3\" style=\"width: 312.60pt;\" width=\"521\">Preto<\/td>\n<\/tr>\n<tr style=\"height: 14.40pt;\">\n<td class=\"et3\" style=\"height: 14.40pt; width: 138.60pt;\" width=\"231\" height=\"24\">Quantidade m\u00ednima<\/td>\n<td class=\"et3\" style=\"width: 312.60pt;\" width=\"521\">500 unidades<\/td>\n<\/tr>\n<tr style=\"height: 42.00pt;\">\n<td class=\"et3\" style=\"height: 42.00pt; width: 138.60pt;\" width=\"231\" height=\"70\">Fabricante\/Chip<\/td>\n<td class=\"et3\" style=\"width: 312.60pt;\" width=\"521\">EM4200,TK4100,EM4305,T5577 etc.<\/td>\n<\/tr>\n<tr style=\"height: 14.40pt;\">\n<td class=\"et3\" style=\"height: 14.40pt; width: 138.60pt;\" width=\"231\" height=\"24\">Frequ\u00eancia<\/td>\n<td class=\"et3\" style=\"width: 312.60pt;\" width=\"521\">125 Khz<\/td>\n<\/tr>\n<tr style=\"height: 70.00pt;\">\n<td class=\"et3\" style=\"height: 70.00pt; width: 138.60pt;\" width=\"231\" height=\"116\">Tamanho<\/td>\n<td class=\"et3\" style=\"width: 312.60pt;\" width=\"521\">Di\u00e2metro 14 mm, Di\u00e2metro 15 mm, Di\u00e2metro 18 mm, Di\u00e2metro 20 mm,<\/p>\n<p>Di\u00e2metro 22 mm, di\u00e2metro 24 mm, di\u00e2metro 30 mm etc.<\/td>\n<\/tr>\n<tr style=\"height: 14.40pt;\">\n<td class=\"et3\" style=\"height: 14.40pt; width: 138.60pt;\" width=\"231\" height=\"24\">Ler dist\u00e2ncia<\/td>\n<td class=\"et3\" style=\"width: 312.60pt;\" width=\"521\">1 ~ 5 cm<\/td>\n<\/tr>\n<tr style=\"height: 14.40pt;\">\n<td class=\"et3\" style=\"height: 14.40pt; width: 138.60pt;\" width=\"231\" height=\"24\">Modo de trabalho<\/td>\n<td class=\"et3\" style=\"width: 312.60pt;\" width=\"521\">passiva<\/td>\n<\/tr>\n<tr style=\"height: 14.40pt;\">\n<td class=\"et3\" style=\"height: 14.40pt; width: 138.60pt;\" width=\"231\" height=\"24\">Temperatura de trabalho<\/td>\n<td class=\"et3\" style=\"width: 312.60pt;\" width=\"521\">-25<span class=\"font0\">\u2103<\/span><span class=\"font2\">~+110<\/span><span class=\"font0\">\u2103<\/span><\/td>\n<\/tr>\n<tr style=\"height: 14.40pt;\">\n<td class=\"et3\" style=\"height: 14.40pt; width: 138.60pt;\" width=\"231\" height=\"24\">Temperatura de armazenamento<\/td>\n<td class=\"et3\" style=\"width: 312.60pt;\" width=\"521\">-40<span class=\"font0\">\u2103<\/span><span class=\"font2\">~+85<\/span><span class=\"font0\">\u2103<\/span><\/td>\n<\/tr>\n<tr style=\"height: 73.00pt;\">\n<td class=\"et4\" style=\"height: 73.00pt;\" height=\"121\">Especifica\u00e7\u00f5es operacionais<\/td>\n<td class=\"et3\" style=\"width: 312.60pt;\" width=\"521\">\u00c0 prova d&#039;\u00e1gua; resistente \u00e0 imers\u00e3o em \u00e1gua salgada, \u00e1lcool, \u00f3leo, 10%HCL; Am\u00f4nia; choque e vibra\u00e7\u00e3o<\/td>\n<\/tr>\n<tr style=\"height: 14.40pt;\">\n<td class=\"et3\" style=\"height: 14.40pt; width: 138.60pt;\" width=\"231\" height=\"24\">Caracter\u00edsticas<\/td>\n<td class=\"et3\" style=\"width: 312.60pt;\" width=\"521\">imperme\u00e1vel, lav\u00e1vel e resistente a altas temperaturas<\/td>\n<\/tr>\n<tr style=\"height: 14.40pt;\">\n<td class=\"et3\" style=\"height: 14.40pt; width: 138.60pt;\" width=\"231\" height=\"24\">Formul\u00e1rios<\/td>\n<td class=\"et3\" style=\"width: 312.60pt;\" width=\"521\">gerenciamento e rastreamento de lavanderia<\/td>\n<\/tr>\n<\/tbody>\n<\/table>\n<\/div>\n<\/div>\n<div class=\"J_module\">\n<div class=\"detail-decorate-json-renderer-container\">\n<div class=\"magic-1\">\n<div>\n<div><\/div>\n<\/div>\n<div class=\"magic-2\">\n<div>\n<div class=\"auto-hide-last-sibling-br paragraph_1252f paragraph-element\">\n<div class=\"auto-hide-last-sibling-br paragraph_1252f paragraph-element\"><strong>Etiquetas de lavanderia RFID PPS de 125 kHz<\/strong> oferecem in\u00fameros benef\u00edcios quando integrados \u00e0s solu\u00e7\u00f5es de etiquetas de lavanderia RFID.<\/div>\n<div class=\"auto-hide-last-sibling-br paragraph_1252f paragraph-element\">Entre esses benef\u00edcios est\u00e3o:<\/div>\n<ol class=\"auto-hide-last-sibling-br\">\n<li>O pre\u00e7o direto da f\u00e1brica garante solu\u00e7\u00f5es econ\u00f4micas.<\/li>\n<li>Qualidade garantida, com testes 100% realizados antes do envio.<\/li>\n<li>Confiabilidade duradoura, certificada para exceder 200 ciclos de lavagem ou com garantia de vida \u00fatil de 2 anos ap\u00f3s o envio.<\/li>\n<li>Durabilidade excepcional, com resist\u00eancia \u00e0 \u00e1gua, calor, press\u00e3o e exposi\u00e7\u00e3o qu\u00edmica.<\/li>\n<li>Tamb\u00e9m fornecemos uma amostra gratuita para garantia de qualidade e testes.<\/li>\n<\/ol>\n<div class=\"auto-hide-last-sibling-br paragraph_1252f paragraph-element\"><strong>Etiqueta de lavanderia RFID-PPS -EM4305 Aplica\u00e7\u00f5es:<\/strong><\/div>\n<ol class=\"auto-hide-last-sibling-br\">\n<li>\n<div class=\"auto-hide-last-sibling-br paragraph_1252f paragraph-element\">Lavanderias Industriais: Na \u00e1rea industrial, a utiliza\u00e7\u00e3o de bot\u00f5es de etiquetas RFID para lavanderia facilita o rastreamento de grandes quantidades de roupa de cama.<\/div>\n<\/li>\n<li>\n<div class=\"auto-hide-last-sibling-br paragraph_1252f paragraph-element\">Hospitais e hot\u00e9is: essas institui\u00e7\u00f5es geralmente lidam com tarefas de lavanderia de grande volume, onde essas etiquetas se mostraram essenciais para aumentar a efici\u00eancia e otimizar o gerenciamento de estoque.<\/div>\n<\/li>\n<li>\n<div class=\"auto-hide-last-sibling-br paragraph_1252f paragraph-element\">Aluguel de roupas de cama: empresas que oferecem servi\u00e7os de aluguel de roupas de cama adotam essas etiquetas para ajudar a simplificar o gerenciamento de estoque e garantir o controle de qualidade.<\/div>\n<\/li>\n<\/ol>\n<\/div>\n<\/div>\n<\/div>\n<\/div>\n<\/div>\n<\/div>","protected":false},"excerpt":{"rendered":"<div class=\"auto-hide-last-sibling-br paragraph_1252f paragraph-element\">RFID Laundry Tag-PPS -EM4305 \u00e9 intencionalmente projetada para suportar submers\u00e3o em \u00e1gua, contato com calor, estresse e exposi\u00e7\u00e3o a subst\u00e2ncias qu\u00edmicas, tornando-as adequadas para circunst\u00e2ncias exigentes. Essas etiquetas encontram aplica\u00e7\u00e3o prim\u00e1ria no rastreamento e valida\u00e7\u00e3o de invent\u00e1rio em um espectro de instala\u00e7\u00f5es, como centros de sa\u00fade, organiza\u00e7\u00f5es educacionais, hot\u00e9is e institui\u00e7\u00f5es semelhantes.<\/div>\n<div class=\"auto-hide-last-sibling-br paragraph_1252f paragraph-element\"><\/div>","protected":false},"featured_media":147,"template":"","meta":{"_kad_post_transparent":"default","_kad_post_title":"","_kad_post_layout":"default","_kad_post_sidebar_id":"","_kad_post_content_style":"default","_kad_post_vertical_padding":"default","_kad_post_feature":"","_kad_post_feature_position":"","_kad_post_header":false,"_kad_post_footer":false,"_kad_post_classname":""},"product_brand":[],"product_cat":[21,18],"product_tag":[52,49,70,71],"class_list":{"0":"post-117","1":"product","2":"type-product","3":"status-publish","4":"has-post-thumbnail","6":"product_cat-pps-rfid-laundry-tag","7":"product_cat-125khz-rfid-laundry-tag","8":"product_tag-125khz-pps-rfid-laundry-tag","9":"product_tag-button-rfid-tag","10":"product_tag-rfid-laundry-tag-pps-em4305","11":"product_tag-rfid-tag-pps","13":"first","14":"instock","15":"featured","16":"shipping-taxable","17":"product-type-simple","18":"entry","19":"content-bg","20":"loop-entry"},"_links":{"self":[{"href":"https:\/\/rfid-laundry-tag.com\/pt\/wp-json\/wp\/v2\/product\/117","targetHints":{"allow":["GET"]}}],"collection":[{"href":"https:\/\/rfid-laundry-tag.com\/pt\/wp-json\/wp\/v2\/product"}],"about":[{"href":"https:\/\/rfid-laundry-tag.com\/pt\/wp-json\/wp\/v2\/types\/product"}],"version-history":[{"count":2,"href":"https:\/\/rfid-laundry-tag.com\/pt\/wp-json\/wp\/v2\/product\/117\/revisions"}],"predecessor-version":[{"id":1339,"href":"https:\/\/rfid-laundry-tag.com\/pt\/wp-json\/wp\/v2\/product\/117\/revisions\/1339"}],"wp:featuredmedia":[{"embeddable":true,"href":"https:\/\/rfid-laundry-tag.com\/pt\/wp-json\/wp\/v2\/media\/147"}],"wp:attachment":[{"href":"https:\/\/rfid-laundry-tag.com\/pt\/wp-json\/wp\/v2\/media?parent=117"}],"wp:term":[{"taxonomy":"product_brand","embeddable":true,"href":"https:\/\/rfid-laundry-tag.com\/pt\/wp-json\/wp\/v2\/product_brand?post=117"},{"taxonomy":"product_cat","embeddable":true,"href":"https:\/\/rfid-laundry-tag.com\/pt\/wp-json\/wp\/v2\/product_cat?post=117"},{"taxonomy":"product_tag","embeddable":true,"href":"https:\/\/rfid-laundry-tag.com\/pt\/wp-json\/wp\/v2\/product_tag?post=117"}],"curies":[{"name":"wp","href":"https:\/\/api.w.org\/{rel}","templated":true}]}}