{"id":115,"date":"2024-06-12T04:52:26","date_gmt":"2024-06-12T04:52:26","guid":{"rendered":"https:\/\/rfid-laundry-tag.com\/?post_type=product&#038;p=115"},"modified":"2024-08-14T16:51:27","modified_gmt":"2024-08-14T16:51:27","slug":"rfid-laundry-tag-pps-t5577","status":"publish","type":"product","link":"https:\/\/rfid-laundry-tag.com\/pt\/rfid-laundry-tag-pps-t5577\/","title":{"rendered":"Etiqueta RFID para lavanderia - PPS - T5577"},"content":{"rendered":"<div class=\"J_module\">\n<div class=\"ife-detail-decorate-table\">\n<table style=\"border-collapse: collapse; width: 451.23pt;\" border=\"0\" width=\"752\" cellspacing=\"0\" cellpadding=\"0\">\n<tbody>\n<tr style=\"height: 28.00pt;\">\n<td class=\"et2\" style=\"height: 28.00pt; width: 138.60pt;\" width=\"231\" height=\"46\">Nome do item<\/td>\n<td class=\"et3\" style=\"width: 312.60pt;\" width=\"521\">Etiqueta RFID para lavanderia - PPS - T5577<\/td>\n<\/tr>\n<tr style=\"height: 14.40pt;\">\n<td class=\"et3\" style=\"height: 14.40pt; width: 138.60pt;\" width=\"231\" height=\"24\">Material<\/td>\n<td class=\"et3\" style=\"width: 312.60pt;\" width=\"521\">PPS<\/td>\n<\/tr>\n<tr style=\"height: 14.40pt;\">\n<td class=\"et3\" style=\"height: 14.40pt; width: 138.60pt;\" width=\"231\" height=\"24\">Cor<\/td>\n<td class=\"et3\" style=\"width: 312.60pt;\" width=\"521\">Preto<\/td>\n<\/tr>\n<tr style=\"height: 14.40pt;\">\n<td class=\"et3\" style=\"height: 14.40pt; width: 138.60pt;\" width=\"231\" height=\"24\">Quantidade m\u00ednima<\/td>\n<td class=\"et3\" style=\"width: 312.60pt;\" width=\"521\">500 unidades<\/td>\n<\/tr>\n<tr style=\"height: 42.00pt;\">\n<td class=\"et3\" style=\"height: 42.00pt; width: 138.60pt;\" width=\"231\" height=\"70\">Fabricante\/Chip<\/td>\n<td class=\"et3\" style=\"width: 312.60pt;\" width=\"521\">EM4200,TK4100,EM4305,T5577 etc.<\/td>\n<\/tr>\n<tr style=\"height: 14.40pt;\">\n<td class=\"et3\" style=\"height: 14.40pt; width: 138.60pt;\" width=\"231\" height=\"24\">Frequ\u00eancia<\/td>\n<td class=\"et3\" style=\"width: 312.60pt;\" width=\"521\">125 Khz<\/td>\n<\/tr>\n<tr style=\"height: 70.00pt;\">\n<td class=\"et3\" style=\"height: 70.00pt; width: 138.60pt;\" width=\"231\" height=\"116\">Tamanho<\/td>\n<td class=\"et3\" style=\"width: 312.60pt;\" width=\"521\">Di\u00e2metro 14 mm, Di\u00e2metro 15 mm, Di\u00e2metro 18 mm, Di\u00e2metro 20 mm,<\/p>\n<p>Di\u00e2metro 22 mm, di\u00e2metro 24 mm, di\u00e2metro 30 mm etc.<\/td>\n<\/tr>\n<tr style=\"height: 14.40pt;\">\n<td class=\"et3\" style=\"height: 14.40pt; width: 138.60pt;\" width=\"231\" height=\"24\">Ler dist\u00e2ncia<\/td>\n<td class=\"et3\" style=\"width: 312.60pt;\" width=\"521\">1 ~ 5 cm<\/td>\n<\/tr>\n<tr style=\"height: 14.40pt;\">\n<td class=\"et3\" style=\"height: 14.40pt; width: 138.60pt;\" width=\"231\" height=\"24\">Modo de trabalho<\/td>\n<td class=\"et3\" style=\"width: 312.60pt;\" width=\"521\">passiva<\/td>\n<\/tr>\n<tr style=\"height: 14.40pt;\">\n<td class=\"et3\" style=\"height: 14.40pt; width: 138.60pt;\" width=\"231\" height=\"24\">Temperatura de trabalho<\/td>\n<td class=\"et3\" style=\"width: 312.60pt;\" width=\"521\">-25<span class=\"font0\">\u2103<\/span><span class=\"font2\">~+110<\/span><span class=\"font0\">\u2103<\/span><\/td>\n<\/tr>\n<tr style=\"height: 14.40pt;\">\n<td class=\"et3\" style=\"height: 14.40pt; width: 138.60pt;\" width=\"231\" height=\"24\">Temperatura de armazenamento<\/td>\n<td class=\"et3\" style=\"width: 312.60pt;\" width=\"521\">-40<span class=\"font0\">\u2103<\/span><span class=\"font2\">~+85<\/span><span class=\"font0\">\u2103<\/span><\/td>\n<\/tr>\n<tr style=\"height: 73.00pt;\">\n<td class=\"et4\" style=\"height: 73.00pt;\" height=\"121\">Especifica\u00e7\u00f5es operacionais<\/td>\n<td class=\"et3\" style=\"width: 312.60pt;\" width=\"521\">\u00c0 prova d&#039;\u00e1gua; resistente \u00e0 imers\u00e3o em \u00e1gua salgada, \u00e1lcool, \u00f3leo, 10%HCL; Am\u00f4nia; choque e vibra\u00e7\u00e3o<\/td>\n<\/tr>\n<tr style=\"height: 14.40pt;\">\n<td class=\"et3\" style=\"height: 14.40pt; width: 138.60pt;\" width=\"231\" height=\"24\">Caracter\u00edsticas<\/td>\n<td class=\"et3\" style=\"width: 312.60pt;\" width=\"521\">imperme\u00e1vel, lav\u00e1vel e resistente a altas temperaturas<\/td>\n<\/tr>\n<tr style=\"height: 14.40pt;\">\n<td class=\"et3\" style=\"height: 14.40pt; width: 138.60pt;\" width=\"231\" height=\"24\">Formul\u00e1rios<\/td>\n<td class=\"et3\" style=\"width: 312.60pt;\" width=\"521\">gerenciamento e rastreamento de lavanderia<\/td>\n<\/tr>\n<\/tbody>\n<\/table>\n<\/div>\n<p>&nbsp;<\/p>\n<p><strong>O CI ATA5577<\/strong> \u00e9 um Chip Integrado de Identifica\u00e7\u00e3o de leitura\/grava\u00e7\u00e3o sem contato (IDIC\u00ae<br \/>\n) para aplica\u00e7\u00f5es em 125 kHz ou 134<br \/>\nbanda de frequ\u00eancia kHz. Uma \u00fanica bobina conectada ao chip serve como fonte de alimenta\u00e7\u00e3o do CI e bidirecional<br \/>\ninterface de comunica\u00e7\u00e3o. A antena e o chip juntos formam um transponder ou tag. O EEPROM de 363 bits no chip<br \/>\n(11 blocos com 33 bits cada) \u00e9 lido e escrito em blocos de uma esta\u00e7\u00e3o base (leitor). Os dados s\u00e3o transmitidos do<br \/>\nIDIC (uplink) usando modula\u00e7\u00e3o de carga. Isso \u00e9 obtido amortecendo o campo de RF com uma carga resistiva entre os dois<br \/>\nterminais, \u201cBobina 1 e Bobina 2\u201d. O CI recebe e decodifica comandos da esta\u00e7\u00e3o base serial (downlink), que s\u00e3o<br \/>\ncodificado como fluxos de bits de modula\u00e7\u00e3o de amplitude 100% On-Off Keying (OOK) Pulse Interval Encoded (PIE).<\/p>\n<p><strong>Caracter\u00edsticas do CI ATA5577<\/strong><br \/>\nEstas s\u00e3o as seguintes caracter\u00edsticas do LF RFID IDIC de leitura\/grava\u00e7\u00e3o de 100 kHz a 150 kHz:<br \/>\n\u2022 Fonte de alimenta\u00e7\u00e3o sem contato<br \/>\n\u2022 Transmiss\u00e3o de dados de leitura\/grava\u00e7\u00e3o sem contato<br \/>\n\u2022 Radiofrequ\u00eancia fRF de 100 kHz a 150 kHz<br \/>\n\u2022 Modo b\u00e1sico ou modo estendido<br \/>\n\u2022 Compat\u00edvel com T5557, ATA5567<br \/>\n\u2022 Substitui\u00e7\u00e3o para e5551\/T5551 nos modos de opera\u00e7\u00e3o mais comuns<br \/>\n\u2022 Configur\u00e1vel para compatibilidade ISO\/IEC 11784\/785<br \/>\n\u2022 Total de 363 bits de mem\u00f3ria EEPROM: 11 blocos (32 bits + 1 bit de bloqueio):<br \/>\n\u2013 7 \u00d7 32 bits de mem\u00f3ria de usu\u00e1rio EEPROM, incluindo mem\u00f3ria de senha de 32 bits<br \/>\n\u2013 2 \u00d7 32 bits para ID exclusivo<br \/>\n\u2013 1 \u00d7 Registro de op\u00e7\u00e3o de 32 bits na EEPROM para configurar o front end anal\u00f3gico:<br \/>\n\u2022 N\u00edvel de detec\u00e7\u00e3o de clock e gap<br \/>\n\u2022 Melhoria no tempo de downlink<br \/>\n\u2022 Tens\u00e3o de fixa\u00e7\u00e3o e modula\u00e7\u00e3o<br \/>\n\u2022 Comuta\u00e7\u00e3o de modula\u00e7\u00e3o suave<br \/>\n\u2022 Escrever amortecimento como o T5557\/ATA5567 ou com resistor<br \/>\n\u2022 Protocolo de downlink<br \/>\n\u2013 1 \u00d7 Registro de configura\u00e7\u00e3o de 32 bits na EEPROM para configurar:<br \/>\n\u2022 Taxa de dados<br \/>\n\u2013 RF\/2 a RF\/128, selecion\u00e1vel em bin\u00e1rio ou<br \/>\n\u2013 Taxas fixas do modo b\u00e1sico<br \/>\n\u2022 Modula\u00e7\u00e3o\/codifica\u00e7\u00e3o<br \/>\n\u2013 Bif\u00e1sico, Manchester, Chaveamento de Deslocamento de Frequ\u00eancia (FSK), Chaveamento de Deslocamento de Fase (PSK), N\u00e3o Retorno a Zero (NRZ)<br \/>\n\u2022 Outras op\u00e7\u00f5es:<br \/>\n\u2013 Modo de senha<br \/>\n\u2013 Recurso de bloco m\u00e1ximo<br \/>\n\u2013 Modo de acesso direto<br \/>\n\u2013 Terminador(es) de sequ\u00eancia<\/p>\n<\/div>\n<div class=\"J_module\">\n<div class=\"detail-decorate-json-renderer-container\">\n<div class=\"magic-1\">\n<div>\n<div><\/div>\n<\/div>\n<div class=\"magic-2\">\n<div>\n<div class=\"auto-hide-last-sibling-br paragraph_1252f paragraph-element\">\n<div class=\"auto-hide-last-sibling-br paragraph_1252f paragraph-element\"><strong>Etiquetas de lavanderia RFID PPS de 125 kHz<\/strong> oferecem in\u00fameros benef\u00edcios quando integrados \u00e0s solu\u00e7\u00f5es de etiquetas de lavanderia RFID.<\/div>\n<div class=\"auto-hide-last-sibling-br paragraph_1252f paragraph-element\">Entre esses benef\u00edcios est\u00e3o:<\/div>\n<ol class=\"auto-hide-last-sibling-br\">\n<li>O pre\u00e7o direto da f\u00e1brica garante solu\u00e7\u00f5es econ\u00f4micas.<\/li>\n<li>Qualidade garantida, com testes 100% realizados antes do envio.<\/li>\n<li>Confiabilidade duradoura, certificada para exceder 200 ciclos de lavagem ou com garantia de vida \u00fatil de 2 anos ap\u00f3s o envio.<\/li>\n<li>Durabilidade excepcional, com resist\u00eancia \u00e0 \u00e1gua, calor, press\u00e3o e exposi\u00e7\u00e3o qu\u00edmica.<\/li>\n<li>Tamb\u00e9m fornecemos uma amostra gratuita para garantia de qualidade e testes.<\/li>\n<\/ol>\n<div class=\"auto-hide-last-sibling-br paragraph_1252f paragraph-element\"><strong>Etiqueta de lavanderia RFID-PPS -T5577 Aplica\u00e7\u00f5es:<\/strong><\/div>\n<ol class=\"auto-hide-last-sibling-br\">\n<li>\n<div class=\"auto-hide-last-sibling-br paragraph_1252f paragraph-element\">Lavanderias Industriais: Na \u00e1rea industrial, a utiliza\u00e7\u00e3o de bot\u00f5es de etiquetas RFID para lavanderia facilita o rastreamento de grandes quantidades de roupa de cama.<\/div>\n<\/li>\n<li>\n<div class=\"auto-hide-last-sibling-br paragraph_1252f paragraph-element\">Hospitais e hot\u00e9is: essas institui\u00e7\u00f5es geralmente lidam com tarefas de lavanderia de grande volume, onde essas etiquetas se mostraram essenciais para aumentar a efici\u00eancia e otimizar o gerenciamento de estoque.<\/div>\n<\/li>\n<li>\n<div class=\"auto-hide-last-sibling-br paragraph_1252f paragraph-element\">Aluguel de roupas de cama: empresas que oferecem servi\u00e7os de aluguel de roupas de cama adotam essas etiquetas para ajudar a simplificar o gerenciamento de estoque e garantir o controle de qualidade.<\/div>\n<\/li>\n<\/ol>\n<\/div>\n<\/div>\n<\/div>\n<\/div>\n<\/div>\n<\/div>","protected":false},"excerpt":{"rendered":"<div class=\"auto-hide-last-sibling-br paragraph_1252f paragraph-element\">As etiquetas de lavanderia RFID T5577 PPS, feitas de material PPS resiliente, s\u00e3o projetadas para suportar imers\u00e3o em \u00e1gua, exposi\u00e7\u00e3o ao calor, press\u00e3o e produtos qu\u00edmicos, tornando-as perfeitas para ambientes desafiadores.<\/div>","protected":false},"featured_media":116,"template":"","meta":{"_kad_post_transparent":"default","_kad_post_title":"","_kad_post_layout":"default","_kad_post_sidebar_id":"","_kad_post_content_style":"default","_kad_post_vertical_padding":"default","_kad_post_feature":"","_kad_post_feature_position":"","_kad_post_header":false,"_kad_post_footer":false,"_kad_post_classname":""},"product_brand":[],"product_cat":[21,18],"product_tag":[52,49,58],"class_list":{"0":"post-115","1":"product","2":"type-product","3":"status-publish","4":"has-post-thumbnail","6":"product_cat-pps-rfid-laundry-tag","7":"product_cat-125khz-rfid-laundry-tag","8":"product_tag-125khz-pps-rfid-laundry-tag","9":"product_tag-button-rfid-tag","10":"product_tag-rfid-laundry-tag-pps-t5577","12":"first","13":"instock","14":"shipping-taxable","15":"product-type-simple","16":"entry","17":"content-bg","18":"loop-entry"},"_links":{"self":[{"href":"https:\/\/rfid-laundry-tag.com\/pt\/wp-json\/wp\/v2\/product\/115","targetHints":{"allow":["GET"]}}],"collection":[{"href":"https:\/\/rfid-laundry-tag.com\/pt\/wp-json\/wp\/v2\/product"}],"about":[{"href":"https:\/\/rfid-laundry-tag.com\/pt\/wp-json\/wp\/v2\/types\/product"}],"version-history":[{"count":1,"href":"https:\/\/rfid-laundry-tag.com\/pt\/wp-json\/wp\/v2\/product\/115\/revisions"}],"predecessor-version":[{"id":1340,"href":"https:\/\/rfid-laundry-tag.com\/pt\/wp-json\/wp\/v2\/product\/115\/revisions\/1340"}],"wp:featuredmedia":[{"embeddable":true,"href":"https:\/\/rfid-laundry-tag.com\/pt\/wp-json\/wp\/v2\/media\/116"}],"wp:attachment":[{"href":"https:\/\/rfid-laundry-tag.com\/pt\/wp-json\/wp\/v2\/media?parent=115"}],"wp:term":[{"taxonomy":"product_brand","embeddable":true,"href":"https:\/\/rfid-laundry-tag.com\/pt\/wp-json\/wp\/v2\/product_brand?post=115"},{"taxonomy":"product_cat","embeddable":true,"href":"https:\/\/rfid-laundry-tag.com\/pt\/wp-json\/wp\/v2\/product_cat?post=115"},{"taxonomy":"product_tag","embeddable":true,"href":"https:\/\/rfid-laundry-tag.com\/pt\/wp-json\/wp\/v2\/product_tag?post=115"}],"curies":[{"name":"wp","href":"https:\/\/api.w.org\/{rel}","templated":true}]}}