{"id":111,"date":"2024-06-12T04:33:57","date_gmt":"2024-06-12T04:33:57","guid":{"rendered":"https:\/\/rfid-laundry-tag.com\/?post_type=product&#038;p=111"},"modified":"2024-06-12T04:47:00","modified_gmt":"2024-06-12T04:47:00","slug":"hf-13-56-mhz-rfid-laundry-tags","status":"publish","type":"product","link":"https:\/\/rfid-laundry-tag.com\/pt\/hf-13-56-mhz-rfid-laundry-tags\/","title":{"rendered":"ETIQUETAS DE LAVANDERIA RFID PPS 13,56 MHZ"},"content":{"rendered":"<div class=\"J_module\">\n<div class=\"ife-detail-decorate-table\">\n<table class=\"has-title all magic-6\">\n<tbody>\n<tr>\n<td colspan=\"1\" rowspan=\"1\">\n<div class=\"magic-7\" data-spm-anchor-id=\"a2700.details.0.i45.77607d98vZbcDU\"><span class=\"magic-8\" style=\"color: #363535;\">Nome do item<\/span><\/div>\n<\/td>\n<td colspan=\"1\" rowspan=\"1\">\n<div class=\"magic-9\">ETIQUETAS DE LAVANDERIA RFID PPS 13,56 MHZ<\/div>\n<\/td>\n<\/tr>\n<tr>\n<td colspan=\"1\" rowspan=\"1\">\n<div class=\"magic-7\"><span class=\"magic-10\" data-spm-anchor-id=\"a2700.pc-decorate.0.i10.28d333330XLbTD\"><span class=\"magic-8\">Material<\/span><\/span><\/div>\n<\/td>\n<td colspan=\"1\" rowspan=\"1\">\n<div class=\"magic-9\"><span class=\"magic-8\">PPS<\/span><\/div>\n<\/td>\n<\/tr>\n<tr>\n<td colspan=\"1\" rowspan=\"1\">\n<div class=\"magic-7\"><span class=\"magic-8\">Cor<\/span><\/div>\n<\/td>\n<td colspan=\"1\" rowspan=\"1\">\n<div class=\"magic-9\"><span class=\"magic-8\">Preto etc<\/span><\/div>\n<\/td>\n<\/tr>\n<tr>\n<td colspan=\"1\" rowspan=\"1\">Quantidade m\u00ednima<\/td>\n<td colspan=\"1\" rowspan=\"1\">500 unidades<\/td>\n<\/tr>\n<tr>\n<td colspan=\"1\" rowspan=\"1\">\n<div class=\"magic-7\"><span class=\"magic-8\">Fabricante\/Chip<\/span><\/div>\n<\/td>\n<td colspan=\"1\" rowspan=\"1\">\n<div class=\"magic-9\"><span class=\"magic-8\">ISO15693: C\u00f3digo NXP I Slix; ISO14443A: Ntag213, Ntag215, Ntag216, Mifare Ultralight ev1 etc.<\/span><\/div>\n<\/td>\n<\/tr>\n<tr>\n<td colspan=\"1\" rowspan=\"1\">\n<div class=\"magic-7\"><span class=\"magic-8\">Frequ\u00eancia<\/span><\/div>\n<\/td>\n<td colspan=\"1\" rowspan=\"1\">\n<div class=\"magic-9\"><span class=\"magic-8\">13,56 MHz<\/span><\/div>\n<\/td>\n<\/tr>\n<tr>\n<td colspan=\"1\" rowspan=\"1\">\n<div class=\"magic-7\"><span class=\"magic-8\">Mem\u00f3ria<\/span><\/div>\n<\/td>\n<td colspan=\"1\" rowspan=\"1\">\n<div class=\"magic-9\"><span class=\"magic-8\">O c\u00f3digo NXP I Slix tem 1k Byte; mem\u00f3ria de outros chips: 144 Bytes, 504 Bytes, 888 Bytes, 64 Bytes etc.<\/span><\/div>\n<\/td>\n<\/tr>\n<tr>\n<td colspan=\"1\" rowspan=\"1\">\n<div class=\"magic-7\"><span class=\"magic-8\">Ler dist\u00e2ncia<\/span><\/div>\n<\/td>\n<td colspan=\"1\" rowspan=\"1\">\n<div class=\"magic-9\"><span class=\"magic-8\">1 ~ 5 cm<\/span><\/div>\n<\/td>\n<\/tr>\n<tr>\n<td colspan=\"1\" rowspan=\"1\">\n<div class=\"magic-7\"><span class=\"magic-8\">Modo de trabalho<\/span><\/div>\n<\/td>\n<td colspan=\"1\" rowspan=\"1\">\n<div class=\"magic-9\"><span class=\"magic-8\">passiva<\/span><\/div>\n<\/td>\n<\/tr>\n<tr>\n<td colspan=\"1\" rowspan=\"1\">\n<div class=\"magic-7\"><span class=\"magic-8\">Temperatura de trabalho<\/span><\/div>\n<\/td>\n<td colspan=\"1\" rowspan=\"1\">\n<div class=\"magic-9\"><span class=\"magic-8\">-25\u2103~+110\u2103<\/span><\/div>\n<\/td>\n<\/tr>\n<tr>\n<td colspan=\"1\" rowspan=\"1\">\n<div class=\"magic-7\"><span class=\"magic-8\">Temperatura de armazenamento<\/span><\/div>\n<\/td>\n<td colspan=\"1\" rowspan=\"1\">\n<div class=\"magic-9\"><span class=\"magic-8\">-40\u2103~+85\u2103<\/span><\/div>\n<\/td>\n<\/tr>\n<tr>\n<td colspan=\"1\" rowspan=\"1\">\n<div class=\"magic-7\">\n<div><span class=\"magic-8\">\u00a0<\/span><\/div>\n<p><span class=\"magic-8\">Resist\u00eancia \u00e0 temperatura de curto prazo<\/span><\/p>\n<\/div>\n<\/td>\n<td colspan=\"1\" rowspan=\"1\">\n<div class=\"magic-9\"><span class=\"magic-8\">lavagem: 90\u2103, 15 minutos; pr\u00e9-secagem do conversor: 180\u2103, 30 minutos, 200 vezes; passar a ferro: 180\u2103, 10 segundos, 200 vezes; alta<br \/>\nesteriliza\u00e7\u00e3o de temperatura: 135\u2103, 20 minutos<\/span><\/div>\n<\/td>\n<\/tr>\n<tr>\n<td colspan=\"1\" rowspan=\"1\">\n<div class=\"magic-7\"><span class=\"magic-8\">Caracter\u00edsticas<\/span><\/div>\n<\/td>\n<td colspan=\"1\" rowspan=\"1\">\n<div class=\"magic-9\"><span class=\"magic-8\">imperme\u00e1vel, lav\u00e1vel e resistente a altas temperaturas<\/span><\/div>\n<\/td>\n<\/tr>\n<tr>\n<td colspan=\"1\" rowspan=\"1\">\n<div class=\"magic-7\"><span class=\"magic-8\">Vida<\/span><\/div>\n<\/td>\n<td colspan=\"1\" rowspan=\"1\">\n<div class=\"magic-9\"><span class=\"magic-8\">lavar 200 vezes ou 3 anos<\/span><\/div>\n<\/td>\n<\/tr>\n<tr>\n<td colspan=\"1\" rowspan=\"1\">\n<div class=\"magic-7\"><span class=\"magic-8\">Formul\u00e1rios<\/span><\/div>\n<\/td>\n<td colspan=\"1\" rowspan=\"1\">\n<div class=\"magic-9\"><span class=\"magic-8\">gerenciamento e rastreamento de lavanderia<\/span><\/div>\n<\/td>\n<\/tr>\n<\/tbody>\n<\/table>\n<\/div>\n<\/div>\n<div class=\"J_module\">\n<div class=\"detail-decorate-json-renderer-container\">\n<div class=\"magic-1\">\n<div class=\"magic-2\">\n<div class=\"auto-hide-last-sibling-br paragraph_1252f paragraph-element\">\n<div class=\"auto-hide-last-sibling-br paragraph_1252f paragraph-element\"><\/div>\n<div class=\"auto-hide-last-sibling-br paragraph_1252f paragraph-element\">\n<p><b>Aplica\u00e7\u00e3o para etiqueta de lavanderia ISO 15693 RFID \u2013 PPS- I C\u00f3digo Slix:<\/b><br \/>\n\u2013 Lavagem industrial.<br \/>\n\u2013 Gest\u00e3o de uniformes.<br \/>\n\u2013 Gest\u00e3o de vestu\u00e1rio m\u00e9dico.<br \/>\n\u2013 Gest\u00e3o de vestu\u00e1rio de EPI.<br \/>\n\u2013 Gest\u00e3o de patrulha de pessoal.<br \/>\n\u2013 Gest\u00e3o de equipamentos de combate a inc\u00eandio.<br \/>\n\u2013 Gest\u00e3o de equipamentos de esqui.<\/p>\n<\/div>\n<div><\/div>\n<\/div>\n<\/div>\n<div>\n<p>O <strong>\u00cdCONE SLIX IC<\/strong> \u00e9 um chip dedicado para aplica\u00e7\u00f5es de etiquetas inteligentes, como bibliotecas, autentica\u00e7\u00e3o de produtos em diferentes ind\u00fastrias, como farmac\u00eautica, dispositivos m\u00e9dicos e \u00e1lcool, bem como gerenciamento de produ\u00e7\u00e3o em diferentes \u00e1reas da ind\u00fastria. Este IC \u00e9 a terceira gera\u00e7\u00e3o de uma fam\u00edlia de produtos de ICs de etiquetas inteligentes com base nos padr\u00f5es ISO\/IEC 15693 e ISO\/IEC 18000-3, prolongando uma hist\u00f3ria de sucesso da NXP<sup>\u00ae<\/sup>\u00a0na \u00e1rea de sistemas de identifica\u00e7\u00e3o de proximidade.<\/p>\n<h3>Transfer\u00eancia de energia e dados sem contato<\/h3>\n<p>Sempre que conectado a um tipo de antena muito simples e f\u00e1cil de produzir (como resultado da frequ\u00eancia portadora de 13,56 MHz) feita de alguns enrolamentos impressos, enrolados, gravados ou bobinas perfuradas, o ICODE SLIX IC pode ser operado sem linha de vis\u00e3o at\u00e9 uma dist\u00e2ncia de 1,5 m (largura do gate). Nenhuma bateria \u00e9 necess\u00e1ria. Quando a etiqueta inteligente \u00e9 posicionada no campo de uma antena interrogadora, a interface de comunica\u00e7\u00e3o RF de alta velocidade permite que os dados sejam transmitidos at\u00e9 53 kbit\/s.<\/p>\n<h3>Anticolis\u00e3o<\/h3>\n<p>Uma fun\u00e7\u00e3o anticolis\u00e3o inteligente permite que v\u00e1rias tags operem no campo simultaneamente. O algoritmo anticolis\u00e3o seleciona cada tag individualmente e garante que a execu\u00e7\u00e3o de uma transa\u00e7\u00e3o com uma tag selecionada seja realizada corretamente sem corrup\u00e7\u00e3o de dados resultante de outras tags no campo.<\/p>\n<h3>Caracter\u00edsticas<\/h3>\n<div id=\"featuresXsp\" class=\"features-list\">\n<div class=\"features-xsp\">\n<div class=\"collapse-mobile ste-list\">\n<h3>Interface RF ICODE SLIX (ISO\/IEC 15693)<\/h3>\n<ul class=\"boxes\">\n<li>Transmiss\u00e3o de dados sem contato e fornecimento de energia (n\u00e3o necessita de bateria)<\/li>\n<li>Dist\u00e2ncia operacional: at\u00e9 1,5 m (dependendo da geometria da antena)<\/li>\n<li>Frequ\u00eancia de opera\u00e7\u00e3o: 13,56 MHz (ISM, licen\u00e7a mundial dispon\u00edvel gratuitamente)<\/li>\n<li>Transfer\u00eancia r\u00e1pida de dados: at\u00e9 53 kbit\/s<\/li>\n<li>Alta integridade de dados: CRC de 16 bits, enquadramento<\/li>\n<li>Verdadeiro anticolis\u00e3o<\/li>\n<li>Vigil\u00e2ncia eletr\u00f4nica de artigos (EAS) protegida por senha<\/li>\n<li>Identificador de fam\u00edlia de aplicativos (AFI) protegido por senha<\/li>\n<li>Identificador de formato de armazenamento de dados (DSFID)<\/li>\n<li>Leitura anticolis\u00e3o r\u00e1pida adicional<\/li>\n<li>Dist\u00e2ncia de escrita igual \u00e0 dist\u00e2ncia de leitura<\/li>\n<\/ul>\n<\/div>\n<div class=\"collapse-mobile ste-list\">\n<h3>EEPROM<\/h3>\n<ul class=\"boxes\">\n<li>1024 bits, organizados em 32 blocos de 4 bytes cada<\/li>\n<li>50 anos de reten\u00e7\u00e3o de dados<\/li>\n<li>Escreva a resist\u00eancia de 100000 ciclos<\/li>\n<\/ul>\n<\/div>\n<div class=\"collapse-mobile ste-list\">\n<h3>Seguran\u00e7a<\/h3>\n<ul class=\"boxes\">\n<li>Identificador \u00fanico para cada dispositivo<\/li>\n<li>Mecanismo de bloqueio para cada bloco de mem\u00f3ria do usu\u00e1rio (prote\u00e7\u00e3o contra grava\u00e7\u00e3o)<\/li>\n<li>Mecanismo de bloqueio para DSFID, AFI, EAS<\/li>\n<li>Funcionalidade EAS e AFI protegida por senha (32 bits)<\/li>\n<\/ul>\n<h1 id=\"hero-title\" class=\"sp-hero-title\">NTAG<sup>\u00ae<\/sup>\u00a0213\/215\/216: IC compat\u00edvel com NFC Forum Tipo 2 Tag com mem\u00f3ria de usu\u00e1rio de 144\/504\/888 bytes<\/h1>\n<\/div>\n<\/div>\n<\/div>\n<\/div>\n<div class=\"magic-2\">\n<div class=\"auto-hide-last-sibling-br paragraph_1252f paragraph-element\">\n<p>NTAG 213, NTAG 215 e NTAG 216 foram desenvolvidos pela NXP<sup>\u00ae<\/sup>\u00a0Semicondutores como ICs de tag NFC padr\u00e3o para serem usados em aplica\u00e7\u00f5es de mercado de massa, como varejo, jogos e eletr\u00f4nicos de consumo, em combina\u00e7\u00e3o com dispositivos NFC ou dispositivos de acoplamento de proximidade compat\u00edveis com NFC. NTAG 213, NTAG 215 e NTAG 216 (de agora em diante, geralmente chamados de NTAG 21x) s\u00e3o projetados para estar em total conformidade com as especifica\u00e7\u00f5es NFC Forum Type 2 Tag e ISO\/IEC14443 Type A.<\/p>\n<p>As aplica\u00e7\u00f5es alvo incluem an\u00fancios inteligentes em m\u00eddia impressa e externa, aplicativos SoLoMo, autentica\u00e7\u00e3o de produtos, etiquetas de prateleira NFC e etiquetas complementares m\u00f3veis.<\/p>\n<p>Os casos de uso alvo incluem an\u00fancios inteligentes fora de casa, autentica\u00e7\u00e3o de produtos, tags complementares m\u00f3veis, Bluetooth<sup>\u00ae<\/sup>\u00a0ou pareamento Wi-Fi, etiquetas eletr\u00f4nicas de prateleira e cart\u00f5es de visita. A mem\u00f3ria NTAG 21x tamb\u00e9m pode ser segmentada para implementar v\u00e1rios aplicativos ao mesmo tempo.<\/p>\n<p>Gra\u00e7as \u00e0 alta capacit\u00e2ncia de entrada, os ICs de tag NTAG 21x s\u00e3o especialmente adaptados para aplica\u00e7\u00f5es que exigem pequenas pegadas, sem comprometer o desempenho. Pequenas tags NFC podem ser mais facilmente incorporadas em, por exemplo, etiquetas de produtos ou dispositivos eletr\u00f4nicos.<\/p>\n<p>As especifica\u00e7\u00f5es mec\u00e2nicas e el\u00e9tricas do NTAG 21x s\u00e3o adaptadas para atender aos requisitos dos fabricantes de incrusta\u00e7\u00f5es e etiquetas.<\/p>\n<h3>Transfer\u00eancia de energia e dados sem contato<\/h3>\n<p>A comunica\u00e7\u00e3o com o NTAG 21x s\u00f3 pode ser estabelecida quando o CI estiver conectado a uma antena.<\/p>\n<p>Quando o NTAG 21x \u00e9 posicionado no campo de RF, a interface de comunica\u00e7\u00e3o RF de alta velocidade permite a transmiss\u00e3o de dados com uma taxa de transmiss\u00e3o de 106 kbit\/s.<\/p>\n<h3>Implanta\u00e7\u00e3o simples e conveni\u00eancia do usu\u00e1rio<\/h3>\n<p>O NTAG 21x oferece recursos espec\u00edficos projetados para melhorar a integra\u00e7\u00e3o e a conveni\u00eancia do usu\u00e1rio:<\/p>\n<ul>\n<li>A capacidade de leitura r\u00e1pida permite a digitaliza\u00e7\u00e3o da mensagem NDEF completa com apenas um comando FAST_READ, reduzindo assim a sobrecarga em ambientes de produ\u00e7\u00e3o de alto rendimento<\/li>\n<li>O desempenho de RF aprimorado permite mais flexibilidade na escolha de forma, dimens\u00e3o e materiais<\/li>\n<li>A op\u00e7\u00e3o de espessura de CI de 75 \u03bcm permite a fabrica\u00e7\u00e3o de etiquetas ultrafinas, para uma integra\u00e7\u00e3o mais conveniente em, por exemplo, revistas ou cart\u00f5es de jogo<\/li>\n<\/ul>\n<h3>Seguran\u00e7a<\/h3>\n<ul>\n<li>UID de 7 bytes programado pelo fabricante para cada dispositivo<\/li>\n<li>Cont\u00eainer de capacidade pr\u00e9-programada com bits program\u00e1veis uma \u00fanica vez<\/li>\n<li>Fun\u00e7\u00e3o de bloqueio somente leitura program\u00e1vel em campo<\/li>\n<li>Assinatura de originalidade baseada em ECC<\/li>\n<li>Prote\u00e7\u00e3o por senha de 32 bits para evitar opera\u00e7\u00f5es de mem\u00f3ria n\u00e3o autorizadas<\/li>\n<\/ul>\n<h3>Conformidade do tipo NFC Forum Tag 2<\/h3>\n<p>O NTAG 21x IC oferece total conformidade com a especifica\u00e7\u00e3o t\u00e9cnica NFC Forum Tag 2 Type e permite configura\u00e7\u00f5es de estrutura de dados NDEF.<\/p>\n<h3>Anticolis\u00e3o<\/h3>\n<p>Uma fun\u00e7\u00e3o anticolis\u00e3o inteligente permite operar mais de uma tag no campo simultaneamente. O algoritmo anticolis\u00e3o seleciona cada tag individualmente e garante que a execu\u00e7\u00e3o de uma transa\u00e7\u00e3o com uma tag selecionada seja realizada corretamente sem interfer\u00eancia de outra tag no campo.<\/p>\n<div class=\"auto-hide-last-sibling-br paragraph_1252f paragraph-element\"><\/div>\n<div class=\"auto-hide-last-sibling-br paragraph_1252f paragraph-element\"><\/div>\n<\/div>\n<\/div>\n<\/div>\n<\/div>\n<\/div>","protected":false},"excerpt":{"rendered":"<p>AS ETIQUETAS DE LAVANDERIA RFID PPS 13,56 MHZ s\u00e3o cuidadosamente projetadas para serem incorporadas ou fixadas em roupas de cama, toalhas e aventais ou uniformes m\u00e9dicos prim\u00e1rios que exigem uma etiqueta RFID de di\u00e2metro robusto, por\u00e9m compacto. O design PPS + ep\u00f3xi desta etiqueta garante que ela possa suportar altos n\u00edveis de estresse e ambientes de alta temperatura, tornando-a particularmente dur\u00e1vel e adequada para ind\u00fastrias exigentes. Al\u00e9m disso, nossas tags podem ser fornecidas com chips de mem\u00f3ria NFC ISO 15693 e 14443 para acomodar diversos requisitos.<\/p>","protected":false},"featured_media":114,"template":"","meta":{"_kad_post_transparent":"default","_kad_post_title":"","_kad_post_layout":"default","_kad_post_sidebar_id":"","_kad_post_content_style":"default","_kad_post_vertical_padding":"default","_kad_post_feature":"","_kad_post_feature_position":"","_kad_post_header":false,"_kad_post_footer":false,"_kad_post_classname":""},"product_brand":[],"product_cat":[21,17],"product_tag":[39,57,45],"class_list":{"0":"post-111","1":"product","2":"type-product","3":"status-publish","4":"has-post-thumbnail","6":"product_cat-pps-rfid-laundry-tag","7":"product_cat-nfc-rfid-laundry-tag","8":"product_tag-nfc-laundry-tag","9":"product_tag-pps-rfid-laundry-tags","10":"product_tag-pps-washable-nfc-tags","12":"first","13":"instock","14":"shipping-taxable","15":"product-type-simple","16":"entry","17":"content-bg","18":"loop-entry"},"_links":{"self":[{"href":"https:\/\/rfid-laundry-tag.com\/pt\/wp-json\/wp\/v2\/product\/111","targetHints":{"allow":["GET"]}}],"collection":[{"href":"https:\/\/rfid-laundry-tag.com\/pt\/wp-json\/wp\/v2\/product"}],"about":[{"href":"https:\/\/rfid-laundry-tag.com\/pt\/wp-json\/wp\/v2\/types\/product"}],"version-history":[{"count":0,"href":"https:\/\/rfid-laundry-tag.com\/pt\/wp-json\/wp\/v2\/product\/111\/revisions"}],"wp:featuredmedia":[{"embeddable":true,"href":"https:\/\/rfid-laundry-tag.com\/pt\/wp-json\/wp\/v2\/media\/114"}],"wp:attachment":[{"href":"https:\/\/rfid-laundry-tag.com\/pt\/wp-json\/wp\/v2\/media?parent=111"}],"wp:term":[{"taxonomy":"product_brand","embeddable":true,"href":"https:\/\/rfid-laundry-tag.com\/pt\/wp-json\/wp\/v2\/product_brand?post=111"},{"taxonomy":"product_cat","embeddable":true,"href":"https:\/\/rfid-laundry-tag.com\/pt\/wp-json\/wp\/v2\/product_cat?post=111"},{"taxonomy":"product_tag","embeddable":true,"href":"https:\/\/rfid-laundry-tag.com\/pt\/wp-json\/wp\/v2\/product_tag?post=111"}],"curies":[{"name":"wp","href":"https:\/\/api.w.org\/{rel}","templated":true}]}}