{"id":86,"date":"2024-06-11T17:44:19","date_gmt":"2024-06-11T17:44:19","guid":{"rendered":"https:\/\/rfid-laundry-tag.com\/?post_type=product&#038;p=86"},"modified":"2024-06-11T17:52:29","modified_gmt":"2024-06-11T17:52:29","slug":"125khz-pps-rfid-laundry-tag","status":"publish","type":"product","link":"https:\/\/rfid-laundry-tag.com\/pl\/125khz-pps-rfid-laundry-tag\/","title":{"rendered":"Tag pralniczy RFID PPS 125kHz"},"content":{"rendered":"<div class=\"J_module\">\n<div class=\"ife-detail-decorate-table\">\n<table style=\"border-collapse: collapse; width: 451.23pt;\" border=\"0\" width=\"752\" cellspacing=\"0\" cellpadding=\"0\">\n<tbody>\n<tr style=\"height: 28.00pt;\">\n<td class=\"et2\" style=\"height: 28.00pt; width: 138.60pt;\" width=\"231\" height=\"46\">Nazwa przedmiotu<\/td>\n<td class=\"et3\" style=\"width: 312.60pt;\" width=\"521\">Tag pralniczy RFID PPS 125kHz<\/td>\n<\/tr>\n<tr style=\"height: 14.40pt;\">\n<td class=\"et3\" style=\"height: 14.40pt; width: 138.60pt;\" width=\"231\" height=\"24\">Tworzywo<\/td>\n<td class=\"et3\" style=\"width: 312.60pt;\" width=\"521\">PPS<\/td>\n<\/tr>\n<tr style=\"height: 14.40pt;\">\n<td class=\"et3\" style=\"height: 14.40pt; width: 138.60pt;\" width=\"231\" height=\"24\">Kolor<\/td>\n<td class=\"et3\" style=\"width: 312.60pt;\" width=\"521\">Czarny<\/td>\n<\/tr>\n<tr style=\"height: 14.40pt;\">\n<td class=\"et3\" style=\"height: 14.40pt; width: 138.60pt;\" width=\"231\" height=\"24\">Minimalna ilo\u015b\u0107 zam\u00f3wienia<\/td>\n<td class=\"et3\" style=\"width: 312.60pt;\" width=\"521\">500szt<\/td>\n<\/tr>\n<tr style=\"height: 42.00pt;\">\n<td class=\"et3\" style=\"height: 42.00pt; width: 138.60pt;\" width=\"231\" height=\"70\">Producent\/Chip<\/td>\n<td class=\"et3\" style=\"width: 312.60pt;\" width=\"521\">EM4200, TK4100, EM4305, T5577 itp.<\/td>\n<\/tr>\n<tr style=\"height: 14.40pt;\">\n<td class=\"et3\" style=\"height: 14.40pt; width: 138.60pt;\" width=\"231\" height=\"24\">Cz\u0119stotliwo\u015b\u0107<\/td>\n<td class=\"et3\" style=\"width: 312.60pt;\" width=\"521\">125KHz<\/td>\n<\/tr>\n<tr style=\"height: 70.00pt;\">\n<td class=\"et3\" style=\"height: 70.00pt; width: 138.60pt;\" width=\"231\" height=\"116\">Rozmiar<\/td>\n<td class=\"et3\" style=\"width: 312.60pt;\" width=\"521\">\u015arednica 14 mm, \u015brednica 15 mm, \u015brednica 18 mm, \u015brednica 20 mm, \u015brednica 22 mm, \u015brednica 24 mm, \u015brednica 30 mm itd.<\/td>\n<\/tr>\n<tr style=\"height: 14.40pt;\">\n<td class=\"et3\" style=\"height: 14.40pt; width: 138.60pt;\" width=\"231\" height=\"24\">Odczyt odleg\u0142o\u015bci<\/td>\n<td class=\"et3\" style=\"width: 312.60pt;\" width=\"521\">1~5cm<\/td>\n<\/tr>\n<tr style=\"height: 14.40pt;\">\n<td class=\"et3\" style=\"height: 14.40pt; width: 138.60pt;\" width=\"231\" height=\"24\">Tryb pracy<\/td>\n<td class=\"et3\" style=\"width: 312.60pt;\" width=\"521\">pasywny<\/td>\n<\/tr>\n<tr style=\"height: 14.40pt;\">\n<td class=\"et3\" style=\"height: 14.40pt; width: 138.60pt;\" width=\"231\" height=\"24\">Temperatura pracy<\/td>\n<td class=\"et3\" style=\"width: 312.60pt;\" width=\"521\">-25<span class=\"font0\">\u2103<\/span><span class=\"font2\">~+110<\/span><span class=\"font0\">\u2103<\/span><\/td>\n<\/tr>\n<tr style=\"height: 14.40pt;\">\n<td class=\"et3\" style=\"height: 14.40pt; width: 138.60pt;\" width=\"231\" height=\"24\">Temperatura przechowywania<\/td>\n<td class=\"et3\" style=\"width: 312.60pt;\" width=\"521\">-40<span class=\"font0\">\u2103<\/span><span class=\"font2\">~+85<\/span><span class=\"font0\">\u2103<\/span><\/td>\n<\/tr>\n<tr style=\"height: 73.00pt;\">\n<td class=\"et4\" style=\"height: 73.00pt;\" height=\"121\">Specyfikacje operacyjne<\/td>\n<td class=\"et3\" style=\"width: 312.60pt;\" width=\"521\">Wodoodporny; odporny na zanurzenie w wodzie morskiej, alkoholu, oleju, 10%HCL; amoniaku; wstrz\u0105sy i wibracje<\/td>\n<\/tr>\n<tr style=\"height: 14.40pt;\">\n<td class=\"et3\" style=\"height: 14.40pt; width: 138.60pt;\" width=\"231\" height=\"24\">Cechy<\/td>\n<td class=\"et3\" style=\"width: 312.60pt;\" width=\"521\">wodoodporny, zmywalny, odporny na wysok\u0105 temperatur\u0119<\/td>\n<\/tr>\n<tr style=\"height: 14.40pt;\">\n<td class=\"et3\" style=\"height: 14.40pt; width: 138.60pt;\" width=\"231\" height=\"24\">Aplikacje<\/td>\n<td class=\"et3\" style=\"width: 312.60pt;\" width=\"521\">zarz\u0105dzanie i \u015bledzenie prania<\/td>\n<\/tr>\n<\/tbody>\n<\/table>\n<\/div>\n<\/div>\n<div class=\"J_module\">\n<div class=\"detail-decorate-json-renderer-container\">\n<div class=\"magic-1\">\n<div>\n<div><\/div>\n<\/div>\n<div class=\"magic-2\">\n<div>\n<div class=\"auto-hide-last-sibling-br paragraph_1252f paragraph-element\">\n<div class=\"auto-hide-last-sibling-br paragraph_1252f paragraph-element\">Tagi pralnicze RFID PPS 125 kHz zapewniaj\u0105 liczne korzy\u015bci po zintegrowaniu z rozwi\u0105zaniami tag\u00f3w pralniczych RFID.<\/div>\n<div class=\"auto-hide-last-sibling-br paragraph_1252f paragraph-element\">Do korzy\u015bci tych zaliczaj\u0105 si\u0119:<\/div>\n<p>&nbsp;<\/p>\n<ol class=\"auto-hide-last-sibling-br\">\n<li>Ceny ustalane bezpo\u015brednio w fabryce gwarantuj\u0105 op\u0142acalne rozwi\u0105zania.<\/li>\n<li>Gwarancja jako\u015bci, potwierdzona 1001testami TP3T przeprowadzanymi przed wysy\u0142k\u0105.<\/li>\n<li>D\u0142ugotrwa\u0142a niezawodno\u015b\u0107, certyfikowana wytrzyma\u0142o\u015b\u0107 na ponad 200 cykli prania lub 2-letnia gwarancja \u017cywotno\u015bci po dostawie.<\/li>\n<li>Wyj\u0105tkowa trwa\u0142o\u015b\u0107 dzi\u0119ki odporno\u015bci na wod\u0119, ciep\u0142o, ci\u015bnienie i dzia\u0142anie substancji chemicznych.<\/li>\n<li>Oferujemy r\u00f3wnie\u017c bezp\u0142atn\u0105 pr\u00f3bk\u0119 w celu zapewnienia jako\u015bci i przeprowadzenia test\u00f3w.<\/li>\n<\/ol>\n<div class=\"auto-hide-last-sibling-br paragraph_1252f paragraph-element\">Zastosowania etykiet przycisk\u00f3w RFID:<\/div>\n<p>&nbsp;<\/p>\n<ol class=\"auto-hide-last-sibling-br\">\n<li>\n<div class=\"auto-hide-last-sibling-br paragraph_1252f paragraph-element\">Pralnie przemys\u0142owe: W przemy\u015ble wykorzystanie identyfikator\u00f3w pralniczych RFID sprawia, \u017ce \u015bledzenie ogromnych ilo\u015bci bielizny staje si\u0119 bezproblemowe.<\/div>\n<\/li>\n<li>\n<div class=\"auto-hide-last-sibling-br paragraph_1252f paragraph-element\">Szpitale i hotele: W tych instytucjach cz\u0119sto wykonuje si\u0119 pranie du\u017cych ilo\u015bci rzeczy, w kt\u00f3rych etykiety te okazuj\u0105 si\u0119 niezast\u0105pione w zwi\u0119kszaniu efektywno\u015bci i usprawnianiu zarz\u0105dzania zapasami.<\/div>\n<\/li>\n<li>\n<div class=\"auto-hide-last-sibling-br paragraph_1252f paragraph-element\">Wynajem po\u015bcieli: Firmy oferuj\u0105ce us\u0142ugi wynajmu po\u015bcieli stosuj\u0105 te etykiety, aby upro\u015bci\u0107 zarz\u0105dzanie zapasami i zapewni\u0107 kontrol\u0119 jako\u015bci.<\/div>\n<\/li>\n<\/ol>\n<\/div>\n<\/div>\n<\/div>\n<\/div>\n<\/div>\n<\/div>","protected":false},"excerpt":{"rendered":"<div class=\"auto-hide-last-sibling-br paragraph_1252f paragraph-element\">Tag RFID 125 kHz PPS Button, powszechnie znany jako tag RFID button, to g\u0119sto zbudowane urz\u0105dzenie przeznaczone do zastosowa\u0144 wymagaj\u0105cych tag\u00f3w odpornych na trudne warunki. Dostarczamy asortyment tag\u00f3w RFID do prania, kt\u00f3re wykorzystuj\u0105 cz\u0119stotliwo\u015bci 125 kHz LF, 13,56 MHz HF, a tak\u017ce Gen 2 UHF.<\/div>\n<div class=\"auto-hide-last-sibling-br paragraph_1252f paragraph-element\">Tagi RFID do pralni zaprojektowano tak, aby wytrzyma\u0142y wymagaj\u0105ce procesy pralnicze w hotelach i instytucjach, oferuj\u0105c odporno\u015b\u0107 i mo\u017cliwo\u015b\u0107 dostosowania do r\u00f3\u017cnych metod, takich jak pranie, suszenie, czyszczenie chemiczne i prasowanie.<\/div>","protected":false},"featured_media":87,"template":"","meta":{"_kad_post_transparent":"default","_kad_post_title":"","_kad_post_layout":"default","_kad_post_sidebar_id":"","_kad_post_content_style":"default","_kad_post_vertical_padding":"default","_kad_post_feature":"","_kad_post_feature_position":"","_kad_post_header":false,"_kad_post_footer":false,"_kad_post_classname":""},"product_brand":[],"product_cat":[21,18],"product_tag":[52,51,49],"class_list":{"0":"post-86","1":"product","2":"type-product","3":"status-publish","4":"has-post-thumbnail","6":"product_cat-pps-rfid-laundry-tag","7":"product_cat-125khz-rfid-laundry-tag","8":"product_tag-125khz-pps-rfid-laundry-tag","9":"product_tag-125khz-rfid-laundry-tag","10":"product_tag-button-rfid-tag","12":"first","13":"instock","14":"shipping-taxable","15":"product-type-simple","16":"entry","17":"content-bg","18":"loop-entry"},"_links":{"self":[{"href":"https:\/\/rfid-laundry-tag.com\/pl\/wp-json\/wp\/v2\/product\/86","targetHints":{"allow":["GET"]}}],"collection":[{"href":"https:\/\/rfid-laundry-tag.com\/pl\/wp-json\/wp\/v2\/product"}],"about":[{"href":"https:\/\/rfid-laundry-tag.com\/pl\/wp-json\/wp\/v2\/types\/product"}],"version-history":[{"count":0,"href":"https:\/\/rfid-laundry-tag.com\/pl\/wp-json\/wp\/v2\/product\/86\/revisions"}],"wp:featuredmedia":[{"embeddable":true,"href":"https:\/\/rfid-laundry-tag.com\/pl\/wp-json\/wp\/v2\/media\/87"}],"wp:attachment":[{"href":"https:\/\/rfid-laundry-tag.com\/pl\/wp-json\/wp\/v2\/media?parent=86"}],"wp:term":[{"taxonomy":"product_brand","embeddable":true,"href":"https:\/\/rfid-laundry-tag.com\/pl\/wp-json\/wp\/v2\/product_brand?post=86"},{"taxonomy":"product_cat","embeddable":true,"href":"https:\/\/rfid-laundry-tag.com\/pl\/wp-json\/wp\/v2\/product_cat?post=86"},{"taxonomy":"product_tag","embeddable":true,"href":"https:\/\/rfid-laundry-tag.com\/pl\/wp-json\/wp\/v2\/product_tag?post=86"}],"curies":[{"name":"wp","href":"https:\/\/api.w.org\/{rel}","templated":true}]}}