{"id":83,"date":"2024-06-11T17:35:21","date_gmt":"2024-06-11T17:35:21","guid":{"rendered":"https:\/\/rfid-laundry-tag.com\/?post_type=product&#038;p=83"},"modified":"2024-06-14T16:23:02","modified_gmt":"2024-06-14T16:23:02","slug":"rfid-laundry-button-nfc-tag","status":"publish","type":"product","link":"https:\/\/rfid-laundry-tag.com\/pl\/rfid-laundry-button-nfc-tag\/","title":{"rendered":"Przycisk pralniczy RFID NFC Tag"},"content":{"rendered":"<div class=\"J_module\">\n<div class=\"ife-detail-decorate-table\">\n<table class=\"has-title all magic-6\">\n<tbody>\n<tr>\n<td colspan=\"1\" rowspan=\"1\">\n<div class=\"magic-7\" data-spm-anchor-id=\"a2700.details.0.i45.77607d98vZbcDU\"><span class=\"magic-8\" style=\"color: #363535;\">Nazwa przedmiotu<\/span><\/div>\n<\/td>\n<td colspan=\"1\" rowspan=\"1\">\n<div class=\"magic-9\"><span class=\"magic-8\">Przycisk pralniczy RFID NFC Tag<\/span><\/div>\n<\/td>\n<\/tr>\n<tr>\n<td colspan=\"1\" rowspan=\"1\">\n<div class=\"magic-7\"><span class=\"magic-10\" data-spm-anchor-id=\"a2700.pc-decorate.0.i10.28d333330XLbTD\"><span class=\"magic-8\">Tworzywo<\/span><\/span><\/div>\n<\/td>\n<td colspan=\"1\" rowspan=\"1\">\n<div class=\"magic-9\"><span class=\"magic-8\">PPS<\/span><\/div>\n<\/td>\n<\/tr>\n<tr>\n<td colspan=\"1\" rowspan=\"1\">\n<div class=\"magic-7\"><span class=\"magic-8\">Kolor<\/span><\/div>\n<\/td>\n<td colspan=\"1\" rowspan=\"1\">\n<div class=\"magic-9\"><span class=\"magic-8\">Czarny<\/span><\/div>\n<\/td>\n<\/tr>\n<tr>\n<td colspan=\"1\" rowspan=\"1\">Minimalna ilo\u015b\u0107 zam\u00f3wienia<\/td>\n<td colspan=\"1\" rowspan=\"1\">500szt<\/td>\n<\/tr>\n<tr>\n<td colspan=\"1\" rowspan=\"1\">\n<div class=\"magic-7\"><span class=\"magic-8\">Producent\/Chip<\/span><\/div>\n<\/td>\n<td colspan=\"1\" rowspan=\"1\">\n<div class=\"magic-9\"><span class=\"magic-8\">NXP Ntag215, Ntag216, NTAG213, Mifare 1k, Mifare Ultralight ev1 itp<\/span><\/div>\n<\/td>\n<\/tr>\n<tr>\n<td colspan=\"1\" rowspan=\"1\">\n<div class=\"magic-7\"><span class=\"magic-8\">Cz\u0119stotliwo\u015b\u0107<\/span><\/div>\n<\/td>\n<td colspan=\"1\" rowspan=\"1\">\n<div class=\"magic-9\"><span class=\"magic-8\">13,56MHz<\/span><\/div>\n<\/td>\n<\/tr>\n<tr>\n<td colspan=\"1\" rowspan=\"1\">\n<div class=\"magic-7\"><span class=\"magic-8\">Pami\u0119\u0107<\/span><\/div>\n<\/td>\n<td colspan=\"1\" rowspan=\"1\">\n<div class=\"magic-9\"><span class=\"magic-8\">504 bajty\/888 bajt\u00f3w\/144 bajty\/1K bajt\u00f3w\/64 bajty<\/span><\/div>\n<\/td>\n<\/tr>\n<tr>\n<td colspan=\"1\" rowspan=\"1\">\n<div class=\"magic-7\"><span class=\"magic-8\">Odczyt odleg\u0142o\u015bci<\/span><\/div>\n<\/td>\n<td colspan=\"1\" rowspan=\"1\">\n<div class=\"magic-9\"><span class=\"magic-8\">1~5cm<\/span><\/div>\n<\/td>\n<\/tr>\n<tr>\n<td colspan=\"1\" rowspan=\"1\">\n<div class=\"magic-7\"><span class=\"magic-8\">Tryb pracy<\/span><\/div>\n<\/td>\n<td colspan=\"1\" rowspan=\"1\">\n<div class=\"magic-9\"><span class=\"magic-8\">pasywny<\/span><\/div>\n<\/td>\n<\/tr>\n<tr>\n<td colspan=\"1\" rowspan=\"1\">\n<div class=\"magic-7\"><span class=\"magic-8\">Temperatura pracy<\/span><\/div>\n<\/td>\n<td colspan=\"1\" rowspan=\"1\">\n<div class=\"magic-9\"><span class=\"magic-8\">-25\u2103~+110\u2103<\/span><\/div>\n<\/td>\n<\/tr>\n<tr>\n<td colspan=\"1\" rowspan=\"1\">\n<div class=\"magic-7\"><span class=\"magic-8\">Temperatura przechowywania<\/span><\/div>\n<\/td>\n<td colspan=\"1\" rowspan=\"1\">\n<div class=\"magic-9\"><span class=\"magic-8\">-40\u2103~+85\u2103<\/span><\/div>\n<\/td>\n<\/tr>\n<tr>\n<td colspan=\"1\" rowspan=\"1\">\n<div class=\"magic-7\">\n<div><span class=\"magic-8\">\u00a0<\/span><\/div>\n<p><span class=\"magic-8\">Kr\u00f3tkotrwa\u0142a odporno\u015b\u0107 na temperatur\u0119<\/span><\/p>\n<\/div>\n<\/td>\n<td colspan=\"1\" rowspan=\"1\">\n<div class=\"magic-9\"><span class=\"magic-8\">pranie: 90\u2103, 15 minut; wst\u0119pne suszenie konwertera: 180\u2103, 30 minut, 200 razy; prasowanie: 180\u2103, 10 sekund, 200 razy; wysoka<br \/>\ntemperatura sterylizacji: 135\u2103, 20 minut<\/span><\/div>\n<\/td>\n<\/tr>\n<tr>\n<td colspan=\"1\" rowspan=\"1\">\n<div class=\"magic-7\"><span class=\"magic-8\">Cechy<\/span><\/div>\n<\/td>\n<td colspan=\"1\" rowspan=\"1\">\n<div class=\"magic-9\"><span class=\"magic-8\">wodoodporny, zmywalny, odporny na wysok\u0105 temperatur\u0119<\/span><\/div>\n<\/td>\n<\/tr>\n<tr>\n<td colspan=\"1\" rowspan=\"1\">\n<div class=\"magic-7\"><span class=\"magic-8\">\u017bycie<\/span><\/div>\n<\/td>\n<td colspan=\"1\" rowspan=\"1\">\n<div class=\"magic-9\"><span class=\"magic-8\">pranie 200 razy lub 3 lata<\/span><\/div>\n<\/td>\n<\/tr>\n<tr>\n<td colspan=\"1\" rowspan=\"1\">\n<div class=\"magic-7\"><span class=\"magic-8\">Aplikacje<\/span><\/div>\n<\/td>\n<td colspan=\"1\" rowspan=\"1\">\n<div class=\"magic-9\"><span class=\"magic-8\">zarz\u0105dzanie i \u015bledzenie prania<\/span><\/div>\n<\/td>\n<\/tr>\n<\/tbody>\n<\/table>\n<\/div>\n<\/div>\n<div class=\"J_module\">\n<div class=\"detail-decorate-json-renderer-container\">\n<div class=\"magic-1\">\n<div class=\"magic-2\">\n<div class=\"magic-3\">\n<div><\/div>\n<\/div>\n<\/div>\n<p><strong>Opcje chip\u00f3w:<\/strong><\/p>\n<ul>\n<li><strong>Kod UNXP 8\/9:<\/strong>\u00a0Ekonomiczne chipy idealne do podstawowego \u015bledzenia i identyfikacji, zapewniaj\u0105ce zasi\u0119g odczytu do 10 metr\u00f3w.<\/li>\n<li><strong>NTAG213:<\/strong>\u00a0Uk\u0142ad z obs\u0142ug\u0105 NFC umo\u017cliwiaj\u0105cy komunikacj\u0119 ze smartfonami i innymi urz\u0105dzeniami NFC, idealny do zastosowa\u0144 takich jak p\u0142atno\u015bci zbli\u017ceniowe lub dost\u0119p do informacji o produktach.<\/li>\n<li><strong>Mifare 1k:<\/strong>\u00a0Bezpieczny uk\u0142ad z silnym szyfrowaniem i funkcjami uwierzytelniania, odpowiedni do kontroli dost\u0119pu i bezpiecznego przechowywania danych.<\/li>\n<li><strong>EM4305:<\/strong>\u00a0Niedrogi uk\u0142ad scalony do podstawowych zastosowa\u0144 kontroli dost\u0119pu o zasi\u0119gu odczytu do 1 metra.<\/li>\n<li><strong>T5577:<\/strong>\u00a0Kolejny niedrogi uk\u0142ad do system\u00f3w kontroli dost\u0119pu i sprzeda\u017cy bilet\u00f3w, oferuj\u0105cy zasi\u0119g odczytu do 1 metra.<\/li>\n<\/ul>\n<h3>Cechy<\/h3>\n<div id=\"featuresXsp\" class=\"features-list toggle-opacity in\">\n<div class=\"features-xsp\">\n<div class=\"collapse-mobile ste-list-ul\">\n<ul class=\"boxes\">\n<li>Bezkontaktowa transmisja danych i zasilanie energi\u0105<\/li>\n<li>Cz\u0119stotliwo\u015b\u0107 pracy 13,56 MHz<\/li>\n<li>Transfer danych 106 kbit\/s<\/li>\n<li>Integralno\u015b\u0107 danych 16-bitowego CRC, parzysto\u015b\u0107, kodowanie bit\u00f3w, liczenie bit\u00f3w<\/li>\n<li>Zasi\u0119g dzia\u0142ania do 100 mm (w zale\u017cno\u015bci od r\u00f3\u017cnych parametr\u00f3w, np. nat\u0119\u017cenia pola i geometrii anteny)<\/li>\n<li>7-bajtowy numer seryjny (poziom kaskadowy 2 zgodnie z norm\u0105 ISO\/IEC 14443-3)<\/li>\n<li>Lustro UID ASCII do automatycznej serializacji komunikat\u00f3w NDEF<\/li>\n<li>Automatyczny licznik NFC uruchamiany poleceniem odczytu<\/li>\n<li>Licznik NFC ASCII mirror do automatycznego dodawania warto\u015bci licznika NFC do wiadomo\u015bci NDEF<\/li>\n<li>Podpis oryginalno\u015bci oparty na ECC<\/li>\n<li>Szybkie polecenie odczytu<\/li>\n<li>Prawdziwe zabezpieczenie antykolizyjne<\/li>\n<li>Pojemno\u015b\u0107 wej\u015bciowa 50 pF<\/li>\n<\/ul>\n<\/div>\n<div class=\"collapse-mobile ste-list-ul\">\n<ul class=\"boxes\">\n<li>180, 540 lub 924 bajt\u00f3w zorganizowanych na 45, 135 lub 231 stronach po 4 bajty na stron\u0119<\/li>\n<li>144, 504 lub 888 bajt\u00f3w swobodnie dost\u0119pnych dla u\u017cytkownika w obszarze odczytu\/zapisu (36, 126 lub 222 stron)<\/li>\n<li>4-bajtowy kontener mo\u017cliwo\u015bci inicjalizacji z bitami dost\u0119pu programowalnymi jednorazowo<\/li>\n<li>Programowalna w terenie funkcja blokowania tylko do odczytu na stron\u0119 dla pierwszych 16 stron<\/li>\n<li>Funkcja blokowania tylko do odczytu programowalna w terenie powy\u017cej pierwszych 16 stron na podw\u00f3jn\u0105 stron\u0119 dla NTAG 213 lub na 16 stron dla NTAG 215 i NTAG 216<\/li>\n<li>Konfigurowalna ochrona has\u0142em z opcjonalnym limitem nieudanych pr\u00f3b<\/li>\n<li>Wsparcie antyrozdarciowe dla pojemnika na \u0142adunek (CC) i bit\u00f3w blokuj\u0105cych<\/li>\n<li>Kontrola oryginalno\u015bci wspierana przez ECC<\/li>\n<li>Czas przechowywania danych 10 lat<\/li>\n<li>Napisz wytrzyma\u0142o\u015b\u0107 100 000 cykli<\/li>\n<\/ul>\n<\/div>\n<\/div>\n<\/div>\n<div class=\"magic-2\">\n<div class=\"auto-hide-last-sibling-br paragraph_1252f paragraph-element\">\n<div class=\"auto-hide-last-sibling-br paragraph_1252f paragraph-element\"><strong>Zastosowania tag\u00f3w pralniczych RFID:<\/strong><\/div>\n<p>&nbsp;<\/p>\n<ol class=\"auto-hide-last-sibling-br\">\n<li>\n<div class=\"auto-hide-last-sibling-br paragraph_1252f paragraph-element\">Pralnie przemys\u0142owe: W \u015brodowisku przemys\u0142owym \u015bledzenie du\u017cych ilo\u015bci bielizny staje si\u0119 niezwykle proste dzi\u0119ki naszym identyfikatorom pralniczym RFID.<\/div>\n<\/li>\n<li>\n<div class=\"auto-hide-last-sibling-br paragraph_1252f paragraph-element\">Plac\u00f3wki s\u0142u\u017cby zdrowia i hotele: W tego typu instytucjach cz\u0119sto odbywa si\u0119 pranie du\u017cej ilo\u015bci odzie\u017cy, a nasze metki stale zwi\u0119kszaj\u0105 wydajno\u015b\u0107 i usprawniaj\u0105 zarz\u0105dzanie zapasami.<\/div>\n<\/li>\n<li>\n<div class=\"auto-hide-last-sibling-br paragraph_1252f paragraph-element\">Wynajem po\u015bcieli: Przedsi\u0119biorstwa z sektora wynajmu po\u015bcieli wykorzystuj\u0105 te etykiety w celu uproszczenia zarz\u0105dzania zapasami i utrzymania kontroli jako\u015bci.<\/div>\n<\/li>\n<\/ol>\n<div class=\"auto-hide-last-sibling-br paragraph_1252f paragraph-element\">Oferujemy r\u00f3\u017cnorodne etykiety pralnicze RFID o cz\u0119stotliwo\u015bciach 125 kHz LF, 13,56 MHz HF i Gen 2 UHF, z kt\u00f3rych ka\u017cda zosta\u0142a zaprojektowana tak, aby sprosta\u0107 r\u00f3\u017cnym unikalnym potrzebom. Nasze etykiety, znane ze swojej trwa\u0142o\u015bci i r\u00f3\u017cnorodno\u015bci rozmiar\u00f3w, bezproblemowo wytrzymuj\u0105 cykle prania w wysokiej temperaturze w instytucjach. Te etykiety pralnicze RFID s\u0105 zbudowane tak, aby wytrzyma\u0107 rygorystyczne procesy prania w hotelach i instytucjach, zapewniaj\u0105c trwa\u0142o\u015b\u0107, kt\u00f3ra wytrzyma pranie, suszenie, czyszczenie na sucho i prasowanie.<\/div>\n<p>&nbsp;<\/p>\n<div class=\"auto-hide-last-sibling-br paragraph_1252f paragraph-element\">Zastosowanie materia\u0142u PPS w produkcji naszych tag\u00f3w zapewnia, \u017ce wytrzymuj\u0105 one zanurzenie w wodzie, nara\u017cenie na ciep\u0142o, nacisk fizyczny i chemikalia. Tagi te doskonale nadaj\u0105 si\u0119 do proces\u00f3w inwentaryzacyjnych i weryfikacji w r\u00f3\u017cnych sektorach, takich jak opieka zdrowotna, hotelarstwo, odzie\u017c robocza, edukacja i inne. Mo\u017cna je \u0142atwo przyszy\u0107 do r\u00f3\u017cnych artyku\u0142\u00f3w tekstylnych, takich jak prze\u015bcierad\u0142a, serwetki, r\u0119czniki i wiele innych ubra\u0144, lub umie\u015bci\u0107 wewn\u0105trz obud\u00f3w.<\/div>\n<\/div>\n<div class=\"auto-hide-last-sibling-br paragraph_1252f paragraph-element\"><\/div>\n<\/div>\n<\/div>\n<\/div>\n<\/div>","protected":false},"excerpt":{"rendered":"<p>Etykieta NFC RFID Laundry Button zosta\u0142a zaprojektowana w celu identyfikacji i monitorowania w zarz\u0105dzaniu praniem. Te etykiety mo\u017cna wygodnie przymocowa\u0107 do ka\u017cdego elementu odzie\u017cy lub worka na pranie. Ka\u017cdy przycisk NFC jest wyposa\u017cony w charakterystyczny znak identyfikacyjny, kt\u00f3ry mo\u017cna powi\u0105za\u0107 z konkretnymi elementami prania. Dzi\u0119ki temu proces \u015bledzenia prania jest bardziej usprawniony i wydajny.<\/p>","protected":false},"featured_media":156,"template":"","meta":{"_kad_post_transparent":"default","_kad_post_title":"","_kad_post_layout":"default","_kad_post_sidebar_id":"","_kad_post_content_style":"default","_kad_post_vertical_padding":"default","_kad_post_feature":"","_kad_post_feature_position":"","_kad_post_header":false,"_kad_post_footer":false,"_kad_post_classname":""},"product_brand":[],"product_cat":[21,17],"product_tag":[43,35,72,44],"class_list":{"0":"post-83","1":"product","2":"type-product","3":"status-publish","4":"has-post-thumbnail","6":"product_cat-pps-rfid-laundry-tag","7":"product_cat-nfc-rfid-laundry-tag","8":"product_tag-pps-rfid-washable-laundry-tags","9":"product_tag-rfid-button","10":"product_tag-rfid-laundry-button-nfc-tag","11":"product_tag-rfid-washable-laundry-tags","13":"first","14":"instock","15":"shipping-taxable","16":"product-type-simple","17":"entry","18":"content-bg","19":"loop-entry"},"_links":{"self":[{"href":"https:\/\/rfid-laundry-tag.com\/pl\/wp-json\/wp\/v2\/product\/83","targetHints":{"allow":["GET"]}}],"collection":[{"href":"https:\/\/rfid-laundry-tag.com\/pl\/wp-json\/wp\/v2\/product"}],"about":[{"href":"https:\/\/rfid-laundry-tag.com\/pl\/wp-json\/wp\/v2\/types\/product"}],"version-history":[{"count":1,"href":"https:\/\/rfid-laundry-tag.com\/pl\/wp-json\/wp\/v2\/product\/83\/revisions"}],"predecessor-version":[{"id":155,"href":"https:\/\/rfid-laundry-tag.com\/pl\/wp-json\/wp\/v2\/product\/83\/revisions\/155"}],"wp:featuredmedia":[{"embeddable":true,"href":"https:\/\/rfid-laundry-tag.com\/pl\/wp-json\/wp\/v2\/media\/156"}],"wp:attachment":[{"href":"https:\/\/rfid-laundry-tag.com\/pl\/wp-json\/wp\/v2\/media?parent=83"}],"wp:term":[{"taxonomy":"product_brand","embeddable":true,"href":"https:\/\/rfid-laundry-tag.com\/pl\/wp-json\/wp\/v2\/product_brand?post=83"},{"taxonomy":"product_cat","embeddable":true,"href":"https:\/\/rfid-laundry-tag.com\/pl\/wp-json\/wp\/v2\/product_cat?post=83"},{"taxonomy":"product_tag","embeddable":true,"href":"https:\/\/rfid-laundry-tag.com\/pl\/wp-json\/wp\/v2\/product_tag?post=83"}],"curies":[{"name":"wp","href":"https:\/\/api.w.org\/{rel}","templated":true}]}}