{"id":74,"date":"2024-06-11T15:58:40","date_gmt":"2024-06-11T15:58:40","guid":{"rendered":"https:\/\/rfid-laundry-tag.com\/?post_type=product&#038;p=74"},"modified":"2024-06-11T16:34:14","modified_gmt":"2024-06-11T16:34:14","slug":"pps-rfid-washable-laundry-tags","status":"publish","type":"product","link":"https:\/\/rfid-laundry-tag.com\/pl\/pps-rfid-washable-laundry-tags\/","title":{"rendered":"PPS RFID zmywalne metki do prania"},"content":{"rendered":"<div class=\"J_module\">\n<div class=\"ife-detail-decorate-table\">\n<table class=\"has-title all magic-6\">\n<tbody>\n<tr>\n<td colspan=\"1\" rowspan=\"1\">\n<div class=\"magic-7\" data-spm-anchor-id=\"a2700.details.0.i45.77607d98vZbcDU\"><span class=\"magic-8\" style=\"color: #363535;\">Nazwa przedmiotu<\/span><\/div>\n<\/td>\n<td colspan=\"1\" rowspan=\"1\">\n<div class=\"magic-9\"><span class=\"magic-8\">PPS RFID zmywalne metki do prania<\/span><\/div>\n<\/td>\n<\/tr>\n<tr>\n<td colspan=\"1\" rowspan=\"1\">\n<div class=\"magic-7\"><span class=\"magic-10\" data-spm-anchor-id=\"a2700.pc-decorate.0.i10.28d333330XLbTD\"><span class=\"magic-8\">Tworzywo<\/span><\/span><\/div>\n<\/td>\n<td colspan=\"1\" rowspan=\"1\">\n<div class=\"magic-9\"><span class=\"magic-8\">PPS<\/span><\/div>\n<\/td>\n<\/tr>\n<tr>\n<td colspan=\"1\" rowspan=\"1\">\n<div class=\"magic-7\"><span class=\"magic-8\">Kolor<\/span><\/div>\n<\/td>\n<td colspan=\"1\" rowspan=\"1\">\n<div class=\"magic-9\"><span class=\"magic-8\">Czarny<\/span><\/div>\n<\/td>\n<\/tr>\n<tr>\n<td colspan=\"1\" rowspan=\"1\">Minimalna ilo\u015b\u0107 zam\u00f3wienia<\/td>\n<td colspan=\"1\" rowspan=\"1\">500szt<\/td>\n<\/tr>\n<tr>\n<td colspan=\"1\" rowspan=\"1\">\n<div class=\"magic-7\"><span class=\"magic-8\">Producent\/Chip<\/span><\/div>\n<\/td>\n<td colspan=\"1\" rowspan=\"1\">\n<div class=\"magic-9\"><span class=\"magic-8\">NXP UCODE 8, UCODE 9\/NTAG213, Mifare 1k\/EM4305, T5577 itp.<\/span><\/div>\n<\/td>\n<\/tr>\n<tr>\n<td colspan=\"1\" rowspan=\"1\">\n<div class=\"magic-7\"><span class=\"magic-8\">Cz\u0119stotliwo\u015b\u0107<\/span><\/div>\n<\/td>\n<td colspan=\"1\" rowspan=\"1\">\n<div class=\"magic-9\"><span class=\"magic-8\">860-960MHz\/13,56MHz\/125KHz<\/span><\/div>\n<\/td>\n<\/tr>\n<tr>\n<td colspan=\"1\" rowspan=\"1\">\n<div class=\"magic-7\"><span class=\"magic-8\">Pami\u0119\u0107<\/span><\/div>\n<\/td>\n<td colspan=\"1\" rowspan=\"1\">\n<div class=\"magic-9\"><span class=\"magic-8\">96 bit\u00f3w\/128 bit\u00f3w\/144 bajt\u00f3w<\/span><\/div>\n<\/td>\n<\/tr>\n<tr>\n<td colspan=\"1\" rowspan=\"1\">\n<div class=\"magic-7\"><span class=\"magic-8\">Odczyt odleg\u0142o\u015bci<\/span><\/div>\n<\/td>\n<td colspan=\"1\" rowspan=\"1\">\n<div class=\"magic-9\"><span class=\"magic-8\">1-6m\/1~5cm\/1~2cm<\/span><\/div>\n<\/td>\n<\/tr>\n<tr>\n<td colspan=\"1\" rowspan=\"1\">\n<div class=\"magic-7\"><span class=\"magic-8\">Tryb pracy<\/span><\/div>\n<\/td>\n<td colspan=\"1\" rowspan=\"1\">\n<div class=\"magic-9\"><span class=\"magic-8\">pasywny<\/span><\/div>\n<\/td>\n<\/tr>\n<tr>\n<td colspan=\"1\" rowspan=\"1\">\n<div class=\"magic-7\"><span class=\"magic-8\">Temperatura pracy<\/span><\/div>\n<\/td>\n<td colspan=\"1\" rowspan=\"1\">\n<div class=\"magic-9\"><span class=\"magic-8\">-25\u2103~+110\u2103<\/span><\/div>\n<\/td>\n<\/tr>\n<tr>\n<td colspan=\"1\" rowspan=\"1\">\n<div class=\"magic-7\"><span class=\"magic-8\">Temperatura przechowywania<\/span><\/div>\n<\/td>\n<td colspan=\"1\" rowspan=\"1\">\n<div class=\"magic-9\"><span class=\"magic-8\">-40\u2103~+85\u2103<\/span><\/div>\n<\/td>\n<\/tr>\n<tr>\n<td colspan=\"1\" rowspan=\"1\">\n<div class=\"magic-7\">\n<div><span class=\"magic-8\">\u00a0<\/span><\/div>\n<p><span class=\"magic-8\">Kr\u00f3tkotrwa\u0142a odporno\u015b\u0107 na temperatur\u0119<\/span><\/p>\n<\/div>\n<\/td>\n<td colspan=\"1\" rowspan=\"1\">\n<div class=\"magic-9\"><span class=\"magic-8\">pranie: 90\u2103, 15 minut; wst\u0119pne suszenie konwertera: 180\u2103, 30 minut, 200 razy; prasowanie: 180\u2103, 10 sekund, 200 razy; wysoka<br \/>\ntemperatura sterylizacji: 135\u2103, 20 minut<\/span><\/div>\n<\/td>\n<\/tr>\n<tr>\n<td colspan=\"1\" rowspan=\"1\">\n<div class=\"magic-7\"><span class=\"magic-8\">Cechy<\/span><\/div>\n<\/td>\n<td colspan=\"1\" rowspan=\"1\">\n<div class=\"magic-9\"><span class=\"magic-8\">wodoodporny, zmywalny, odporny na wysok\u0105 temperatur\u0119<\/span><\/div>\n<\/td>\n<\/tr>\n<tr>\n<td colspan=\"1\" rowspan=\"1\">\n<div class=\"magic-7\"><span class=\"magic-8\">\u017bycie<\/span><\/div>\n<\/td>\n<td colspan=\"1\" rowspan=\"1\">\n<div class=\"magic-9\"><span class=\"magic-8\">pranie 200 razy lub 3 lata<\/span><\/div>\n<\/td>\n<\/tr>\n<tr>\n<td colspan=\"1\" rowspan=\"1\">\n<div class=\"magic-7\"><span class=\"magic-8\">Aplikacje<\/span><\/div>\n<\/td>\n<td colspan=\"1\" rowspan=\"1\">\n<div class=\"magic-9\"><span class=\"magic-8\">zarz\u0105dzanie i \u015bledzenie prania<\/span><\/div>\n<\/td>\n<\/tr>\n<\/tbody>\n<\/table>\n<\/div>\n<\/div>\n<div class=\"J_module\">\n<div class=\"detail-decorate-json-renderer-container\">\n<div class=\"magic-1\">\n<div class=\"magic-2\">\n<div class=\"magic-3\">\n<div><\/div>\n<\/div>\n<div>\n<div><\/div>\n<\/div>\n<\/div>\n<p><strong>Opcje chip\u00f3w:<\/strong><\/p>\n<ul>\n<li><strong>Kod UNXP 8\/9:<\/strong>\u00a0Ekonomiczne chipy idealne do podstawowego \u015bledzenia i identyfikacji, zapewniaj\u0105ce zasi\u0119g odczytu do 10 metr\u00f3w.<\/li>\n<li><strong>NTAG213:<\/strong>\u00a0Uk\u0142ad z obs\u0142ug\u0105 NFC umo\u017cliwiaj\u0105cy komunikacj\u0119 ze smartfonami i innymi urz\u0105dzeniami NFC, idealny do zastosowa\u0144 takich jak p\u0142atno\u015bci zbli\u017ceniowe lub dost\u0119p do informacji o produktach.<\/li>\n<li><strong>Mifare 1k:<\/strong>\u00a0Bezpieczny uk\u0142ad z silnym szyfrowaniem i funkcjami uwierzytelniania, odpowiedni do kontroli dost\u0119pu i bezpiecznego przechowywania danych.<\/li>\n<li><strong>EM4305:<\/strong>\u00a0Niedrogi uk\u0142ad scalony do podstawowych zastosowa\u0144 kontroli dost\u0119pu o zasi\u0119gu odczytu do 1 metra.<\/li>\n<li><strong>T5577:<\/strong>\u00a0Kolejny niedrogi uk\u0142ad do system\u00f3w kontroli dost\u0119pu i sprzeda\u017cy bilet\u00f3w, oferuj\u0105cy zasi\u0119g odczytu do 1 metra.<\/li>\n<\/ul>\n<div class=\"magic-2\">\n<div>\n<div class=\"auto-hide-last-sibling-br paragraph_1252f paragraph-element\"><strong>Aplikacje\u00a0<\/strong><\/div>\n<ol class=\"auto-hide-last-sibling-br\">\n<li>\n<div class=\"auto-hide-last-sibling-br paragraph_1252f paragraph-element\">Pralnie przemys\u0142owe: W sektorze przemys\u0142owym \u015bledzenie du\u017cych ilo\u015bci bielizny staje si\u0119 bezproblemowym zadaniem dzi\u0119ki wykorzystaniu identyfikator\u00f3w pralniczych RFID.<\/div>\n<\/li>\n<li>\n<div class=\"auto-hide-last-sibling-br paragraph_1252f paragraph-element\">Szpitale i hotele: W tych plac\u00f3wkach cz\u0119sto odbywa si\u0119 pralnia o du\u017cej liczbie prania, w kt\u00f3rej etykiety te okazuj\u0105 si\u0119 niezwykle pomocne w poprawie efektywno\u015bci i zarz\u0105dzaniu zapasami.<\/div>\n<\/li>\n<li>\n<div class=\"auto-hide-last-sibling-br paragraph_1252f paragraph-element\">Wynajem po\u015bcieli: Firmy oferuj\u0105ce us\u0142ugi wynajmu po\u015bcieli wykorzystuj\u0105 te etykiety w celu uproszczenia zarz\u0105dzania zapasami i utrzymania kontroli jako\u015bci.<\/div>\n<\/li>\n<\/ol>\n<div class=\"auto-hide-last-sibling-br paragraph_1252f paragraph-element\">Oferujemy asortyment tag\u00f3w pralniczych RFID w cz\u0119stotliwo\u015bciach 125 kHz LF, 13,56 MHz HF i Gen 2 UHF, zaspokajaj\u0105c Twoje wyj\u0105tkowe potrzeby. Nasze tagi, zaprojektowane z my\u015bl\u0105 o odporno\u015bci i zmienno\u015bci rozmiaru, bez trudu wytrzymuj\u0105 gor\u0105ce procesy prania w instytucjach. Tagi RFID do prania s\u0105 w stanie wytrzyma\u0107 wymagaj\u0105ce procedury prania w hotelach i instytucjach, oferuj\u0105c trwa\u0142o\u015b\u0107, kt\u00f3ra przetrwa pranie, suszenie, czyszczenie na sucho i prasowanie.<\/div>\n<p>&nbsp;<\/p>\n<div class=\"auto-hide-last-sibling-br paragraph_1252f paragraph-element\">Materia\u0142 PPS sprawia, \u017ce te metki s\u0105 odporne na dzia\u0142anie wody, ciep\u0142a, ci\u015bnienia i chemikali\u00f3w. S\u0105 idealne do weryfikacji i przeprowadzania proces\u00f3w inwentaryzacyjnych w plac\u00f3wkach opieki zdrowotnej, segmentach odzie\u017cy roboczej, szpitalach, szko\u0142ach i hotelach. Te metki mo\u017cna p\u0142ynnie przyszy\u0107 do r\u00f3\u017cnych artyku\u0142\u00f3w tekstylnych, takich jak prze\u015bcierad\u0142a, serwetki, r\u0119czniki i inne ubrania, lub umie\u015bci\u0107 w obudowach.<\/div>\n<p>&nbsp;<\/p>\n<div class=\"auto-hide-last-sibling-br paragraph_1252f paragraph-element\">Skorzystaj z naszych rozwi\u0105za\u0144 w zakresie etykiet pralniczych RFID i ciesz si\u0119 korzy\u015bciami, takimi jak ceny oferowane bezpo\u015brednio przez producenta, dok\u0142adne testowanie przed wysy\u0142k\u0105, gwarancja ponad 200 cykli prania lub 2-letnia do\u017cywotnia gwarancja po wysy\u0142ce oraz odporno\u015b\u0107 na wod\u0119, ciep\u0142o, ci\u015bnienie i chemikalia.<\/div>\n<div class=\"auto-hide-last-sibling-br paragraph_1252f paragraph-element\"><\/div>\n<\/div>\n<\/div>\n<\/div>\n<\/div>\n<\/div>","protected":false},"excerpt":{"rendered":"<p>Etykieta z przyciskiem RFID, znana r\u00f3wnie\u017c jako zmywalne etykiety do prania PPS RFID, to solidne, wykonane na zam\u00f3wienie urz\u0105dzenie zaprojektowane specjalnie do zastosowa\u0144 wymagaj\u0105cych etykiet odpornych na trudne warunki. Pomimo popularno\u015bci transponder\u00f3w UHF do prania na rynku, zdarzaj\u0105 si\u0119 sytuacje, w kt\u00f3rych niezb\u0119dne s\u0105 etykiety z przyciskiem RFID kompatybilne z aplikacj\u0105 mobiln\u0105. Transpondery RFID do prania w stylu przycisku skutecznie spe\u0142niaj\u0105 takie potrzeby. Ich wszechstronno\u015b\u0107 i doskona\u0142a funkcjonalno\u015b\u0107 zapewniaj\u0105 znaczne korzy\u015bci w \u015bledzeniu i identyfikacji tekstyli\u00f3w i prania przemys\u0142owego w r\u00f3\u017cnych sektorach.<\/p>","protected":false},"featured_media":75,"template":"","meta":{"_kad_post_transparent":"default","_kad_post_title":"","_kad_post_layout":"default","_kad_post_sidebar_id":"","_kad_post_content_style":"default","_kad_post_vertical_padding":"default","_kad_post_feature":"","_kad_post_feature_position":"","_kad_post_header":false,"_kad_post_footer":false,"_kad_post_classname":""},"product_brand":[],"product_cat":[21],"product_tag":[43,35,44],"class_list":{"0":"post-74","1":"product","2":"type-product","3":"status-publish","4":"has-post-thumbnail","6":"product_cat-pps-rfid-laundry-tag","7":"product_tag-pps-rfid-washable-laundry-tags","8":"product_tag-rfid-button","9":"product_tag-rfid-washable-laundry-tags","11":"first","12":"instock","13":"shipping-taxable","14":"product-type-simple","15":"entry","16":"content-bg","17":"loop-entry"},"_links":{"self":[{"href":"https:\/\/rfid-laundry-tag.com\/pl\/wp-json\/wp\/v2\/product\/74","targetHints":{"allow":["GET"]}}],"collection":[{"href":"https:\/\/rfid-laundry-tag.com\/pl\/wp-json\/wp\/v2\/product"}],"about":[{"href":"https:\/\/rfid-laundry-tag.com\/pl\/wp-json\/wp\/v2\/types\/product"}],"version-history":[{"count":0,"href":"https:\/\/rfid-laundry-tag.com\/pl\/wp-json\/wp\/v2\/product\/74\/revisions"}],"wp:featuredmedia":[{"embeddable":true,"href":"https:\/\/rfid-laundry-tag.com\/pl\/wp-json\/wp\/v2\/media\/75"}],"wp:attachment":[{"href":"https:\/\/rfid-laundry-tag.com\/pl\/wp-json\/wp\/v2\/media?parent=74"}],"wp:term":[{"taxonomy":"product_brand","embeddable":true,"href":"https:\/\/rfid-laundry-tag.com\/pl\/wp-json\/wp\/v2\/product_brand?post=74"},{"taxonomy":"product_cat","embeddable":true,"href":"https:\/\/rfid-laundry-tag.com\/pl\/wp-json\/wp\/v2\/product_cat?post=74"},{"taxonomy":"product_tag","embeddable":true,"href":"https:\/\/rfid-laundry-tag.com\/pl\/wp-json\/wp\/v2\/product_tag?post=74"}],"curies":[{"name":"wp","href":"https:\/\/api.w.org\/{rel}","templated":true}]}}