{"id":734,"date":"2024-07-16T17:22:48","date_gmt":"2024-07-16T17:22:48","guid":{"rendered":"https:\/\/rfid-laundry-tag.com\/?post_type=product&#038;p=734"},"modified":"2024-08-14T16:36:57","modified_gmt":"2024-08-14T16:36:57","slug":"10x20mm-nfc-ntag213-wet-inlay","status":"publish","type":"product","link":"https:\/\/rfid-laundry-tag.com\/pl\/10x20mm-nfc-ntag213-wet-inlay\/","title":{"rendered":"10x20mm NFC NTAG213 Wk\u0142adka mokra"},"content":{"rendered":"<h2>10x20mm NFC NTAG213 Wk\u0142adka mokra<\/h2>\n<p><strong>Kompaktowa i uniwersalna, mokra wk\u0142adka NFC o wymiarach 10 x 20 mm idealnie nadaje si\u0119 do szerokiej gamy zastosowa\u0144.<\/strong><\/p>\n<p><strong>Cechy:<\/strong><\/p>\n<ul>\n<li><strong>\u017beton:<\/strong>\u00a0NTAG213<\/li>\n<li><strong>Protok\u00f3\u0142:<\/strong>\u00a0Norma ISO\/IEC 14443A<\/li>\n<li><strong>Wytrzyma\u0142o\u015b\u0107 odczytu\/zapisu:<\/strong>\u00a0100 000 cykli<\/li>\n<li><strong>Temperatura pracy:<\/strong>\u00a0-25\u00b0C do +70\u00b0C<\/li>\n<li><strong>Opcje materia\u0142owe:<\/strong>\u00a0Papier, PVC lub PET<\/li>\n<li><strong>Personalizacja:<\/strong>\u00a0Mo\u017cliwo\u015b\u0107 nadruku niestandardowego logo<\/li>\n<\/ul>\n<p><strong>Korzy\u015bci:<\/strong><\/p>\n<ul>\n<li><strong>\u0141atwa aplikacja:<\/strong>\u00a0Konstrukcja wk\u0142adu mokrego z klej\u0105c\u0105 warstw\u0105 zabezpieczaj\u0105c\u0105 umo\u017cliwiaj\u0105c\u0105 wygodne mocowanie.<\/li>\n<li><strong>Niezawodna wydajno\u015b\u0107:<\/strong>\u00a0Wysokiej jako\u015bci uk\u0142ad scalony i konstrukcja zapewniaj\u0105 niezawodn\u0105 prac\u0119.<\/li>\n<li><strong>Bezpieczne przechowywanie danych:<\/strong>\u00a0Uk\u0142ad NTAG213 umo\u017cliwia bezpieczne przechowywanie poufnych informacji.<\/li>\n<li><strong>Wszechstronne zastosowanie:<\/strong>\u00a0Idealne do identyfikacji produkt\u00f3w, \u015bledzenia zasob\u00f3w, prowadzenia kampanii promocyjnych i nie tylko.<\/li>\n<\/ul>","protected":false},"excerpt":{"rendered":"<p>Wk\u0142adka NFC NTAG213 Wet Inlay, 13,5 MHz NFC Wet Inlay z chipem NTAG213, o wymiarach 10 x 20 mm i klej\u0105cym pod\u0142o\u017cu u\u0142atwiaj\u0105cym aplikacj\u0119<\/p>","protected":false},"featured_media":735,"template":"","meta":{"_kad_post_transparent":"default","_kad_post_title":"","_kad_post_layout":"default","_kad_post_sidebar_id":"","_kad_post_content_style":"default","_kad_post_vertical_padding":"default","_kad_post_feature":"","_kad_post_feature_position":"","_kad_post_header":false,"_kad_post_footer":false,"_kad_post_classname":""},"product_brand":[],"product_cat":[189,54],"product_tag":[193,194],"class_list":{"0":"post-734","1":"product","2":"type-product","3":"status-publish","4":"has-post-thumbnail","6":"product_cat-rfid-inlay","7":"product_cat-hot-selling-rfid-tags","8":"product_tag-nfc-ntag213-wet-inlay","9":"product_tag-nfc-rfid-inlay","11":"first","12":"instock","13":"shipping-taxable","14":"product-type-simple","15":"entry","16":"content-bg","17":"loop-entry"},"_links":{"self":[{"href":"https:\/\/rfid-laundry-tag.com\/pl\/wp-json\/wp\/v2\/product\/734","targetHints":{"allow":["GET"]}}],"collection":[{"href":"https:\/\/rfid-laundry-tag.com\/pl\/wp-json\/wp\/v2\/product"}],"about":[{"href":"https:\/\/rfid-laundry-tag.com\/pl\/wp-json\/wp\/v2\/types\/product"}],"version-history":[{"count":3,"href":"https:\/\/rfid-laundry-tag.com\/pl\/wp-json\/wp\/v2\/product\/734\/revisions"}],"predecessor-version":[{"id":1327,"href":"https:\/\/rfid-laundry-tag.com\/pl\/wp-json\/wp\/v2\/product\/734\/revisions\/1327"}],"wp:featuredmedia":[{"embeddable":true,"href":"https:\/\/rfid-laundry-tag.com\/pl\/wp-json\/wp\/v2\/media\/735"}],"wp:attachment":[{"href":"https:\/\/rfid-laundry-tag.com\/pl\/wp-json\/wp\/v2\/media?parent=734"}],"wp:term":[{"taxonomy":"product_brand","embeddable":true,"href":"https:\/\/rfid-laundry-tag.com\/pl\/wp-json\/wp\/v2\/product_brand?post=734"},{"taxonomy":"product_cat","embeddable":true,"href":"https:\/\/rfid-laundry-tag.com\/pl\/wp-json\/wp\/v2\/product_cat?post=734"},{"taxonomy":"product_tag","embeddable":true,"href":"https:\/\/rfid-laundry-tag.com\/pl\/wp-json\/wp\/v2\/product_tag?post=734"}],"curies":[{"name":"wp","href":"https:\/\/api.w.org\/{rel}","templated":true}]}}