{"id":731,"date":"2024-07-16T17:14:51","date_gmt":"2024-07-16T17:14:51","guid":{"rendered":"https:\/\/rfid-laundry-tag.com\/?post_type=product&#038;p=731"},"modified":"2024-08-14T16:37:34","modified_gmt":"2024-08-14T16:37:34","slug":"uhf-rfid-dry-inlays-with-nxp-ucode-9","status":"publish","type":"product","link":"https:\/\/rfid-laundry-tag.com\/pl\/uhf-rfid-dry-inlays-with-nxp-ucode-9\/","title":{"rendered":"Suche wk\u0142ady UHF RFID z kodem NXP Ucode 9"},"content":{"rendered":"<h2>Suche wk\u0142ady UHF RFID z NXP-Ucode 9<\/h2>\n<ul>\n<li><strong>Cz\u0119stotliwo\u015b\u0107:<\/strong>\u00a0860-960MHz<\/li>\n<li><strong>Protok\u00f3\u0142:<\/strong>\u00a0ISO18000-6C<\/li>\n<li><strong>Zakres odczytu:<\/strong>\u00a0Du\u017cy zasi\u0119g odczytu (do 10 metr\u00f3w)<\/li>\n<li><strong>Opcje chip\u00f3w:<\/strong>\n<ul>\n<li><strong>NXP-Ucode9:<\/strong>\u00a0Wydajny uk\u0142ad scalony z ulepszonymi funkcjami bezpiecze\u0144stwa.<\/li>\n<li><strong>Inne opcje:<\/strong>\u00a0Alien H3, Monza R6, NXP-Ucode8, NXP-Ucode7<\/li>\n<\/ul>\n<\/li>\n<\/ul>\n<p><strong>Opcje dostosowywania:<\/strong><\/p>\n<p>Oferujemy szereg opcji personalizacji wk\u0142adek RFID, w tym:<\/p>\n<ul>\n<li><strong>Przybory:<\/strong>\u00a0Papier powlekany, PVC, PET, papier kruchy, itp.<\/li>\n<li><strong>Rozmiar:<\/strong>\u00a0Rozmiar niestandardowy, pasuj\u0105cy do konkretnych wymiar\u00f3w produktu.<\/li>\n<li><strong>Druk:<\/strong>\u00a0Drukowanie logo, drukowanie numer\u00f3w, drukowanie kod\u00f3w kreskowych.<\/li>\n<li><strong>Kodowanie i szyfrowanie:<\/strong>\u00a0Bezpieczne przechowywanie i komunikacja danych.<\/li>\n<\/ul>\n<p><strong>Wk\u0142adki RFID<\/strong>\u00a0s\u0105 sercem systemu RFID, zawieraj\u0105 mikroprocesor (IC) i anten\u0119, kt\u00f3re umo\u017cliwiaj\u0105 komunikacj\u0119 z czytnikiem. S\u0105 podzielone na dwa g\u0142\u00f3wne typy na podstawie ich konstrukcji:<\/p>\n<p><strong>1. Suche wk\u0142ady RFID:<\/strong><\/p>\n<ul>\n<li><strong>Opis:<\/strong>\u00a0Suche wk\u0142ady s\u0105 przeznaczone do bezpo\u015bredniej integracji z materia\u0142ami lub pod\u0142o\u017cami. Nie maj\u0105 klej\u0105cego podk\u0142adu, co czyni je idealnymi do zastosowa\u0144 wymagaj\u0105cych trwa\u0142ego mocowania. Cz\u0119sto maj\u0105 laminowan\u0105 powierzchni\u0119.<\/li>\n<li><strong>G\u0142\u00f3wne cechy:<\/strong>\n<ul>\n<li><strong>Bez kleju:<\/strong>\u00a0Eliminuje potrzeb\u0119 stosowania dodatkowych krok\u00f3w zwi\u0105zanych z klejeniem.<\/li>\n<li><strong>Integracja bezpo\u015brednia:<\/strong>\u00a0\u0141atwe do w\u0142\u0105czenia do produkt\u00f3w, opakowa\u0144 i innych materia\u0142\u00f3w.<\/li>\n<li><strong>Trwa\u0142a konstrukcja:<\/strong>\u00a0S\u0105 odporne na zu\u017cycie, dzi\u0119ki czemu nadaj\u0105 si\u0119 do wymagaj\u0105cych \u015brodowisk.<\/li>\n<\/ul>\n<\/li>\n<\/ul>\n<p><strong>2. Mokre wk\u0142ady RFID:<\/strong><\/p>\n<ul>\n<li><strong>Opis:<\/strong>\u00a0Wk\u0142adki mokre maj\u0105 klej\u0105c\u0105 warstw\u0119, co pozwala na ich bezpo\u015brednie nak\u0142adanie na produkt lub przekszta\u0142canie w inteligentne etykiety. Dzi\u0119ki temu s\u0105 ekonomicznym rozwi\u0105zaniem do etykietowania du\u017cych ilo\u015bci.<\/li>\n<li><strong>G\u0142\u00f3wne cechy:<\/strong>\n<ul>\n<li><strong>Podk\u0142ad klej\u0105cy:<\/strong>\u00a0Umo\u017cliwia \u0142atw\u0105 aplikacj\u0119 na r\u00f3\u017cnych powierzchniach.<\/li>\n<li><strong>Op\u0142acalno\u015b\u0107:<\/strong>\u00a0Idealne do projekt\u00f3w wymagaj\u0105cych du\u017cej ilo\u015bci tag\u00f3w.<\/li>\n<li><strong>Wszechstronne zastosowania:<\/strong>\u00a0Nadaje si\u0119 do produkt\u00f3w wymagaj\u0105cych tymczasowego lub trwa\u0142ego znakowania.<\/li>\n<\/ul>\n<\/li>\n<\/ul>","protected":false},"excerpt":{"rendered":"<p>UHF RFID Dry Inlays z NXP Ucode 9 dla zwi\u0119kszonego bezpiecze\u0144stwa i przechowywania danych. Bezpo\u015brednia integracja z materia\u0142ami.<\/p>","protected":false},"featured_media":732,"template":"","meta":{"_kad_post_transparent":"default","_kad_post_title":"","_kad_post_layout":"default","_kad_post_sidebar_id":"","_kad_post_content_style":"default","_kad_post_vertical_padding":"default","_kad_post_feature":"","_kad_post_feature_position":"","_kad_post_header":false,"_kad_post_footer":false,"_kad_post_classname":""},"product_brand":[],"product_cat":[189,54],"product_tag":[192,191],"class_list":{"0":"post-731","1":"product","2":"type-product","3":"status-publish","4":"has-post-thumbnail","6":"product_cat-rfid-inlay","7":"product_cat-hot-selling-rfid-tags","8":"product_tag-uhf-rfid-dry-inlays","9":"product_tag-uhf-rfid-dry-inlays-with-nxp-ucode-9","11":"first","12":"instock","13":"shipping-taxable","14":"product-type-simple","15":"entry","16":"content-bg","17":"loop-entry"},"_links":{"self":[{"href":"https:\/\/rfid-laundry-tag.com\/pl\/wp-json\/wp\/v2\/product\/731","targetHints":{"allow":["GET"]}}],"collection":[{"href":"https:\/\/rfid-laundry-tag.com\/pl\/wp-json\/wp\/v2\/product"}],"about":[{"href":"https:\/\/rfid-laundry-tag.com\/pl\/wp-json\/wp\/v2\/types\/product"}],"version-history":[{"count":4,"href":"https:\/\/rfid-laundry-tag.com\/pl\/wp-json\/wp\/v2\/product\/731\/revisions"}],"predecessor-version":[{"id":1329,"href":"https:\/\/rfid-laundry-tag.com\/pl\/wp-json\/wp\/v2\/product\/731\/revisions\/1329"}],"wp:featuredmedia":[{"embeddable":true,"href":"https:\/\/rfid-laundry-tag.com\/pl\/wp-json\/wp\/v2\/media\/732"}],"wp:attachment":[{"href":"https:\/\/rfid-laundry-tag.com\/pl\/wp-json\/wp\/v2\/media?parent=731"}],"wp:term":[{"taxonomy":"product_brand","embeddable":true,"href":"https:\/\/rfid-laundry-tag.com\/pl\/wp-json\/wp\/v2\/product_brand?post=731"},{"taxonomy":"product_cat","embeddable":true,"href":"https:\/\/rfid-laundry-tag.com\/pl\/wp-json\/wp\/v2\/product_cat?post=731"},{"taxonomy":"product_tag","embeddable":true,"href":"https:\/\/rfid-laundry-tag.com\/pl\/wp-json\/wp\/v2\/product_tag?post=731"}],"curies":[{"name":"wp","href":"https:\/\/api.w.org\/{rel}","templated":true}]}}