{"id":727,"date":"2024-07-16T17:02:27","date_gmt":"2024-07-16T17:02:27","guid":{"rendered":"https:\/\/rfid-laundry-tag.com\/?post_type=product&#038;p=727"},"modified":"2024-09-16T05:10:50","modified_gmt":"2024-09-16T05:10:50","slug":"alien-h9-9662-rfid-inlay-sticker","status":"publish","type":"product","link":"https:\/\/rfid-laundry-tag.com\/pl\/alien-h9-9662-rfid-inlay-sticker\/","title":{"rendered":"Naklejka z wk\u0142adk\u0105 RFID Alien H9 9662"},"content":{"rendered":"<h2>Naklejka z wk\u0142adk\u0105 RFID Alien H9 9662<\/h2>\n<p><strong>Cz\u0119stotliwo\u015b\u0107:<\/strong>\u00a0UHF 860-960MHz<br \/>\n<strong>\u017beton:<\/strong> OBCY Higgs-3,Obcy H9<br \/>\n<strong>Protok\u00f3\u0142:<\/strong>\u00a0EPC Klasa 1 Gen2, ISO18000-6C<br \/>\n<strong>Pami\u0119\u0107:<\/strong><\/p>\n<ul>\n<li>EPC: 96 bit\u00f3w<\/li>\n<li>TID: 32 bity<\/li>\n<li>U\u017cytkownik: 512 bit\u00f3w<br \/>\n<strong>Odleg\u0142o\u015b\u0107 czytania:<\/strong>\u00a01~8 metr\u00f3w (w zale\u017cno\u015bci od czytnika)<\/li>\n<\/ul>\n<p><strong>Wymiary:<\/strong> 82,50 x 25,40 mm<br \/>\n<strong>Formaty:<\/strong> Wk\u0142ad suchy, wk\u0142ad mokry<br \/>\nWysoka jako\u015b\u0107 wykonania zapewniaj\u0105ca niezawodn\u0105 prac\u0119 w z\u0142o\u017conych \u015brodowiskach.<\/p>\n<h4 class=\"alternative\">Najwa\u017cniejsze informacje o Alien H9 Chips<\/h4>\n<ul>\n<li>Zgodny z GS1 Klasa 1 Gen 2 i ISO\/IEC 18000-6C<\/li>\n<li>Dzia\u0142anie na ca\u0142ym \u015bwiecie w pasmach RFID UHF (840-960 MHz)<\/li>\n<li>1024-bitowa pami\u0119\u0107 NVM\/RAM<\/li>\n<li>Do 496 bit\u00f3w EPC (nominalnie 96 bit\u00f3w)<\/li>\n<li>Do 688 bit\u00f3w u\u017cytkownika<\/li>\n<li>48-bitowy unikalny TID<\/li>\n<li>Dost\u0119p 32-bitowy i 32-bitowy Kill Pass-<br \/>\ns\u0142owa<\/li>\n<li>Wst\u0119pnie zaprogramowany z unikalnym, niezmiennym<br \/>\nmo\u017cliwy 48-bitowy numer seryjny<\/li>\n<li>Pami\u0119\u0107 u\u017cytkownika mo\u017ce by\u0107 blokowana na sta\u0142e<br \/>\nZablokowany i odczytany pro-has\u0142o<br \/>\nzabezpieczony w blokach 256-bitowych<\/li>\n<li>Praca o niskim poborze mocy zar\u00f3wno podczas odczytu, jak i<br \/>\nprogram<\/li>\n<li>QuickWrite\u2122 \/ BlastWrite\u2122 \u2013 Wysoka pr\u0119dko\u015b\u0107<br \/>\nprogramowanie uk\u0142ad\u00f3w scalonych i masowe<\/li>\n<li>Dynamic AuthenticationTM zapobiegaj\u0105ce klonowaniu \/<br \/>\ntechnologia antyfa\u0142szerska<\/li>\n<li>Wyj\u0105tkowy zasi\u0119g dzia\u0142ania, do 13m<br \/>\nz odpowiedni\u0105 anten\u0105.<\/li>\n<\/ul>\n<p><strong>Zastosowania:<\/strong><\/p>\n<ul>\n<li>Zarz\u0105dzanie \u0142a\u0144cuchem dostaw<\/li>\n<li>Logistyka dystrybucyjna<\/li>\n<li>Uwierzytelnianie produktu<\/li>\n<li>Inwentaryzacja i \u015bledzenie aktyw\u00f3w<\/li>\n<li>Obs\u0142uga i \u015bledzenie baga\u017cu<\/li>\n<\/ul>\n<p><strong>G\u0142\u00f3wne cechy:<\/strong><\/p>\n<ul>\n<li>Naklejka z wk\u0142adk\u0105 UHF RFID o wysokiej wydajno\u015bci<\/li>\n<li>Du\u017cy zasi\u0119g odczytu i niezawodna wydajno\u015b\u0107<\/li>\n<li>Nadaje si\u0119 do r\u00f3\u017cnych zastosowa\u0144 wymagaj\u0105cych solidnego \u015bledzenia RFID<\/li>\n<li>Wykorzystuje standardowy w bran\u017cy protok\u00f3\u0142 EPC Class 1 Gen2<\/li>\n<\/ul>\n<p><strong>Notatka:<\/strong>\u00a0Rzeczywista odleg\u0142o\u015b\u0107 odczytu mo\u017ce si\u0119 r\u00f3\u017cni\u0107 w zale\u017cno\u015bci od takich czynnik\u00f3w, jak moc czytnika, konstrukcja anteny, warunki \u015brodowiskowe i orientacja znacznika.<\/p>\n<h2>Cz\u0119sto zadawane pytania: Alien H9 9662 Naklejka RFID Inlay<\/h2>\n<p><strong>Og\u00f3lny<\/strong><\/p>\n<ol>\n<li><strong>Jaki jest zasi\u0119g odczytu naklejki Alien H9 9662 RFID Inlay Sticker?<\/strong><br \/>\nZasi\u0119g odczytu naklejki Alien H9 9662 RFID Inlay Sticker mo\u017ce si\u0119 r\u00f3\u017cni\u0107 w zale\u017cno\u015bci od czynnik\u00f3w takich jak u\u017cyty czytnik, konfiguracja anteny i warunki \u015brodowiskowe.<\/li>\n<li><strong>Jaka jest cz\u0119stotliwo\u015b\u0107 robocza naklejki Alien H9 9662 RFID Inlay Sticker?<\/strong><br \/>\nNaklejka Alien H9 9662 RFID Inlay Sticker dzia\u0142a w pa\u015bmie cz\u0119stotliwo\u015bci UHF 865\u2013868 MHz.<\/li>\n<li><strong>Czy wk\u0142adka jest zgodna z protoko\u0142em EPC Class 1 Gen2?<\/strong><br \/>\nTak, naklejka Alien H9 9662 RFID Inlay Sticker jest zgodna z protoko\u0142em EPC Class 1 Gen2.<\/li>\n<li><strong>Jakie s\u0105 wymiary naklejki Alien H9 9662 RFID Inlay?<\/strong><br \/>\nMo\u017cna dostosowa\u0107 dowolny rozmiar.<\/li>\n<li><strong>Czy wk\u0142adka wyst\u0119puje w r\u00f3\u017cnych formatach, np. suchej lub mokrej?<\/strong><br \/>\nTak, wk\u0142adka jest dost\u0119pna w formacie suchym i mokrym.<\/li>\n<li><strong>Jak naklejka Alien H9 9662 RFID Inlay Sticker sprawdza si\u0119 w trudnych warunkach?<\/strong><br \/>\nNaklejka Alien H9 9662 RFID Inlay Sticker zosta\u0142a zaprojektowana tak, aby dobrze sprawdza\u0142a si\u0119 w z\u0142o\u017conych \u015brodowiskach. Jednak czynniki takie jak zak\u0142\u00f3cenia metalowe, wilgo\u0107 i temperatura mog\u0105 wp\u0142ywa\u0107 na zasi\u0119g odczytu.<\/li>\n<\/ol>\n<p><strong>Zam\u00f3wienia i dost\u0119pno\u015b\u0107<\/strong><\/p>\n<ol>\n<li><strong>Gdzie mog\u0119 kupi\u0107 naklejk\u0119 Alien H9 9662 RFID Inlay Sticker?<\/strong><br \/>\nTak, mo\u017cemy sprzedawa\u0107 wk\u0142adki RFID, mamy ponad 12 lat do\u015bwiadczenia w produkcji.<\/li>\n<li><strong>Jaki jest czas realizacji zam\u00f3wie\u0144?<\/strong><br \/>\nPodaj typowy czas realizacji zam\u00f3wie\u0144. Zazwyczaj wynosi on oko\u0142o 10 dni.<\/li>\n<li><strong>Czy istniej\u0105 jakie\u015b minimalne ilo\u015bci zam\u00f3wienia?<\/strong><br \/>\n1000 szt.<\/li>\n<li><strong>Czy jest mo\u017cliwe otrzymanie pr\u00f3bki naklejki Alien H9 9662 RFID Inlay?<\/strong><br \/>\nTak, bezp\u0142atne pr\u00f3bki<\/li>\n<\/ol>\n<p>&nbsp;<\/p>","protected":false},"excerpt":{"rendered":"<p>Naklejka z wk\u0142adk\u0105 RFID Alien H9 9662: Wydajna wk\u0142adka UHF RFID do zarz\u0105dzania \u0142a\u0144cuchem dostaw, \u015bledzenia zasob\u00f3w i nie tylko.<\/p>","protected":false},"featured_media":728,"template":"","meta":{"_kad_post_transparent":"default","_kad_post_title":"","_kad_post_layout":"default","_kad_post_sidebar_id":"","_kad_post_content_style":"default","_kad_post_vertical_padding":"default","_kad_post_feature":"","_kad_post_feature_position":"","_kad_post_header":false,"_kad_post_footer":false,"_kad_post_classname":""},"product_brand":[],"product_cat":[189,54],"product_tag":[266,267,108],"class_list":{"0":"post-727","1":"product","2":"type-product","3":"status-publish","4":"has-post-thumbnail","6":"product_cat-rfid-inlay","7":"product_cat-hot-selling-rfid-tags","8":"product_tag-9662-rfid-inlay-sticker","9":"product_tag-h9-rfid-inlay","10":"product_tag-rfid-inlay","12":"first","13":"instock","14":"shipping-taxable","15":"product-type-simple","16":"entry","17":"content-bg","18":"loop-entry"},"_links":{"self":[{"href":"https:\/\/rfid-laundry-tag.com\/pl\/wp-json\/wp\/v2\/product\/727","targetHints":{"allow":["GET"]}}],"collection":[{"href":"https:\/\/rfid-laundry-tag.com\/pl\/wp-json\/wp\/v2\/product"}],"about":[{"href":"https:\/\/rfid-laundry-tag.com\/pl\/wp-json\/wp\/v2\/types\/product"}],"version-history":[{"count":2,"href":"https:\/\/rfid-laundry-tag.com\/pl\/wp-json\/wp\/v2\/product\/727\/revisions"}],"predecessor-version":[{"id":730,"href":"https:\/\/rfid-laundry-tag.com\/pl\/wp-json\/wp\/v2\/product\/727\/revisions\/730"}],"wp:featuredmedia":[{"embeddable":true,"href":"https:\/\/rfid-laundry-tag.com\/pl\/wp-json\/wp\/v2\/media\/728"}],"wp:attachment":[{"href":"https:\/\/rfid-laundry-tag.com\/pl\/wp-json\/wp\/v2\/media?parent=727"}],"wp:term":[{"taxonomy":"product_brand","embeddable":true,"href":"https:\/\/rfid-laundry-tag.com\/pl\/wp-json\/wp\/v2\/product_brand?post=727"},{"taxonomy":"product_cat","embeddable":true,"href":"https:\/\/rfid-laundry-tag.com\/pl\/wp-json\/wp\/v2\/product_cat?post=727"},{"taxonomy":"product_tag","embeddable":true,"href":"https:\/\/rfid-laundry-tag.com\/pl\/wp-json\/wp\/v2\/product_tag?post=727"}],"curies":[{"name":"wp","href":"https:\/\/api.w.org\/{rel}","templated":true}]}}