{"id":723,"date":"2024-07-16T16:29:22","date_gmt":"2024-07-16T16:29:22","guid":{"rendered":"https:\/\/rfid-laundry-tag.com\/?post_type=product&#038;p=723"},"modified":"2024-08-14T16:40:29","modified_gmt":"2024-08-14T16:40:29","slug":"uhf-rfid-inlay-monza-m4-chips","status":"publish","type":"product","link":"https:\/\/rfid-laundry-tag.com\/pl\/uhf-rfid-inlay-monza-m4-chips\/","title":{"rendered":"Wk\u0142adka RFID UHF Monza M4 Chips"},"content":{"rendered":"<div>\n<ul>\n<li><strong>Nazwa produktu:<\/strong>\u00a0Chipy RFID UHF Monza M4\/M5<\/li>\n<li><strong>Tworzywo:<\/strong>\u00a0Papier powlekany, PET itp.<\/li>\n<li><strong>\u017beton:<\/strong>\u00a0Monza M4\/M5<\/li>\n<li><strong>Kolor:<\/strong>\u00a0Bia\u0142y<\/li>\n<li><strong>Protok\u00f3\u0142:<\/strong>\u00a0Globalny certyfikat EPC Class1 Gen2 ISO\/IEC 18000-6C<\/li>\n<li><strong>Cz\u0119stotliwo\u015b\u0107:<\/strong>\u00a0860-960MHz<\/li>\n<li><strong>Zakres czytelnik\u00f3w:<\/strong>\u00a06M~12M (w zale\u017cno\u015bci od \u015brodowiska i odleg\u0142o\u015bci odczytu i zapisu)<\/li>\n<li><strong>Metoda pracy:<\/strong>\u00a0Pasywny<\/li>\n<li><strong>Praca przy recyklingu:<\/strong>\u00a0&gt;100000 razy<\/li>\n<li><strong>Aplikacja:<\/strong>\u00a0Mo\u017cliwo\u015b\u0107 \u015bledzenia podr\u00f3bek, transmisja danych.<\/li>\n<\/ul>\n<p><strong>Opis uk\u0142ad\u00f3w UHF RFID Inlay Monza M4:<\/strong><\/p>\n<p>Te wk\u0142adki UHF RFID, wyposa\u017cone w chipy Monza M4\/M5, s\u0105 przeznaczone do r\u00f3\u017cnych zastosowa\u0144 wymagaj\u0105cych niezawodnej transmisji danych i zabezpiecze\u0144 przed fa\u0142szerstwami.<\/p>\n<p><strong>G\u0142\u00f3wne cechy:<\/strong><\/p>\n<ul>\n<li><strong>Wytrzyma\u0142y:<\/strong>\u00a0Wykonane z wysokiej jako\u015bci materia\u0142\u00f3w dla d\u0142u\u017cszej \u017cywotno\u015bci.<\/li>\n<li><strong>Niezawodny:<\/strong>\u00a0Zapewnia solidn\u0105 wydajno\u015b\u0107 umo\u017cliwiaj\u0105c\u0105 dok\u0142adne przechwytywanie danych.<\/li>\n<li><strong>Wszechstronny:<\/strong>\u00a0Nadaje si\u0119 do r\u00f3\u017cnych zastosowa\u0144, w tym \u015bledzenia zapas\u00f3w, zarz\u0105dzania aktywami i monitorowania \u0142a\u0144cucha dostaw.<\/li>\n<li><strong>Bezpieczny:<\/strong>\u00a0Wspiera dzia\u0142ania maj\u0105ce na celu zwalczanie podr\u00f3bek i zapewnia autentyczno\u015b\u0107 produktu.<\/li>\n<\/ul>\n<h2>UHF RFID Inlay Monza M4\/M5 Chips: Cz\u0119sto zadawane pytania<\/h2>\n<p><strong>1. Jaka jest r\u00f3\u017cnica pomi\u0119dzy chipami Monza M4 i Monza M5?<\/strong><\/p>\n<p>Chipy Monza M4 i M5 to wydajne chipy UHF RFID. G\u0142\u00f3wna r\u00f3\u017cnica polega na pojemno\u015bci pami\u0119ci:<\/p>\n<ul>\n<li><strong>Monza M4:<\/strong>\u00a0Oferuje 128 bit\u00f3w pami\u0119ci u\u017cytkownika.<\/li>\n<li><strong>Monza M5:<\/strong>\u00a0Oferuje 512 bit\u00f3w pami\u0119ci u\u017cytkownika.<\/li>\n<\/ul>\n<p>Oznacza to, \u017ce Monza M5 mo\u017ce przechowywa\u0107 znacznie wi\u0119cej danych, dzi\u0119ki czemu idealnie nadaje si\u0119 do zastosowa\u0144 wymagaj\u0105cych przechowywania du\u017cych ilo\u015bci danych.<\/p>\n<p><strong>2. Jakie s\u0105 zalety stosowania chip\u00f3w UHF RFID Inlay Monza M4?<\/strong><\/p>\n<p>Chipy Monza M4\/M5 zapewniaj\u0105 liczne korzy\u015bci:<\/p>\n<ul>\n<li><strong>Wysoki zakres odczytu:<\/strong>\u00a0Oferuj\u0105 doskona\u0142y zasi\u0119g odczytu, wynosz\u0105cy w optymalnych warunkach nawet 12 metr\u00f3w.<\/li>\n<li><strong>Szybkie pr\u0119dko\u015bci odczytu\/zapisu:<\/strong>\u00a0Te uk\u0142ady umo\u017cliwiaj\u0105 szybki dost\u0119p do danych, usprawniaj\u0105c operacje.<\/li>\n<li><strong>Lepsza wydajno\u015b\u0107:<\/strong>\u00a0Zapewniaj\u0105 niezawodn\u0105 i sp\u00f3jn\u0105 wydajno\u015b\u0107 w trudnych warunkach.<\/li>\n<li><strong>Bezpiecze\u0144stwo danych:<\/strong>\u00a0Uk\u0142ady scalone zawieraj\u0105 funkcje bezpiecze\u0144stwa chroni\u0105ce poufne dane.<\/li>\n<\/ul>\n<p><strong>3. Jakiego rodzaju zastosowania nadaj\u0105 si\u0119 do stosowania wk\u0142ad\u00f3w RFID Monza M4\/M5?<\/strong><\/p>\n<p>Tego typu wk\u0142adki \u015bwietnie nadaj\u0105 si\u0119 do szerokiej gamy zastosowa\u0144, w tym:<\/p>\n<ul>\n<li><strong>Zarz\u0105dzanie zapasami:<\/strong>\u00a0\u015aledzenie poziomu zapas\u00f3w i przep\u0142ywu produkt\u00f3w w magazynach i sklepach detalicznych.<\/li>\n<li><strong>\u015aledzenie aktyw\u00f3w:<\/strong>\u00a0Monitorowanie zasob\u00f3w, sprz\u0119tu i narz\u0119dzi w r\u00f3\u017cnych \u015brodowiskach.<\/li>\n<li><strong>Zarz\u0105dzanie \u0142a\u0144cuchem dostaw:<\/strong>\u00a0Poprawa widoczno\u015bci i przejrzysto\u015bci \u0142a\u0144cucha dostaw.<\/li>\n<li><strong>Zwalczanie podr\u00f3bek:<\/strong>\u00a0Zapobieganie podrabianiu produkt\u00f3w i zapewnienie ich autentyczno\u015bci.<\/li>\n<li><strong>Kontrola dost\u0119pu:<\/strong>\u00a0Zarz\u0105dzanie dost\u0119pem do obszar\u00f3w zabezpieczonych lub przestrzeni o ograniczonym dost\u0119pie.<\/li>\n<\/ul>\n<p><strong>4. Jak mog\u0119 wybra\u0107 w\u0142a\u015bciw\u0105 wk\u0142adk\u0119 RFID do mojego konkretnego zastosowania?<\/strong><\/p>\n<p>Optymalny wyb\u00f3r wk\u0142adki RFID zale\u017cy od konkretnych wymaga\u0144 danej aplikacji:<\/p>\n<ul>\n<li><strong>Potrzeby w zakresie przechowywania danych:<\/strong>\u00a0Je\u015bli potrzebujesz przechowywa\u0107 wi\u0119ksz\u0105 ilo\u015b\u0107 danych, rozwa\u017c model Monza M5 z wi\u0119ksz\u0105 pojemno\u015bci\u0105 pami\u0119ci.<\/li>\n<li><strong>Zakres odczytu:<\/strong>\u00a0Okre\u015bl wymagany zakres odczytu, aby zapewni\u0107 prawid\u0142ow\u0105 identyfikacj\u0119 tagu.<\/li>\n<li><strong>Warunki \u015brodowiskowe:<\/strong>\u00a0Przy wyborze wytrzyma\u0142ej wk\u0142adki nale\u017cy wzi\u0105\u0107 pod uwag\u0119 warunki otoczenia (temperatur\u0119, wilgotno\u015b\u0107 itp.).<\/li>\n<li><strong>Typ aplikacji:<\/strong>\u00a0Wyb\u00f3r wk\u0142adki b\u0119dzie zale\u017ca\u0142 od konkretnego zastosowania (np. \u015bledzenia zapas\u00f3w, zarz\u0105dzania aktywami).<\/li>\n<\/ul>\n<p><strong>5. Jakie s\u0105 typowe koszty zwi\u0105zane z intarsjami RFID wykorzystuj\u0105cymi chipy Monza M4\/M5?<\/strong><\/p>\n<p>Koszt wk\u0142adek RFID r\u00f3\u017cni si\u0119 w zale\u017cno\u015bci od takich czynnik\u00f3w, jak typ chipa, projekt wk\u0142adki, zam\u00f3wiona ilo\u015b\u0107 i dodatkowe funkcje. Skontaktuj si\u0119 z producentami lub dostawcami RFID, aby uzyska\u0107 dok\u0142adne informacje o cenach.<\/p>\n<p><strong>6. Czy wk\u0142adki Monza M4\/M5 s\u0105 kompatybilne ze standardowymi czytnikami RFID?<\/strong><\/p>\n<p>Tak, wk\u0142adki te s\u0105 przeznaczone do wsp\u00f3\u0142pracy ze standardowymi czytnikami RFID dzia\u0142aj\u0105cymi w pa\u015bmie cz\u0119stotliwo\u015bci UHF.<\/p>\n<p><strong>7. Gdzie mog\u0119 kupi\u0107 wk\u0142adki RFID Monza M4\/M5?<\/strong><\/p>\n<p>Wk\u0142adki RFID z chipami Monza M4\/M5 s\u0105 szeroko dost\u0119pne u r\u00f3\u017cnych producent\u00f3w i dostawc\u00f3w specjalizuj\u0105cych si\u0119 w technologii RFID.<\/p>\n<p><strong>8. Czy istniej\u0105 jakie\u015b \u017ar\u00f3d\u0142a, kt\u00f3re pomog\u0105 mi dowiedzie\u0107 si\u0119 wi\u0119cej na temat technologii RFID?<\/strong><\/p>\n<p>Tak, mo\u017cesz znale\u017a\u0107 liczne materia\u0142y w Internecie i za po\u015brednictwem stowarzysze\u0144 bran\u017cowych RFID:<\/p>\n<ul>\n<li><strong>Dziennik RFID:<\/strong>\u00a0Wiod\u0105ce \u017ar\u00f3d\u0142o wiadomo\u015bci i informacji na temat RFID.<\/li>\n<li><strong>Stowarzyszenie bran\u017cy RFID (RFIDIA):<\/strong>\u00a0Globalna organizacja promuj\u0105ca wykorzystanie technologii RFID.<\/li>\n<li><strong>Strony internetowe producent\u00f3w:<\/strong>\u00a0Aby uzyska\u0107 dokumentacj\u0119 techniczn\u0105 i pomoc, odwied\u017a strony internetowe g\u0142\u00f3wnych producent\u00f3w uk\u0142ad\u00f3w RFID.<\/li>\n<\/ul>\n<\/div>\n<div class=\"auto-hide-last-sibling-br paragraph_9dc5f paragraph-element\"><\/div>\n<div class=\"auto-hide-last-sibling-br paragraph_9dc5f paragraph-element\"><\/div>","protected":false},"excerpt":{"rendered":"<p>Chipy UHF RFID Inlay Monza M4 do inwentaryzacji, \u015bledzenia aktyw\u00f3w i zapobiegania fa\u0142szerstwom. Wysokie zakresy odczytu, szybki dost\u0119p do danych i solidna wydajno\u015b\u0107.<\/p>","protected":false},"featured_media":724,"template":"","meta":{"_kad_post_transparent":"default","_kad_post_title":"","_kad_post_layout":"default","_kad_post_sidebar_id":"","_kad_post_content_style":"default","_kad_post_vertical_padding":"default","_kad_post_feature":"","_kad_post_feature_position":"","_kad_post_header":false,"_kad_post_footer":false,"_kad_post_classname":""},"product_brand":[],"product_cat":[54,189],"product_tag":[108,190],"class_list":{"0":"post-723","1":"product","2":"type-product","3":"status-publish","4":"has-post-thumbnail","6":"product_cat-hot-selling-rfid-tags","7":"product_cat-rfid-inlay","8":"product_tag-rfid-inlay","9":"product_tag-uhf-rfid-inlay-monza-m4-m5-chips","11":"first","12":"instock","13":"shipping-taxable","14":"product-type-simple","15":"entry","16":"content-bg","17":"loop-entry"},"_links":{"self":[{"href":"https:\/\/rfid-laundry-tag.com\/pl\/wp-json\/wp\/v2\/product\/723","targetHints":{"allow":["GET"]}}],"collection":[{"href":"https:\/\/rfid-laundry-tag.com\/pl\/wp-json\/wp\/v2\/product"}],"about":[{"href":"https:\/\/rfid-laundry-tag.com\/pl\/wp-json\/wp\/v2\/types\/product"}],"version-history":[{"count":4,"href":"https:\/\/rfid-laundry-tag.com\/pl\/wp-json\/wp\/v2\/product\/723\/revisions"}],"predecessor-version":[{"id":1331,"href":"https:\/\/rfid-laundry-tag.com\/pl\/wp-json\/wp\/v2\/product\/723\/revisions\/1331"}],"wp:featuredmedia":[{"embeddable":true,"href":"https:\/\/rfid-laundry-tag.com\/pl\/wp-json\/wp\/v2\/media\/724"}],"wp:attachment":[{"href":"https:\/\/rfid-laundry-tag.com\/pl\/wp-json\/wp\/v2\/media?parent=723"}],"wp:term":[{"taxonomy":"product_brand","embeddable":true,"href":"https:\/\/rfid-laundry-tag.com\/pl\/wp-json\/wp\/v2\/product_brand?post=723"},{"taxonomy":"product_cat","embeddable":true,"href":"https:\/\/rfid-laundry-tag.com\/pl\/wp-json\/wp\/v2\/product_cat?post=723"},{"taxonomy":"product_tag","embeddable":true,"href":"https:\/\/rfid-laundry-tag.com\/pl\/wp-json\/wp\/v2\/product_tag?post=723"}],"curies":[{"name":"wp","href":"https:\/\/api.w.org\/{rel}","templated":true}]}}