{"id":64,"date":"2024-06-10T16:33:33","date_gmt":"2024-06-10T16:33:33","guid":{"rendered":"https:\/\/rfid-laundry-tag.com\/?post_type=product&#038;p=64"},"modified":"2024-06-11T16:36:19","modified_gmt":"2024-06-11T16:36:19","slug":"nfc-button-ntag213","status":"publish","type":"product","link":"https:\/\/rfid-laundry-tag.com\/pl\/nfc-button-ntag213\/","title":{"rendered":"Przycisk NFC | Ntag213"},"content":{"rendered":"<div class=\"J_module\">\n<div class=\"ife-detail-decorate-table\">\n<table class=\"has-title all magic-6\">\n<tbody>\n<tr>\n<td colspan=\"1\" rowspan=\"1\">\n<div class=\"magic-7\" data-spm-anchor-id=\"a2700.details.0.i45.77607d98vZbcDU\"><span class=\"magic-8\" style=\"color: #363535;\">Nazwa przedmiotu<\/span><\/div>\n<\/td>\n<td colspan=\"1\" rowspan=\"1\">\n<div class=\"magic-9\">Przycisk NFC | Ntag213<\/div>\n<\/td>\n<\/tr>\n<tr>\n<td colspan=\"1\" rowspan=\"1\">\n<div class=\"magic-7\"><span class=\"magic-10\" data-spm-anchor-id=\"a2700.pc-decorate.0.i10.28d333330XLbTD\"><span class=\"magic-8\">Tworzywo<\/span><\/span><\/div>\n<\/td>\n<td colspan=\"1\" rowspan=\"1\">\n<div class=\"magic-9\"><span class=\"magic-8\">PPS<\/span><\/div>\n<\/td>\n<\/tr>\n<tr>\n<td colspan=\"1\" rowspan=\"1\">\n<div class=\"magic-7\"><span class=\"magic-8\">Kolor<\/span><\/div>\n<\/td>\n<td colspan=\"1\" rowspan=\"1\">\n<div class=\"magic-9\"><span class=\"magic-8\">Czarny, \u017c\u00f3\u0142ty itp.<\/span><\/div>\n<\/td>\n<\/tr>\n<tr>\n<td colspan=\"1\" rowspan=\"1\">Minimalna ilo\u015b\u0107 zam\u00f3wienia<\/td>\n<td colspan=\"1\" rowspan=\"1\">500szt<\/td>\n<\/tr>\n<tr>\n<td colspan=\"1\" rowspan=\"1\">\n<div class=\"magic-7\"><span class=\"magic-8\">Producent\/Chip<\/span><\/div>\n<\/td>\n<td colspan=\"1\" rowspan=\"1\">\n<div class=\"magic-9\"><span class=\"magic-8\">NXP Ntag213 <\/span><\/div>\n<\/td>\n<\/tr>\n<tr>\n<td colspan=\"1\" rowspan=\"1\">\n<div class=\"magic-7\"><span class=\"magic-8\">Cz\u0119stotliwo\u015b\u0107<\/span><\/div>\n<\/td>\n<td colspan=\"1\" rowspan=\"1\">\n<div class=\"magic-9\"><span class=\"magic-8\">13,56MHz<\/span><\/div>\n<\/td>\n<\/tr>\n<tr>\n<td colspan=\"1\" rowspan=\"1\">\n<div class=\"magic-7\"><span class=\"magic-8\">Pami\u0119\u0107<\/span><\/div>\n<\/td>\n<td colspan=\"1\" rowspan=\"1\">\n<div class=\"magic-9\"><span class=\"magic-8\">144 bajt\u00f3w<\/span><\/div>\n<\/td>\n<\/tr>\n<tr>\n<td colspan=\"1\" rowspan=\"1\">\n<div class=\"magic-7\"><span class=\"magic-8\">Odczyt odleg\u0142o\u015bci<\/span><\/div>\n<\/td>\n<td colspan=\"1\" rowspan=\"1\">\n<div class=\"magic-9\"><span class=\"magic-8\">1~5cm<\/span><\/div>\n<\/td>\n<\/tr>\n<tr>\n<td colspan=\"1\" rowspan=\"1\">\n<div class=\"magic-7\"><span class=\"magic-8\">Tryb pracy<\/span><\/div>\n<\/td>\n<td colspan=\"1\" rowspan=\"1\">\n<div class=\"magic-9\"><span class=\"magic-8\">pasywny<\/span><\/div>\n<\/td>\n<\/tr>\n<tr>\n<td colspan=\"1\" rowspan=\"1\">\n<div class=\"magic-7\"><span class=\"magic-8\">Temperatura pracy<\/span><\/div>\n<\/td>\n<td colspan=\"1\" rowspan=\"1\">\n<div class=\"magic-9\"><span class=\"magic-8\">-25\u2103~+110\u2103<\/span><\/div>\n<\/td>\n<\/tr>\n<tr>\n<td colspan=\"1\" rowspan=\"1\">\n<div class=\"magic-7\"><span class=\"magic-8\">Temperatura przechowywania<\/span><\/div>\n<\/td>\n<td colspan=\"1\" rowspan=\"1\">\n<div class=\"magic-9\"><span class=\"magic-8\">-40\u2103~+85\u2103<\/span><\/div>\n<\/td>\n<\/tr>\n<tr>\n<td colspan=\"1\" rowspan=\"1\">\n<div class=\"magic-7\">\n<div><span class=\"magic-8\">\u00a0<\/span><\/div>\n<p><span class=\"magic-8\">Kr\u00f3tkotrwa\u0142a odporno\u015b\u0107 na temperatur\u0119<\/span><\/p>\n<\/div>\n<\/td>\n<td colspan=\"1\" rowspan=\"1\">\n<div class=\"magic-9\"><span class=\"magic-8\">pranie: 90\u2103, 15 minut; wst\u0119pne suszenie konwertera: 180\u2103, 30 minut, 200 razy; prasowanie: 180\u2103, 10 sekund, 200 razy; wysoka<br \/>\ntemperatura sterylizacji: 135\u2103, 20 minut<\/span><\/div>\n<\/td>\n<\/tr>\n<tr>\n<td colspan=\"1\" rowspan=\"1\">\n<div class=\"magic-7\"><span class=\"magic-8\">Cechy<\/span><\/div>\n<\/td>\n<td colspan=\"1\" rowspan=\"1\">\n<div class=\"magic-9\"><span class=\"magic-8\">wodoodporny, zmywalny, odporny na wysok\u0105 temperatur\u0119<\/span><\/div>\n<\/td>\n<\/tr>\n<tr>\n<td colspan=\"1\" rowspan=\"1\">\n<div class=\"magic-7\"><span class=\"magic-8\">\u017bycie<\/span><\/div>\n<\/td>\n<td colspan=\"1\" rowspan=\"1\">\n<div class=\"magic-9\"><span class=\"magic-8\">pranie 200 razy lub 3 lata<\/span><\/div>\n<\/td>\n<\/tr>\n<tr>\n<td colspan=\"1\" rowspan=\"1\">\n<div class=\"magic-7\"><span class=\"magic-8\">Aplikacje<\/span><\/div>\n<\/td>\n<td colspan=\"1\" rowspan=\"1\">\n<div class=\"magic-9\"><span class=\"magic-8\">zarz\u0105dzanie i \u015bledzenie prania<\/span><\/div>\n<\/td>\n<\/tr>\n<\/tbody>\n<\/table>\n<\/div>\n<\/div>\n<div class=\"J_module\">\n<div class=\"detail-decorate-json-renderer-container\">\n<div class=\"magic-1\">\n<div>\n<div><\/div>\n<div class=\"auto-hide-last-sibling-br paragraph_1252f paragraph-element\"><strong>Karta danych uk\u0142adu NTAG213 przycisku NFC:<\/strong><\/div>\n<ul class=\"auto-hide-last-sibling-br\">\n<li>Producent: NXP Semiconductors<\/li>\n<li>Typ uk\u0142adu: NTAG213 (ISO\/IEC 14443 A)<\/li>\n<li>Pami\u0119\u0107: 144 bajt\u00f3w ca\u0142kowitej pami\u0119ci, podzielonej na 42 strony (po 4 bajty ka\u017cda)<\/li>\n<li>Zezwalaj na odczyt i zapis<\/li>\n<li>Funkcja UID ASCII Mirror<\/li>\n<li>Zintegrowany podpis oryginalno\u015bci<\/li>\n<li>Zgodno\u015b\u0107 z tagiem NFC Forum typu 2<\/li>\n<\/ul>\n<\/div>\n<div class=\"magic-2\">\n<div>\n<div class=\"auto-hide-last-sibling-br paragraph_1252f paragraph-element\">\n<div class=\"auto-hide-last-sibling-br paragraph_1252f paragraph-element\">Tagi pralnicze NFC z chipami NTAG213 to doskona\u0142y wyb\u00f3r dla \u015brodowisk wymagaj\u0105cych wysokiej trwa\u0142o\u015bci i niezawodnego \u015bledzenia, takich jak pralnie komercyjne i przemys\u0142owe, magazyny i firmy logistyczne. Dzi\u0119ki wytrzyma\u0142ej obudowie z tworzywa sztucznego PPS mog\u0105 skutecznie przeciwstawia\u0107 si\u0119 wyzwaniom \u015brodowiskowym, takim jak wilgo\u0107, oleje, chemikalia, wysokie ci\u015bnienie i wysokie temperatury.<\/div>\n<p>&nbsp;<\/p>\n<div class=\"auto-hide-last-sibling-br paragraph_1252f paragraph-element\"><strong>G\u0142\u00f3wne zalety tag\u00f3w pralniczych NFC PPS z chipami NTAG213 obejmuj\u0105:<\/strong><\/div>\n<div><\/div>\n<div class=\"auto-hide-last-sibling-br paragraph_1252f paragraph-element\"><strong>Pami\u0119\u0107 chroniona has\u0142em:<\/strong>\u00a0Funkcja ochrony has\u0142em NTAG213 pozwala zabezpieczy\u0107 dane przechowywane na etykiecie, zapewniaj\u0105c dodatkow\u0105 warstw\u0119 bezpiecze\u0144stwa uniemo\u017cliwiaj\u0105c\u0105 nieautoryzowany dost\u0119p lub zmiany.<\/div>\n<div class=\"auto-hide-last-sibling-br paragraph_1252f paragraph-element\"><strong>Doskona\u0142a odleg\u0142o\u015b\u0107 skanowania:<\/strong>\u00a0Mimo \u017ce technologia NFC zosta\u0142a zaprojektowana do komunikacji kr\u00f3tkiego zasi\u0119gu, uk\u0142ad NTAG213 zosta\u0142 opracowany tak, aby zapewni\u0107 doskona\u0142y zasi\u0119g skanowania, umo\u017cliwiaj\u0105c szybsze i dok\u0142adniejsze \u015bledzenie przedmiot\u00f3w.<\/div>\n<div class=\"auto-hide-last-sibling-br paragraph_1252f paragraph-element\"><strong>Prawdziwa funkcja antykolizyjna:<\/strong>\u00a0Funkcja ta umo\u017cliwia urz\u0105dzeniu czytnika skanowanie i interakcj\u0119 z wieloma tagami jednocze\u015bnie. Jest to przydatne w sytuacjach, w kt\u00f3rych du\u017ca liczba element\u00f3w musi by\u0107 \u015bledzona jednocze\u015bnie, np. w partiach prania lub paletach w magazynach.<\/div>\n<p>&nbsp;<\/p>\n<div class=\"auto-hide-last-sibling-br paragraph_1252f paragraph-element\"><strong>Elastyczne zastosowanie:<\/strong>\u00a0Tagi pralnicze NFC PPS mo\u017cna naszy\u0107 na tkanin\u0119 lub przymocowa\u0107 do r\u00f3\u017cnych powierzchni, dzi\u0119ki czemu s\u0105 uniwersalne i mo\u017cna ich u\u017cywa\u0107 nie tylko do \u015bledzenia po\u015bcieli, ale tak\u017ce narz\u0119dzi, sprz\u0119tu i innych przedmiot\u00f3w, kt\u00f3re musz\u0105 wytrzyma\u0107 trudne warunki.<\/div>\n<p>&nbsp;<\/p>\n<div class=\"auto-hide-last-sibling-br paragraph_1252f paragraph-element\">Og\u00f3lnie rzecz bior\u0105c, stosowanie tych trwa\u0142ych, wszechstronnych i wydajnych tag\u00f3w pralniczych NFC PPS pomaga w znacznym usprawnieniu operacji i zarz\u0105dzania zapasami w r\u00f3\u017cnych bran\u017cach, w kt\u00f3rych wykonuje si\u0119 du\u017ce ilo\u015bci prac o wysokiej cz\u0119stotliwo\u015bci.<\/div>\n<\/div>\n<\/div>\n<\/div>\n<\/div>\n<\/div>\n<\/div>","protected":false},"excerpt":{"rendered":"<div class=\"auto-hide-last-sibling-br paragraph_1252f paragraph-element\">Przycisk NFC, znany powszechnie jako etykieta pralnicza PPS RFID, zosta\u0142 zaprojektowany specjalnie do zastosowa\u0144 wymagaj\u0105cych trwa\u0142ego znacznika, kt\u00f3ry wytrzyma trudne warunki pracy.<\/div>\n<div class=\"auto-hide-last-sibling-br paragraph_1252f paragraph-element\">Obecnie wi\u0119kszo\u015b\u0107 rynku sk\u0142ania si\u0119 ku wykorzystaniu transponder\u00f3w pralniczych UHF. Jednak pewne scenariusze wymagaj\u0105 r\u00f3wnie\u017c wykorzystania tag\u00f3w pralniczych NFC, kt\u00f3re obs\u0142uguj\u0105 aplikacje mobilne. Transpondery pralnicze RFID z przyciskiem skutecznie zaspokajaj\u0105 te potrzeby.<\/div>\n<div class=\"auto-hide-last-sibling-br paragraph_1252f paragraph-element\"><\/div>","protected":false},"featured_media":65,"template":"","meta":{"_kad_post_transparent":"default","_kad_post_title":"","_kad_post_layout":"default","_kad_post_sidebar_id":"","_kad_post_content_style":"default","_kad_post_vertical_padding":"default","_kad_post_feature":"","_kad_post_feature_position":"","_kad_post_header":false,"_kad_post_footer":false,"_kad_post_classname":""},"product_brand":[],"product_cat":[21,17],"product_tag":[37,36,35,33],"class_list":{"0":"post-64","1":"product","2":"type-product","3":"status-publish","4":"has-post-thumbnail","6":"product_cat-pps-rfid-laundry-tag","7":"product_cat-nfc-rfid-laundry-tag","8":"product_tag-nfc-button","9":"product_tag-nfc-button-ntag213","10":"product_tag-rfid-button","11":"product_tag-rfid-laundry-tag-button","13":"first","14":"instock","15":"shipping-taxable","16":"product-type-simple","17":"entry","18":"content-bg","19":"loop-entry"},"_links":{"self":[{"href":"https:\/\/rfid-laundry-tag.com\/pl\/wp-json\/wp\/v2\/product\/64","targetHints":{"allow":["GET"]}}],"collection":[{"href":"https:\/\/rfid-laundry-tag.com\/pl\/wp-json\/wp\/v2\/product"}],"about":[{"href":"https:\/\/rfid-laundry-tag.com\/pl\/wp-json\/wp\/v2\/types\/product"}],"version-history":[{"count":0,"href":"https:\/\/rfid-laundry-tag.com\/pl\/wp-json\/wp\/v2\/product\/64\/revisions"}],"wp:featuredmedia":[{"embeddable":true,"href":"https:\/\/rfid-laundry-tag.com\/pl\/wp-json\/wp\/v2\/media\/65"}],"wp:attachment":[{"href":"https:\/\/rfid-laundry-tag.com\/pl\/wp-json\/wp\/v2\/media?parent=64"}],"wp:term":[{"taxonomy":"product_brand","embeddable":true,"href":"https:\/\/rfid-laundry-tag.com\/pl\/wp-json\/wp\/v2\/product_brand?post=64"},{"taxonomy":"product_cat","embeddable":true,"href":"https:\/\/rfid-laundry-tag.com\/pl\/wp-json\/wp\/v2\/product_cat?post=64"},{"taxonomy":"product_tag","embeddable":true,"href":"https:\/\/rfid-laundry-tag.com\/pl\/wp-json\/wp\/v2\/product_tag?post=64"}],"curies":[{"name":"wp","href":"https:\/\/api.w.org\/{rel}","templated":true}]}}