{"id":62,"date":"2024-06-10T16:32:32","date_gmt":"2024-06-10T16:32:32","guid":{"rendered":"https:\/\/rfid-laundry-tag.com\/?post_type=product&#038;p=62"},"modified":"2024-06-10T16:32:32","modified_gmt":"2024-06-10T16:32:32","slug":"rfid-laundry-tag-button","status":"publish","type":"product","link":"https:\/\/rfid-laundry-tag.com\/pl\/rfid-laundry-tag-button\/","title":{"rendered":"Przycisk RFID do prania"},"content":{"rendered":"<div class=\"J_module\">\n<div class=\"ife-detail-decorate-table\">\n<table class=\"has-title all magic-6\">\n<tbody>\n<tr>\n<td colspan=\"1\" rowspan=\"1\">\n<div class=\"magic-7\" data-spm-anchor-id=\"a2700.details.0.i45.77607d98vZbcDU\"><span class=\"magic-8\" style=\"color: #363535;\">Nazwa przedmiotu<\/span><\/div>\n<\/td>\n<td colspan=\"1\" rowspan=\"1\">\n<div class=\"magic-9\"><span class=\"magic-8\">Przycisk RFID do prania<\/span><\/div>\n<\/td>\n<\/tr>\n<tr>\n<td colspan=\"1\" rowspan=\"1\">\n<div class=\"magic-7\"><span class=\"magic-10\" data-spm-anchor-id=\"a2700.pc-decorate.0.i10.28d333330XLbTD\"><span class=\"magic-8\">Tworzywo<\/span><\/span><\/div>\n<\/td>\n<td colspan=\"1\" rowspan=\"1\">\n<div class=\"magic-9\"><span class=\"magic-8\">PPS<\/span><\/div>\n<\/td>\n<\/tr>\n<tr>\n<td colspan=\"1\" rowspan=\"1\">\n<div class=\"magic-7\"><span class=\"magic-8\">Kolor<\/span><\/div>\n<\/td>\n<td colspan=\"1\" rowspan=\"1\">\n<div class=\"magic-9\"><span class=\"magic-8\">Czarny, \u017c\u00f3\u0142ty itp.<\/span><\/div>\n<\/td>\n<\/tr>\n<tr>\n<td colspan=\"1\" rowspan=\"1\">Minimalna ilo\u015b\u0107 zam\u00f3wienia<\/td>\n<td colspan=\"1\" rowspan=\"1\">500szt<\/td>\n<\/tr>\n<tr>\n<td colspan=\"1\" rowspan=\"1\">\n<div class=\"magic-7\"><span class=\"magic-8\">Producent\/Chip<\/span><\/div>\n<\/td>\n<td colspan=\"1\" rowspan=\"1\">\n<div class=\"magic-9\"><span class=\"magic-8\">NXP UCODE 8, UCODE 9\/NTAG213\/EM4305, T5577 itp<\/span><\/div>\n<\/td>\n<\/tr>\n<tr>\n<td colspan=\"1\" rowspan=\"1\">\n<div class=\"magic-7\"><span class=\"magic-8\">Cz\u0119stotliwo\u015b\u0107<\/span><\/div>\n<\/td>\n<td colspan=\"1\" rowspan=\"1\">\n<div class=\"magic-9\"><span class=\"magic-8\">860-960MHz\/13,56MHz\/125KHz<\/span><\/div>\n<\/td>\n<\/tr>\n<tr>\n<td colspan=\"1\" rowspan=\"1\">\n<div class=\"magic-7\"><span class=\"magic-8\">Pami\u0119\u0107<\/span><\/div>\n<\/td>\n<td colspan=\"1\" rowspan=\"1\">\n<div class=\"magic-9\"><span class=\"magic-8\">96 bit\u00f3w\/128 bit\u00f3w\/144 bajt\u00f3w<\/span><\/div>\n<\/td>\n<\/tr>\n<tr>\n<td colspan=\"1\" rowspan=\"1\">\n<div class=\"magic-7\"><span class=\"magic-8\">Odczyt odleg\u0142o\u015bci<\/span><\/div>\n<\/td>\n<td colspan=\"1\" rowspan=\"1\">\n<div class=\"magic-9\"><span class=\"magic-8\">1-6m\/1~5cm\/1~2cm<\/span><\/div>\n<\/td>\n<\/tr>\n<tr>\n<td colspan=\"1\" rowspan=\"1\">\n<div class=\"magic-7\"><span class=\"magic-8\">Tryb pracy<\/span><\/div>\n<\/td>\n<td colspan=\"1\" rowspan=\"1\">\n<div class=\"magic-9\"><span class=\"magic-8\">pasywny<\/span><\/div>\n<\/td>\n<\/tr>\n<tr>\n<td colspan=\"1\" rowspan=\"1\">\n<div class=\"magic-7\"><span class=\"magic-8\">Temperatura pracy<\/span><\/div>\n<\/td>\n<td colspan=\"1\" rowspan=\"1\">\n<div class=\"magic-9\"><span class=\"magic-8\">-25\u2103~+110\u2103<\/span><\/div>\n<\/td>\n<\/tr>\n<tr>\n<td colspan=\"1\" rowspan=\"1\">\n<div class=\"magic-7\"><span class=\"magic-8\">Temperatura przechowywania<\/span><\/div>\n<\/td>\n<td colspan=\"1\" rowspan=\"1\">\n<div class=\"magic-9\"><span class=\"magic-8\">-40\u2103~+85\u2103<\/span><\/div>\n<\/td>\n<\/tr>\n<tr>\n<td colspan=\"1\" rowspan=\"1\">\n<div class=\"magic-7\">\n<div><span class=\"magic-8\">\u00a0<\/span><\/div>\n<p><span class=\"magic-8\">Kr\u00f3tkotrwa\u0142a odporno\u015b\u0107 na temperatur\u0119<\/span><\/div>\n<\/td>\n<td colspan=\"1\" rowspan=\"1\">\n<div class=\"magic-9\"><span class=\"magic-8\">pranie: 90\u2103, 15 minut; wst\u0119pne suszenie konwertera: 180\u2103, 30 minut, 200 razy; prasowanie: 180\u2103, 10 sekund, 200 razy; wysoka<br \/>\ntemperatura sterylizacji: 135\u2103, 20 minut<\/span><\/div>\n<\/td>\n<\/tr>\n<tr>\n<td colspan=\"1\" rowspan=\"1\">\n<div class=\"magic-7\"><span class=\"magic-8\">Cechy<\/span><\/div>\n<\/td>\n<td colspan=\"1\" rowspan=\"1\">\n<div class=\"magic-9\"><span class=\"magic-8\">wodoodporny, zmywalny, odporny na wysok\u0105 temperatur\u0119<\/span><\/div>\n<\/td>\n<\/tr>\n<tr>\n<td colspan=\"1\" rowspan=\"1\">\n<div class=\"magic-7\"><span class=\"magic-8\">\u017bycie<\/span><\/div>\n<\/td>\n<td colspan=\"1\" rowspan=\"1\">\n<div class=\"magic-9\"><span class=\"magic-8\">pranie 200 razy lub 3 lata<\/span><\/div>\n<\/td>\n<\/tr>\n<tr>\n<td colspan=\"1\" rowspan=\"1\">\n<div class=\"magic-7\"><span class=\"magic-8\">Aplikacje<\/span><\/div>\n<\/td>\n<td colspan=\"1\" rowspan=\"1\">\n<div class=\"magic-9\"><span class=\"magic-8\">zarz\u0105dzanie i \u015bledzenie prania<\/span><\/div>\n<\/td>\n<\/tr>\n<\/tbody>\n<\/table>\n<\/div>\n<\/div>\n<div class=\"J_module\">\n<div class=\"detail-decorate-json-renderer-container\">\n<div class=\"magic-1\">\n<div class=\"magic-2\">\n<div class=\"magic-3\">\n<div><\/div>\n<div class=\"magic-4\"><span class=\"magic-5\" style=\"color: #2196ed;\"><b class=\"magic-10\">Przycisk RFID do prania<\/b><\/span><\/p>\n<div><\/div>\n<\/div>\n<\/div>\n<div>\n<div class=\"auto-hide-last-sibling-br paragraph_1252f paragraph-element\">Etykiety pralnicze PPS odporne na wysokie temperatury stanowi\u0105 doskona\u0142e rozwi\u0105zanie do \u015bledzenia w obiektach komercyjnych, takich jak sto\u0142\u00f3wki i restauracje, gdzie stale obs\u0142uguje si\u0119 du\u017ce ilo\u015bci naczy\u0144 sto\u0142owych:<\/div>\n<p><br class=\"container_e695a wrapper_ad07b undefined\" \/><\/p>\n<ol class=\"auto-hide-last-sibling-br\">\n<li>\n<div class=\"auto-hide-last-sibling-br paragraph_1252f paragraph-element\">Doskona\u0142e \u015bledzenie: Do\u0142\u0105czenie do ka\u017cdego elementu zastawy sto\u0142owej znacznika RFID zawieraj\u0105cego unikalne informacje identyfikacyjne (takie jak typ artyku\u0142u, producent i data zakupu) umo\u017cliwia \u015bledzenie post\u0119p\u00f3w ka\u017cdego elementu w procesie zmywania naczy\u0144 za pomoc\u0105 czytnik\u00f3w RFID.<\/div>\n<\/li>\n<li>\n<div class=\"auto-hide-last-sibling-br paragraph_1252f paragraph-element\">Wysoka trwa\u0142o\u015b\u0107: Poddawanie si\u0119 wysokim temperaturom i agresywnym chemikaliom nie stanowi \u017cadnego wyzwania dla odpornych na wysokie temperatury tag\u00f3w RFID PPS. Zosta\u0142y one starannie zaprojektowane, aby wytrzyma\u0107 takie warunki, co czyni je idealnym wyborem do \u015bledzenia naczy\u0144 sto\u0142owych w komercyjnych zmywarkach.<\/div>\n<\/li>\n<li>\n<div class=\"auto-hide-last-sibling-br paragraph_1252f paragraph-element\">Efektywne zarz\u0105dzanie zapasami: Po wyczyszczeniu, zdezynfekowaniu i przechowywaniu w celu ponownego u\u017cycia, tagi RFID mog\u0105 \u0142atwo \u015bledzi\u0107 dost\u0119pno\u015b\u0107 i lokalizacj\u0119 ka\u017cdego przedmiotu. Zapewnia to wystarczaj\u0105co sta\u0142y zapas czystej zastawy sto\u0142owej, eliminuj\u0105c mo\u017cliwo\u015b\u0107 niedoboru lub niew\u0142a\u015bciwego obchodzenia si\u0119 z ni\u0105.<\/div>\n<\/li>\n<li>\n<div class=\"auto-hide-last-sibling-br paragraph_1252f paragraph-element\">Usprawniona logistyka: Wdro\u017cenie tag\u00f3w RFID PPS Laundry usprawnia zarz\u0105dzanie zapasami i procedurami logistycznymi w \u015brodowiskach, w kt\u00f3rych panuj\u0105 wysokie temperatury, takich jak komercyjne zmywarki naczy\u0144.<\/div>\n<\/li>\n<\/ol>\n<div class=\"auto-hide-last-sibling-br paragraph_1252f paragraph-element\"><strong>Zalety przycisku pralniczego RFID<\/strong><\/div>\n<ol class=\"auto-hide-last-sibling-br\">\n<li>\n<div class=\"auto-hide-last-sibling-br paragraph_1252f paragraph-element\">Efektywne \u015bledzenie: identyfikatory pralnicze RFID u\u0142atwiaj\u0105 \u015bledzenie artyku\u0142\u00f3w odzie\u017cowych w ca\u0142ym procesie prania, zwi\u0119kszaj\u0105c wydajno\u015b\u0107 operacyjn\u0105 i produktywno\u015b\u0107.<\/div>\n<\/li>\n<li>\n<div class=\"auto-hide-last-sibling-br paragraph_1252f paragraph-element\">Zach\u0119ca do automatyzacji: Przyciski te pomagaj\u0105 ograniczy\u0107 konieczno\u015b\u0107 wykonywania pracy r\u0119cznej i potencjalnych b\u0142\u0119d\u00f3w z ni\u0105 zwi\u0105zanych, promuj\u0105c wydajny, zautomatyzowany system.<\/div>\n<\/li>\n<li>\n<div class=\"auto-hide-last-sibling-br paragraph_1252f paragraph-element\">Trwa\u0142o\u015b\u0107: Specjalnie zaprojektowane, by wytrzyma\u0107 trudne warunki prania, guziki te s\u0105 odporne na wysokie temperatury, ci\u015bnienie i chemikalia, co zapewnia ich d\u0142ugowieczno\u015b\u0107.<\/div>\n<\/li>\n<\/ol>\n<div class=\"auto-hide-last-sibling-br paragraph_1252f paragraph-element\"><strong>Cechy znacznika pralniczego RFID<\/strong><\/div>\n<ol class=\"auto-hide-last-sibling-br\">\n<li>\n<div class=\"auto-hide-last-sibling-br paragraph_1252f paragraph-element\">Unikalna identyfikacja: Ka\u017cdy tag zawiera unikalne informacje identyfikacyjne, u\u0142atwiaj\u0105ce bezproblemowe \u015bledzenie poszczeg\u00f3lnych element\u00f3w.<\/div>\n<\/li>\n<li>\n<div class=\"auto-hide-last-sibling-br paragraph_1252f paragraph-element\">Odporno\u015b\u0107 na wysok\u0105 temperatur\u0119: Przyciski pralnicze RFID zaprojektowano tak, aby wytrzymywa\u0142y wysokie temperatury, dzi\u0119ki czemu idealnie nadaj\u0105 si\u0119 do stosowania w pralniach.<\/div>\n<\/li>\n<li>\n<div class=\"auto-hide-last-sibling-br paragraph_1252f paragraph-element\">Mo\u017cliwo\u015bci NFC: Niekt\u00f3re tagi s\u0105 wyposa\u017cone w funkcj\u0119 NFC, kt\u00f3ra umo\u017cliwia ich skanowanie przy u\u017cyciu aplikacji mobilnych, co pozwala na zdalne \u015bledzenie i zarz\u0105dzanie.<\/div>\n<\/li>\n<\/ol>\n<div class=\"auto-hide-last-sibling-br paragraph_1252f paragraph-element\"><strong>Zastosowania przycisku pralniczego RFID<\/strong><\/div>\n<ol class=\"auto-hide-last-sibling-br\">\n<li>\n<div class=\"auto-hide-last-sibling-br paragraph_1252f paragraph-element\">Pralnie przemys\u0142owe: W sektorze przemys\u0142owym \u015bledzenie du\u017cych ilo\u015bci bielizny staje si\u0119 bezproblemowym zadaniem dzi\u0119ki wykorzystaniu identyfikator\u00f3w pralniczych RFID.<\/div>\n<\/li>\n<li>\n<div class=\"auto-hide-last-sibling-br paragraph_1252f paragraph-element\">Szpitale i hotele: W tych plac\u00f3wkach cz\u0119sto odbywa si\u0119 pralnia o du\u017cej liczbie prania, w kt\u00f3rej etykiety te okazuj\u0105 si\u0119 niezwykle pomocne w poprawie efektywno\u015bci i zarz\u0105dzaniu zapasami.<\/div>\n<\/li>\n<li>\n<div class=\"auto-hide-last-sibling-br paragraph_1252f paragraph-element\">Wynajem po\u015bcieli: Firmy oferuj\u0105ce us\u0142ugi wynajmu po\u015bcieli wykorzystuj\u0105 te etykiety w celu uproszczenia zarz\u0105dzania zapasami i utrzymania kontroli jako\u015bci.<\/div>\n<\/li>\n<\/ol>\n<div class=\"auto-hide-last-sibling-br paragraph_1252f paragraph-element\"><strong>Produkcja guzika RFID do pralni<\/strong><\/div>\n<div class=\"auto-hide-last-sibling-br paragraph_1252f paragraph-element\">Proces produkcji przypinek RFID Laundry Tag Buttons obejmuje osadzanie chipa RFID w obudowie z tworzywa sztucznego lub \u017cywicy, aby zapewni\u0107 jego wodoodporno\u015b\u0107 i odporno\u015b\u0107 na trudne warunki panuj\u0105ce w pralni. Podczas produkcji stosowane s\u0105 zaawansowane technologie, aby zapewni\u0107, \u017ce przypinki wytrzymaj\u0105 wysokie temperatury, ci\u015bnienie i dzia\u0142anie chemikali\u00f3w. Ka\u017cda przypinka jest zaprogramowana z unikalnym numerem identyfikacyjnym w celu \u015bledzenia w trakcie jej eksploatacji.<\/div>\n<\/div>\n<\/div>\n<\/div>\n<\/div>\n<\/div>","protected":false},"excerpt":{"rendered":"<div class=\"auto-hide-last-sibling-br paragraph_1252f paragraph-element\">Przycisk do prania RFID, znany powszechnie jako etykieta do prania PPS RFID, zosta\u0142 zaprojektowany specjalnie do zastosowa\u0144 wymagaj\u0105cych trwa\u0142ej etykiety, odpornej na trudne warunki pracy.<\/div>\n<div class=\"auto-hide-last-sibling-br paragraph_1252f paragraph-element\">Obecnie wi\u0119kszo\u015b\u0107 rynku sk\u0142ania si\u0119 ku wykorzystaniu transponder\u00f3w pralniczych UHF. Jednak pewne scenariusze wymagaj\u0105 r\u00f3wnie\u017c wykorzystania tag\u00f3w pralniczych NFC, kt\u00f3re obs\u0142uguj\u0105 aplikacje mobilne. Transpondery pralnicze RFID z przyciskiem skutecznie zaspokajaj\u0105 te potrzeby.<\/div>\n<div class=\"auto-hide-last-sibling-br paragraph_1252f paragraph-element\">Ich wszechstronno\u015b\u0107 i solidna wydajno\u015b\u0107 sprawiaj\u0105, \u017ce s\u0105 one niezwykle przydatne w identyfikowaniu i \u015bledzeniu przemys\u0142owego prania i tekstyli\u00f3w w r\u00f3\u017cnych sektorach. Szczeg\u00f3lnie rozpowszechnione w hotelach, szpitalach i firmach \u015bwiadcz\u0105cych us\u0142ugi wynajmu po\u015bcieli, te niezwykle trwa\u0142e etykiety s\u0105 pomocne w zwi\u0119kszaniu wydajno\u015bci operacyjnej i og\u00f3lnej produktywno\u015bci.<\/div>","protected":false},"featured_media":63,"template":"","meta":{"_kad_post_transparent":"default","_kad_post_title":"","_kad_post_layout":"default","_kad_post_sidebar_id":"","_kad_post_content_style":"default","_kad_post_vertical_padding":"default","_kad_post_feature":"","_kad_post_feature_position":"","_kad_post_header":false,"_kad_post_footer":false,"_kad_post_classname":""},"product_brand":[],"product_cat":[21],"product_tag":[35,34,33],"class_list":{"0":"post-62","1":"product","2":"type-product","3":"status-publish","4":"has-post-thumbnail","6":"product_cat-pps-rfid-laundry-tag","7":"product_tag-rfid-button","8":"product_tag-rfid-laundry-button","9":"product_tag-rfid-laundry-tag-button","11":"first","12":"instock","13":"shipping-taxable","14":"product-type-simple","15":"entry","16":"content-bg","17":"loop-entry"},"_links":{"self":[{"href":"https:\/\/rfid-laundry-tag.com\/pl\/wp-json\/wp\/v2\/product\/62","targetHints":{"allow":["GET"]}}],"collection":[{"href":"https:\/\/rfid-laundry-tag.com\/pl\/wp-json\/wp\/v2\/product"}],"about":[{"href":"https:\/\/rfid-laundry-tag.com\/pl\/wp-json\/wp\/v2\/types\/product"}],"version-history":[{"count":0,"href":"https:\/\/rfid-laundry-tag.com\/pl\/wp-json\/wp\/v2\/product\/62\/revisions"}],"wp:featuredmedia":[{"embeddable":true,"href":"https:\/\/rfid-laundry-tag.com\/pl\/wp-json\/wp\/v2\/media\/63"}],"wp:attachment":[{"href":"https:\/\/rfid-laundry-tag.com\/pl\/wp-json\/wp\/v2\/media?parent=62"}],"wp:term":[{"taxonomy":"product_brand","embeddable":true,"href":"https:\/\/rfid-laundry-tag.com\/pl\/wp-json\/wp\/v2\/product_brand?post=62"},{"taxonomy":"product_cat","embeddable":true,"href":"https:\/\/rfid-laundry-tag.com\/pl\/wp-json\/wp\/v2\/product_cat?post=62"},{"taxonomy":"product_tag","embeddable":true,"href":"https:\/\/rfid-laundry-tag.com\/pl\/wp-json\/wp\/v2\/product_tag?post=62"}],"curies":[{"name":"wp","href":"https:\/\/api.w.org\/{rel}","templated":true}]}}