{"id":54,"date":"2024-06-10T14:55:28","date_gmt":"2024-06-10T14:55:28","guid":{"rendered":"https:\/\/rfid-laundry-tag.com\/?post_type=product&#038;p=54"},"modified":"2024-09-26T04:26:47","modified_gmt":"2024-09-26T04:26:47","slug":"rfid-tag-for-linen-laundry","status":"publish","type":"product","link":"https:\/\/rfid-laundry-tag.com\/pl\/rfid-tag-for-linen-laundry\/","title":{"rendered":"Etykieta RFID do prania bielizny"},"content":{"rendered":"<div>\n<div class=\"auto-hide-last-sibling-br paragraph_1252f paragraph-element\">\n<h1><strong>Etykieta RFID do prania bielizny<\/strong><\/h1>\n<p><strong>Fizyczny:<\/strong><\/p>\n<p>Materia\u0142: poliester 100%<\/p>\n<p>Rozmiar: 70 mm\u00d715 mm x1,5 mm<\/p>\n<p>Uk\u0142ad: NXP U CODE U8, U9 itd.<\/p>\n<p>Metoda instalacji etykiety: Typ szycia, prasowanie<\/p>\n<p>Protok\u00f3\u0142:ISO18ooo-6C<\/p>\n<p>Prasowanie: 15 sekund, w temperaturze 210\u2103<\/p>\n<p>Ekspozycja: 2,5 bara<\/p>\n<p>Suszenie: 15 minut w temp. 180\u00b0C<\/p>\n<p>Pranie: 15 minut w temperaturze 90\u2103<\/p>\n<p>Cykle prania: 200+ cykli lub 3 lata<\/p>\n<p>Warunki przechowywania: -20-80\u2103, 5-95%RH<\/p>\n<p>&nbsp;<\/p>\n<\/div>\n<div class=\"auto-hide-last-sibling-br paragraph_1252f paragraph-element\">To, co wyra\u017anie odr\u00f3\u017cnia nasze metki UHF RFID do prania od innych metek lnianych dost\u0119pnych na rynku, to ich elegancki, przejrzysty wygl\u0105d. S\u0105 imponuj\u0105co smuk\u0142e, maj\u0105 niezauwa\u017caln\u0105 grubo\u015b\u0107 0,55 mm, co czyni je najcie\u0144szymi dost\u0119pnymi metkami na rynku. Podsumowuj\u0105c, nasze metki oferuj\u0105 progresywne rozwi\u0105zanie UHF RFID do odzie\u017cy, prezentuj\u0105c idealne po\u0142\u0105czenie przyst\u0119pno\u015bci cenowej, wytrzyma\u0142o\u015bci i subtelno\u015bci.<\/div>\n<\/div>\n<div><\/div>\n<div class=\"auto-hide-last-sibling-br paragraph_1252f paragraph-element\">\n<div data-spm-anchor-id=\"a2700.details.0.i57.23b419c7xXORP0\"><span data-spm-anchor-id=\"a2700.details.0.i75.23b419c7xXORP0\"><b>Funkcja:<\/b><br \/>\n1) Technologia UHF umo\u017cliwiaj\u0105ca odczyt setek tag\u00f3w jednocze\u015bnie.<br \/>\n2) Odleg\u0142o\u015b\u0107 czytania wi\u0119ksza ni\u017c 8 st\u00f3p.<br \/>\n3) Nowa konstrukcja mechaniczna zapewniaj\u0105ca lepsz\u0105 wydajno\u015b\u0107 prania p\u0142askiej po\u015bcieli.<br \/>\n4) Nadaje si\u0119 do ekstraktor\u00f3w wysokoci\u015bnieniowych do 60 bar\u00f3w.<br \/>\n5) Nadaje si\u0119 do sterylizacji w autoklawie.<br \/>\n6) Ma\u0142y, mi\u0119kki i elastyczny materia\u0142 idealny na tekstylia, po\u015bciel, ubrania i akcesoria.<\/span><\/div>\n<\/div>\n<div data-spm-anchor-id=\"a2700.details.0.i57.23b419c7xXORP0\"><\/div>\n<div data-spm-anchor-id=\"a2700.details.0.i57.23b419c7xXORP0\">\n<p><img fetchpriority=\"high\" decoding=\"async\" class=\"wp-image-55\" src=\"https:\/\/rfid-laundry-tag.com\/wp-content\/uploads\/2024\/06\/4-300x275.png\" alt=\"RFID Tag for linen laundry\" width=\"605\" height=\"555\" srcset=\"https:\/\/rfid-laundry-tag.com\/wp-content\/uploads\/2024\/06\/4-300x275.png 300w, https:\/\/rfid-laundry-tag.com\/wp-content\/uploads\/2024\/06\/4-600x550.png 600w, https:\/\/rfid-laundry-tag.com\/wp-content\/uploads\/2024\/06\/4-13x12.png 13w, https:\/\/rfid-laundry-tag.com\/wp-content\/uploads\/2024\/06\/4.png 750w\" sizes=\"(max-width: 605px) 100vw, 605px\" \/><\/p>\n<\/div>\n<h3 class=\"wp-block-heading\">Instalacja<\/h3>\n<p><strong>Oznaczanie \u015bcieg\u00f3w<\/strong>: Do przyszycia do brzegu materia\u0142u tekstylnego. Przyszyj metk\u0119 do prania od linii sk\u0142adania.<br \/>\n<strong>Zgrzewanie<\/strong>: Nale\u017cy zgrzewa\u0107 bezpo\u015brednio na materiale tekstylnym w temperaturze +200\u00b0C (392\u00b0F) przez 12~14 sekund.<br \/>\n<strong>W woreczku<\/strong>: Do przyszycia jak standardowa metka piel\u0119gnacyjna. Przyszyj metk\u0119 do prania od linii sk\u0142adania.<\/p>\n<h3>Korzy\u015bci ze stosowania tag\u00f3w RFID w zarz\u0105dzaniu pralni\u0105<\/h3>\n<p>W\u0142\u0105czenie tag\u00f3w RFID do operacji pralniczych prowadzi do wi\u0119kszej wydajno\u015bci. Automatyczne \u015bledzenie umo\u017cliwia zarz\u0105dzanie zapasami w czasie rzeczywistym, minimalizuj\u0105c straty i uwalniaj\u0105c czas pracownik\u00f3w. Te\u00a0<strong>Tagi RFID tekstylne<\/strong>\u00a0oferuj\u0105 firmom i gospodarstwom domowym mo\u017cliwo\u015b\u0107 zarz\u0105dzania i \u015bledzenia po\u015bcieli, odzie\u017cy i innych artyku\u0142\u00f3w pralniczych z niespotykan\u0105 dot\u0105d dok\u0142adno\u015bci\u0105, co przek\u0142ada si\u0119 na popraw\u0119 jako\u015bci us\u0142ug i zadowolenia klienta.<\/p>\n<div class=\"auto-hide-last-sibling-br paragraph_1252f paragraph-element\">\n<div class=\"auto-hide-last-sibling-br paragraph_1252f paragraph-element\">Znaczniki RFID do prania bielizny s\u0105 niezb\u0119dne w wielu bran\u017cach, co ma zasadnicze znaczenie dla wydajnego \u015bledzenia aktyw\u00f3w, zarz\u0105dzania zapasami i zwi\u0119kszania og\u00f3lnej wydajno\u015bci operacyjnej. Oto spojrzenie na ich zastosowanie w r\u00f3\u017cnych sektorach:<\/div>\n<ul class=\"auto-hide-last-sibling-br\">\n<li>\n<div class=\"auto-hide-last-sibling-br paragraph_1252f paragraph-element\">Opieka zdrowotna: Szpitale i inne plac\u00f3wki medyczne wykorzystuj\u0105 znaczniki po\u015bcieli RFID do zarz\u0105dzania ogromnymi zapasami po\u015bcieli, r\u0119cznik\u00f3w, fartuch\u00f3w, mundur\u00f3w i bielizny chirurgicznej. Pomaga to zminimalizowa\u0107 straty, zarz\u0105dza\u0107 cyklami prania i zapewni\u0107, \u017ce czysta, \u015bwie\u017ca po\u015bciel jest stale dost\u0119pna zgodnie z wymaganiami.<\/div>\n<\/li>\n<li>\n<div class=\"auto-hide-last-sibling-br paragraph_1252f paragraph-element\">Hotele: W bran\u017cy hotelarskiej zarz\u0105dzanie po\u015bciel\u0105 to kolosalne zadanie, poniewa\u017c w obiegu znajduj\u0105 si\u0119 tysi\u0105ce przedmiot\u00f3w, takich jak po\u015bciel, r\u0119czniki, zas\u0142ony i szlafroki. Znaczniki RFID na po\u015bciel pomagaj\u0105 usprawni\u0107 to zadanie, zapewniaj\u0105c terminowe czyszczenie i wymian\u0119 oraz pomagaj\u0105c w wykrywaniu i zapobieganiu kradzie\u017cy.<\/div>\n<\/li>\n<li>\n<div class=\"auto-hide-last-sibling-br paragraph_1252f paragraph-element\">Restauracje: W bran\u017cy gastronomicznej znaczniki RFID pomagaj\u0105 monitorowa\u0107 wykorzystanie i czysto\u015b\u0107 mundur\u00f3w, obrus\u00f3w, serwetek i fartuch\u00f3w szefa kuchni. Mo\u017ce to podnie\u015b\u0107 standardy czysto\u015bci i pom\u00f3c utrzyma\u0107 schludny, profesjonalny wygl\u0105d.<\/div>\n<\/li>\n<li>\n<div class=\"auto-hide-last-sibling-br paragraph_1252f paragraph-element\">Bran\u017ce odzie\u017cowe: W \u015bwiecie mody tagi RFID odgrywaj\u0105 znacz\u0105c\u0105 rol\u0119 w \u015bledzeniu przedmiot\u00f3w w ca\u0142ym \u0142a\u0144cuchu dostaw, od produkcji do ekspozycji detalicznej. Mog\u0105 one oferowa\u0107 cenne informacje, takie jak pochodzenie, historia podr\u00f3\u017cy, a nawet skomplikowane szczeg\u00f3\u0142y dotycz\u0105ce materia\u0142u i instrukcji piel\u0119gnacji.<\/div>\n<\/li>\n<li>\n<div class=\"auto-hide-last-sibling-br paragraph_1252f paragraph-element\">Odzie\u017c robocza\/odzie\u017c ognioodporna: Tagi RFID s\u0105 u\u017cywane przez firmy do \u015bledzenia i zarz\u0105dzania specjalistycznymi elementami odzie\u017cy. Obejmuje to zapewnienie, \u017ce odzie\u017c ognioodporna lub inna odzie\u017c ochronna jest regularnie sprawdzana, odpowiednio czyszczona i wymieniana w razie potrzeby.<\/div>\n<\/li>\n<li>\n<div class=\"auto-hide-last-sibling-br paragraph_1252f paragraph-element\">Obuwie i maski: Maj\u0105 one ogromne znaczenie w takich bran\u017cach jak s\u0142u\u017cba zdrowia i budownictwo, gdzie nie mo\u017cna nara\u017ca\u0107 bezpiecze\u0144stwa. Dzi\u0119ki wykorzystaniu tag\u00f3w RFID \u015bledzenie u\u017cytkowania, czysto\u015bci i konserwacji takich artyku\u0142\u00f3w, jak maski i obuwie robocze, jest prostsze.<\/div>\n<\/li>\n<li>\n<div class=\"auto-hide-last-sibling-br paragraph_1252f paragraph-element\">Maty i mopy: Firmy \u015bwiadcz\u0105ce us\u0142ugi sprz\u0105tania lub zarz\u0105dzaj\u0105ce du\u017cymi obiektami mog\u0105 skorzysta\u0107 z tag\u00f3w RFID na matach i mopach. B\u0119d\u0105 mog\u0142y \u015bledzi\u0107 u\u017cytkowanie i konserwacj\u0119, zapewniaj\u0105c czyste i wydajne narz\u0119dzia przez ca\u0142y czas.<\/div>\n<\/li>\n<\/ul>\n<h3>Zakupy przyjazne dla \u015brodowiska<\/h3>\n<p>Nasze znaczniki RFID s\u0105 zaprojektowane z my\u015bl\u0105 o przyjazno\u015bci dla \u015brodowiska. Minimalizuj\u0105c r\u0119czn\u0105 obs\u0142ug\u0119 i redukuj\u0105c liczb\u0119 zgubionych przedmiot\u00f3w, mo\u017cesz pom\u00f3c obni\u017cy\u0107 \u015blad w\u0119glowy zwi\u0105zany z dzia\u0142alno\u015bci\u0105 pralnicz\u0105.\u00a0<strong>Tagi pralnicze RFID<\/strong>\u00a0mog\u0105 zosta\u0107 poddane recyklingowi po zako\u0144czeniu cyklu ich u\u017cytkowania, co przyczynia si\u0119 do zr\u00f3wnowa\u017conych praktyk.<\/p>\n<h3>Czym jest technologia UHF RFID?<\/h3>\n<p>RFID (Radio Frequency Identification) to technologia wykorzystuj\u0105ca pola elektromagnetyczne do automatycznej identyfikacji i \u015bledzenia tag\u00f3w przymocowanych do obiekt\u00f3w. UHF RFID dzia\u0142a w zakresie Ultra High Frequency, umo\u017cliwiaj\u0105c wi\u0119kszy zasi\u0119g odczytu i szybsz\u0105 identyfikacj\u0119, co czyni j\u0105 idealn\u0105 do zastosowa\u0144 w pralniach. Tagi UHF RFID mo\u017cna przyszy\u0107 lub przymocowa\u0107 do odzie\u017cy i po\u015bcieli, co umo\u017cliwia wydajne \u015bledzenie w ca\u0142ym procesie prania.<\/p>\n<h3>Cz\u0119sto zadawane pytania (FAQ)<\/h3>\n<p><strong>P1: Czy etykiety RFID do pralni s\u0105 kompatybilne ze wszystkimi systemami pralniczymi?<\/strong><br \/>\n<strong>A1:<\/strong>\u00a0Tak, nasze znaczniki RFID s\u0105 zaprojektowane tak, aby bezproblemowo wsp\u00f3\u0142pracowa\u0107 ze standardowymi czytnikami RFID stosowanymi w pralniach.<\/p>\n<p><strong>P2: W jaki spos\u00f3b mog\u0119 podda\u0107 recyklingowi zu\u017cyte tagi RFID?<\/strong><br \/>\n<strong>A2:<\/strong>\u00a0Po up\u0142ywie okresu u\u017cytkowania mo\u017cesz zwr\u00f3ci\u0107 nam etykiety w celu poddania ich recyklingowi lub sprawdzi\u0107 lokalne plac\u00f3wki zajmuj\u0105ce si\u0119 utylizacj\u0105 odpad\u00f3w elektronicznych.<\/p>\n<p><strong>P3: Czy mog\u0119 oznaczy\u0107 artyku\u0142y pralnicze do u\u017cytku osobistego?<\/strong><br \/>\n<strong>A3:<\/strong>\u00a0Oczywi\u015bcie! Te tagi mo\u017cna r\u00f3wnie\u017c stosowa\u0107 w gospodarstwach domowych, aby sprawnie \u015bledzi\u0107 pranie rodzinne.<\/p>\n<h3>Dlaczego warto wybra\u0107 nas jako dostawc\u0119 rozwi\u0105za\u0144 RFID?<\/h3>\n<p>Dzi\u0119ki wieloletniemu do\u015bwiadczeniu w technologii RFID dostarczamy wysokiej jako\u015bci, trwa\u0142e i innowacyjne rozwi\u0105zania dostosowane do bran\u017cy pralniczej. Nasze produkty s\u0105 zaprojektowane tak, aby spe\u0142nia\u0107 r\u00f3\u017cne potrzeby operacyjne, zachowuj\u0105c jednocze\u015bnie przyst\u0119pno\u015b\u0107 cenow\u0105 i odpowiedzialno\u015b\u0107 za \u015brodowisko.<\/p>\n<p>Zapraszamy do transformacji Twoich dzia\u0142a\u0144 pralniczych ju\u017c dzi\u015b poprzez inwestycj\u0119 w nasze etykiety pralnicze UHF RFID do po\u015bcieli. Dzi\u0119ki sprawdzonym wynikom w zakresie poprawy wydajno\u015bci, zarz\u0105dzania tekstyliami i zapewniania rozliczalno\u015bci, te etykiety to nie tylko inwestycja w technologi\u0119, ale inwestycja w spok\u00f3j ducha.<\/p>\n<h3>Wniosek<\/h3>\n<p>Przyjmuj\u0105c przysz\u0142o\u015b\u0107 zarz\u0105dzania praniem, integruj\u0105c technologi\u0119 UHF RFID ze swoimi operacjami, znacznie zwi\u0119kszysz swoj\u0105 wydajno\u015b\u0107 i niezawodno\u015b\u0107. Nie przegap szansy na podniesienie swoich mo\u017cliwo\u015bci przetwarzania prania.<\/p>\n<\/div>","protected":false},"excerpt":{"rendered":"<div class=\"auto-hide-last-sibling-br paragraph_1252f paragraph-element\">Zwi\u0119ksz wydajno\u015b\u0107 prania dzi\u0119ki naszym trwa\u0142ym tagom UHF RFID, zaprojektowanym do po\u015bcieli i odzie\u017cy. Nadaj\u0105 si\u0119 do prania, s\u0105 odporne na temperatur\u0119 i idealne do \u015bledzenia!<\/div>\n<div><\/div>\n<div class=\"auto-hide-last-sibling-br paragraph_1252f paragraph-element\"><\/div>","protected":false},"featured_media":58,"template":"","meta":{"_kad_post_transparent":"default","_kad_post_title":"","_kad_post_layout":"default","_kad_post_sidebar_id":"","_kad_post_content_style":"default","_kad_post_vertical_padding":"default","_kad_post_feature":"","_kad_post_feature_position":"","_kad_post_header":false,"_kad_post_footer":false,"_kad_post_classname":""},"product_brand":[],"product_cat":[19],"product_tag":[25,285,30,28],"class_list":{"0":"post-54","1":"product","2":"type-product","3":"status-publish","4":"has-post-thumbnail","6":"product_cat-textile-rfid-laundry-tag","7":"product_tag-rfid-laundrytags","8":"product_tag-rfid-tag","9":"product_tag-uhf-rfid-laundry-tag","10":"product_tag-washable-rfid-tags","12":"first","13":"instock","14":"shipping-taxable","15":"product-type-simple","16":"entry","17":"content-bg","18":"loop-entry"},"_links":{"self":[{"href":"https:\/\/rfid-laundry-tag.com\/pl\/wp-json\/wp\/v2\/product\/54","targetHints":{"allow":["GET"]}}],"collection":[{"href":"https:\/\/rfid-laundry-tag.com\/pl\/wp-json\/wp\/v2\/product"}],"about":[{"href":"https:\/\/rfid-laundry-tag.com\/pl\/wp-json\/wp\/v2\/types\/product"}],"version-history":[{"count":3,"href":"https:\/\/rfid-laundry-tag.com\/pl\/wp-json\/wp\/v2\/product\/54\/revisions"}],"predecessor-version":[{"id":2684,"href":"https:\/\/rfid-laundry-tag.com\/pl\/wp-json\/wp\/v2\/product\/54\/revisions\/2684"}],"wp:featuredmedia":[{"embeddable":true,"href":"https:\/\/rfid-laundry-tag.com\/pl\/wp-json\/wp\/v2\/media\/58"}],"wp:attachment":[{"href":"https:\/\/rfid-laundry-tag.com\/pl\/wp-json\/wp\/v2\/media?parent=54"}],"wp:term":[{"taxonomy":"product_brand","embeddable":true,"href":"https:\/\/rfid-laundry-tag.com\/pl\/wp-json\/wp\/v2\/product_brand?post=54"},{"taxonomy":"product_cat","embeddable":true,"href":"https:\/\/rfid-laundry-tag.com\/pl\/wp-json\/wp\/v2\/product_cat?post=54"},{"taxonomy":"product_tag","embeddable":true,"href":"https:\/\/rfid-laundry-tag.com\/pl\/wp-json\/wp\/v2\/product_tag?post=54"}],"curies":[{"name":"wp","href":"https:\/\/api.w.org\/{rel}","templated":true}]}}