{"id":43,"date":"2024-06-03T16:12:18","date_gmt":"2024-06-03T16:12:18","guid":{"rendered":"https:\/\/rfid-laundry-tag.com\/?post_type=product&#038;p=43"},"modified":"2024-09-08T05:39:52","modified_gmt":"2024-09-08T05:39:52","slug":"uhf-rfid-textile-laundry-tag","status":"publish","type":"product","link":"https:\/\/rfid-laundry-tag.com\/pl\/uhf-rfid-textile-laundry-tag\/","title":{"rendered":"Etykieta do prania tekstyli\u00f3w UHF RFID"},"content":{"rendered":"<h2>Etykieta do prania tekstyli\u00f3w UHF RFID<\/h2>\n<div class=\"auto-hide-last-sibling-br paragraph_1252f paragraph-element\">\n<p><b><span class=\"magic-14\" data-spm-anchor-id=\"a2700.details.0.i55.23b419c7xXORP0\">Etykiety do prania tkanin RFID.<\/span><\/b><\/p>\n<p>Tagi do prania z tkaniny RFID s\u0105 powszechnie stosowane w przemys\u0142owych pralniach, po\u015bcieli hotelowej i mundurach medycznych. Tagi te s\u0105 bardzo wytrzyma\u0142e i wytrzymuj\u0105 wysokie temperatury, dzi\u0119ki czemu s\u0105 w stanie przetrwa\u0107 ponad 200 cykli prania.<\/p>\n<div data-spm-anchor-id=\"a2700.details.0.i57.23b419c7xXORP0\"><span data-spm-anchor-id=\"a2700.details.0.i75.23b419c7xXORP0\"><b>Funkcja:<\/b><br \/>\n1) Technologia UHF umo\u017cliwiaj\u0105ca odczyt setek tag\u00f3w jednocze\u015bnie.<br \/>\n2) Odleg\u0142o\u015b\u0107 czytania wi\u0119ksza ni\u017c 8 st\u00f3p.<br \/>\n3) Nowa konstrukcja mechaniczna zapewniaj\u0105ca lepsz\u0105 wydajno\u015b\u0107 prania p\u0142askiej po\u015bcieli.<br \/>\n4) Nadaje si\u0119 do ekstraktor\u00f3w wysokoci\u015bnieniowych do 60 bar\u00f3w.<br \/>\n5) Nadaje si\u0119 do sterylizacji w autoklawie.<br \/>\n6) Ma\u0142y, mi\u0119kki i elastyczny materia\u0142 idealny na tekstylia, po\u015bciel, ubrania i akcesoria.<\/span><\/div>\n<\/div>\n<div data-spm-anchor-id=\"a2700.details.0.i57.23b419c7xXORP0\"><\/div>\n<div data-spm-anchor-id=\"a2700.details.0.i57.23b419c7xXORP0\">\n<div class=\"text-title\"><span data-spm-anchor-id=\"a2700.details.0.i77.23b419c7xXORP0\">Fizyczny:<\/span><\/div>\n<div class=\"text-content\" data-spm-anchor-id=\"a2700.details.0.i54.23b419c7xXORP0\">\n<div>Rozmiar: 70 mm\u00d715 mm x1,5 mm<\/div>\n<div>Uk\u0142ad: UHF<\/div>\n<div>Metoda instalacji etykiety: zszywanie, prasowanie<\/div>\n<div>Protok\u00f3\u0142:ISO18ooo-6C EPC C1G2<\/div>\n<div>Prasowanie: 15 sekund, w temperaturze 210\u2103<\/div>\n<div>Ekspozycja: 2,5 bara<\/div>\n<div>Suszenie: 15 minut w temp. 180\u00b0C<\/div>\n<div><span data-spm-anchor-id=\"a2700.details.0.i78.23b419c7xXORP0\">Pranie: 15 minut w temperaturze 90\u2103<\/span><\/div>\n<div>Cykle prania: 200+ cykli lub 3 lata<br \/>\nWarunki przechowywania: -20-80\u2103, 5-95%RH<\/div>\n<\/div>\n<\/div>\n<h3 class=\"wp-block-heading\">Instalacja<\/h3>\n<p><strong>Oznaczanie \u015bcieg\u00f3w<\/strong>: Do przyszycia do brzegu materia\u0142u tekstylnego. Przyszyj metk\u0119 do prania od linii sk\u0142adania.<br \/>\n<strong>Zgrzewanie<\/strong>: Nale\u017cy zgrzewa\u0107 bezpo\u015brednio na materiale tekstylnym w temperaturze +200\u00b0C (392\u00b0F) przez 12~14 sekund.<br \/>\n<strong>W woreczku<\/strong>: Do przyszycia jak standardowa metka piel\u0119gnacyjna. Przyszyj metk\u0119 do prania od linii sk\u0142adania.<\/p>\n<div class=\"auto-hide-last-sibling-br paragraph_1252f paragraph-element\">\u00a0UHF RFID Textile Laundry Tag s\u0105 integraln\u0105 cz\u0119\u015bci\u0105 wielu bran\u017c, zapewniaj\u0105c efektywne \u015bledzenie aktyw\u00f3w, zarz\u0105dzanie zapasami i zwi\u0119kszaj\u0105c og\u00f3ln\u0105 wydajno\u015b\u0107 operacyjn\u0105. Oto niekt\u00f3re z ich zastosowa\u0144 w r\u00f3\u017cnych sektorach:<\/div>\n<ol class=\"auto-hide-last-sibling-br\">\n<li>\n<div class=\"auto-hide-last-sibling-br paragraph_1252f paragraph-element\"><strong>Opieka zdrowotna<\/strong>:Szpitale i inne plac\u00f3wki medyczne u\u017cywaj\u0105 tag\u00f3w RFID do zarz\u0105dzania ogromnymi zapasami po\u015bcieli, r\u0119cznik\u00f3w, uniform\u00f3w i bielizny chirurgicznej. Pomaga to zmniejszy\u0107 straty, zarz\u0105dza\u0107 cyklami prania i zapewni\u0107, \u017ce czysta, \u015bwie\u017ca po\u015bciel jest zawsze dost\u0119pna w razie potrzeby.<\/div>\n<\/li>\n<li>\n<div class=\"auto-hide-last-sibling-br paragraph_1252f paragraph-element\"><strong>Hotele<\/strong>:Zarz\u0105dzanie po\u015bciel\u0105 to ogromne zadanie w bran\u017cy hotelarskiej, gdzie w obiegu znajduj\u0105 si\u0119 tysi\u0105ce przedmiot\u00f3w, od po\u015bcieli po r\u0119czniki, zas\u0142ony i szlafroki. Tagi RFID na po\u015bciel upraszczaj\u0105 \u015bledzenie, zapewniaj\u0105c terminowe czyszczenie i wymian\u0119 oraz pomagaj\u0105 w wykrywaniu i zapobieganiu kradzie\u017cy.<\/div>\n<\/li>\n<li>\n<div class=\"auto-hide-last-sibling-br paragraph_1252f paragraph-element\"><strong>Restauracje<\/strong>:W bran\u017cy gastronomicznej znaczniki RFID mog\u0105 monitorowa\u0107 u\u017cytkowanie i czyszczenie mundur\u00f3w, obrus\u00f3w, serwetek i fartuch\u00f3w szefa kuchni. Mo\u017ce to poprawi\u0107 standardy czysto\u015bci i pom\u00f3c w utrzymaniu schludnego, profesjonalnego wygl\u0105du.<\/div>\n<\/li>\n<li>\n<div class=\"auto-hide-last-sibling-br paragraph_1252f paragraph-element\"><strong>Bran\u017ce odzie\u017cowe<\/strong>: Tagi RFID odgrywaj\u0105 ogromn\u0105 rol\u0119 w \u015bledzeniu przedmiot\u00f3w w ca\u0142ym \u0142a\u0144cuchu dostaw, od produkcji do sprzeda\u017cy detalicznej. Mog\u0105 dostarcza\u0107 cennych informacji, takich jak pochodzenie, historia podr\u00f3\u017cy, a nawet szczeg\u00f3\u0142y dotycz\u0105ce materia\u0142u i instrukcji piel\u0119gnacji.<\/div>\n<\/li>\n<li>\n<div class=\"auto-hide-last-sibling-br paragraph_1252f paragraph-element\"><strong>Odzie\u017c robocza\/odzie\u017c ognioodporna<\/strong>:Firmy mog\u0105 u\u017cywa\u0107 tag\u00f3w RFID do \u015bledzenia i zarz\u0105dzania specjalistycznymi elementami odzie\u017cy. Mo\u017ce to obejmowa\u0107 zapewnienie regularnej kontroli odzie\u017cy ognioodpornej lub innej odzie\u017cy ochronnej, jej w\u0142a\u015bciwego czyszczenia i wymiany w razie potrzeby.<\/div>\n<\/li>\n<li>\n<div class=\"auto-hide-last-sibling-br paragraph_1252f paragraph-element\"><strong>Obuwie i maski<\/strong>:Etykiety RFID s\u0105 szczeg\u00f3lnie wa\u017cne w takich bran\u017cach jak s\u0142u\u017cba zdrowia i budownictwo, gdzie bezpiecze\u0144stwo ma kluczowe znaczenie. Dzi\u0119ki nim mo\u017cna \u0142atwiej \u015bledzi\u0107 u\u017cytkowanie, czyszczenie i konserwacj\u0119 takich przedmiot\u00f3w, jak maski i obuwie robocze.<\/div>\n<\/li>\n<li>\n<div class=\"auto-hide-last-sibling-br paragraph_1252f paragraph-element\"><strong>Maty i mopy<\/strong>:Firmy \u015bwiadcz\u0105ce us\u0142ugi sprz\u0105tania lub zarz\u0105dzaj\u0105ce du\u017cymi obiektami mog\u0105 dzi\u0119ki znacznikom RFID umieszczanym na matach i mopach \u015bledzi\u0107 spos\u00f3b ich u\u017cytkowania i konserwacji, zapewniaj\u0105c w ten spos\u00f3b czysto\u015b\u0107 i skuteczno\u015b\u0107 narz\u0119dzi w ka\u017cdej chwili.<\/div>\n<\/li>\n<\/ol>","protected":false},"excerpt":{"rendered":"<p><b>Tagi pralnicze RFID <\/b>s\u0105 specjalnie zaprojektowane do u\u017cytku w hotelach, szpitalach, pralniach chemicznych i zarz\u0105dzaniu kocami lotniczymi. Tagi te s\u0105 dost\u0119pne w trzech g\u0142\u00f3wnych materia\u0142ach: PPS, silikonie i tkaninie.<\/p>","protected":false},"featured_media":44,"template":"","meta":{"_kad_post_transparent":"default","_kad_post_title":"","_kad_post_layout":"default","_kad_post_sidebar_id":"","_kad_post_content_style":"default","_kad_post_vertical_padding":"default","_kad_post_feature":"","_kad_post_feature_position":"","_kad_post_header":false,"_kad_post_footer":false,"_kad_post_classname":""},"product_brand":[],"product_cat":[19,16],"product_tag":[25,23,27,26],"class_list":{"0":"post-43","1":"product","2":"type-product","3":"status-publish","4":"has-post-thumbnail","6":"product_cat-textile-rfid-laundry-tag","7":"product_cat-uhf-rfid-laundry-tags","8":"product_tag-rfid-laundrytags","9":"product_tag-rfid-linen-tags","10":"product_tag-uhf-rfid-textile-laundry-tag","11":"product_tag-washable-uhf-rfid-laundry-tag","13":"first","14":"instock","15":"shipping-taxable","16":"product-type-simple","17":"entry","18":"content-bg","19":"loop-entry"},"_links":{"self":[{"href":"https:\/\/rfid-laundry-tag.com\/pl\/wp-json\/wp\/v2\/product\/43","targetHints":{"allow":["GET"]}}],"collection":[{"href":"https:\/\/rfid-laundry-tag.com\/pl\/wp-json\/wp\/v2\/product"}],"about":[{"href":"https:\/\/rfid-laundry-tag.com\/pl\/wp-json\/wp\/v2\/types\/product"}],"version-history":[{"count":2,"href":"https:\/\/rfid-laundry-tag.com\/pl\/wp-json\/wp\/v2\/product\/43\/revisions"}],"predecessor-version":[{"id":1305,"href":"https:\/\/rfid-laundry-tag.com\/pl\/wp-json\/wp\/v2\/product\/43\/revisions\/1305"}],"wp:featuredmedia":[{"embeddable":true,"href":"https:\/\/rfid-laundry-tag.com\/pl\/wp-json\/wp\/v2\/media\/44"}],"wp:attachment":[{"href":"https:\/\/rfid-laundry-tag.com\/pl\/wp-json\/wp\/v2\/media?parent=43"}],"wp:term":[{"taxonomy":"product_brand","embeddable":true,"href":"https:\/\/rfid-laundry-tag.com\/pl\/wp-json\/wp\/v2\/product_brand?post=43"},{"taxonomy":"product_cat","embeddable":true,"href":"https:\/\/rfid-laundry-tag.com\/pl\/wp-json\/wp\/v2\/product_cat?post=43"},{"taxonomy":"product_tag","embeddable":true,"href":"https:\/\/rfid-laundry-tag.com\/pl\/wp-json\/wp\/v2\/product_tag?post=43"}],"curies":[{"name":"wp","href":"https:\/\/api.w.org\/{rel}","templated":true}]}}