{"id":40,"date":"2024-06-03T15:49:08","date_gmt":"2024-06-03T15:49:08","guid":{"rendered":"https:\/\/rfid-laundry-tag.com\/?post_type=product&#038;p=40"},"modified":"2024-09-08T05:31:52","modified_gmt":"2024-09-08T05:31:52","slug":"washable-uhf-rfid-laundry-tag","status":"publish","type":"product","link":"https:\/\/rfid-laundry-tag.com\/pl\/washable-uhf-rfid-laundry-tag\/","title":{"rendered":"Zmywalny znacznik pralniczy UHF RFID"},"content":{"rendered":"<h2>Zmywalny <strong>UHF<\/strong> Tag pralniczy RFID<\/h2>\n<p>Etykieta pralnicza RFID wykonana z materia\u0142u tekstylnego o wymiarach 70*15 mm i wyposa\u017cona w chip NXP U CODE 9 to uproszczone narz\u0119dzie przeznaczone do efektywnego \u015bledzenia i zarz\u0105dzania tekstyliami, takimi jak po\u015bciel, mundury, r\u0119czniki i inne.<\/p>\n<div class=\"auto-hide-last-sibling-br paragraph_1252f paragraph-element\">G\u0142\u00f3wne cechy:<\/div>\n<ol class=\"auto-hide-last-sibling-br\">\n<li>\n<div class=\"auto-hide-last-sibling-br paragraph_1252f paragraph-element\"><strong>Materia\u0142 i rozmiar<\/strong>:Ta etykieta RFID jest wykonana z materia\u0142u przyjaznego dla tekstyli\u00f3w i ma wymiary 70 x 15 mm. Jest to rozmiar idealny do dyskretnego etykietowania r\u00f3\u017cnych rodzaj\u00f3w tkanin, bez wp\u0142ywu na ich walory estetyczne lub dotykowe.<\/div>\n<\/li>\n<li>\n<div class=\"auto-hide-last-sibling-br paragraph_1252f paragraph-element\"><strong>Uk\u0142ad RFID<\/strong>:Wbudowany uk\u0142ad NXP U CODE 9 zapewnia wysok\u0105 wydajno\u015b\u0107 i niezawodn\u0105 funkcjonalno\u015b\u0107. Ten mikrouk\u0142ad umo\u017cliwia transmisj\u0119 danych na du\u017ce odleg\u0142o\u015bci i posiada du\u017c\u0105 pojemno\u015b\u0107 pami\u0119ci do przechowywania informacji o elementach.<\/div>\n<\/li>\n<li>\n<div class=\"auto-hide-last-sibling-br paragraph_1252f paragraph-element\"><strong>Trwa\u0142o\u015b\u0107<\/strong>: Pomimo mi\u0119kkiej i elastycznej konstrukcji tekstylnej, ta etykieta do prania RFID jest zaprojektowana tak, aby wytrzyma\u0107 intensywne pranie, prasowanie i prasowanie. Mo\u017ce wytrzyma\u0107 wod\u0119, ciep\u0142o i ci\u015bnienie, zachowuj\u0105c integralno\u015b\u0107 i funkcjonalno\u015b\u0107 pomimo powtarzaj\u0105cych si\u0119 cykli prania przemys\u0142owego.<\/div>\n<\/li>\n<li>\n<div class=\"auto-hide-last-sibling-br paragraph_1252f paragraph-element\"><strong>Efektywno\u015b\u0107<\/strong>:Technologia chipa NXP U CODE 9 umo\u017cliwia szybkie, dok\u0142adne skanowanie tagu nawet w scenariuszach odczytu masowego. Powoduje to szybkie przetwarzanie, skraca czas operacji i zwi\u0119ksza produktywno\u015b\u0107 w zarz\u0105dzaniu tekstyliami.<\/div>\n<\/li>\n<li>\n<div class=\"auto-hide-last-sibling-br paragraph_1252f paragraph-element\"><strong>Aplikacja<\/strong>: Przede wszystkim te znaczniki RFID s\u0105 przyszywane lub zgrzewane w tekstyliach przed oddaniem ich do u\u017cytku. Po przymocowaniu zautomatyzowane zarz\u0105dzanie zapasami, kontrola proces\u00f3w i zapobieganie stratom mog\u0105 by\u0107 u\u0142atwione dzi\u0119ki mo\u017cliwo\u015bci bezprzewodowego \u015bledzenia, jak\u0105 zapewniaj\u0105 te znaczniki.<\/div>\n<\/li>\n<\/ol>\n<h3 class=\"wp-block-heading\">Instalacja<\/h3>\n<p><strong>Oznaczanie \u015bcieg\u00f3w<\/strong>: Do przyszycia do brzegu materia\u0142u tekstylnego. Przyszyj metk\u0119 do prania od linii sk\u0142adania.<br \/>\n<strong>Zgrzewanie<\/strong>: Nale\u017cy zgrzewa\u0107 bezpo\u015brednio na materiale tekstylnym w temperaturze +200\u00b0C (392\u00b0F) przez 12~14 sekund.<br \/>\n<strong>W woreczku<\/strong>: Do przyszycia jak standardowa metka piel\u0119gnacyjna. Przyszyj metk\u0119 do prania od linii sk\u0142adania.<\/p>\n<figure id=\"attachment_42\" aria-describedby=\"caption-attachment-42\" style=\"width: 718px\" class=\"wp-caption alignnone\"><img fetchpriority=\"high\" decoding=\"async\" class=\"wp-image-42\" src=\"https:\/\/rfid-laundry-tag.com\/wp-content\/uploads\/2024\/06\/srchttp___cbu01.alicdn.com_img_ibank_2019_649_165_12443561946_2073715636.jpgreferhttp___cbu01.alicdn-300x160.webp\" alt=\"Washable UHF RFID Laundry Tag\" width=\"718\" height=\"383\" srcset=\"https:\/\/rfid-laundry-tag.com\/wp-content\/uploads\/2024\/06\/srchttp___cbu01.alicdn.com_img_ibank_2019_649_165_12443561946_2073715636.jpgreferhttp___cbu01.alicdn-300x160.webp 300w, https:\/\/rfid-laundry-tag.com\/wp-content\/uploads\/2024\/06\/srchttp___cbu01.alicdn.com_img_ibank_2019_649_165_12443561946_2073715636.jpgreferhttp___cbu01.alicdn-600x320.webp 600w, https:\/\/rfid-laundry-tag.com\/wp-content\/uploads\/2024\/06\/srchttp___cbu01.alicdn.com_img_ibank_2019_649_165_12443561946_2073715636.jpgreferhttp___cbu01.alicdn-18x10.webp 18w, https:\/\/rfid-laundry-tag.com\/wp-content\/uploads\/2024\/06\/srchttp___cbu01.alicdn.com_img_ibank_2019_649_165_12443561946_2073715636.jpgreferhttp___cbu01.alicdn.webp 750w\" sizes=\"(max-width: 718px) 100vw, 718px\" \/><figcaption id=\"caption-attachment-42\" class=\"wp-caption-text\">Zmywalny znacznik pralniczy UHF RFID<\/figcaption><\/figure>\n<div class=\"auto-hide-last-sibling-br paragraph_1252f paragraph-element\"><strong>Znaczniki RFID na po\u015bciel<\/strong> s\u0105 integraln\u0105 cz\u0119\u015bci\u0105 wielu bran\u017c, zapewniaj\u0105c efektywne \u015bledzenie aktyw\u00f3w, zarz\u0105dzanie zapasami i zwi\u0119kszaj\u0105c og\u00f3ln\u0105 wydajno\u015b\u0107 operacyjn\u0105. Oto niekt\u00f3re z jego zastosowa\u0144 w r\u00f3\u017cnych sektorach:<\/div>\n<ol class=\"auto-hide-last-sibling-br\">\n<li>\n<div class=\"auto-hide-last-sibling-br paragraph_1252f paragraph-element\"><strong>Opieka zdrowotna<\/strong>:Szpitale i inne plac\u00f3wki medyczne u\u017cywaj\u0105 tag\u00f3w RFID do zarz\u0105dzania ogromnymi zapasami po\u015bcieli, r\u0119cznik\u00f3w, uniform\u00f3w i bielizny chirurgicznej. Pomaga to zmniejszy\u0107 straty, zarz\u0105dza\u0107 cyklami prania i zapewni\u0107, \u017ce czysta, \u015bwie\u017ca po\u015bciel jest zawsze dost\u0119pna w razie potrzeby.<\/div>\n<\/li>\n<li>\n<div class=\"auto-hide-last-sibling-br paragraph_1252f paragraph-element\"><strong>Hotele<\/strong>:Zarz\u0105dzanie po\u015bciel\u0105 to ogromne zadanie w bran\u017cy hotelarskiej, gdzie w obiegu znajduj\u0105 si\u0119 tysi\u0105ce przedmiot\u00f3w, od po\u015bcieli po r\u0119czniki, zas\u0142ony i szlafroki. Tagi RFID na po\u015bciel upraszczaj\u0105 \u015bledzenie, zapewniaj\u0105c terminowe czyszczenie i wymian\u0119 oraz pomagaj\u0105 w wykrywaniu i zapobieganiu kradzie\u017cy.<\/div>\n<\/li>\n<li>\n<div class=\"auto-hide-last-sibling-br paragraph_1252f paragraph-element\"><strong>Restauracje<\/strong>:W bran\u017cy gastronomicznej znaczniki RFID mog\u0105 monitorowa\u0107 u\u017cytkowanie i czyszczenie mundur\u00f3w, obrus\u00f3w, serwetek i fartuch\u00f3w szefa kuchni. Mo\u017ce to poprawi\u0107 standardy czysto\u015bci i pom\u00f3c w utrzymaniu schludnego, profesjonalnego wygl\u0105du.<\/div>\n<\/li>\n<li>\n<div class=\"auto-hide-last-sibling-br paragraph_1252f paragraph-element\"><strong>Bran\u017ce odzie\u017cowe<\/strong>: Tagi RFID odgrywaj\u0105 ogromn\u0105 rol\u0119 w \u015bledzeniu przedmiot\u00f3w w ca\u0142ym \u0142a\u0144cuchu dostaw, od produkcji do sprzeda\u017cy detalicznej. Mog\u0105 dostarcza\u0107 cennych informacji, takich jak pochodzenie, historia podr\u00f3\u017cy, a nawet szczeg\u00f3\u0142y dotycz\u0105ce materia\u0142u i instrukcji piel\u0119gnacji.<\/div>\n<\/li>\n<li>\n<div class=\"auto-hide-last-sibling-br paragraph_1252f paragraph-element\"><strong>Odzie\u017c robocza\/odzie\u017c ognioodporna<\/strong>:Firmy mog\u0105 u\u017cywa\u0107 tag\u00f3w RFID do \u015bledzenia i zarz\u0105dzania specjalistycznymi elementami odzie\u017cy. Mo\u017ce to obejmowa\u0107 zapewnienie regularnej kontroli odzie\u017cy ognioodpornej lub innej odzie\u017cy ochronnej, jej w\u0142a\u015bciwego czyszczenia i wymiany w razie potrzeby.<\/div>\n<\/li>\n<li>\n<div class=\"auto-hide-last-sibling-br paragraph_1252f paragraph-element\"><strong>Obuwie i maski<\/strong>:Etykiety RFID s\u0105 szczeg\u00f3lnie wa\u017cne w takich bran\u017cach jak s\u0142u\u017cba zdrowia i budownictwo, gdzie bezpiecze\u0144stwo ma kluczowe znaczenie. Dzi\u0119ki nim mo\u017cna \u0142atwiej \u015bledzi\u0107 u\u017cytkowanie, czyszczenie i konserwacj\u0119 takich przedmiot\u00f3w, jak maski i obuwie robocze.<\/div>\n<\/li>\n<li>\n<div class=\"auto-hide-last-sibling-br paragraph_1252f paragraph-element\"><strong>Maty i mopy<\/strong>:Firmy \u015bwiadcz\u0105ce us\u0142ugi sprz\u0105tania lub zarz\u0105dzaj\u0105ce du\u017cymi obiektami mog\u0105 dzi\u0119ki znacznikom RFID umieszczanym na matach i mopach \u015bledzi\u0107 spos\u00f3b ich u\u017cytkowania i konserwacji, zapewniaj\u0105c w ten spos\u00f3b czysto\u015b\u0107 i skuteczno\u015b\u0107 narz\u0119dzi w ka\u017cdej chwili.<\/div>\n<\/li>\n<\/ol>","protected":false},"excerpt":{"rendered":"<h3 class=\"wp-block-heading\">Zmywalny znacznik pralniczy UHF RFID<\/h3>\n<p>1. Elastyczny, cienki, g\u0142adki i wytrzyma\u0142y.<br \/>\n2. Du\u017cy zasi\u0119g odczytu i du\u017ca wydajno\u015b\u0107 odczytu zbiorczego.<br \/>\n3. Gwarancja na 200 cykli prania, sterylizacji, odwadniania, obr\u00f3bki \u017celazkiem pod ci\u015bnieniem 60 bar\u00f3w, nagrzewania do 200\u00b0C.<br \/>\n4. Nadaje si\u0119 do zszywania, zgrzewania, pakowania w woreczki lub wieszania.<br \/>\n5. Us\u0142uga na \u017c\u0105danie: logo wykonane laserowo z kodowaniem EPC w chipie RFID.<\/p>","protected":false},"featured_media":41,"template":"","meta":{"_kad_post_transparent":"default","_kad_post_title":"","_kad_post_layout":"default","_kad_post_sidebar_id":"","_kad_post_content_style":"default","_kad_post_vertical_padding":"default","_kad_post_feature":"","_kad_post_feature_position":"","_kad_post_header":false,"_kad_post_footer":false,"_kad_post_classname":""},"product_brand":[],"product_cat":[19,16],"product_tag":[25,23,26],"class_list":{"0":"post-40","1":"product","2":"type-product","3":"status-publish","4":"has-post-thumbnail","6":"product_cat-textile-rfid-laundry-tag","7":"product_cat-uhf-rfid-laundry-tags","8":"product_tag-rfid-laundrytags","9":"product_tag-rfid-linen-tags","10":"product_tag-washable-uhf-rfid-laundry-tag","12":"first","13":"instock","14":"shipping-taxable","15":"product-type-simple","16":"entry","17":"content-bg","18":"loop-entry"},"_links":{"self":[{"href":"https:\/\/rfid-laundry-tag.com\/pl\/wp-json\/wp\/v2\/product\/40","targetHints":{"allow":["GET"]}}],"collection":[{"href":"https:\/\/rfid-laundry-tag.com\/pl\/wp-json\/wp\/v2\/product"}],"about":[{"href":"https:\/\/rfid-laundry-tag.com\/pl\/wp-json\/wp\/v2\/types\/product"}],"version-history":[{"count":1,"href":"https:\/\/rfid-laundry-tag.com\/pl\/wp-json\/wp\/v2\/product\/40\/revisions"}],"predecessor-version":[{"id":1957,"href":"https:\/\/rfid-laundry-tag.com\/pl\/wp-json\/wp\/v2\/product\/40\/revisions\/1957"}],"wp:featuredmedia":[{"embeddable":true,"href":"https:\/\/rfid-laundry-tag.com\/pl\/wp-json\/wp\/v2\/media\/41"}],"wp:attachment":[{"href":"https:\/\/rfid-laundry-tag.com\/pl\/wp-json\/wp\/v2\/media?parent=40"}],"wp:term":[{"taxonomy":"product_brand","embeddable":true,"href":"https:\/\/rfid-laundry-tag.com\/pl\/wp-json\/wp\/v2\/product_brand?post=40"},{"taxonomy":"product_cat","embeddable":true,"href":"https:\/\/rfid-laundry-tag.com\/pl\/wp-json\/wp\/v2\/product_cat?post=40"},{"taxonomy":"product_tag","embeddable":true,"href":"https:\/\/rfid-laundry-tag.com\/pl\/wp-json\/wp\/v2\/product_tag?post=40"}],"curies":[{"name":"wp","href":"https:\/\/api.w.org\/{rel}","templated":true}]}}