{"id":356,"date":"2024-06-28T11:08:54","date_gmt":"2024-06-28T11:08:54","guid":{"rendered":"https:\/\/rfid-laundry-tag.com\/?post_type=product&#038;p=356"},"modified":"2024-08-14T15:55:26","modified_gmt":"2024-08-14T15:55:26","slug":"rfid-windshield-sticker-for-vehicle-tracking","status":"publish","type":"product","link":"https:\/\/rfid-laundry-tag.com\/pl\/rfid-windshield-sticker-for-vehicle-tracking\/","title":{"rendered":"Naklejka na przedni\u0105 szyb\u0119 RFID do \u015bledzenia pojazd\u00f3w"},"content":{"rendered":"<h2>Naklejka na przedni\u0105 szyb\u0119 RFID do \u015bledzenia pojazd\u00f3w<\/h2>\n<div class=\"J_module\">\n<div class=\"ife-detail-decorate-table\">\n<table class=\"all magic-10\">\n<tbody>\n<tr>\n<td colspan=\"1\" rowspan=\"1\">\n<div class=\"magic-11\">\u017beton<\/div>\n<\/td>\n<td colspan=\"1\" rowspan=\"1\">\n<div class=\"magic-12\">Obcy H9, H10, U9 itd.<\/div>\n<\/td>\n<\/tr>\n<tr>\n<td colspan=\"1\" rowspan=\"1\">\n<div class=\"magic-11\">Cz\u0119stotliwo\u015b\u0107<\/div>\n<\/td>\n<td colspan=\"1\" rowspan=\"1\">\n<div class=\"magic-12\">860\uff5e960MHz<\/div>\n<\/td>\n<\/tr>\n<tr>\n<td colspan=\"1\" rowspan=\"1\">\n<div class=\"magic-11\">Tworzywo<\/div>\n<\/td>\n<td colspan=\"1\" rowspan=\"1\">\n<div class=\"magic-12\">Papier powlekany\/PET\/Papier syntetyczny\/Papier termiczny\/personalizacja<\/div>\n<\/td>\n<\/tr>\n<tr>\n<td colspan=\"1\" rowspan=\"1\">\n<div class=\"magic-11\">Tryb pracy<\/div>\n<\/td>\n<td colspan=\"1\" rowspan=\"1\">\n<div class=\"magic-12\">Pasywny<\/div>\n<\/td>\n<\/tr>\n<tr>\n<td colspan=\"1\" rowspan=\"1\">\n<div class=\"magic-11\">\u017bycie IC<\/div>\n<\/td>\n<td colspan=\"1\" rowspan=\"1\">\n<div class=\"magic-12\">100 000 cykli programowania, 10 lat przechowywania danych<\/div>\n<\/td>\n<\/tr>\n<tr>\n<td colspan=\"1\" rowspan=\"1\">\n<div class=\"magic-11\">Temperatura\/wilgotno\u015b\u0107 robocza<\/div>\n<\/td>\n<td colspan=\"1\" rowspan=\"1\">\n<div class=\"magic-12\">-25~50\u2103\/20%~80% wilgotno\u015b\u0107 wzgl\u0119dna<\/div>\n<\/td>\n<\/tr>\n<tr>\n<td colspan=\"1\" rowspan=\"1\">\n<div class=\"magic-11\">Temperatura\/wilgotno\u015b\u0107 przechowywania<\/div>\n<\/td>\n<td colspan=\"1\" rowspan=\"1\">\n<div class=\"magic-12\">+23\u00b0C\u00b15\u00b0C\/ 50%\u00b110% RH (bez kondensacji).<\/div>\n<\/td>\n<\/tr>\n<tr>\n<td colspan=\"1\" rowspan=\"1\">\n<div class=\"magic-11\">Antena<\/div>\n<\/td>\n<td colspan=\"1\" rowspan=\"1\">\n<div class=\"magic-12\">Wytrawianie aluminium, 94,8*8,1 mm<\/div>\n<\/td>\n<\/tr>\n<tr>\n<td colspan=\"1\" rowspan=\"1\">\n<div class=\"magic-11\">Mokra wk\u0142adka\/Rozmiar etykiety<\/div>\n<\/td>\n<td colspan=\"1\" rowspan=\"1\">\n<div class=\"magic-12\">98*15mm lub personalizacja<\/div>\n<\/td>\n<\/tr>\n<tr>\n<td colspan=\"1\" rowspan=\"1\">\n<div class=\"magic-11\">Druk<\/div>\n<\/td>\n<td colspan=\"1\" rowspan=\"1\">\n<div class=\"magic-12\">Pe\u0142nokolorowe nadruki, logo, kody kreskowe, kody QR itp.<\/div>\n<\/td>\n<\/tr>\n<tr>\n<td colspan=\"1\" rowspan=\"1\">\n<div class=\"magic-11\">Pr\u00f3bka<\/div>\n<\/td>\n<td colspan=\"1\" rowspan=\"1\">\n<div class=\"magic-12\">Pr\u00f3bka jest bezp\u0142atna do przeprowadzenia testu jako\u015bci<\/div>\n<\/td>\n<\/tr>\n<tr>\n<td colspan=\"1\" rowspan=\"1\">\n<div class=\"magic-11\">Protok\u00f3\u0142<\/div>\n<\/td>\n<td colspan=\"1\" rowspan=\"1\">\n<div class=\"magic-12\">ISO\/IEC 18000-6C EPC Klasa 1 Gen2<\/div>\n<\/td>\n<\/tr>\n<tr>\n<td colspan=\"1\" rowspan=\"1\">\n<div class=\"magic-11\">Opakowanie<\/div>\n<\/td>\n<td colspan=\"1\" rowspan=\"1\">\n<div class=\"magic-12\">1000-5000 szt.\/rolka, 4 rolki\/karton<\/div>\n<\/td>\n<\/tr>\n<tr>\n<td colspan=\"1\" rowspan=\"1\">\n<div class=\"magic-11\">Miejsce pochodzenia<\/div>\n<\/td>\n<td colspan=\"1\" rowspan=\"1\">\n<div class=\"magic-12\">Chengdu, Chiny<\/div>\n<\/td>\n<\/tr>\n<tr>\n<td colspan=\"1\" rowspan=\"4\">\n<div class=\"magic-11\">Aplikacja\/Rozwi\u0105zanie<\/div>\n<\/td>\n<td colspan=\"1\" rowspan=\"1\">\n<div class=\"magic-12\">Bezpieczna kontrola wst\u0119pu\/p\u0142atno\u015bci bezgot\u00f3wkowe Programy cz\u0142onkowskie i lojalno\u015bciowe<\/div>\n<\/td>\n<\/tr>\n<tr>\n<td colspan=\"1\" rowspan=\"1\">\n<div class=\"magic-12\" data-spm-anchor-id=\"a2700.details.0.i80.59c943e8HVzkHD\">Dost\u0119p do wydarze\u0144 i branding\/Media spo\u0142eczno\u015bciowe\/Sprzeda\u017c detaliczna<\/div>\n<\/td>\n<\/tr>\n<tr>\n<td colspan=\"1\" rowspan=\"1\">\n<div class=\"magic-12\">\u015arodowisko\/Gry i zabawki Lokalizacja\/Elektronika\/Targi handlowe<\/div>\n<\/td>\n<\/tr>\n<tr>\n<td colspan=\"1\" rowspan=\"1\">\n<div class=\"magic-12\">Wydarzenia\/Pro\u015bba o po\u0142\u0105czenie\/Wizyt\u00f3wki<\/div>\n<\/td>\n<\/tr>\n<\/tbody>\n<\/table>\n<p>&nbsp;<\/p>\n<\/div>\n<\/div>\n<div class=\"J_module\">\n<div class=\"auto-hide-last-sibling-br paragraph_9dc5f paragraph-element\">\n<p><strong>Zastosowania naklejek RFID na przedni\u0105 szyb\u0119 obejmuj\u0105:<\/strong><\/p>\n<ol>\n<li><strong>Kontrola dost\u0119pu do pojazdu<\/strong>:Naklejki RFID na przedni\u0105 szyb\u0119 mog\u0105 by\u0107 u\u017cywane do automatycznego wjazdu i wyjazdu z parking\u00f3w, osiedli strze\u017conych, punkt\u00f3w poboru op\u0142at i innych obszar\u00f3w o kontrolowanym dost\u0119pie.<\/li>\n<li><strong>\u015aledzenie pojazd\u00f3w<\/strong>:Naklejki RFID na przedni\u0105 szyb\u0119 mo\u017cna wykorzysta\u0107 do \u015bledzenia i zarz\u0105dzania pojazdami w obr\u0119bie obiektu, np. w wypo\u017cyczalniach samochod\u00f3w lub gara\u017cach parkingowych.<\/li>\n<li><strong>Elektroniczny Pob\u00f3r Op\u0142at<\/strong>:Naklejki RFID na przedni\u0105 szyb\u0119 mo\u017cna stosowa\u0107 w elektronicznych systemach poboru op\u0142at, umo\u017cliwiaj\u0105c pojazdom szybki i sprawny przejazd przez bramki poboru op\u0142at bez konieczno\u015bci zatrzymywania si\u0119 i p\u0142acenia got\u00f3wk\u0105.<\/li>\n<li><strong>Zarz\u0105dzanie flot\u0105<\/strong>:Naklejki RFID na przedni\u0105 szyb\u0119 mo\u017cna wykorzysta\u0107 do \u015bledzenia i zarz\u0105dzania flot\u0105 pojazd\u00f3w, umo\u017cliwiaj\u0105c firmom monitorowanie i optymalizacj\u0119 swoich dzia\u0142a\u0144.<\/li>\n<li><strong>Zarz\u0105dzanie parkingiem<\/strong>:Naklejki RFID na przedni\u0105 szyb\u0119 mo\u017cna wykorzysta\u0107 do \u015bledzenia i zarz\u0105dzania miejscami parkingowymi na parkingach lub w budynkach, zapewniaj\u0105c informacje w czasie rzeczywistym o dost\u0119pnych miejscach parkingowych.<\/li>\n<li><strong>Identyfikacja pojazdu<\/strong>:Naklejki RFID na przedni\u0105 szyb\u0119 mog\u0105 by\u0107 u\u017cywane do identyfikacji pojazd\u00f3w podczas zawod\u00f3w, wy\u015bcig\u00f3w lub innych sytuacji, w kt\u00f3rych wymagana jest szybka i dok\u0142adna identyfikacja.<\/li>\n<\/ol>\n<p>Og\u00f3lnie rzecz bior\u0105c, naklejki RFID na przedni\u0105 szyb\u0119 oferuj\u0105 wygodny i skuteczny spos\u00f3b \u015bledzenia i zarz\u0105dzania pojazdami w wielu zastosowaniach, zapewniaj\u0105c wi\u0119ksze bezpiecze\u0144stwo, wygod\u0119 i automatyzacj\u0119 proces\u00f3w zwi\u0105zanych z pojazdami.<\/p>\n<\/div>\n<div><\/div>\n<div class=\"auto-hide-last-sibling-br paragraph_9dc5f paragraph-element\"><\/div>\n<div><\/div>\n<\/div>\n<div><\/div>\n<div><strong>Dlaczego warto wybra\u0107 nas?<\/strong><\/div>\n<div><\/div>\n<div>Jeste\u015bmy wiod\u0105cym dostawc\u0105 technologii RFID z ponad 11-letnim do\u015bwiadczeniem, wnosimy zaawansowan\u0105 wydajno\u015b\u0107, niezawodno\u015b\u0107 i dok\u0142adno\u015b\u0107 do globalnych \u0142a\u0144cuch\u00f3w dostaw klient\u00f3w dzi\u0119ki wiod\u0105cym w bran\u017cy produktom, rozwi\u0105zaniom i technologiom. Jako producent w Global Level oferujemy klientom platform\u0119 podstawowych technologii, w tym kontrol\u0119 dost\u0119pu, znakowanie zwierz\u0105t, komunikacj\u0119 bliskiego zasi\u0119gu (NFC), r\u00f3\u017cne czytniki RFID i rozwi\u0105zania. Nasze rozwi\u0105zania charakteryzuj\u0105 si\u0119 wysoce konfigurowalnymi ramami aplikacji i eleganckimi interfejsami u\u017cytkownika z zaawansowan\u0105 analityk\u0105, umo\u017cliwiaj\u0105c kompleksow\u0105 inteligencj\u0119 biznesow\u0105 i widoczno\u015b\u0107 danych w wielu bran\u017cach.<\/div>","protected":false},"excerpt":{"rendered":"<p>Naklejki RFID na przedni\u0105 szyb\u0119 to znaczniki RFID przeznaczone do naklejania na przedni\u0105 szyb\u0119 pojazdu w celu \u015bledzenia i identyfikacji.<\/p>","protected":false},"featured_media":357,"template":"","meta":{"_kad_post_transparent":"default","_kad_post_title":"","_kad_post_layout":"default","_kad_post_sidebar_id":"","_kad_post_content_style":"default","_kad_post_vertical_padding":"default","_kad_post_feature":"","_kad_post_feature_position":"","_kad_post_header":false,"_kad_post_footer":false,"_kad_post_classname":""},"product_brand":[],"product_cat":[54],"product_tag":[157,98],"class_list":{"0":"post-356","1":"product","2":"type-product","3":"status-publish","4":"has-post-thumbnail","6":"product_cat-hot-selling-rfid-tags","7":"product_tag-rfid-windshield-sticker-for-vehicle-tracking","8":"product_tag-uhf-rfid-label","10":"first","11":"instock","12":"shipping-taxable","13":"product-type-simple","14":"entry","15":"content-bg","16":"loop-entry"},"_links":{"self":[{"href":"https:\/\/rfid-laundry-tag.com\/pl\/wp-json\/wp\/v2\/product\/356","targetHints":{"allow":["GET"]}}],"collection":[{"href":"https:\/\/rfid-laundry-tag.com\/pl\/wp-json\/wp\/v2\/product"}],"about":[{"href":"https:\/\/rfid-laundry-tag.com\/pl\/wp-json\/wp\/v2\/types\/product"}],"version-history":[{"count":1,"href":"https:\/\/rfid-laundry-tag.com\/pl\/wp-json\/wp\/v2\/product\/356\/revisions"}],"predecessor-version":[{"id":1306,"href":"https:\/\/rfid-laundry-tag.com\/pl\/wp-json\/wp\/v2\/product\/356\/revisions\/1306"}],"wp:featuredmedia":[{"embeddable":true,"href":"https:\/\/rfid-laundry-tag.com\/pl\/wp-json\/wp\/v2\/media\/357"}],"wp:attachment":[{"href":"https:\/\/rfid-laundry-tag.com\/pl\/wp-json\/wp\/v2\/media?parent=356"}],"wp:term":[{"taxonomy":"product_brand","embeddable":true,"href":"https:\/\/rfid-laundry-tag.com\/pl\/wp-json\/wp\/v2\/product_brand?post=356"},{"taxonomy":"product_cat","embeddable":true,"href":"https:\/\/rfid-laundry-tag.com\/pl\/wp-json\/wp\/v2\/product_cat?post=356"},{"taxonomy":"product_tag","embeddable":true,"href":"https:\/\/rfid-laundry-tag.com\/pl\/wp-json\/wp\/v2\/product_tag?post=356"}],"curies":[{"name":"wp","href":"https:\/\/api.w.org\/{rel}","templated":true}]}}