{"id":352,"date":"2024-06-28T10:26:38","date_gmt":"2024-06-28T10:26:38","guid":{"rendered":"https:\/\/rfid-laundry-tag.com\/?post_type=product&#038;p=352"},"modified":"2024-06-28T10:52:24","modified_gmt":"2024-06-28T10:52:24","slug":"custom-paper-nfc-sticker-ntag213","status":"publish","type":"product","link":"https:\/\/rfid-laundry-tag.com\/pl\/custom-paper-nfc-sticker-ntag213\/","title":{"rendered":"Naklejka NFC z papieru na zam\u00f3wienie Ntag213"},"content":{"rendered":"<div>\n<div><strong>Naklejki NFC z NXP NTAG213<\/strong> chipy s\u0105 popularne w r\u00f3\u017cnych zastosowaniach, takich jak marketing, kontrola dost\u0119pu i uwierzytelnianie produkt\u00f3w. Mo\u017cliwo\u015b\u0107 dostosowania wyko\u0144czenia, kszta\u0142tu, rozmiaru i drukowania sprawia, \u017ce s\u0105 one wszechstronne i dostosowane do r\u00f3\u017cnych potrzeb.<\/div>\n<\/div>\n<div>Chip i antena s\u0105 skierowane do g\u00f3ry pod warstw\u0105 bia\u0142ego papieru lub wodoodpornego plastiku, co zapewnia dodatkow\u0105 trwa\u0142o\u015b\u0107 i odporno\u015b\u0107 na kr\u00f3tkotrwa\u0142e dzia\u0142anie wody. Naklejka NFC ma mo\u017cliwo\u015b\u0107 wyboru warstwy klej\u0105cej z ty\u0142u, aby zamontowa\u0107 j\u0105 na p\u0142askich powierzchniach niemetalowych.<\/div>\n<div>\n<div><\/div>\n<div><\/div>\n<div class=\"auto-hide-last-sibling-br paragraph_9dc5f paragraph-element\">Uk\u0142ad NTAG213 oferuje szereg zalet, takich jak:<\/div>\n<ul class=\"auto-hide-last-sibling-br\">\n<li>Bezkontaktowy przesy\u0142 energii i danych<\/li>\n<li>Mo\u017cliwo\u015b\u0107 szybkiego odczytu<\/li>\n<li>Ulepszona wydajno\u015b\u0107 RF<\/li>\n<li>Funkcje bezpiecze\u0144stwa, w tym ochrona has\u0142em i funkcje antykolizyjne<\/li>\n<li>Pe\u0142na zgodno\u015b\u0107 ze specyfikacj\u0105 NFC Forum Tag Type 2<\/li>\n<\/ul>\n<\/div>\n<div>\n<table class=\"all magic-9\">\n<tbody>\n<tr>\n<td colspan=\"1\" rowspan=\"1\">\n<div class=\"magic-10\">Tworzywo<\/div>\n<\/td>\n<td colspan=\"1\" rowspan=\"1\">\n<div class=\"magic-11\" data-spm-anchor-id=\"a2700.details.0.i85.504d267eS1Hb6u\">PET, PVC, papier powlekany itp.<\/div>\n<\/td>\n<\/tr>\n<tr>\n<td colspan=\"1\" rowspan=\"1\">\n<div class=\"magic-10\">\u017beton<\/div>\n<\/td>\n<td colspan=\"1\" rowspan=\"1\">\n<div class=\"magic-11\">Ntag213\/Ntag215\/Ntag216 itd.<\/div>\n<\/td>\n<\/tr>\n<tr>\n<td colspan=\"1\" rowspan=\"1\">\n<div class=\"magic-10\">Cz\u0119stotliwo\u015b\u0107<\/div>\n<\/td>\n<td colspan=\"1\" rowspan=\"1\">\n<div class=\"magic-11\">13,56MHz<\/div>\n<\/td>\n<\/tr>\n<tr>\n<td colspan=\"1\" rowspan=\"1\">\n<div class=\"magic-10\">Protok\u00f3\u0142<\/div>\n<\/td>\n<td colspan=\"1\" rowspan=\"1\">\n<div class=\"magic-11\">Norma ISO 14443A<\/div>\n<\/td>\n<\/tr>\n<tr>\n<td colspan=\"1\" rowspan=\"1\">\n<div class=\"magic-10\">Rozmiar<\/div>\n<\/td>\n<td colspan=\"1\" rowspan=\"1\">\n<div class=\"magic-11\">\u015arednica 25, 30, 35 mm lub rozmiar niestandardowy<\/div>\n<\/td>\n<\/tr>\n<tr>\n<td colspan=\"1\" rowspan=\"1\">\n<div class=\"magic-10\">Funkcja<\/div>\n<\/td>\n<td colspan=\"1\" rowspan=\"1\">\n<div class=\"magic-11\">Wodoodporny, wytrzyma\u0142y, z mo\u017cliwo\u015bci\u0105 personalizacji nadruku<\/div>\n<\/td>\n<\/tr>\n<tr>\n<td colspan=\"1\" rowspan=\"1\">\n<div class=\"magic-10\">Pr\u00f3bka<\/div>\n<\/td>\n<td colspan=\"1\" rowspan=\"1\">\n<div class=\"magic-11\">dost\u0119pny bezp\u0142atnie<\/div>\n<\/td>\n<\/tr>\n<tr>\n<td colspan=\"1\" rowspan=\"1\">\n<div class=\"magic-10\">Odczyt odleg\u0142o\u015bci<\/div>\n<\/td>\n<td colspan=\"1\" rowspan=\"1\">\n<div class=\"magic-11\" data-spm-anchor-id=\"a2700.details.0.i84.504d267eS1Hb6u\">0-10cm<\/div>\n<\/td>\n<\/tr>\n<\/tbody>\n<\/table>\n<\/div>\n<div><\/div>\n<div>\n<p>kilka cz\u0119sto zadawanych pyta\u0144 na temat niestandardowych naklejek papierowych NFC wykorzystuj\u0105cych technologi\u0119 Ntag213:<\/p>\n<ol>\n<li>Czym jest naklejka NFC?\n<ul>\n<li>Naklejka NFC to ma\u0142a etykieta samoprzylepna zawieraj\u0105ca wbudowany uk\u0142ad NFC (Near Field Communication), taki jak NXP NTAG213. Naklejki te mo\u017cna skanowa\u0107 za pomoc\u0105 urz\u0105dze\u0144 obs\u0142uguj\u0105cych NFC, aby uruchamia\u0107 r\u00f3\u017cne dzia\u0142ania lub przesy\u0142a\u0107 informacje.<\/li>\n<\/ul>\n<\/li>\n<li>Jak mo\u017cna u\u017cywa\u0107 niestandardowych naklejek papierowych NFC?\n<ul>\n<li>Naklejki NFC wykonane na zam\u00f3wienie mo\u017cna wykorzysta\u0107 w r\u00f3\u017cnych celach, m.in. do \u015bledzenia obiekt\u00f3w, kontroli dost\u0119pu w fabrykach, magazynach, hotelach, szpitalach i parkach rozrywki, w handlu detalicznym, reklamie, uwierzytelnianiu produkt\u00f3w i sprzeda\u017cy bilet\u00f3w elektronicznych.<\/li>\n<\/ul>\n<\/li>\n<li>Jakie opcje personalizacji s\u0105 dost\u0119pne w przypadku papierowych naklejek NFC?\n<ul>\n<li>Naklejki NFC na papierze mog\u0105 by\u0107 drukowane z wyko\u0144czeniem b\u0142yszcz\u0105cym lub matowym, w r\u00f3\u017cnych kszta\u0142tach i rozmiarach. Mog\u0105 zawiera\u0107 logo, litery, cyfry i kody kreskowe w kolorach CMYK i czarnym. Dodatkowo warstwa klej\u0105ca z ty\u0142u umo\u017cliwia \u0142atwy monta\u017c na p\u0142askich powierzchniach niemetalowych.<\/li>\n<\/ul>\n<\/li>\n<li>Czy papierowe naklejki NFC s\u0105 trwa\u0142e?\n<ul>\n<li>Naklejki NFC z papieru z chipami Ntag213 s\u0105 zaprojektowane z warstw\u0105 ochronn\u0105, kt\u00f3ra pokrywa chip NFC i anten\u0119, zapewniaj\u0105c dodatkow\u0105 trwa\u0142o\u015b\u0107 i odporno\u015b\u0107 na kr\u00f3tkotrwa\u0142e nara\u017cenie na dzia\u0142anie wody. Dost\u0119pne s\u0105 r\u00f3wnie\u017c wodoodporne opcje plastikowe dla zwi\u0119kszenia trwa\u0142o\u015bci.<\/li>\n<\/ul>\n<\/li>\n<li>Jaka jest zaleta stosowania technologii NFC w naklejkach?\n<ul>\n<li>Wykorzystanie technologii NFC w naklejkach umo\u017cliwia wygodn\u0105 i bezkontaktow\u0105 interakcj\u0119 z urz\u0105dzeniami obs\u0142uguj\u0105cymi NFC. Umo\u017cliwia to szybkie i \u0142atwe udost\u0119pnianie informacji, uwierzytelnianie lub wyzwalanie dzia\u0142a\u0144 bez konieczno\u015bci fizycznego kontaktu mi\u0119dzy urz\u0105dzeniami.<\/li>\n<\/ul>\n<\/li>\n<\/ol>\n<\/div>\n<div class=\"text-content\">\n<div data-spm-anchor-id=\"a2700.details.0.i46.6f4d7d7dnursE7\"><\/div>\n<\/div>\n<div>\n<div class=\"text-content\">\n<div><\/div>\n<div data-spm-anchor-id=\"a2700.details.0.i48.6f4d7d7dnursE7\"><\/div>\n<\/div>\n<\/div>","protected":false},"excerpt":{"rendered":"<p><strong>Naklejka NFC z papieru na zam\u00f3wienie Ntag213<\/strong> jest specyficznym typem uk\u0142adu scalonego zgodnego z tagiem NFC Forum Type 2, wyposa\u017conym w 144 bajty pami\u0119ci u\u017cytkownika. Zosta\u0142 zaprojektowany z my\u015bl\u0105 o wszechstronno\u015bci, nadaje si\u0119 do r\u00f3\u017cnych zastosowa\u0144 w bran\u017cach takich jak handel detaliczny, gry i elektronika u\u017cytkowa.<\/p>","protected":false},"featured_media":353,"template":"","meta":{"_kad_post_transparent":"default","_kad_post_title":"","_kad_post_layout":"default","_kad_post_sidebar_id":"","_kad_post_content_style":"default","_kad_post_vertical_padding":"default","_kad_post_feature":"","_kad_post_feature_position":"","_kad_post_header":false,"_kad_post_footer":false,"_kad_post_classname":""},"product_brand":[],"product_cat":[54],"product_tag":[153,154],"class_list":{"0":"post-352","1":"product","2":"type-product","3":"status-publish","4":"has-post-thumbnail","6":"product_cat-hot-selling-rfid-tags","7":"product_tag-custom-paper-nfc-sticker-ntag213","8":"product_tag-nfc-sticker-ntag213","10":"first","11":"instock","12":"shipping-taxable","13":"product-type-simple","14":"entry","15":"content-bg","16":"loop-entry"},"_links":{"self":[{"href":"https:\/\/rfid-laundry-tag.com\/pl\/wp-json\/wp\/v2\/product\/352","targetHints":{"allow":["GET"]}}],"collection":[{"href":"https:\/\/rfid-laundry-tag.com\/pl\/wp-json\/wp\/v2\/product"}],"about":[{"href":"https:\/\/rfid-laundry-tag.com\/pl\/wp-json\/wp\/v2\/types\/product"}],"version-history":[{"count":0,"href":"https:\/\/rfid-laundry-tag.com\/pl\/wp-json\/wp\/v2\/product\/352\/revisions"}],"wp:featuredmedia":[{"embeddable":true,"href":"https:\/\/rfid-laundry-tag.com\/pl\/wp-json\/wp\/v2\/media\/353"}],"wp:attachment":[{"href":"https:\/\/rfid-laundry-tag.com\/pl\/wp-json\/wp\/v2\/media?parent=352"}],"wp:term":[{"taxonomy":"product_brand","embeddable":true,"href":"https:\/\/rfid-laundry-tag.com\/pl\/wp-json\/wp\/v2\/product_brand?post=352"},{"taxonomy":"product_cat","embeddable":true,"href":"https:\/\/rfid-laundry-tag.com\/pl\/wp-json\/wp\/v2\/product_cat?post=352"},{"taxonomy":"product_tag","embeddable":true,"href":"https:\/\/rfid-laundry-tag.com\/pl\/wp-json\/wp\/v2\/product_tag?post=352"}],"curies":[{"name":"wp","href":"https:\/\/api.w.org\/{rel}","templated":true}]}}